{"id":4,"date":"2026-02-04T13:02:33","date_gmt":"2026-02-04T12:02:33","guid":{"rendered":"https:\/\/nettsteder.regjeringen.no\/partilovutvalget\/?page_id=4"},"modified":"2026-02-04T14:44:24","modified_gmt":"2026-02-04T13:44:24","slug":"om-utvalget","status":"publish","type":"page","link":"https:\/\/nettsteder.regjeringen.no\/partilovutvalget\/","title":{"rendered":"Om utvalget"},"content":{"rendered":"<p class=\"t2-ingress wp-block-t2-ingress\">Regjeringen oppnevnte 19. desember 2025 et utvalg som skal g\u00e5 gjennom partiloven.<\/p>\n\n\n<p>Utvalget best\u00e5r av 18 medlemmer og er sammensatt av eksperter med ulik fagkompetanse, et medlem fra hvert av partiene representert p\u00e5 Stortinget og et medlem fra Landsr\u00e5det for barne- og ungdomsorganisasjoner. B\u00e5rd Vegar Solhjell leder utvalget.<\/p>\n\n\n\n<p>Utvalget skal foreta en helhetlig gjennomgang av partiloven, og skal blant annet vurdere reglene for registrering av politiske partier, finansiering av partienes virksomhet og offentliggj\u00f8ring av deres inntekter. Utvalget skal ogs\u00e5 vurdere om det er behov for \u00e5 innf\u00f8re noen form for valgkampregulering, og om det b\u00f8r innf\u00f8res en bel\u00f8psgrense for hvor store bidrag partiene kan motta. I tillegg skal utvalget dr\u00f8fte om det er \u00f8nskelig \u00e5 regulere valgkampanjer fra tredjeparter og fra anonyme kilder.<\/p>\n\n\n\n<p>Som en del av gjennomgangen skal utvalget ogs\u00e5 se p\u00e5 forvaltningen knyttet til utbetaling av partist\u00f8tte, innrapportering, kontroll- og sanksjonsmuligheter og klageadgangen.<\/p>\n\n\n\n<p>Utvalget st\u00e5r fritt til \u00e5 se p\u00e5 andre problemstillinger enn de som er nevnt i mandatet.<\/p>\n\n\n\n<p>Utvalget skal levere sin utredning innen 1. juni 2027.<\/p>\n\n\n\n<h3 class=\"wp-block-heading\">Pressemeldinger p\u00e5 regjeringen.no<\/h3>\n\n\n\n<ul class=\"wp-block-list is-layout-flow wp-block-list-is-layout-flow\">\n<li><a href=\"https:\/\/www.regjeringen.no\/no\/aktuelt\/nytt-utvalg-skal-ga-gjennom-partiloven\/id3143841\/\">Nytt utvalg skal g\u00e5 gjennom partiloven &#8211; regjeringen.no<\/a><\/li>\n<\/ul>\n","protected":false},"excerpt":{"rendered":"<p>Utvalget best\u00e5r av 18 medlemmer og er sammensatt av eksperter med ulik fagkompetanse, et medlem fra hvert av partiene representert p\u00e5 Stortinget og et medlem fra Landsr\u00e5det for barne- og ungdomsorganisasjoner. B\u00e5rd Vegar Solhjell leder utvalget. Utvalget skal foreta en helhetlig gjennomgang av partiloven, og skal blant annet vurdere reglene for registrering av politiske partier,\u2026<\/p>\n","protected":false},"author":2877,"featured_media":0,"parent":0,"menu_order":0,"comment_status":"closed","ping_status":"closed","template":"","meta":{"dss_simple_post_excerpt":"","dss_show_featured_image":true,"footnotes":""},"class_list":["post-4","page","type-page","status-publish","hentry"],"language":"nb-NO","_links":{"self":[{"href":"https:\/\/nettsteder.regjeringen.no\/partilovutvalget\/wp-json\/wp\/v2\/pages\/4","targetHints":{"allow":["GET"]}}],"collection":[{"href":"https:\/\/nettsteder.regjeringen.no\/partilovutvalget\/wp-json\/wp\/v2\/pages"}],"about":[{"href":"https:\/\/nettsteder.regjeringen.no\/partilovutvalget\/wp-json\/wp\/v2\/types\/page"}],"author":[{"embeddable":true,"href":"https:\/\/nettsteder.regjeringen.no\/partilovutvalget\/wp-json\/wp\/v2\/users\/2877"}],"replies":[{"embeddable":true,"href":"https:\/\/nettsteder.regjeringen.no\/partilovutvalget\/wp-json\/wp\/v2\/comments?post=4"}],"version-history":[{"count":3,"href":"https:\/\/nettsteder.regjeringen.no\/partilovutvalget\/wp-json\/wp\/v2\/pages\/4\/revisions"}],"predecessor-version":[{"id":30,"href":"https:\/\/nettsteder.regjeringen.no\/partilovutvalget\/wp-json\/wp\/v2\/pages\/4\/revisions\/30"}],"wp:attachment":[{"href":"https:\/\/nettsteder.regjeringen.no\/partilovutvalget\/wp-json\/wp\/v2\/media?parent=4"}],"curies":[{"name":"wp","href":"https:\/\/api.w.org\/{rel}","templated":true}]}}