{"id":48,"date":"2022-03-21T15:21:50","date_gmt":"2022-03-21T14:21:50","guid":{"rendered":"https:\/\/nettsteder.regjeringen.no\/nksi\/?page_id=48"},"modified":"2022-05-23T09:48:02","modified_gmt":"2022-05-23T07:48:02","slug":"about-the-conference","status":"publish","type":"page","link":"https:\/\/nettsteder.regjeringen.no\/nksi\/about-the-conference\/","title":{"rendered":"Sivilsamfunn og integrering i Norden &#8211; Frivillighetens innsats for inkludering ved store flyktningankomster"},"content":{"rendered":"\n<div class=\"wp-block-cover alignfull is-light\"><span aria-hidden=\"true\" class=\"has-background-dim-10 wp-block-cover__gradient-background has-background-dim\"><\/span><img loading=\"lazy\" decoding=\"async\" width=\"8000\" height=\"4500\" class=\"wp-block-cover__image-background wp-image-115\" alt=\"\" src=\"https:\/\/files.nettsteder.regjeringen.no\/wpuploads01\/sites\/507\/2022\/05\/banner_1920x1080.png\" data-object-fit=\"cover\" srcset=\"https:\/\/files.nettsteder.regjeringen.no\/wpuploads01\/sites\/507\/2022\/05\/banner_1920x1080.png 8000w, https:\/\/files.nettsteder.regjeringen.no\/wpuploads01\/sites\/507\/2022\/05\/banner_1920x1080-300x169.png 300w, https:\/\/files.nettsteder.regjeringen.no\/wpuploads01\/sites\/507\/2022\/05\/banner_1920x1080-1024x576.png 1024w, https:\/\/files.nettsteder.regjeringen.no\/wpuploads01\/sites\/507\/2022\/05\/banner_1920x1080-768x432.png 768w, https:\/\/files.nettsteder.regjeringen.no\/wpuploads01\/sites\/507\/2022\/05\/banner_1920x1080-1536x864.png 1536w, https:\/\/files.nettsteder.regjeringen.no\/wpuploads01\/sites\/507\/2022\/05\/banner_1920x1080-2048x1152.png 2048w, https:\/\/files.nettsteder.regjeringen.no\/wpuploads01\/sites\/507\/2022\/05\/banner_1920x1080-1200x675.png 1200w\" sizes=\"auto, (max-width: 8000px) 100vw, 8000px\" \/><div class=\"wp-block-cover__inner-container is-layout-flow wp-block-cover-is-layout-flow\">\n<p class=\"has-text-align-center has-large-font-size\">7. juni 2022<\/p>\n<\/div><\/div>\n\n\n\n<p>Den 7. juni 2022. arrangerer Arbeids- og inkluderingsdepartementet og Kultur- og likestillingsdepartementet nordisk konferanse om sivilsamfunnets rolle p\u00e5 integreringsfeltet. Konferansen finner sted p\u00e5 Radisson Blue Scandinavia Hotel i Oslo.<\/p>\n\n\n\n<p>Konferansen vil fokusere p\u00e5 frivillige organisasjoners innsats for flyktninger ved store flyktningeankomster, i lys av de mange flyktningene som kommer til Norden fra krigen i Ukraina. Perspektiver fra forskning, praksisfelt og politikk p\u00e5 tvers av de nordiske landene vil presenteres. Form\u00e5let med konferansen er \u00e5 utveksle kunnskap, dele erfaringer fra praksisfeltet, legge til rette for nettverksbygging og synliggj\u00f8re sivilsamfunnets bidrag til dette arbeidet i de nordiske landene.<\/p>\n\n\n\n<p>M\u00e5lgruppen for konferansen er sivilsamfunnsakt\u00f8rer, forskere og representanter fra offentlig sektor. Konferansen streames.<\/p>\n\n\n\n<p>Konferansen arrangeres i lys av Norges formannskap i Nordisk ministerr\u00e5d for 2022 og er forankret i strategien \u00ab<em>Hverdagsintegrering \u2013 strategi for \u00e5 styrke sivilsamfunnets rolle p\u00e5 integreringsfeltet 2021-2024\u00bb. <\/em><\/p>\n","protected":false},"excerpt":{"rendered":"<p>Den 7. juni 2022. arrangerer Arbeids- og inkluderingsdepartementet og Kultur- og likestillingsdepartementet nordisk konferanse om sivilsamfunnets rolle p\u00e5 integreringsfeltet. Konferansen finner sted p\u00e5 Radisson Blue Scandinavia Hotel i Oslo. Konferansen vil fokusere p\u00e5 frivillige organisasjoners innsats for flyktninger ved store flyktningeankomster, i lys av de mange flyktningene som kommer til Norden fra krigen i Ukraina.\u2026<\/p>\n","protected":false},"author":3051,"featured_media":0,"parent":0,"menu_order":0,"comment_status":"closed","ping_status":"closed","template":"","meta":{"dss_simple_post_excerpt":"","dss_show_featured_image":true,"dss_show_title":true,"footnotes":""},"class_list":["post-48","page","type-page","status-publish","hentry"],"language":"nb-NO","_links":{"self":[{"href":"https:\/\/nettsteder.regjeringen.no\/nksi\/wp-json\/wp\/v2\/pages\/48","targetHints":{"allow":["GET"]}}],"collection":[{"href":"https:\/\/nettsteder.regjeringen.no\/nksi\/wp-json\/wp\/v2\/pages"}],"about":[{"href":"https:\/\/nettsteder.regjeringen.no\/nksi\/wp-json\/wp\/v2\/types\/page"}],"author":[{"embeddable":true,"href":"https:\/\/nettsteder.regjeringen.no\/nksi\/wp-json\/wp\/v2\/users\/3051"}],"replies":[{"embeddable":true,"href":"https:\/\/nettsteder.regjeringen.no\/nksi\/wp-json\/wp\/v2\/comments?post=48"}],"version-history":[{"count":3,"href":"https:\/\/nettsteder.regjeringen.no\/nksi\/wp-json\/wp\/v2\/pages\/48\/revisions"}],"predecessor-version":[{"id":139,"href":"https:\/\/nettsteder.regjeringen.no\/nksi\/wp-json\/wp\/v2\/pages\/48\/revisions\/139"}],"wp:attachment":[{"href":"https:\/\/nettsteder.regjeringen.no\/nksi\/wp-json\/wp\/v2\/media?parent=48"}],"curies":[{"name":"wp","href":"https:\/\/api.w.org\/{rel}","templated":true}]}}