{"id":17,"date":"2022-03-21T14:40:43","date_gmt":"2022-03-21T13:40:43","guid":{"rendered":"https:\/\/nettsteder.regjeringen.no\/nksi\/?page_id=17"},"modified":"2022-06-14T12:57:58","modified_gmt":"2022-06-14T10:57:58","slug":"om-konferansen","status":"publish","type":"page","link":"https:\/\/nettsteder.regjeringen.no\/nksi\/","title":{"rendered":"Sivilsamfunn og inkludering i Norden"},"content":{"rendered":"\n<div class=\"wp-block-cover alignfull is-light\"><span aria-hidden=\"true\" class=\"has-background-dim-10 wp-block-cover__gradient-background has-background-dim\"><\/span><img loading=\"lazy\" decoding=\"async\" width=\"8000\" height=\"4500\" class=\"wp-block-cover__image-background wp-image-111\" alt=\"\" src=\"https:\/\/files.nettsteder.regjeringen.no\/wpuploads01\/sites\/507\/2022\/05\/banner_1920x1080-1.png\" data-object-fit=\"cover\" srcset=\"https:\/\/files.nettsteder.regjeringen.no\/wpuploads01\/sites\/507\/2022\/05\/banner_1920x1080-1.png 8000w, https:\/\/files.nettsteder.regjeringen.no\/wpuploads01\/sites\/507\/2022\/05\/banner_1920x1080-1-300x169.png 300w, https:\/\/files.nettsteder.regjeringen.no\/wpuploads01\/sites\/507\/2022\/05\/banner_1920x1080-1-1024x576.png 1024w, https:\/\/files.nettsteder.regjeringen.no\/wpuploads01\/sites\/507\/2022\/05\/banner_1920x1080-1-768x432.png 768w, https:\/\/files.nettsteder.regjeringen.no\/wpuploads01\/sites\/507\/2022\/05\/banner_1920x1080-1-1536x864.png 1536w, https:\/\/files.nettsteder.regjeringen.no\/wpuploads01\/sites\/507\/2022\/05\/banner_1920x1080-1-2048x1152.png 2048w, https:\/\/files.nettsteder.regjeringen.no\/wpuploads01\/sites\/507\/2022\/05\/banner_1920x1080-1-1200x675.png 1200w\" sizes=\"auto, (max-width: 8000px) 100vw, 8000px\" \/><div class=\"wp-block-cover__inner-container is-layout-flow wp-block-cover-is-layout-flow\">\n<p class=\"has-text-align-center has-large-font-size\"><\/p>\n<\/div><\/div>\n\n\n\n<p class=\"has-medium-font-size\"><strong>Sivilsamfunn og integrering i Norden &#8211; Frivillighetens innsats for inkludering ved store flyktningankomster<\/strong><\/p>\n\n\n\n<p>Du kan finne opptak av konferansen p\u00e5 <a href=\"https:\/\/nettsteder.regjeringen.no\/nksi\/streaming\/\" data-type=\"URL\" data-id=\"https:\/\/nettsteder.regjeringen.no\/nksi\/streaming\/\">denne nettsiden<\/a>.<\/p>\n\n\n\n<p class=\"has-medium-font-size\"><strong>Program<\/strong><\/p>\n\n\n\n<p>Tid: 7. juni 2022, kl. 10-16<\/p>\n\n\n\n<p>Sted: Radisson Blu Scandinavia Hotel, Oslo<\/p>\n\n\n\n<p>Konferansier for dagen: Jan-Paul Brekke<\/p>\n\n\n\n<figure class=\"wp-block-table\"><table><tbody><tr><td>09:30<\/td><td><strong>Kaffe og registrering<\/strong> &nbsp;<\/td><\/tr><tr><td>10:00<\/td><td><strong>Kulturinnslag: Rayan Karimi<\/strong><\/td><\/tr><tr><td>10:15<\/td><td><strong>Velkommen v\/ statssekret\u00e6r Nancy Herz<\/strong><\/td><\/tr><tr><td>10:30<\/td><td><strong>Sammenliknende perspektiv p\u00e5 sivilsamfunn og integrering i Norden v\/Anna Karlsdott\u00edr, Senior Research Fellow ved Nordregio<\/strong> &nbsp;<\/td><\/tr><tr><td>10:50<\/td><td><strong><strong>Samhandling med sivilsamfunnet i et myndighetsperspektiv<\/strong><\/strong> <strong>v\/Thomas Nordraak (IMDi Norge) og Lena Nyberg (MUCF Sverige)<\/strong><\/td><\/tr><tr><td>11:10<\/td><td><strong>PAUSE<\/strong><\/td><\/tr><tr><td>11:20<\/td><td><strong>Rettigheter for barn p\u00e5 flukt v\/Birgitte Lange, generalsekret\u00e6r i Redd barna Norge<\/strong> &nbsp;<\/td><\/tr><tr><td>11:45<\/td><td><strong>Inclusion of Newly Arrived Children and Youth \u2013 <strong>Panel discussion with Kirstine Fjordbak-Trier (Dansk Flygtningehj\u00e6lp), Adnan Abdul Ghani (R\u00e4dda Barnen Sverige) og Jannicke Aas (V\u00e5lerenga fotball Norge)<\/strong><\/strong><\/td><\/tr><tr><td>12:05<\/td><td><strong><strong>Kommentar v\/Daniel Arnesen, Forsker II, Institutt for samfunnsforskning<\/strong> <\/strong><\/td><\/tr><tr><td>12:15&nbsp;&nbsp;&nbsp;&nbsp;&nbsp;&nbsp;&nbsp;&nbsp;&nbsp;<\/td><td><strong>LUNSJ<\/strong><\/td><\/tr><tr><td>13:00<\/td><td><strong>Musikkinnslag v\/Arktisk filharmoni og Kyiv Soloists<\/strong> &nbsp;<\/td><\/tr><tr><td>13:20<\/td><td><strong>Newly Arrived Ukrainians to Norway \u2013 Perceptions and Experiences by Oleksandra Hrybenko, PhD Candidate, and Oleksandra Deineko, researcher, OsloMet<\/strong> &nbsp;<\/td><\/tr><tr><td>13:40<\/td><td><strong><strong>Samfunnets immunforsvar \u2013 Frivillighetens rolle i samfunnsberedskap og kriseh\u00e5ndtering v\/ Stian Slotter\u00f8y Johnsen, generalsekret\u00e6r i Frivillighet Norge<\/strong> &nbsp;<\/strong><\/td><\/tr><tr><td>13:55<\/td><td><strong><strong>Kommunenes samarbeid med frivilligheten v\/ Frode M. Lindtvedt (KS), Shezana Islam (L\u00f8renskog kommune<\/strong>) og Stian Slotter\u00f8y Johnsen (Frivillighet Norge)<\/strong><\/td><\/tr><tr><td>14:15&nbsp;<\/td><td><strong>PAUSE<\/strong><\/td><\/tr><tr><td>14:25<\/td><td><strong>Kunnskapsoppsummering om sivilsamfunnet og integrering v\/ Astrid Espegren, seniorforsker NORCE<\/strong> &nbsp;<\/td><\/tr><tr><td>14:45<\/td><td><strong><strong>Brobygging i regi av norske innvandrerorganisasjoner\/v Tehrim Ahmed (Bydelsm\u00f8dre), Le\u00efla Rezzouk (Papillon) og Maruwa Kerella Ibrahim (Skeiv Verden)<\/strong><\/strong> &nbsp;<\/td><\/tr><tr><td>15:05<\/td><td><strong>PAUSE<\/strong><\/td><\/tr><tr><td>15:15<\/td><td><strong>Videohilsen fra Kultur- og likestillingsminister Anette Trettebergstuen<\/strong><\/td><\/tr><tr><td>15:25<\/td><td><strong>Nordic Cooperation on Integration and Civil Society w\/Anna-Maria Mosekilde (DK), Hoda Thabet (IS) and David Im (FO)<\/strong> &nbsp;<\/td><\/tr><tr><td>15:50<\/td><td><strong>Avslutning v\/ statssekret\u00e6r Nancy Herz<\/strong> &nbsp;<\/td><\/tr><\/tbody><\/table><\/figure>\n\n\n\n<p>Les mer om innlederne p\u00e5 konferansen <a href=\"https:\/\/nettsteder.regjeringen.no\/nksi\/innledere\/\" data-type=\"URL\" data-id=\"https:\/\/nettsteder.regjeringen.no\/nksi\/innledere\/\">her<\/a>.<\/p>\n\n\n\n<h2 class=\"wp-block-heading\">Aktuelt<\/h2>\n\n\n<ul class=\"is-style-list wp-block-dss-simple-posts\"><li class=\"wp-block-dss-simple-post\"><a href=\"https:\/\/nettsteder.regjeringen.no\/nksi\/2022\/05\/03\/sivilsamfunn-og-integrering-i-norden-frivillighetens-innsats-for-inkludering-ved-store-flyktningeankomster\/\" class=\"wp-block-dss-simple-post__link\"><div class=\"wp-block-dss-simple-post__content\"><h2>Sivilsamfunn og integrering i Norden &#8211; Frivillighetens innsats for inkludering ved store flyktningankomster<\/h2><\/div><\/a><\/li><\/ul>\n\n\n<p><\/p>\n","protected":false},"excerpt":{"rendered":"<p>Sivilsamfunn og integrering i Norden &#8211; Frivillighetens innsats for inkludering ved store flyktningankomster Du kan finne opptak av konferansen p\u00e5 denne nettsiden. Program Tid: 7. juni 2022, kl. 10-16 Sted: Radisson Blu Scandinavia Hotel, Oslo Konferansier for dagen: Jan-Paul Brekke 09:30 Kaffe og registrering &nbsp; 10:00 Kulturinnslag: Rayan Karimi 10:15 Velkommen v\/ statssekret\u00e6r Nancy Herz\u2026<\/p>\n","protected":false},"author":2877,"featured_media":0,"parent":0,"menu_order":0,"comment_status":"closed","ping_status":"closed","template":"","meta":{"dss_simple_post_excerpt":"","dss_show_featured_image":true,"dss_show_title":true,"footnotes":""},"class_list":["post-17","page","type-page","status-publish","hentry"],"language":"nb-NO","_links":{"self":[{"href":"https:\/\/nettsteder.regjeringen.no\/nksi\/wp-json\/wp\/v2\/pages\/17","targetHints":{"allow":["GET"]}}],"collection":[{"href":"https:\/\/nettsteder.regjeringen.no\/nksi\/wp-json\/wp\/v2\/pages"}],"about":[{"href":"https:\/\/nettsteder.regjeringen.no\/nksi\/wp-json\/wp\/v2\/types\/page"}],"author":[{"embeddable":true,"href":"https:\/\/nettsteder.regjeringen.no\/nksi\/wp-json\/wp\/v2\/users\/2877"}],"replies":[{"embeddable":true,"href":"https:\/\/nettsteder.regjeringen.no\/nksi\/wp-json\/wp\/v2\/comments?post=17"}],"version-history":[{"count":3,"href":"https:\/\/nettsteder.regjeringen.no\/nksi\/wp-json\/wp\/v2\/pages\/17\/revisions"}],"predecessor-version":[{"id":320,"href":"https:\/\/nettsteder.regjeringen.no\/nksi\/wp-json\/wp\/v2\/pages\/17\/revisions\/320"}],"wp:attachment":[{"href":"https:\/\/nettsteder.regjeringen.no\/nksi\/wp-json\/wp\/v2\/media?parent=17"}],"curies":[{"name":"wp","href":"https:\/\/api.w.org\/{rel}","templated":true}]}}