{"id":6,"date":"2025-05-30T10:20:02","date_gmt":"2025-05-30T08:20:02","guid":{"rendered":"https:\/\/nettsteder.regjeringen.no\/kommunekommisjonen\/?page_id=6"},"modified":"2026-01-09T09:30:46","modified_gmt":"2026-01-09T08:30:46","slug":"om-kommisjonen","status":"publish","type":"page","link":"https:\/\/nettsteder.regjeringen.no\/kommunekommisjonen\/","title":{"rendered":"Om kommisjonen"},"content":{"rendered":"<p class=\"t2-ingress wp-block-t2-ingress\">Kommunekommisjonen skal foresl\u00e5 endringer som gj\u00f8r at kommunene kan bruke ressursene p\u00e5 en god og fleksibel m\u00e5te, og l\u00f8se oppgavene mer effektivt.<\/p>\n\n\n<p>Kommisjonen, som vil levere sin f\u00f8rste rapport ved \u00e5rsskiftet 2025\/2026 og en ny rapport i l\u00f8pet av 2026, best\u00e5r av tolv medlemmer som dekker sentrale fag- og samfunnsomr\u00e5der. Tidligere departementsr\u00e5d i Kommunal- og distriktsdepartementet, Eivind Dale, skal lede arbeidet. B\u00e5de LO, Unio og KS er representert.<\/p>\n\n\n\n<p>Kommisjonen har stor frihet i hvordan de legger opp arbeidet. Oppdraget er \u00e5 foresl\u00e5 endringer i statens styring av kommunesektoren som legger til rette for god ressursbruk, fleksibel bruk av personell og effektiv oppgavel\u00f8sning i kommunesektoren.<br><br>Kommisjonen skal ogs\u00e5 vurdere og foresl\u00e5 tiltak om det er andre forhold som binder kompetanse un\u00f8dvendig, bidrar til un\u00f8dvendig h\u00f8ye kostnader eller lite effektiv oppgavel\u00f8sning i kommuner og fylkeskommuner.<\/p>\n\n\n\n<h2 class=\"wp-block-heading\">Rapporter fra kommunekommisjonen:<\/h2>\n\n\n\n<ul class=\"wp-block-list is-layout-flow wp-block-list-is-layout-flow\">\n<li><a href=\"http:\/\/www.regjeringen.no\/id3145481\">NOU 2026: 1 En b\u00e6rekraftig kommunesektor &#8211; regjeringen.no<\/a><\/li>\n<\/ul>\n\n\n\n<h2 class=\"wp-block-heading\">Pressemeldinger p\u00e5 regjeringen.no:<\/h2>\n\n\n\n<ul class=\"wp-block-list is-layout-flow wp-block-list-is-layout-flow\">\n<li><a href=\"http:\/\/www.regjeringen.no\/id3145599\">Tok imot kommunekommisjonens f\u00f8rste rapport &#8211; regjeringen.no (09.01.2026)<\/a><\/li>\n\n\n\n<li><a href=\"https:\/\/www.regjeringen.no\/no\/aktuelt\/ny-kommisjon-skal-gi-rad-om-hvordan-staten-styrer-kommunene\/id3095379\/\">Ny kommisjon skal gi r\u00e5d om hvordan staten styrer kommunene &#8211; regjeringen.no<\/a> (04.04.2025)<\/li>\n\n\n\n<li><a href=\"https:\/\/www.regjeringen.no\/no\/aktuelt\/kommunekommisjonen-er-satt-ned\/id3099766\/\">Kommunekommisjonen er satt ned &#8211; regjeringen.no<\/a> (09.05.2025)<\/li>\n<\/ul>\n\n\n\n<p><\/p>\n","protected":false},"excerpt":{"rendered":"<p>Kommisjonen, som vil levere sin f\u00f8rste rapport ved \u00e5rsskiftet 2025\/2026 og en ny rapport i l\u00f8pet av 2026, best\u00e5r av tolv medlemmer som dekker sentrale fag- og samfunnsomr\u00e5der. Tidligere departementsr\u00e5d i Kommunal- og distriktsdepartementet, Eivind Dale, skal lede arbeidet. B\u00e5de LO, Unio og KS er representert. Kommisjonen har stor frihet i hvordan de legger opp\u2026<\/p>\n","protected":false},"author":2877,"featured_media":0,"parent":0,"menu_order":0,"comment_status":"closed","ping_status":"closed","template":"","meta":{"dss_simple_post_excerpt":"","dss_show_featured_image":true,"footnotes":""},"class_list":["post-6","page","type-page","status-publish","hentry"],"language":"nb-NO","_links":{"self":[{"href":"https:\/\/nettsteder.regjeringen.no\/kommunekommisjonen\/wp-json\/wp\/v2\/pages\/6","targetHints":{"allow":["GET"]}}],"collection":[{"href":"https:\/\/nettsteder.regjeringen.no\/kommunekommisjonen\/wp-json\/wp\/v2\/pages"}],"about":[{"href":"https:\/\/nettsteder.regjeringen.no\/kommunekommisjonen\/wp-json\/wp\/v2\/types\/page"}],"author":[{"embeddable":true,"href":"https:\/\/nettsteder.regjeringen.no\/kommunekommisjonen\/wp-json\/wp\/v2\/users\/2877"}],"replies":[{"embeddable":true,"href":"https:\/\/nettsteder.regjeringen.no\/kommunekommisjonen\/wp-json\/wp\/v2\/comments?post=6"}],"version-history":[{"count":3,"href":"https:\/\/nettsteder.regjeringen.no\/kommunekommisjonen\/wp-json\/wp\/v2\/pages\/6\/revisions"}],"predecessor-version":[{"id":303,"href":"https:\/\/nettsteder.regjeringen.no\/kommunekommisjonen\/wp-json\/wp\/v2\/pages\/6\/revisions\/303"}],"wp:attachment":[{"href":"https:\/\/nettsteder.regjeringen.no\/kommunekommisjonen\/wp-json\/wp\/v2\/media?parent=6"}],"curies":[{"name":"wp","href":"https:\/\/api.w.org\/{rel}","templated":true}]}}