{"id":23,"date":"2025-06-11T09:42:38","date_gmt":"2025-06-11T07:42:38","guid":{"rendered":"https:\/\/nettsteder.regjeringen.no\/kommunekommisjonen\/?page_id=23"},"modified":"2026-02-11T15:41:47","modified_gmt":"2026-02-11T14:41:47","slug":"sekretariat","status":"publish","type":"page","link":"https:\/\/nettsteder.regjeringen.no\/kommunekommisjonen\/sekretariat\/","title":{"rendered":"Sekretariat"},"content":{"rendered":"<ul class=\"wp-block-dss-people\">\n\n\n\n\n\n\n\n<\/ul>\n\n\n<ul class=\"wp-block-list is-layout-flow wp-block-list-is-layout-flow\">\n<li>Leder: Baard Krag, fagdirekt\u00f8r, Kommunal- og distriktsdepartementet<\/li>\n\n\n\n<li>Susanne Rynning Moshuus, fagdirekt\u00f8r, Kommunal- og distriktsdepartementet<\/li>\n\n\n\n<li>Lars Tore Rydland, utredningsleder, Kommunal- og distriktsdepartementet<\/li>\n\n\n\n<li>Siri Sand Kaastad, utredningsleder, Kommunal- og distriktsdepartementet<\/li>\n\n\n\n<li>Haakon Oftebro Sandvold, seniorr\u00e5dgiver, Kommunal- og distriktsdepartementet<\/li>\n\n\n\n<li>Morten Petter Johansen, underdirekt\u00f8r, Finansdepartementet<\/li>\n\n\n\n<li>Susanne Str\u00f8msv\u00e5g, seniorr\u00e5dgiver, Finansdepartementet<\/li>\n<\/ul>\n\n\n\n<p><\/p>\n","protected":false},"excerpt":{"rendered":"","protected":false},"author":2877,"featured_media":0,"parent":0,"menu_order":0,"comment_status":"closed","ping_status":"closed","template":"","meta":{"dss_simple_post_excerpt":"","dss_show_featured_image":true,"footnotes":""},"class_list":["post-23","page","type-page","status-publish","hentry"],"language":"nb-NO","_links":{"self":[{"href":"https:\/\/nettsteder.regjeringen.no\/kommunekommisjonen\/wp-json\/wp\/v2\/pages\/23","targetHints":{"allow":["GET"]}}],"collection":[{"href":"https:\/\/nettsteder.regjeringen.no\/kommunekommisjonen\/wp-json\/wp\/v2\/pages"}],"about":[{"href":"https:\/\/nettsteder.regjeringen.no\/kommunekommisjonen\/wp-json\/wp\/v2\/types\/page"}],"author":[{"embeddable":true,"href":"https:\/\/nettsteder.regjeringen.no\/kommunekommisjonen\/wp-json\/wp\/v2\/users\/2877"}],"replies":[{"embeddable":true,"href":"https:\/\/nettsteder.regjeringen.no\/kommunekommisjonen\/wp-json\/wp\/v2\/comments?post=23"}],"version-history":[{"count":3,"href":"https:\/\/nettsteder.regjeringen.no\/kommunekommisjonen\/wp-json\/wp\/v2\/pages\/23\/revisions"}],"predecessor-version":[{"id":322,"href":"https:\/\/nettsteder.regjeringen.no\/kommunekommisjonen\/wp-json\/wp\/v2\/pages\/23\/revisions\/322"}],"wp:attachment":[{"href":"https:\/\/nettsteder.regjeringen.no\/kommunekommisjonen\/wp-json\/wp\/v2\/media?parent=23"}],"curies":[{"name":"wp","href":"https:\/\/api.w.org\/{rel}","templated":true}]}}