{"id":952,"date":"2022-06-01T15:15:22","date_gmt":"2022-06-01T13:15:22","guid":{"rendered":"https:\/\/nettsteder.regjeringen.no\/klimautvalgets-rapport\/?page_id=952"},"modified":"2022-06-20T12:51:19","modified_gmt":"2022-06-20T10:51:19","slug":"4-klimakrisen-loses-ikke-hvis-ikke-ogsa-naturkrisen-blir-lost-ytterligere-nedbygging-av-natur-og-arealer-ma-begrenses","status":"publish","type":"page","link":"https:\/\/nettsteder.regjeringen.no\/klimautvalgets-rapport\/klimautvalget-2050\/klimautvalget-2050-inviterer-til-innspill\/4-klimakrisen-loses-ikke-hvis-ikke-ogsa-naturkrisen-blir-lost-ytterligere-nedbygging-av-natur-og-arealer-ma-begrenses\/","title":{"rendered":"4. Klimakrisen l\u00f8ses ikke hvis ikke ogs\u00e5 naturkrisen blir l\u00f8st. Ytterligere nedbygging av natur og arealer m\u00e5 begrenses"},"content":{"rendered":"\n<div class=\"wp-block-media-text alignwide is-stacked-on-mobile is-image-fill has-background\" style=\"background-color:#b9d1e0;grid-template-columns:43% auto\"><figure class=\"wp-block-media-text__media\" style=\"background-image:url(https:\/\/files.nettsteder.regjeringen.no\/wpuploads01\/sites\/506\/2022\/05\/klimautvalget_pastand_4_u_bakgrunn_900.png);background-position:50% 50%\"><img loading=\"lazy\" decoding=\"async\" width=\"900\" height=\"450\" src=\"https:\/\/files.nettsteder.regjeringen.no\/wpuploads01\/sites\/506\/2022\/05\/klimautvalget_pastand_4_u_bakgrunn_900.png\" alt=\"\" class=\"wp-image-706 size-full\" srcset=\"https:\/\/files.nettsteder.regjeringen.no\/wpuploads01\/sites\/506\/2022\/05\/klimautvalget_pastand_4_u_bakgrunn_900.png 900w, https:\/\/files.nettsteder.regjeringen.no\/wpuploads01\/sites\/506\/2022\/05\/klimautvalget_pastand_4_u_bakgrunn_900-300x150.png 300w, https:\/\/files.nettsteder.regjeringen.no\/wpuploads01\/sites\/506\/2022\/05\/klimautvalget_pastand_4_u_bakgrunn_900-768x384.png 768w\" sizes=\"auto, (max-width: 900px) 100vw, 900px\" \/><\/figure><div class=\"wp-block-media-text__content\">\n<div class=\"wp-block-image\"><figure class=\"alignleft size-full is-resized\"><img loading=\"lazy\" decoding=\"async\" src=\"https:\/\/files.nettsteder.regjeringen.no\/wpuploads01\/sites\/506\/2022\/05\/4.png\" alt=\"\" class=\"wp-image-564\" width=\"58\" height=\"64\"\/><\/figure><\/div>\n\n\n\n<h3 class=\"has-black-color has-text-color wp-block-heading\">NATUR <\/h3>\n\n\n\n<div style=\"height:10px\" aria-hidden=\"true\" class=\"wp-block-spacer\"><\/div>\n\n\n\n<h2 class=\"has-black-color has-text-color wp-block-heading\">Klimakrisen l\u00f8ses ikke hvis ikke ogs\u00e5 naturkrisen blir l\u00f8st. Ytterligere nedbygging av natur og arealer m\u00e5 begrenses<\/h2>\n<\/div><\/div>\n\n\n\n<p><strong>Det er en tett sammenheng mellom tap av natur og utslipp av klimagasser.<\/strong> Intakte \u00f8kosystemer kan v\u00e6re store lagre av karbon, og ved forringing eller nedbygging vil disse gi utslipp, i tillegg til at naturens evne til opptak og lagring av CO<sub>2<\/sub> reduseres. Samtidig vet vi at intakte \u00f8kosystemer er mer robuste mot klimaendringer enn forringete \u00f8kosystemer. Arealbruk og matproduksjon st\u00e5r for snaut 25 pst. av globale utslipp av klimagasser. De viktigste \u00e5rsakene til naturkrisen er m\u00e5ten mennesker bruker og endrer areal p\u00e5 land og til havs p\u00e5, samt overh\u00f8sting. Over tre fjerdedeler av alt areal p\u00e5 jorden, og to tredjedeler av havet, er p\u00e5virket av mennesker. Ville arter forsvinner i et s\u00e5 raskt tempo at vi st\u00e5r overfor en ny masseutryddelse. Flere arter enn noensinne f\u00f8r i menneskets historie er truet av utryddelse. M\u00e5lt i vekt er det n\u00e5 mer bygninger og infrastruktur p\u00e5 jorda enn tr\u00e6r og planter, og mer plast enn ville dyr m\u00e5lt i vekt.&nbsp; Ogs\u00e5 i Norge henger tap av natur og utslipp av klimagasser sammen. Norge har et stort opptak av CO<sub>2<\/sub> i st\u00e5ende skog, dette skyldes f\u00f8rst og fremst skogplanting og skogskj\u00f8tsel i kombinasjon med moderat hogst i tiden etter 2. verdenskrig. Samtidig er det ogs\u00e5 utslipp fra arealbruk i Norge. De samlete utslippene fra jordbruk og arealbruk uten den st\u00e5ende skogen er dr\u00f8yt 9 millioner tonn CO<sub>2<\/sub>ekvivalenter, eller snaut 20 pst. av norske utslipp. Utslipp fra skog som omdisponeres til annen bruk som veier og bebyggelse (avskoging) utgj\u00f8r rundt 2,6 millioner tonn CO<sub>2<\/sub>. Andre utslipp skyldes nedbygging av myr, dyrket mark og andre arealer til bygninger, veier, hyttefelt og annet. Siden \u00e5r 1900 har de villmarkspregede naturomr\u00e5dene i Norge blitt redusert fra omkring halvparten av landarealet til ca. 11,5 pst. i 2018. Denne utviklingen er sv\u00e6rt negativ for naturmangfoldet. Av de naturtyper Artsdatabanken har vurdert, er nesten en tredel av naturtypene vurdert som truet.<\/p>\n\n\n\n<p><strong>Naturens goder og tjenester er grunnleggende for samfunnet.<\/strong> Naturen er grunnlaget for alt liv p\u00e5 jorda og alt det menneskelige samfunn er basert p\u00e5, som energi, mat, mineraler og t\u00f8mmer, og tjenester som pollinering, produksjon av oksygen, lagring av karbon og flomdemping samt mulighet til friluftsliv og rekreasjon. \u00d8kologiske funksjoner som prim\u00e6rproduksjon gjennom fotosyntese, nedbrytning og jorddannelse er fundamentet for liv og for at vi kan ta i bruk disse naturgodene. For at slike naturgoder skal v\u00e6re tilgjengelige, m\u00e5 vi bevare naturarealer med god \u00f8kologisk tilstand, noe urfolk og lokalsamfunn har gjort gjennom \u00e5rtusener. Norge og andre land forhandler om et nytt globalt rammeverk om naturmangfold under konvensjonen om biologisk mangfold, herunder om m\u00e5l om beskyttelse av minst 30 pst. av hav og land. Det forventes at forhandlingene sluttf\u00f8res i l\u00f8pet av 2022. Utfasing av fossile brensler til energi og materialer inneb\u00e6rer bruk av arealer til produksjon av biomasse og fornybar energi. Dette blir ofte omtalt som et dilemma fordi samfunnet er avhengig naturen og av \u00e5 bevare grunnlaget for naturgodene, samtidig som vi er avhengige av \u00e5 l\u00f8se klimakrisen. Tiltak for \u00e5 redusere utslipp av klimagasser m\u00e5 derfor samlet sett ogs\u00e5 bidra til \u00e5 l\u00f8se naturkrisen, b\u00e5de til lands, i ferskvann og til havs. I tillegg m\u00e5 naturens egenverdi tillegges vekt n\u00e5r man vurderer nye inngrep i natur.<\/p>\n\n\n\n<p><strong>Hvordan vi bruker og endrer arealene v\u00e5re, er sentralt for \u00e5 l\u00f8se b\u00e5de klimakrisen og naturkrisen.<\/strong> I Norge har arealpolitikk p\u00e5 land og i kystn\u00e6re havomr\u00e5der i stor grad v\u00e6rt ansett som et kommunalt anliggende og ansvar (jf. kommuneplanens arealdel). Utfordringene knyttet til klima og natur som verden st\u00e5r overfor, er b\u00e5de globale og lokale. Summen av alle valg knyttet til arealbruk p\u00e5 lokalt niv\u00e5 (ofte i form av bit-for-bit-utbygginger) har globale konsekvenser, og utviklingen i klimakrisen og naturkrisen har konsekvenser p\u00e5 lokalt niv\u00e5. Verkt\u00f8y i areal-, transport-, og milj\u00f8politikken, som plan- og bygningsloven, arealregnskap, naturregnskap og regnskap over \u00f8kosystemtjenester (som CO<sub>2<\/sub>-opptak og -lagring), er derfor sentrale verkt\u00f8y for \u00e5 vurdere veivalg rundt omstilling til et lavutslippssamfunn. Politikken for energi, jordbruk, skogbruk, samferdsel og andre n\u00e6ringer m\u00e5 vurderes ved disse veivalgene. Til havs er helhetlige forvaltningsplaner og sektorlovgivning viktige for hvordan omr\u00e5dene i havet inng\u00e5r som en del av omstillingen.<\/p>\n\n\n\n<p><strong>Norske arealer er under press, og b\u00e5de av hensyn til klima og naturmangfold er det viktig \u00e5 ta vare p\u00e5 norsk natur. <\/strong>Selv om folketettheten i Norge er lav sammenlignet med andre land i Europa, er det viktig \u00e5 huske p\u00e5 at det bare er tre prosent av landet som er dyrkbart, og at bosettingen i stor grad er konsentrert rundt disse arealene. Det er mange interesser knyttet til relativt begrensete arealer som er viktige b\u00e5de for artsmangfold, jordbruk, skogbruk, infrastruktur, n\u00e6ringsvirksomhet, boliger, fritidsboliger og friluftsliv. Norge har 7 promille av globalt landareal, men 18 promille av det globale karbonlageret i naturen. Viktige karbonlagre i Norge er i skogen, myr og v\u00e5tmark, permafrost, og innsj\u00f8er. Flere typer natur er under press for utbygging. I perioden 2008-2019 ble det totalt bygget ned over en halv million dekar. Dette tilsvarer omtrent arealet til Oslo kommune, og om lag en fjerdedel gikk til fritidsbygg. Hytter bygges gjerne i fjellskogen eller n\u00e6r sj\u00f8en. Antallet nye hytter som bygges per \u00e5r er mer enn tredoblet siden 1980-tallet, og det foreligger kommunale planer om ytterligere hytteutbygging av 700 000 dekar til hytter. Ogs\u00e5 jordbruksarealet, med karbon lagret i jorda, blir bygget ned. I dag har vi 9,8 millioner dekar jordbruksareal. I perioden 2004-2015 ble det i snitt bygget ned 8 100 dekar jordbruksareal \u00e5rlig. Siden 2.&nbsp;verdenskrig har over en million dekar dyrkbar og dyrket jord blitt omdisponert til annen bruk. Dette tilsvarer et areal som er mer enn dobbelt s\u00e5 stort som Oslo kommune. Ogs\u00e5 infrastruktur som veier og kraftledninger krever areal.<\/p>\n\n\n\n<p><strong>De fleste tiltak for \u00e5 redusere utslipp av klimagasser som krever bruk av arealer, kan ha negative konsekvenser for biologisk mangfold.<\/strong> I tillegg til tap av natur, vil nedbygging og bruk av arealer frigj\u00f8re klimagasser fra jord og vegetasjon. Behovet for arealer til utbygging av fornybar energi viser at hensyn til klima og natur ikke alltid er sammenfallende. Vurdering av klimagevinst fra arealkrevende tiltak som ny fornybar energi m\u00e5 derfor inkludere beregninger av utslipp fra endret arealbruk. B\u00e5de av hensyn til klima og til natur m\u00e5 man begrense videre nedbygging av natur og forhindre utslipp fra de naturlige karbonlagrene. Dersom enkelttiltak for \u00e5 l\u00f8se klimakrisen ikke skal forsterke naturkrisen, er det n\u00f8dvendig med en politikk for samfunnets totale arealbruk til ulike form\u00e5l. Dette gjelder b\u00e5de til lands, langs kysten og til havs.<\/p>\n\n\n\n<p><strong>Tiltak for \u00e5 l\u00f8se klimakrisen og naturkrisen sammen dreier seg i stor grad om \u00e5 ta vare p\u00e5 eksisterende \u00f8kosystemer og karbonlagre, restaurere forringete \u00f8kosystemer, og bruke allerede nedbygde arealer til nye utbygginger s\u00e5 langt det er mulig.<\/strong> Aktuelle grep kan v\u00e6re en strengere fortettingspolitikk, sikre at utbygging av for eksempel infrastruktur og n\u00e6ringsvirksomhet i hovedsak skjer i eksisterende traseer og allerede nedbygd areal, realisere vedtatt skogvern og i st\u00f8rre grad anvende lukkede hogstformer, og sterkere vern av matjord. I tillegg m\u00e5 by- og tettstedsplanlegging fremover aktivt redusere behovet for transport. Ogs\u00e5 til havs er god arealplanlegging sentralt; V\u00e5tmark i kystsonen er b\u00e5de karbonrike og artsrike arealer som b\u00f8r tas godt vare p\u00e5 for \u00e5 bidra til \u00e5 l\u00f8se b\u00e5de klimakrisen og naturkrisen. P\u00e5 samme m\u00e5te har tareskog viktige funksjoner b\u00e5de for naturmangfold og binding av karbon. Et overordnet grep kan v\u00e6re bruk av arealn\u00f8ytralitet eller naturn\u00f8ytralitet som styrende for arealpolitikken, hvor forringing av et areal m\u00e5 motsvares med restaurering eller tilbakef\u00f8ring til naturlig tilstand av et annet.&nbsp; Slik \u00abmotregning\u00bb av et areal mot et annet har begrensninger. Det er ikke alle typer natur som kan restaureres innenfor en gitt tidshorisont. Myr og gammelskog kan v\u00e6re eksempler p\u00e5 dette. En god arealforvaltning fordrer ogs\u00e5 bedre kunnskap om arter og naturtyper enn vi har i dag gjennom naturkartlegging. En arealpolitikk som i st\u00f8rre grad vektlegger klima og natur vil kunne stimulere til nyskaping n\u00e5r man m\u00e5 klare seg med mindre, eller annet, areal. Dette er en viktig del av omstillingen, og vil kunne gi muligheter for innovasjon og utvikling av n\u00e6ringsliv og nye forretningsmodeller.<\/p>\n\n\n\n<div class=\"wp-block-group alignfull has-background is-layout-flow wp-block-group-is-layout-flow\" style=\"background-color:#d0e3e8\">\n<div class=\"wp-block-columns alignwide is-layout-flex wp-container-core-columns-is-layout-9d6595d7 wp-block-columns-is-layout-flex\">\n<div class=\"wp-block-column is-layout-flow wp-block-column-is-layout-flow\">\n<div class=\"wp-block-image\"><figure class=\"alignleft size-full\"><img loading=\"lazy\" decoding=\"async\" width=\"48\" height=\"48\" src=\"https:\/\/files.nettsteder.regjeringen.no\/wpuploads01\/sites\/506\/2022\/05\/streamline-icon-question-help-message@48x48.png\" alt=\"\" class=\"wp-image-354\"\/><\/figure><\/div>\n\n\n\n<h3 class=\"wp-block-heading\">Sp\u00f8rsm\u00e5l<\/h3>\n<\/div>\n\n\n\n<div class=\"wp-block-column is-layout-flow wp-block-column-is-layout-flow\"><\/div>\n<\/div>\n\n\n\n<div class=\"wp-block-columns alignwide is-layout-flex wp-container-core-columns-is-layout-9d6595d7 wp-block-columns-is-layout-flex\">\n<div class=\"wp-block-column is-layout-flow wp-block-column-is-layout-flow\">\n<p class=\"has-black-color has-text-color\" style=\"font-style:normal;font-weight:900\">4A)   <strong>Hvordan brukes arealene i Norge i et lavutslippssamfunn?&nbsp;<\/strong><\/p>\n\n\n\n<p style=\"font-style:normal;font-weight:900\">4B)   <strong>Hvordan kan vi sikre en bedre samlet oversikt over naturkvaliteter og biologisk mangfold p\u00e5 land til havs?<\/strong><\/p>\n\n\n\n<p style=\"font-style:normal;font-weight:900\">4C)   <strong>Er arealn\u00f8ytralitet \/ naturn\u00f8ytralitet et nyttig m\u00e5l for styringen av arealpolitikken i overgangen til et lavutslippssamfunn? Hvordan b\u00f8r det i s\u00e5 fall fungere i praksis, og p\u00e5 hvilket styringsniv\u00e5 (kommune, fylke, nasjonalt) b\u00f8r m\u00e5let ligge?<\/strong><\/p>\n<\/div>\n\n\n\n<div class=\"wp-block-column is-layout-flow wp-block-column-is-layout-flow\">\n<p style=\"font-style:normal;font-weight:900\">4D)   <strong>Trengs det en tydeligere formulert statlig arealpolitikk for \u00e5 gi rammer for beslutningstagere p\u00e5 lokalt niv\u00e5, slik at beslutningene i arealpolitikken tar hensyn til de samlede konsekvensene for klima og natur p\u00e5 nasjonalt og globalt niv\u00e5?<\/strong><\/p>\n\n\n\n<p style=\"font-style:normal;font-weight:900\">4E)   <strong>Arealpolitikken til havs hviler p\u00e5 systemet for forvaltningsplaner i tillegg til relevant sektorlovgivning<em>.<\/em> Er dette systemet tilstrekkelig for \u00e5 ivareta samordning og prioritering mellom ulike interesser og hensyn i omstillingen til et lavutslippssamfunn, og i et lavutslippssamfunn?<\/strong><\/p>\n\n\n\n<div class=\"wp-block-buttons is-layout-flex wp-block-buttons-is-layout-flex\">\n<div class=\"wp-block-button\"><a class=\"wp-block-button__link has-background\" href=\"https:\/\/nettsteder.regjeringen.no\/klimautvalgets-rapport\/klimautvalget-2050\/klimautvalget-2050-inviterer-til-innspill\/oversikt-sporsmal\/\" style=\"--border-color:#147b33;background-color:#147b33\"><strong>Gi innspill<\/strong><\/a><\/div>\n<\/div>\n<\/div>\n<\/div>\n<\/div>\n\n\n\n<div style=\"height:10px\" aria-hidden=\"true\" class=\"wp-block-spacer\"><\/div>\n\n\n\n<div class=\"wp-block-group alignfull has-background-100-background-color has-background is-layout-flow wp-block-group-is-layout-flow\">\n<div class=\"wp-block-columns alignwide is-layout-flex wp-container-core-columns-is-layout-9d6595d7 wp-block-columns-is-layout-flex\">\n<div class=\"wp-block-column is-layout-flow wp-block-column-is-layout-flow\">\n<div class=\"wp-block-image\"><figure class=\"alignleft size-full\"><img loading=\"lazy\" decoding=\"async\" width=\"48\" height=\"48\" src=\"https:\/\/files.nettsteder.regjeringen.no\/wpuploads01\/sites\/506\/2022\/05\/streamline-icon-search-text@48x48.png\" alt=\"\" class=\"wp-image-356\"\/><\/figure><\/div>\n\n\n\n<h3 class=\"wp-block-heading\">Utdyping av begreper<\/h3>\n<\/div>\n\n\n\n<div class=\"wp-block-column is-layout-flow wp-block-column-is-layout-flow\"><\/div>\n<\/div>\n\n\n\n<div class=\"wp-block-columns alignwide is-layout-flex wp-container-core-columns-is-layout-9d6595d7 wp-block-columns-is-layout-flex\">\n<div class=\"wp-block-column is-layout-flow wp-block-column-is-layout-flow\">\n<p id=\"Kvoter-eller-utslippskvoter\"><strong>Arealbruk:<\/strong> Den aktuelle eller planlagte bruken av et areal.<\/p>\n\n\n\n<p id=\"Naturbaserte-tiltak\"><strong>Arealn\u00f8ytralitet:<\/strong> \u00c5 stanse tap av natur og restaurere like mye natur som bygges.<\/p>\n\n\n\n<p><strong>Arealregnskap:<\/strong> oversikt over hva arealene brukes til og endringer i bruken av arealene innenfor et bestemt tidsrom.<\/p>\n\n\n\n<p><strong>Forvaltningsplaner for havomr\u00e5dene:<\/strong> et verkt\u00f8y for \u00e5 gjennomf\u00f8re en helhetlig og \u00f8kosystembasert forvaltning i norske havomr\u00e5der<\/p>\n\n\n\n<p><strong>Lukkede hogstformer:<\/strong> Den mest typisk lukkede hogst er&nbsp;<a href=\"https:\/\/snl.no\/bledningsskog\">bledning<\/a>, der enkelttr\u00e6r hogges for \u00e5 gi plass til naturlig gjenvekst<\/p>\n\n\n\n<p><strong>Naturgode:<\/strong> Alt fra den levende naturen som bidrar til menneskelig velferd kalles naturgode, eller \u00f8kosystemtjenester. Naturgode er alt fra sopp og b\u00e6r, til fotosyntese og flomdemping, og naturopplevelser.<\/p>\n\n\n\n<p><strong>Naturkrisen:<\/strong> tap av naturmangfold; som planter, dyr og andre levende organismer<\/p>\n\n\n\n<p><strong>Naturmangfold:<\/strong> &nbsp;biologisk mangfold, landskapsmessig mangfold og geologisk mangfold, som ikke i det alt vesentlige er et resultat av menneskers p\u00e5virkning.<\/p>\n\n\n\n<p><strong>Naturn\u00f8ytralitet: <\/strong>\u00c5 stanse tap av natur og restaurere like mye natur som bygges ned . Til forskjell fra arealn\u00f8ytralitet indikerer naturn\u00f8ytralitet ogs\u00e5 at kvaliteten p\u00e5 naturen og \u00f8kosystemene skal opprettholdes.<\/p>\n<\/div>\n\n\n\n<div class=\"wp-block-column is-layout-flow wp-block-column-is-layout-flow\">\n<p><strong>Naturregnskap (\u00f8kosystemregnskap):<\/strong> Regnskapet har som hovedform\u00e5l \u00e5 synliggj\u00f8re \u00f8kosystemenes bidrag til ulike deler av nasjonal\u00f8konomien. Regnskapet kan ogs\u00e5 brukes til \u00e5 dokumentere \u00f8kosystemenes bidrag til menneskelig velferd, jobber og levebr\u00f8d og rapportere p\u00e5 oppn\u00e5else av FNs b\u00e6rekraftsm\u00e5l.<\/p>\n\n\n\n<p><strong>\u00d8kologisk tilstand: <\/strong>Status og utvikling for funksjoner, struktur og produktivitet i en naturtypes lokaliteter sett i lys av aktuelle p\u00e5virkningsfaktorer. En god \u00f8kologisk tilstand bidrar til at \u00f8kosystemene kan levere \u00f8kosystemtjenester og til bevaring av naturmangfoldet.<\/p>\n\n\n\n<p><strong>\u00d8kosystem:<\/strong> et mer eller mindre velavgrenset og ensartet natursystem der samfunn av planter, dyr, sopp og mikroorganismer fungerer i samspill innbyrdes og med det ikke-levende milj\u00f8et.<\/p>\n\n\n\n<p><strong>\u00d8kosystemregnskap (naturregnskap):<\/strong> Regnskapet har som hovedform\u00e5l \u00e5 synliggj\u00f8re \u00f8kosystemenes bidrag til ulike deler av nasjonal\u00f8konomien. Regnskapet kan ogs\u00e5 brukes til \u00e5 dokumentere \u00f8kosystemenes bidrag til menneskelig velferd, jobber og levebr\u00f8d og rapportere p\u00e5 oppn\u00e5else av FNs b\u00e6rekraftsm\u00e5l.<\/p>\n\n\n\n<p><strong>\u00d8kosystemtjenester: <\/strong>Alt fra den levende naturen som bidrar til menneskelig velferd kalles naturgode, eller \u00f8kosystemtjenester. Naturgode er alt fra sopp og b\u00e6r, til fotosyntese og flomdemping, og naturopplevelser.<\/p>\n<\/div>\n<\/div>\n<\/div>\n\n\n\n<h3 class=\"wp-block-heading\">Les mer<\/h3>\n\n\n\n<p><a href=\"https:\/\/www.miljodirektoratet.no\/globalassets\/publikasjoner\/m1445\/m1445.pdf\">Milj\u00f8direktoratet. FNs klimapanel sin spesialrapport om klimaendringer og landareal. Milj\u00f8direktoratets faktaark<\/a>.<\/p>\n\n\n\n<p><a href=\"https:\/\/www.miljodirektoratet.no\/globalassets\/publikasjoner\/m1445\/m1445.pdf\">FNs klimapanel. IPCC Special Report on Climate Change and Land, hele rapporten. 2020<\/a><\/p>\n\n\n\n<p><a href=\"https:\/\/www.ipcc.ch\/report\/ar6\/wg2\/\">FNs klimapanel. IPCC Climate Change 2022, Impacts, Adaption and Vulnerablity. 2022<\/a><\/p>\n\n\n\n<p><a href=\"https:\/\/ipbes.net\/global-assessment\">IPBES (Naturpanelet). Global Assessment Report on Biodiversity and Ecosystem Services. 2019<\/a><\/p>\n\n\n\n<p><a href=\"https:\/\/ipbes.net\/events\/ipbes-ipcc-co-sponsored-workshop-report-biodiversity-and-climate-change\">IPBS (Naturpanelet) og FNs klimapanel. IPBES-IPCC Co-Sponsored Workshop Report on Biodiversity and Climate Change. 2021<\/a><\/p>\n\n\n\n<p><a href=\"https:\/\/www.ks.no\/globalassets\/fagomrader\/miljo\/CIENSrapport2021.pdf\">CIENS. En sammenfatning av tre internasjonale rapporter om natur og klima: Hva betyr rapportene for norsk kommunesektor? 2021<\/a><\/p>\n\n\n\n<p><a href=\"https:\/\/www.ks.no\/fagomrader\/samfunnsutvikling\/klima\/naturkrisen-og-klimakrisen-henger-tett-sammen\/\">KS. Naturkrisen og klimakrisen henger tett sammen. 2021<\/a><\/p>\n\n\n\n<p><a href=\"https:\/\/www.oslomet.no\/forskning\/forskningsprosjekter\/evaluering-av-plan-og-bygningsloven-evaplan-2008\">Gro Sandkj\u00e6r Hanssen. Prosjektside om evaluering av plan- og bygningsloven. 2019<\/a><\/p>\n\n\n\n<p><a href=\"https:\/\/www.gov.uk\/government\/publications\/final-report-the-economics-of-biodiversity-the-dasgupta-review\">Sir Partha Dasgupta. The Economics of Biodiversity: The Dasgupta review. 2021<\/a><\/p>\n\n\n\n<p><a href=\"https:\/\/www.artsdatabanken.no\/\">Artsdatabanken. Kunnskapsbank for naturmangfold. 2022<\/a><\/p>\n\n\n\n<p><a href=\"https:\/\/www.naturindeks.no\/\">Milj\u00f8direktoratet. Naturindeks. 2022<\/a><\/p>\n\n\n\n<p><a href=\"https:\/\/www.oecd.org\/environment\/country-reviews\/oecd-environmental-performance-reviews-norway-2022-59e71c13-en.htm\">OECD. OECD Environmental Performance Reviews Norway 2022. 2022<\/a><\/p>\n\n\n\n<p><a href=\"https:\/\/www.ssb.no\/forskning\/energi-og-miljookonomi\/klimapolitikk-og-okonomi\/internasjonalt-system-for-verdsetting-av-naturgoder\">Statistisk Sentralbyr\u00e5. Internasjonalt system for verdsetting av naturgoder. 2022<\/a><\/p>\n\n\n\n<div class=\"wp-block-cover alignfull is-light\" style=\"min-height:458px;aspect-ratio:unset;\"><span aria-hidden=\"true\" class=\"has-background-dim-0 wp-block-cover__gradient-background has-background-dim\"><\/span><img loading=\"lazy\" decoding=\"async\" width=\"2226\" height=\"878\" class=\"wp-block-cover__image-background wp-image-966\" alt=\"\" src=\"https:\/\/files.nettsteder.regjeringen.no\/wpuploads01\/sites\/506\/2022\/06\/iStock1131217734.jpg\" style=\"object-position:53% 55%\" data-object-fit=\"cover\" data-object-position=\"53% 55%\" srcset=\"https:\/\/files.nettsteder.regjeringen.no\/wpuploads01\/sites\/506\/2022\/06\/iStock1131217734.jpg 2226w, https:\/\/files.nettsteder.regjeringen.no\/wpuploads01\/sites\/506\/2022\/06\/iStock1131217734-300x118.jpg 300w, https:\/\/files.nettsteder.regjeringen.no\/wpuploads01\/sites\/506\/2022\/06\/iStock1131217734-1024x404.jpg 1024w, https:\/\/files.nettsteder.regjeringen.no\/wpuploads01\/sites\/506\/2022\/06\/iStock1131217734-768x303.jpg 768w, https:\/\/files.nettsteder.regjeringen.no\/wpuploads01\/sites\/506\/2022\/06\/iStock1131217734-1536x606.jpg 1536w, https:\/\/files.nettsteder.regjeringen.no\/wpuploads01\/sites\/506\/2022\/06\/iStock1131217734-2048x808.jpg 2048w\" sizes=\"auto, (max-width: 2226px) 100vw, 2226px\" \/><div class=\"wp-block-cover__inner-container is-layout-flow wp-block-cover-is-layout-flow\">\n<p class=\"has-text-align-center has-large-font-size\"><\/p>\n<\/div><span class=\"t2-image-credit\">\n\t\t\t\t<button type=\"button\" class=\"t2-image-credit-toggle\" aria-expanded=\"false\" aria-controls=\"image-credit\" aria-label=\"Toggle image credit\"><svg xmlns=\"http:\/\/www.w3.org\/2000\/svg\" viewBox=\"0 0 24 24\" height=\"24\" width=\"24\" class=\"t2-icon t2-icon-info\" aria-hidden=\"true\" focusable=\"false\"><path d=\"M12 17c.3 0 .5-.1.7-.3s.3-.4.3-.7v-4c0-.3-.1-.5-.3-.7-.2-.2-.4-.3-.7-.3s-.5.1-.7.3c-.2.2-.3.4-.3.7v4c0 .3.1.5.3.7s.4.3.7.3zm0-8c.3 0 .5-.1.7-.3.2-.2.3-.4.3-.7 0-.3-.1-.5-.3-.7-.2-.2-.4-.3-.7-.3s-.5.1-.7.3c-.2.2-.3.4-.3.7 0 .3.1.5.3.7.2.2.4.3.7.3zm0 13c-1.4 0-2.7-.3-3.9-.8-1.2-.5-2.3-1.2-3.2-2.1s-1.6-2-2.1-3.2S2 13.4 2 12s.3-2.7.8-3.9S4 5.8 4.9 4.9s2-1.6 3.2-2.1S10.6 2 12 2s2.7.3 3.9.8 2.3 1.2 3.2 2.1 1.6 2 2.1 3.2c.5 1.2.8 2.5.8 3.9s-.3 2.7-.8 3.9c-.5 1.2-1.2 2.3-2.1 3.2s-2 1.6-3.2 2.1c-1.2.5-2.5.8-3.9.8z\" fill=\"currentColor\" \/><\/svg><\/button>\n\t\t\t\t<span class=\"t2-image-credit-text wp-element-caption\" id=\"image-credit\" hidden>Foto: Getty Images\/iStockphoto<\/span>\n\t\t\t<\/span><\/div>\n","protected":false},"excerpt":{"rendered":"<p>Det er en tett sammenheng mellom tap av natur og utslipp av klimagasser. Intakte \u00f8kosystemer kan v\u00e6re store lagre av karbon, og ved forringing eller nedbygging vil disse gi utslipp, i tillegg til at naturens evne til opptak og lagring av CO2 reduseres. Samtidig vet vi at intakte \u00f8kosystemer er mer robuste mot klimaendringer enn\u2026<\/p>\n","protected":false},"author":357,"featured_media":0,"parent":371,"menu_order":0,"comment_status":"closed","ping_status":"closed","template":"","meta":{"dss_simple_post_excerpt":"","dss_show_featured_image":true,"dss_show_title":true,"footnotes":""},"class_list":["post-952","page","type-page","status-publish","hentry"],"language":"nb-NO","_links":{"self":[{"href":"https:\/\/nettsteder.regjeringen.no\/klimautvalgets-rapport\/wp-json\/wp\/v2\/pages\/952","targetHints":{"allow":["GET"]}}],"collection":[{"href":"https:\/\/nettsteder.regjeringen.no\/klimautvalgets-rapport\/wp-json\/wp\/v2\/pages"}],"about":[{"href":"https:\/\/nettsteder.regjeringen.no\/klimautvalgets-rapport\/wp-json\/wp\/v2\/types\/page"}],"author":[{"embeddable":true,"href":"https:\/\/nettsteder.regjeringen.no\/klimautvalgets-rapport\/wp-json\/wp\/v2\/users\/357"}],"replies":[{"embeddable":true,"href":"https:\/\/nettsteder.regjeringen.no\/klimautvalgets-rapport\/wp-json\/wp\/v2\/comments?post=952"}],"version-history":[{"count":3,"href":"https:\/\/nettsteder.regjeringen.no\/klimautvalgets-rapport\/wp-json\/wp\/v2\/pages\/952\/revisions"}],"predecessor-version":[{"id":1268,"href":"https:\/\/nettsteder.regjeringen.no\/klimautvalgets-rapport\/wp-json\/wp\/v2\/pages\/952\/revisions\/1268"}],"up":[{"embeddable":true,"href":"https:\/\/nettsteder.regjeringen.no\/klimautvalgets-rapport\/wp-json\/wp\/v2\/pages\/371"}],"wp:attachment":[{"href":"https:\/\/nettsteder.regjeringen.no\/klimautvalgets-rapport\/wp-json\/wp\/v2\/media?parent=952"}],"curies":[{"name":"wp","href":"https:\/\/api.w.org\/{rel}","templated":true}]}}