{"id":371,"date":"2022-05-02T13:54:36","date_gmt":"2022-05-02T11:54:36","guid":{"rendered":"https:\/\/nettsteder.regjeringen.no\/klimautvalgets-rapport\/?page_id=371"},"modified":"2023-01-17T09:54:57","modified_gmt":"2023-01-17T08:54:57","slug":"klimautvalget-2050-inviterer-til-innspill","status":"publish","type":"page","link":"https:\/\/nettsteder.regjeringen.no\/klimautvalgets-rapport\/klimautvalget-2050\/klimautvalget-2050-inviterer-til-innspill\/","title":{"rendered":"Forel\u00f8pige vurderinger"},"content":{"rendered":"\n<div class=\"wp-block-group alignwide has-black-color has-background-100-background-color has-text-color has-background is-layout-flow wp-block-group-is-layout-flow\">\n<div class=\"wp-block-group alignfull has-white-background-color has-background is-layout-flow wp-block-group-is-layout-flow\"><p class=\"t2-ingress wp-block-t2-ingress\">Utvalgets forel\u00f8pige vurderinger <\/p>\n\n\n<p>Klimautvalget 2050 skal utrede hvilke veivalg Norge st\u00e5r overfor for \u00e5 n\u00e5 m\u00e5let om \u00e5 bli et lavutslippssamfunn innen 2050. Utvalget skal levere sin sluttrapport innen 1. november 2023. Utvalget ba om innspill p\u00e5 sine forel\u00f8pige vurderinger innen 30. september 2022. Les innspillene Klimautvalget mottok <a href=\"https:\/\/klimautvalget2050.no\/2022\/12\/22\/innspill-til-klimautvalgets-delrapport\/\">her<\/a>.  <\/p>\n\n\n\n<p><strong>Et lavutslippssamfunn inneb\u00e6rer at de aller fleste utslipp av klimagasser m\u00e5 fjernes for godt<\/strong>. I 2050 vil det kun v\u00e6re mulig \u00e5 slippe ut en sv\u00e6rt liten andel av klimagassene Norge slipper ut i dag. Dette vil ha store konsekvenser for norsk samfunn og \u00f8konomi.<\/p>\n\n\n\n<p><strong>Klimam\u00e5lene er ambisi\u00f8se og vil kreve mye av oss som samfunn, b\u00e5de lokalt, nasjonalt og globalt.<\/strong> Det er stor forskjell p\u00e5 enkelttiltak for en begrenset reduksjon av utslipp av klimagasser, og veivalgene vi st\u00e5r foran n\u00e5r de aller fleste utslipp skal fjernes for godt. Alle deler av det norske samfunnet m\u00e5 delta i omstillingen; B\u00e5de n\u00e6ringsliv, privatpersoner og det offentlige. Utvalget ser det som en hovedoppgave \u00e5 gi r\u00e5d om hvilke prinsipper politikk og samfunnsutvikling b\u00f8r bygge p\u00e5 og hvordan gjennomf\u00f8ringen av politikken best kan organiseres for at vi skal n\u00e5 m\u00e5let om \u00e5 bli et lavutslippssamfunn.  <\/p>\n\n\n\n<p><strong>Det er viktig \u00e5 finne en vei til lavutslippssamfunnet som kan f\u00f8lges ogs\u00e5 n\u00e5r verden rundt oss endres.<\/strong> Korona-pandemien og krigen i Ukraina har hver p\u00e5 sin m\u00e5te endret premissene for klimapolitikken. Utvalget m\u00e5 ta hensyn til dette i sitt arbeid, og legge til grunn at det ogs\u00e5 i fremtiden vil komme br\u00e5 skifter og endringer som p\u00e5virker rammene for klimapolitikken. &nbsp;Utvalget har ogs\u00e5 blitt bedt om \u00e5 se p\u00e5 overgangsrisiko, men har ikke blitt bedt om \u00e5 se spesielt p\u00e5 utfordringer knyttet til klimatilpasning. Samtidig henger klimatilpasning tett sammen med mange av utfordringene utvalget vil se p\u00e5.<\/p>\n\n\n\n<p><strong>Omstillingen til et lavutslippssamfunn krever at klimapolitikken forsterkes.<\/strong> Utvalget legger til grunn for arbeidet sitt at:<\/p>\n\n\n\n<ul class=\"wp-block-list is-layout-flow wp-block-list-is-layout-flow\"><li>Det er et stort misforhold mellom de uttalte ambisjonene i klimapolitikken og vedtatte tiltak og virkemidler. <strong>Troverdigheten<\/strong> til gjennomf\u00f8ring av klimapolitikken m\u00e5 derfor styrkes. Tiltak for \u00e5 redusere utslipp m\u00e5 ikke uthules, gjennomf\u00f8ring av tiltak m\u00e5 ikke utsettes, og lavutslippsutvikling m\u00e5 i st\u00f8rre grad innarbeides i samfunnsutviklingen generelt.<\/li><li>Klimapolitikken m\u00e5 <strong>favne bredere. <\/strong>Det er ikke nok \u00e5 arbeide for \u00e5 redusere utslippene fra norsk territorium. Norges innsats for \u00e5 redusere utslipp andre steder, blant annet knyttet til norsk eksport, norsk import, bistand og teknologiutvikling m\u00e5 samordnes og intensiveres<strong>.<\/strong> Det er ogs\u00e5 vesentlig at klimapolitikken ses i sammenheng med naturkrisen og politikk for b\u00e6rekraftig bruk av arealer b\u00e5de p\u00e5 land og til havs.<\/li><li>Klimapolitikken m\u00e5 legge <strong>mer vekt ogs\u00e5 p\u00e5 langsiktige hensyn. <\/strong>Norsk klimapolitikk m\u00e5 i st\u00f8rre grad vektlegge varig omstilling til nullutslipp. Alle tiltak innen klimapolitikken b\u00f8r vurderes p\u00e5 grunnlag av samlede virkninger p\u00e5 utslipp over tid.<\/li><li>Klimapolitikken m\u00e5 <strong>underst\u00f8ttes av et beslutningssystem <\/strong>som er bedre tilpasset m\u00e5let om en helhetlig omstilling av samfunnet.<\/li><\/ul>\n\n\n\n<p><strong>Et <\/strong><strong>van<\/strong><strong>lig utgangspunkt for klimapolitikken s\u00e5 langt har v\u00e6rt \u00e5 vurdere utslippsreduksjoner sektor for sektor.<\/strong> \u00c5 bli et lavutslippssamfunn krever en helhetlig omstilling, hvor de ulike tiltakene virker sammen, og hvor omstillingen innenfor hver sektor ses i sammenheng med omstillingen ellers i samfunnet. Klimapolitikken m\u00e5 derfor v\u00e6re noe mer enn et sett med sektorplaner. Den m\u00e5 ogs\u00e5 h\u00e5ndtere tverrg\u00e5ende problemstillinger knyttet til samfunnsutviklingen mer generelt, i tillegg til at den m\u00e5 ta h\u00f8yde for hvordan de ulike sektorene gir muligheter og begrensninger for hverandre. Utvalget vil ikke utarbeide konkrete planer for omstilling av enkeltsektorer \u2013 dette gj\u00f8res best av akt\u00f8rene i den enkelte sektor eller n\u00e6ring. Men utvalget \u00f8nsker \u00e5 arbeide frem et felles grunnlag for klimapolitikken der slike omstillingsplaner inng\u00e5r. Omstillingsplanene m\u00e5 reflektere at hver sektor er en del av den generelle samfunnsutviklingen og til sammen utgj\u00f8r en helhet i overenstemmelse med m\u00e5lene og en b\u00e6rekraftig forvaltning av natur og naturgoder, inkludert naturressursene.<\/p>\n\n\n\n<p><strong>Utvalget har i f\u00f8rste omgang \u00f8nsket \u00e5 formulere et grunnlag for klimapolitikken som f\u00e5r frem ulike perspektiver og interesser i debatten, og viser bredden i omstillingen til et lavutslippssamfunn.<\/strong> Dette er uttrykt som forel\u00f8pige vurderinger og problemstillinger knyttet til ti temaer. Hensikten er \u00e5 legge til rette for en god og bred offentlig debatt om norsk klimapolitikk og samfunnsutvikling i et langsiktig perspektiv som grunnlag for utvalgets videre arbeid. Vi inviterte derfor til innspill basert p\u00e5 de ti temaene, og sp\u00f8rsm\u00e5lene vi stilte rundt disse. Innspillene tar vi med oss videre i v\u00e5rt arbeid frem mot den endelige rapporten som skal legges frem innen 1. november 2023. Vi ba om innspill om hva som b\u00f8r v\u00e6re grunnlaget for klimapolitikken, og hva dette grunnlaget b\u00f8r bety for organiseringen og gjennomf\u00f8ringen av politikken. Vi ba ogs\u00e5 om innspill p\u00e5 overordnede temaer eller problemstillinger som ikke er dekket av v\u00e5re forel\u00f8pige vurderinger. <\/p>\n\n\n\n<p><strong>Utvalgets \u00f8nske er at en debatt rundt disse ti temaene bidrar til \u00e5 utvikle et helhetlig og godt grunnlag for politiske veivalg for lavutslippssamfunnet Norge i 2050<\/strong>. Omstillingen til et lavutslippssamfunn involverer \u2013 og ber\u00f8rer \u2013 oss alle. Vi \u00f8nsker derfor alle innspill velkomne.<\/p>\n\n\n\n<div class=\"wp-block-buttons is-layout-flex wp-block-buttons-is-layout-flex\">\n<div class=\"wp-block-button\"><a class=\"wp-block-button__link has-background\" href=\"https:\/\/files.nettsteder.regjeringen.no\/wpuploads01\/sites\/506\/2022\/06\/Klimautvalgets-rapport-PDF.pdf\" style=\"--border-color:#147b33;background-color:#147b33\"><strong>Last ned <\/strong>i<strong>nnspillsunderlag (PDF)<\/strong><\/a><\/div>\n<\/div>\n<\/div>\n<\/div>\n\n\n\n<div class=\"wp-block-group alignfull has-background-100-background-color has-background is-layout-flow wp-block-group-is-layout-flow\">\n<div class=\"wp-block-columns alignwide is-layout-flex wp-container-core-columns-is-layout-9d6595d7 wp-block-columns-is-layout-flex\">\n<div class=\"wp-block-column is-layout-flow wp-block-column-is-layout-flow\">\n<h3 class=\"wp-block-heading\">Utvalget ba om innspill knyttet til disse temaene<\/h3>\n<\/div>\n\n\n\n<div class=\"wp-block-column is-layout-flow wp-block-column-is-layout-flow\"><\/div>\n<\/div>\n\n\n\n<div class=\"wp-block-columns alignwide is-layout-flex wp-container-core-columns-is-layout-9d6595d7 wp-block-columns-is-layout-flex\">\n<div class=\"wp-block-column is-layout-flow wp-block-column-is-layout-flow\">\n<p><a href=\"https:\/\/nettsteder.regjeringen.no\/klimautvalgets-rapport\/klimautvalget-2050\/klimautvalget-2050-inviterer-til-innspill\/1-de-aller-fleste-utslippene-av-klimagasser-ma-fjernes-for-godt-innen-2050\/\">1. De aller fleste utslippene av klimagasser m\u00e5 fjernes for godt innen 2050<\/a><\/p>\n\n\n\n<p><a href=\"https:\/\/nettsteder.regjeringen.no\/klimautvalgets-rapport\/klimautvalget-2050\/klimautvalget-2050-inviterer-til-innspill\/2-klimapolitikken-ma-fremme-helhetlig-omstilling-ikke-begrenses-til-enkelttiltak\/\">2. Klimapolitikken m\u00e5 fremme helhetlig omstilling, ikke begrenses til enkelttiltak<\/a><\/p>\n\n\n\n<p><a href=\"https:\/\/nettsteder.regjeringen.no\/klimautvalgets-rapport\/klimautvalget-2050\/klimautvalget-2050-inviterer-til-innspill\/3-utslippene-i-norge-ma-ned-men-norsk-politikk-ma-ogsa-redusere-det-norske-globale-klimafotavtrykket-og-bidra-til-at-verden-blir-et-lavutslippssamfunn\/\">3. Utslippene i Norge m\u00e5 ned, men norsk politikk m\u00e5 ogs\u00e5 redusere det norske globale klimafotavtrykket og bidra til at verden blir et lavutslippssamfunn<\/a><\/p>\n\n\n\n<p><a href=\"https:\/\/nettsteder.regjeringen.no\/klimautvalgets-rapport\/klimautvalget-2050\/klimautvalget-2050-inviterer-til-innspill\/4-klimakrisen-loses-ikke-hvis-ikke-ogsa-naturkrisen-blir-lost-ytterligere-nedbygging-av-natur-og-arealer-ma-begrenses\/\">4. Klimakrisen l\u00f8ses ikke hvis ikke ogs\u00e5 naturkrisen blir l\u00f8st. Ytterligere nedbygging av natur og arealer m\u00e5 begrenses<\/a><\/p>\n\n\n\n<p><a href=\"https:\/\/nettsteder.regjeringen.no\/klimautvalgets-rapport\/klimautvalget-2050\/klimautvalget-2050-inviterer-til-innspill\/5-rettferdig-omstilling-forutsetter-gronn-omfordeling\/\">5.&nbsp; Rettferdig omstilling forutsetter gr\u00f8nn omfordeling<\/a><\/p>\n<\/div>\n\n\n\n<div class=\"wp-block-column is-layout-flow wp-block-column-is-layout-flow\">\n<p><a href=\"https:\/\/nettsteder.regjeringen.no\/klimautvalgets-rapport\/klimautvalget-2050\/klimautvalget-2050-inviterer-til-innspill\/6-norge-ma-ga-gjennom-en-energiomstilling-med-mer-effektiv-bruk-av-all-energi-okt-bruk-og-produksjon-av-fornybar-kraft-og-baerekraftig-bruk-av-bioenergi\/\">6. Norge m\u00e5 g\u00e5 gjennom en energiomstilling med mer effektiv bruk av all energi, \u00f8kt bruk og produksjon av fornybar kraft og b\u00e6rekraftig bruk av bioenergi<\/a><\/p>\n\n\n\n<p><a href=\"https:\/\/nettsteder.regjeringen.no\/klimautvalgets-rapport\/klimautvalget-2050\/klimautvalget-2050-inviterer-til-innspill\/7-for-a-komme-til-lavutslippssamfunnet-trengs-ytterligere-teknologiutvikling-og-bedre-spredning-av-teknologi-som-allerede-finnes\/\">7. For \u00e5 komme til lavutslippssamfunnet trengs ytterligere teknologiutvikling og bedre spredning av teknologi som allerede finnes<\/a><\/p>\n\n\n\n<p><a href=\"https:\/\/nettsteder.regjeringen.no\/klimautvalgets-rapport\/klimautvalget-2050\/klimautvalget-2050-inviterer-til-innspill\/8-norge-bidrar-best-til-klimamalene-gjennom-tett-og-forpliktende-samarbeid-med-eu\/\">8. Norge bidrar best til klimam\u00e5lene gjennom tett og forpliktende samarbeid med EU<\/a><\/p>\n\n\n\n<p><a href=\"https:\/\/nettsteder.regjeringen.no\/klimautvalgets-rapport\/klimautvalget-2050\/klimautvalget-2050-inviterer-til-innspill\/9-okonomisk-aktivitet-basert-pa-fossile-energikilder-eller-overbruk-av-andre-naturressurser-er-ikke-baerekraftig\/\">9. \u00d8konomisk aktivitet basert p\u00e5 fossile energikilder eller overbruk av andre naturressurser er ikke b\u00e6rekraftig<\/a><\/p>\n\n\n\n<p><a href=\"https:\/\/nettsteder.regjeringen.no\/klimautvalgets-rapport\/klimautvalget-2050\/klimautvalget-2050-inviterer-til-innspill\/10-beslutningssystemene-i-dag-legger-ikke-tilstrekkelig-til-rette-for-den-omstillingen-vi-skal-gjennom\/\">10. Beslutningssystemene i dag legger ikke tilstrekkelig til rette for den omstillingen vi skal gjennom<\/a><\/p>\n\n\n\n<div style=\"height:19px\" aria-hidden=\"true\" class=\"wp-block-spacer\"><\/div>\n\n\n\n<div class=\"wp-block-buttons is-layout-flex wp-block-buttons-is-layout-flex\">\n<div class=\"wp-block-button\"><a class=\"wp-block-button__link has-background\" href=\"https:\/\/nettsteder.regjeringen.no\/klimautvalgets-rapport\/klimautvalget-2050\/klimautvalget-2050-inviterer-til-innspill\/oversikt-sporsmal\/\" style=\"--border-color:#147b33;background-color:#147b33\"><strong>G\u00e5 til oversikt sp\u00f8rsm\u00e5l<\/strong><\/a><\/div>\n<\/div>\n<\/div>\n<\/div>\n<\/div>\n\n\n\n<div class=\"wp-block-cover alignfull is-light\" style=\"min-height:458px;aspect-ratio:unset;\"><span aria-hidden=\"true\" class=\"has-background-dim-0 wp-block-cover__gradient-background has-background-dim\"><\/span><img loading=\"lazy\" decoding=\"async\" width=\"2560\" height=\"1706\" class=\"wp-block-cover__image-background wp-image-1060\" alt=\"\" src=\"https:\/\/files.nettsteder.regjeringen.no\/wpuploads01\/sites\/506\/2022\/06\/rod-long-f6PNAO4Kn18-unsplash-scaled.jpg\" style=\"object-position:51% 42%\" data-object-fit=\"cover\" data-object-position=\"51% 42%\" srcset=\"https:\/\/files.nettsteder.regjeringen.no\/wpuploads01\/sites\/506\/2022\/06\/rod-long-f6PNAO4Kn18-unsplash-scaled.jpg 2560w, https:\/\/files.nettsteder.regjeringen.no\/wpuploads01\/sites\/506\/2022\/06\/rod-long-f6PNAO4Kn18-unsplash-300x200.jpg 300w, https:\/\/files.nettsteder.regjeringen.no\/wpuploads01\/sites\/506\/2022\/06\/rod-long-f6PNAO4Kn18-unsplash-1024x682.jpg 1024w, https:\/\/files.nettsteder.regjeringen.no\/wpuploads01\/sites\/506\/2022\/06\/rod-long-f6PNAO4Kn18-unsplash-768x512.jpg 768w, https:\/\/files.nettsteder.regjeringen.no\/wpuploads01\/sites\/506\/2022\/06\/rod-long-f6PNAO4Kn18-unsplash-1536x1024.jpg 1536w, https:\/\/files.nettsteder.regjeringen.no\/wpuploads01\/sites\/506\/2022\/06\/rod-long-f6PNAO4Kn18-unsplash-2048x1365.jpg 2048w\" sizes=\"auto, (max-width: 2560px) 100vw, 2560px\" \/><div class=\"wp-block-cover__inner-container is-layout-flow wp-block-cover-is-layout-flow\">\n<p class=\"has-text-align-center has-large-font-size\"><\/p>\n<\/div><\/div>\n","protected":false},"excerpt":{"rendered":"<p>Klimautvalget 2050 skal utrede hvilke veivalg Norge st\u00e5r overfor for \u00e5 n\u00e5 m\u00e5let om \u00e5 bli et lavutslippssamfunn innen 2050. Utvalget skal levere sin sluttrapport innen 1. november 2023. Utvalget ba om innspill p\u00e5 sine forel\u00f8pige vurderinger innen 30. september 2022. Les innspillene Klimautvalget mottok her. Et lavutslippssamfunn inneb\u00e6rer at de aller fleste utslipp av\u2026<\/p>\n","protected":false},"author":357,"featured_media":0,"parent":254,"menu_order":0,"comment_status":"closed","ping_status":"closed","template":"","meta":{"dss_simple_post_excerpt":"","dss_show_featured_image":true,"dss_show_title":true,"footnotes":""},"class_list":["post-371","page","type-page","status-publish","hentry"],"language":"nb-NO","_links":{"self":[{"href":"https:\/\/nettsteder.regjeringen.no\/klimautvalgets-rapport\/wp-json\/wp\/v2\/pages\/371","targetHints":{"allow":["GET"]}}],"collection":[{"href":"https:\/\/nettsteder.regjeringen.no\/klimautvalgets-rapport\/wp-json\/wp\/v2\/pages"}],"about":[{"href":"https:\/\/nettsteder.regjeringen.no\/klimautvalgets-rapport\/wp-json\/wp\/v2\/types\/page"}],"author":[{"embeddable":true,"href":"https:\/\/nettsteder.regjeringen.no\/klimautvalgets-rapport\/wp-json\/wp\/v2\/users\/357"}],"replies":[{"embeddable":true,"href":"https:\/\/nettsteder.regjeringen.no\/klimautvalgets-rapport\/wp-json\/wp\/v2\/comments?post=371"}],"version-history":[{"count":3,"href":"https:\/\/nettsteder.regjeringen.no\/klimautvalgets-rapport\/wp-json\/wp\/v2\/pages\/371\/revisions"}],"predecessor-version":[{"id":1685,"href":"https:\/\/nettsteder.regjeringen.no\/klimautvalgets-rapport\/wp-json\/wp\/v2\/pages\/371\/revisions\/1685"}],"up":[{"embeddable":true,"href":"https:\/\/nettsteder.regjeringen.no\/klimautvalgets-rapport\/wp-json\/wp\/v2\/pages\/254"}],"wp:attachment":[{"href":"https:\/\/nettsteder.regjeringen.no\/klimautvalgets-rapport\/wp-json\/wp\/v2\/media?parent=371"}],"curies":[{"name":"wp","href":"https:\/\/api.w.org\/{rel}","templated":true}]}}