{"id":330,"date":"2022-05-02T12:33:30","date_gmt":"2022-05-02T10:33:30","guid":{"rendered":"https:\/\/nettsteder.regjeringen.no\/klimautvalgets-rapport\/?page_id=330"},"modified":"2022-06-20T12:44:16","modified_gmt":"2022-06-20T10:44:16","slug":"1-de-aller-fleste-utslippene-av-klimagasser-ma-fjernes-for-godt-innen-2050","status":"publish","type":"page","link":"https:\/\/nettsteder.regjeringen.no\/klimautvalgets-rapport\/klimautvalget-2050\/klimautvalget-2050-inviterer-til-innspill\/1-de-aller-fleste-utslippene-av-klimagasser-ma-fjernes-for-godt-innen-2050\/","title":{"rendered":"1. De aller fleste utslippene av klimagasser m\u00e5 fjernes for godt innen 2050"},"content":{"rendered":"\n<div class=\"wp-block-media-text alignwide is-stacked-on-mobile is-image-fill has-background\" style=\"background-color:#afdaea;grid-template-columns:39% auto\"><figure class=\"wp-block-media-text__media\" style=\"background-image:url(https:\/\/files.nettsteder.regjeringen.no\/wpuploads01\/sites\/506\/2022\/05\/klimautvalget_pastand_1_u_bakgrunn_900-kopi.png);background-position:48% 49%\"><a href=\"https:\/\/nettsteder.regjeringen.no\/klimautvalgets-rapport\/1-de-aller-fleste-utslippene-av-klimagasser-ma-fjernes-for-godt-innen-2050\/\"><img loading=\"lazy\" decoding=\"async\" width=\"899\" height=\"450\" src=\"https:\/\/files.nettsteder.regjeringen.no\/wpuploads01\/sites\/506\/2022\/05\/klimautvalget_pastand_1_u_bakgrunn_900-kopi.png\" alt=\"\" class=\"wp-image-692 size-full\" srcset=\"https:\/\/files.nettsteder.regjeringen.no\/wpuploads01\/sites\/506\/2022\/05\/klimautvalget_pastand_1_u_bakgrunn_900-kopi.png 899w, https:\/\/files.nettsteder.regjeringen.no\/wpuploads01\/sites\/506\/2022\/05\/klimautvalget_pastand_1_u_bakgrunn_900-kopi-300x150.png 300w, https:\/\/files.nettsteder.regjeringen.no\/wpuploads01\/sites\/506\/2022\/05\/klimautvalget_pastand_1_u_bakgrunn_900-kopi-768x384.png 768w\" sizes=\"auto, (max-width: 899px) 100vw, 899px\" \/><\/a><\/figure><div class=\"wp-block-media-text__content\">\n<div class=\"wp-block-image\"><figure class=\"alignleft size-full is-resized\"><img loading=\"lazy\" decoding=\"async\" src=\"https:\/\/files.nettsteder.regjeringen.no\/wpuploads01\/sites\/506\/2022\/05\/1A.png\" alt=\"\" class=\"wp-image-560\" width=\"58\" height=\"64\"\/><\/figure><\/div>\n\n\n\n<h3 class=\"wp-block-heading\">AMBISJON<\/h3>\n\n\n\n<div style=\"height:10px\" aria-hidden=\"true\" class=\"wp-block-spacer\"><\/div>\n\n\n\n<h2 class=\"has-black-color has-text-color wp-block-heading\">De aller fleste utslippene av klimagasser m\u00e5 fjernes for godt innen 2050<\/h2>\n<\/div><\/div>\n\n\n\n<p><strong>For \u00e5 oppfylle Norges klimam\u00e5l og bidra til \u00e5 n\u00e5 de globale m\u00e5lene i Parisavtalen, m\u00e5 s\u00e5 godt som alle utslipp av CO<sub>2<\/sub> v\u00e6re fjernet innen 2050. <\/strong>Parisavtalen og kunnskapsgrunnlaget fra FNs klimapanel viser at globale utslipp m\u00e5 n\u00e5 netto null rundt 2050.<\/p>\n\n\n\n<figure class=\"wp-block-image size-large\"><img loading=\"lazy\" decoding=\"async\" width=\"1024\" height=\"703\" src=\"https:\/\/files.nettsteder.regjeringen.no\/wpuploads01\/sites\/506\/2022\/06\/221314-Figur2-06-DSR-01-1024x703.png\" alt=\"\" class=\"wp-image-1182\" srcset=\"https:\/\/files.nettsteder.regjeringen.no\/wpuploads01\/sites\/506\/2022\/06\/221314-Figur2-06-DSR-01-1024x703.png 1024w, https:\/\/files.nettsteder.regjeringen.no\/wpuploads01\/sites\/506\/2022\/06\/221314-Figur2-06-DSR-01-300x206.png 300w, https:\/\/files.nettsteder.regjeringen.no\/wpuploads01\/sites\/506\/2022\/06\/221314-Figur2-06-DSR-01-768x527.png 768w, https:\/\/files.nettsteder.regjeringen.no\/wpuploads01\/sites\/506\/2022\/06\/221314-Figur2-06-DSR-01-1536x1054.png 1536w, https:\/\/files.nettsteder.regjeringen.no\/wpuploads01\/sites\/506\/2022\/06\/221314-Figur2-06-DSR-01-2048x1405.png 2048w\" sizes=\"auto, (max-width: 1024px) 100vw, 1024px\" \/><\/figure>\n\n\n\n<p><strong>At verden skal n\u00e5 netto nullutslipp av klimagasser rundt 2050 betyr ikke at alle land skal n\u00e5 dette m\u00e5let p\u00e5 samme tidspunkt.<\/strong> Parisavtalen bygger p\u00e5 prinsippet om felles, men differensiert ansvar for \u00e5 n\u00e5 klimam\u00e5lene. Det er store forskjeller mellom land n\u00e5r det gjelder velstand, ansvar og muligheter for utslippskutt og muligheter for opptak i naturlige systemer. De fleste analyser legger til grunn at rike land, som Norge, og land med store muligheter for opptak og\/eller geologisk lagring av karbon, m\u00e5 n\u00e5 netto null tidligere enn 2050. <\/p>\n\n\n\n<p><strong>For \u00e5 n\u00e5 et globalt m\u00e5l om netto nullutslipp av klimagasser m\u00e5 de landene som har muligheter til det, bidra med lagring og \u00f8kte opptak.<\/strong> Det er mulig \u00e5 \u00f8ke opptaket av CO<sub>2<\/sub> i Norge for eksempel gjennom <a href=\"#Naturbaserte-tiltak\">naturbaserte tiltak<\/a> som endret forvaltning av landarealer og hav. Det finnes imidlertid grenser for hvor mye opptaket av CO<sub>2<\/sub> kan \u00f8kes samtidig som god \u00f8kologisk tilstand bevares. Norge har et stort potensial for geologisk lagring. Oljedirektoratet har beregnet at det kan lagres 80 milliarder tonn CO<sub>2<\/sub> p\u00e5 sokkelen. Samtidig er ikke lagring en l\u00f8sning som kan erstatte reduserte utslipp. For mange utslippskilder vil fangst og lagring av  CO<sub>2<\/sub> v\u00e6re sv\u00e6rt kostbart, og for noen kilder er det vanskelig \u00e5 se for seg at det er teknisk mulig. \u00d8kte opptak m\u00e5 komme i tillegg til, og ikke i stedet for, reduserte utslipp.<\/p>\n\n\n\n<p><strong>Utslippene av andre klimagasser enn CO<sub>2<\/sub> m\u00e5 reduseres kraftig. <\/strong>Enkelte biologiske prosesser, spesielt knyttet til matproduksjon, medf\u00f8rer utslipp av bl.a. metan og lystgass som det per i dag ikke er mulig \u00e5 fjerne uten \u00e5 legge ned aktiviteten. P\u00e5 globalt niv\u00e5 vil oppvarmingen stabiliseres dersom utslippene av kortlevde gasser som metan holdes konstant, men for \u00e5 n\u00e5 et gitt temperaturm\u00e5l kan det v\u00e6re n\u00f8dvendig \u00e5 stabilisere utslippene p\u00e5 et betydelig lavere niv\u00e5 enn dagens. En kostholdsendring i retning av mindre konsum av animalske produkter og \u00f8kt inntak av fisk og plantevekster kan bidra til \u00e5 redusere metanutslippene, siden produksjonen m\u00e5 tilpasse seg ettersp\u00f8rselen. Men utslipp forbundet med matproduksjon kan i praksis ikke elimineres helt.<\/p>\n\n\n\n<p><strong>Klimadebatten har ofte dreid seg om hvilke utslippskutt vi skal prioritere, men i et 2050-perspektiv er sp\u00f8rsm\u00e5let heller hvilke sm\u00e5 utslipp som fortsatt skal aksepteres. <\/strong>Dette vil inneb\u00e6re vanskelige avveiinger mellom sektorer der det er krevende og dyrt \u00e5 kutte gjenst\u00e5ende utslipp. Eksempler p\u00e5 dette kan v\u00e6re jordbruk, skipsfart, luftfart og deler av industrien der det kan v\u00e6re krevende \u00e5 fjerne alle utslipp dersom man samtidig skal opprettholde aktivitetsniv\u00e5et. For \u00e5 n\u00e5 nasjonale og globale klimam\u00e5l m\u00e5 dette sees p\u00e5 som et nullsumspill: Dersom noen sektorer skal tillates \u00e5 ha utslipp i 2050, m\u00e5 andre sektorer kutte mer, eller CO<sub>2<\/sub>-opptak\/-lagring m\u00e5 \u00f8kes. Samtidig m\u00e5 det legges til grunn at det er grenser for hvor mye CO<sub>2<\/sub> som kan tas opp\/lagres i et evighetsperspektiv.<\/p>\n\n\n\n<p><strong>Mange beslutninger som blir tatt i dag vil p\u00e5virke utslipp og opptak ogs\u00e5 etter 2050. <\/strong>Dette gjelder spesielt utslipp knyttet til arealbruk, nedbygging av natur og store og langvarige investeringer i bl.a. industriell virksomhet. Dagens beslutninger om infrastrukturinvesteringer, utbygging og arealbruk vil p\u00e5virke fremtidig energibruk, transportbehov og arealutvikling i infrastrukturens og byggenes levetid, og kan legge f\u00f8ringer for utslipp utover levetiden for eksempel gjennom permanente arealendringer eller andre investeringer som f\u00f8lger av allerede eksisterende infrastruktur. Derfor m\u00e5 slike beslutninger med langtrekkende konsekvenser allerede n\u00e5 ta hensyn til at de i ti\u00e5rene fremover skal inng\u00e5 i og bidra til et lavutslippssamfunn.<\/p>\n\n\n\n<p><strong>Det har <\/strong><strong>en betydelig klimagevinst \u00e5 gjennomf\u00f8re utslippskutt s\u00e5 tidlig som mulig. <\/strong>Klimaendringene bestemmes av samlede utslipp over tid, og ikke utslippsniv\u00e5et i et gitt \u00e5r. Tidligere omstilling og utslippskutt i Norge vil trolig ogs\u00e5 bidra til mer til teknologiutvikling (gr\u00f8nn n\u00e6ringsutvikling) i Norge, og til at andre land kan l\u00e6re av Norges erfaringer.<\/p>\n\n\n\n<p><strong>Samtidig m\u00e5 vi unng\u00e5 beslutninger som gir utslippskutt p\u00e5 kort sikt, men ikke p\u00e5 lengre sikt.<\/strong> Raske utslippskutt p\u00e5 noen omr\u00e5der kan gj\u00f8re det vanskeligere med dype utslippskutt p\u00e5 lengre sikt fordi det l\u00e5ser inne infrastruktur og kanaliserer investeringer og andre ressurser til midlertidige l\u00f8sninger og ikke permanente nullutslippsl\u00f8sninger.&nbsp;<a id=\"_msocom_1\"><\/a><\/p>\n\n\n\n<div class=\"wp-block-group is-layout-flow wp-block-group-is-layout-flow\">\n<div class=\"wp-block-group has-background is-layout-flow wp-block-group-is-layout-flow\" style=\"background-color:#eaf6eb\">\n<h3 class=\"wp-block-heading\">Eksempler p\u00e5 avveininger p\u00e5 kort og lang sikt<\/h3>\n\n\n\n<p><strong>Elektrifisering av installasjoner p\u00e5 sokkelen: <\/strong>\u00c5 erstatte gassturbiner med kraft fra land vil redusere norske utslipp, samtidig som det vil kreve en betydelig mengde kraft og store investeringer. Dette er kraft og investeringer som kunne blitt brukt til langsiktig lavutslippsomstilling. Tiltaket som p\u00e5 kort sikt kan kutte utslipp i Norge, kan p\u00e5 lang sikt redusere Norges omstillingsevne og videref\u00f8re v\u00e5r avhengighet av en fossil industri med h\u00f8ye utslipp globalt. &nbsp;P\u00e5 den annen side kan man se for seg at norsk gass kan brukes til \u00e5 produsere hydrogen for eksport. Kombinert med karbonfangst og -lagring kan det gi en utslippsfri verdikjede, og gi store mengder hydrogen som kan v\u00e6re en viktig del av l\u00f8sningen p\u00e5 klimautfordringen.<\/p>\n\n\n\n<p><strong>Bioenergi:<\/strong> Bruk av bioenergi kan forsinke utvikling av og overgang til nullutslippsl\u00f8sninger, og samtidig legge beslag p\u00e5 viktige bioressurser til andre anvendelser eller f\u00f8re til ytterligere nedbygging av arealer.<\/p>\n\n\n\n<p><strong>Kvotekj\u00f8p<\/strong>: Kj\u00f8p av kvoter i et internasjonalt marked, i stedet for \u00e5 kutte utslipp i Norge kan v\u00e6re det billigste i et 2030-perspektiv. Hvis vi utsetter \u00e5 kutte utslipp i Norge, kan vi imidlertid st\u00e5 overfor en mer krevende, br\u00e5 og dyr omstilling det siste ti\u00e5ret fram til et lavutslippssamfunn i 2050.&nbsp;<\/p>\n\n\n\n<p><strong>Elbiler:<\/strong> Insentiver for overgang til elbiler gj\u00f8r det mulig med utslippsfri veitransport, samtidig bidrar lavere kostnader ved bilkj\u00f8p og bilbruk til \u00f8kt salg av biler og dermed til behov for bedre og flere veier som gir opphav til utslipp og reduserer bruken av kollektivtransport, sykkel og gange. <\/p>\n<\/div>\n<\/div>\n\n\n\n<div class=\"wp-block-group alignfull has-background is-layout-flow wp-block-group-is-layout-flow\" style=\"background-color:#d0e3e8\">\n<div class=\"wp-block-columns alignwide is-layout-flex wp-container-core-columns-is-layout-9d6595d7 wp-block-columns-is-layout-flex\">\n<div class=\"wp-block-column is-layout-flow wp-block-column-is-layout-flow\">\n<div class=\"wp-block-image\"><figure class=\"alignleft size-full\"><img loading=\"lazy\" decoding=\"async\" width=\"48\" height=\"48\" src=\"https:\/\/files.nettsteder.regjeringen.no\/wpuploads01\/sites\/506\/2022\/05\/streamline-icon-question-help-message@48x48.png\" alt=\"\" class=\"wp-image-354\"\/><\/figure><\/div>\n\n\n\n<h3 class=\"wp-block-heading\">Sp\u00f8rsm\u00e5l<\/h3>\n<\/div>\n\n\n\n<div class=\"wp-block-column is-layout-flow wp-block-column-is-layout-flow\"><\/div>\n<\/div>\n\n\n\n<div class=\"wp-block-columns alignwide is-layout-flex wp-container-core-columns-is-layout-9d6595d7 wp-block-columns-is-layout-flex\">\n<div class=\"wp-block-column is-layout-flow wp-block-column-is-layout-flow\">\n<p class=\"has-black-color has-text-color\" style=\"font-style:normal;font-weight:900\">1A)   <strong>Er det noen tiltak som virker fornuftige fram mot 2030, men som ikke st\u00e5r seg i et 2050-perspektiv, og hvordan skal vi prioritere mellom ulike tiltak?&nbsp;<\/strong><\/p>\n\n\n\n<p style=\"font-style:normal;font-weight:900\">1B)   <strong>Hvilke grep m\u00e5 gj\u00f8res n\u00e5, for \u00e5 sikre at vi blir et lavutslippssamfunn i 2050? For eksempel: hvilke nye virkemidler og beslutningsverkt\u00f8y m\u00e5 vi ta i bruk for \u00e5 endre beslutningene som tas i dag?<\/strong><\/p>\n<\/div>\n\n\n\n<div class=\"wp-block-column is-layout-flow wp-block-column-is-layout-flow\">\n<p style=\"font-style:normal;font-weight:900\">1C)   <strong>Hvilke sektorer skal fortsatt tillates \u00e5 ha utslipp i 2050, og hvordan skal vi prioritere mellom disse?<\/strong><\/p>\n\n\n\n<p style=\"font-style:normal;font-weight:900\">1D)   <strong>Hvordan kan vi sikre at oppn\u00e5else av langsiktige klimam\u00e5l blir prioritert ogs\u00e5 n\u00e5r beslutningstakere st\u00e5r ovenfor akutte kriser?<\/strong><\/p>\n\n\n\n<div class=\"wp-block-buttons is-layout-flex wp-block-buttons-is-layout-flex\">\n<div class=\"wp-block-button\"><a class=\"wp-block-button__link has-background\" href=\"https:\/\/nettsteder.regjeringen.no\/klimautvalgets-rapport\/klimautvalget-2050\/klimautvalget-2050-inviterer-til-innspill\/oversikt-sporsmal\/\" style=\"--border-color:#147b33;background-color:#147b33\"><strong>Gi innspill<\/strong><\/a><\/div>\n<\/div>\n<\/div>\n<\/div>\n<\/div>\n\n\n\n<div style=\"height:10px\" aria-hidden=\"true\" class=\"wp-block-spacer\"><\/div>\n\n\n\n<div class=\"wp-block-group alignfull has-background-100-background-color has-background is-layout-flow wp-block-group-is-layout-flow\">\n<div class=\"wp-block-columns alignwide is-layout-flex wp-container-core-columns-is-layout-9d6595d7 wp-block-columns-is-layout-flex\">\n<div class=\"wp-block-column is-layout-flow wp-block-column-is-layout-flow\">\n<div class=\"wp-block-image\"><figure class=\"alignleft size-full\"><img loading=\"lazy\" decoding=\"async\" width=\"48\" height=\"48\" src=\"https:\/\/files.nettsteder.regjeringen.no\/wpuploads01\/sites\/506\/2022\/05\/streamline-icon-search-text@48x48.png\" alt=\"\" class=\"wp-image-356\"\/><\/figure><\/div>\n\n\n\n<h3 class=\"wp-block-heading\">Utdyping av begreper<\/h3>\n<\/div>\n\n\n\n<div class=\"wp-block-column is-layout-flow wp-block-column-is-layout-flow\"><\/div>\n<\/div>\n\n\n\n<div class=\"wp-block-columns alignwide is-layout-flex wp-container-core-columns-is-layout-9d6595d7 wp-block-columns-is-layout-flex\">\n<div class=\"wp-block-column is-layout-flow wp-block-column-is-layout-flow\">\n<p id=\"Kvoter-eller-utslippskvoter\"><strong>Kvoter eller utslippskvoter:<\/strong> En omsettbar rettighet til \u00e5 slippe ut en gitt mengde klimagasser. Det europeiske kvotesystemet (EU ETS) setter et tak p\u00e5 utslippene fra de europeiske bedriftene og aktivitetene som omfattes av systemet, og mengden kvoter reduseres fra \u00e5r til \u00e5r slik at ogs\u00e5 utslippene reduseres.<\/p>\n\n\n\n<p id=\"Naturbaserte-tiltak\"><strong>Naturbaserte tiltak:<\/strong> L\u00f8sninger som er inspirert, kopiert eller st\u00f8ttet av naturen for \u00e5 l\u00f8se de milj\u00f8messige, sosiale og \u00f8konomiske utfordringene samfunnet st\u00e5r overfor p\u00e5 en b\u00e6rekraftig m\u00e5te. Dette kan v\u00e6re tiltak som ivaretar eller tilbakef\u00f8rer klimanytten av natur, og tiltak som bruker natur for \u00e5 \u00f8ke opptak av klimagasser.<\/p>\n\n\n\n<p><strong>Netto nullutslipp:<\/strong> En tilstand der mengden CO<sub>2<\/sub> som slippes ut i atmosf\u00e6ren fra menneskelig aktivitet er lik mengden CO<sub>2<\/sub> som fjernes fra atmosf\u00e6ren gjennom menneskelig aktivitet over en gitt tidsperiode. <\/p>\n<\/div>\n\n\n\n<div class=\"wp-block-column is-layout-flow wp-block-column-is-layout-flow\">\n<p><strong>Nullutslippsl\u00f8sninger:<\/strong> har ikke direkte utslipp av klimagasser og eksos ved bruk. Det vil for eksempel si bruk av elektrisk motor i kombinasjon med batteri, direkte bruk av str\u00f8m eller brenselscelle som utnytter en karbonfri energib\u00e6rer som hydrogen. <\/p>\n\n\n\n<p><strong>Nullsumspill:<\/strong> En situasjon der en gevinst for en part (eller et hensyn) gir et tilsvarende tap for en annen part (eller et annet hensyn), for eksempel fordelingen av en kake.<\/p>\n\n\n\n<p><strong>Sirkul\u00e6r\u00f8konomi:<\/strong> Verdikjeder der produktene\/materialene p\u00e5 ulike m\u00e5ter brukes lengst mulig og om igjen i et kretsl\u00f8p. I en sirkul\u00e6r \u00f8konomi m\u00e5 produktene vare s\u00e5 lenge som mulig, repareres, oppgraderes og i st\u00f8rre grad brukes om igjen. N\u00e5r produktene ikke kan brukes om igjen, kan avfallet gjenvinnes og brukes som r\u00e5varer i ny produksjon. Slik utnytter vi de samme ressursene flere ganger og minst mulig g\u00e5r tapt. <\/p>\n<\/div>\n<\/div>\n<\/div>\n\n\n\n<h3 class=\"wp-block-heading\">Les mer <\/h3>\n\n\n\n<p><a href=\"https:\/\/www.miljodirektoratet.no\/ansvarsomrader\/klima\/fns-klimapanel-ipcc\/dette-sier-fns-klimapanel\/sjette-hovedrapport\/hovedfunn-forste-del-sjette-hovedrapport\/\">Milj\u00f8direktoratet. Norsk sammenfatning av IPCCs sjette hovedrapport fra arbeidsgruppe I. 2021<\/a><\/p>\n\n\n\n<p><a href=\"https:\/\/www.miljodirektoratet.no\/ansvarsomrader\/klima\/fns-klimapanel-ipcc\/dette-sier-fns-klimapanel\/spesialrapporter-fra-klimapanelet\/spesialrapporten-om-1-5-grader\/\">Milj\u00f8direktoratet. Norsk sammenfatning av IPCCs spesialrapport om 1,5 graders globale oppvarming. 2018<\/a> <\/p>\n\n\n\n<p><a href=\"https:\/\/www.ssb.no\/natur-og-miljo\/forurensning-og-klima\/statistikk\/utslipp-til-luft\">Statistisk sentralbyr\u00e5. Norges utslipp av klimagasser. 2021<\/a><\/p>\n\n\n\n<p><a href=\"https:\/\/unfccc.int\/documents\/273425\">Milj\u00f8direktoratet. Utslipp av klimagasser 1990-2019 &#8211; Norges offisielle utslippsregnskap levert til FNs klimakonvensjon. 2021<\/a><\/p>\n\n\n\n<p><a href=\"https:\/\/snl.no\/netto_null_-_utslipp_av_klimagasser\">Store norske leksikon. Netto nullutslipp av klimagasser. 2022<\/a><\/p>\n\n\n\n<p><a href=\"https:\/\/snl.no\/Parisavtalen\">Store norske leksikon. Parisavtalen. 202<\/a>1<\/p>\n\n\n\n<p><a href=\"https:\/\/www.unep.org\/resources\/emissions-gap-report-2021\">FNs milj\u00f8program. UNEP Emissions gap report. 2021<\/a><\/p>\n\n\n\n<p><a href=\"https:\/\/www.npd.no\/fakta\/co2-handtering-ccs\/\">Oljedirektoratet. CO<sub>2<\/sub>-lagringsatlas. 2019<\/a><\/p>\n\n\n\n<p><a href=\"https:\/\/pub.cicero.oslo.no\/cicero-xmlui\/bitstream\/handle\/11250\/2595969\/CICERO%20Report%202019%2005%20-%20web.pdf?sequence=1&amp;isAllowed=y\">Van Oort og Holmelin. Klimagassutslipp fra norsk mat. 2019<\/a><\/p>\n\n\n\n<div style=\"height:10px\" aria-hidden=\"true\" class=\"wp-block-spacer\"><\/div>\n\n\n\n<div class=\"wp-block-cover alignfull is-light has-parallax\" style=\"background-image:url(https:\/\/files.nettsteder.regjeringen.no\/wpuploads01\/sites\/506\/2022\/05\/l-w-1qIsv86S79E-unsplash-scaled.jpg);min-height:458px;aspect-ratio:unset;\"><span aria-hidden=\"true\" class=\"has-background-dim-0 wp-block-cover__gradient-background has-background-dim\"><\/span><div class=\"wp-block-cover__inner-container is-layout-flow wp-block-cover-is-layout-flow\">\n<p class=\"has-text-align-center has-large-font-size\"><\/p>\n<\/div><span class=\"t2-image-credit\">\n\t\t\t\t<button type=\"button\" class=\"t2-image-credit-toggle\" aria-expanded=\"false\" aria-controls=\"image-credit\" aria-label=\"Toggle image credit\"><svg xmlns=\"http:\/\/www.w3.org\/2000\/svg\" viewBox=\"0 0 24 24\" height=\"24\" width=\"24\" class=\"t2-icon t2-icon-info\" aria-hidden=\"true\" focusable=\"false\"><path d=\"M12 17c.3 0 .5-.1.7-.3s.3-.4.3-.7v-4c0-.3-.1-.5-.3-.7-.2-.2-.4-.3-.7-.3s-.5.1-.7.3c-.2.2-.3.4-.3.7v4c0 .3.1.5.3.7s.4.3.7.3zm0-8c.3 0 .5-.1.7-.3.2-.2.3-.4.3-.7 0-.3-.1-.5-.3-.7-.2-.2-.4-.3-.7-.3s-.5.1-.7.3c-.2.2-.3.4-.3.7 0 .3.1.5.3.7.2.2.4.3.7.3zm0 13c-1.4 0-2.7-.3-3.9-.8-1.2-.5-2.3-1.2-3.2-2.1s-1.6-2-2.1-3.2S2 13.4 2 12s.3-2.7.8-3.9S4 5.8 4.9 4.9s2-1.6 3.2-2.1S10.6 2 12 2s2.7.3 3.9.8 2.3 1.2 3.2 2.1 1.6 2 2.1 3.2c.5 1.2.8 2.5.8 3.9s-.3 2.7-.8 3.9c-.5 1.2-1.2 2.3-2.1 3.2s-2 1.6-3.2 2.1c-1.2.5-2.5.8-3.9.8z\" fill=\"currentColor\" \/><\/svg><\/button>\n\t\t\t\t<span class=\"t2-image-credit-text wp-element-caption\" id=\"image-credit\" hidden>Foto: L.W.\/Unsplash<\/span>\n\t\t\t<\/span><\/div>\n","protected":false},"excerpt":{"rendered":"<p>For \u00e5 oppfylle Norges klimam\u00e5l og bidra til \u00e5 n\u00e5 de globale m\u00e5lene i Parisavtalen, m\u00e5 s\u00e5 godt som alle utslipp av CO2 v\u00e6re fjernet innen 2050. Parisavtalen og kunnskapsgrunnlaget fra FNs klimapanel viser at globale utslipp m\u00e5 n\u00e5 netto null rundt 2050. At verden skal n\u00e5 netto nullutslipp av klimagasser rundt 2050 betyr ikke\u2026<\/p>\n","protected":false},"author":357,"featured_media":0,"parent":371,"menu_order":0,"comment_status":"closed","ping_status":"closed","template":"","meta":{"dss_simple_post_excerpt":"","dss_show_featured_image":true,"dss_show_title":true,"footnotes":""},"class_list":["post-330","page","type-page","status-publish","hentry"],"language":"nb-NO","_links":{"self":[{"href":"https:\/\/nettsteder.regjeringen.no\/klimautvalgets-rapport\/wp-json\/wp\/v2\/pages\/330","targetHints":{"allow":["GET"]}}],"collection":[{"href":"https:\/\/nettsteder.regjeringen.no\/klimautvalgets-rapport\/wp-json\/wp\/v2\/pages"}],"about":[{"href":"https:\/\/nettsteder.regjeringen.no\/klimautvalgets-rapport\/wp-json\/wp\/v2\/types\/page"}],"author":[{"embeddable":true,"href":"https:\/\/nettsteder.regjeringen.no\/klimautvalgets-rapport\/wp-json\/wp\/v2\/users\/357"}],"replies":[{"embeddable":true,"href":"https:\/\/nettsteder.regjeringen.no\/klimautvalgets-rapport\/wp-json\/wp\/v2\/comments?post=330"}],"version-history":[{"count":3,"href":"https:\/\/nettsteder.regjeringen.no\/klimautvalgets-rapport\/wp-json\/wp\/v2\/pages\/330\/revisions"}],"predecessor-version":[{"id":1287,"href":"https:\/\/nettsteder.regjeringen.no\/klimautvalgets-rapport\/wp-json\/wp\/v2\/pages\/330\/revisions\/1287"}],"up":[{"embeddable":true,"href":"https:\/\/nettsteder.regjeringen.no\/klimautvalgets-rapport\/wp-json\/wp\/v2\/pages\/371"}],"wp:attachment":[{"href":"https:\/\/nettsteder.regjeringen.no\/klimautvalgets-rapport\/wp-json\/wp\/v2\/media?parent=330"}],"curies":[{"name":"wp","href":"https:\/\/api.w.org\/{rel}","templated":true}]}}