{"id":1019,"date":"2022-06-06T11:51:51","date_gmt":"2022-06-06T09:51:51","guid":{"rendered":"https:\/\/nettsteder.regjeringen.no\/klimautvalgets-rapport\/?page_id=1019"},"modified":"2022-06-20T12:51:45","modified_gmt":"2022-06-20T10:51:45","slug":"8-norge-bidrar-best-til-klimamalene-gjennom-tett-og-forpliktende-samarbeid-med-eu","status":"publish","type":"page","link":"https:\/\/nettsteder.regjeringen.no\/klimautvalgets-rapport\/klimautvalget-2050\/klimautvalget-2050-inviterer-til-innspill\/8-norge-bidrar-best-til-klimamalene-gjennom-tett-og-forpliktende-samarbeid-med-eu\/","title":{"rendered":"8. Norge bidrar best til klimam\u00e5lene gjennom tett og forpliktende samarbeid med EU"},"content":{"rendered":"\n<div class=\"wp-block-media-text alignwide is-stacked-on-mobile is-image-fill has-background-100-color has-text-color has-background\" style=\"background-color:#f7d49f;grid-template-columns:43% auto\"><figure class=\"wp-block-media-text__media\" style=\"background-image:url(https:\/\/files.nettsteder.regjeringen.no\/wpuploads01\/sites\/506\/2022\/05\/klimautvalget_pastand_8_u_bakgrunn-c.png);background-position:50% 50%\"><img loading=\"lazy\" decoding=\"async\" width=\"900\" height=\"450\" src=\"https:\/\/files.nettsteder.regjeringen.no\/wpuploads01\/sites\/506\/2022\/05\/klimautvalget_pastand_8_u_bakgrunn-c.png\" alt=\"\" class=\"wp-image-735 size-full\" srcset=\"https:\/\/files.nettsteder.regjeringen.no\/wpuploads01\/sites\/506\/2022\/05\/klimautvalget_pastand_8_u_bakgrunn-c.png 900w, https:\/\/files.nettsteder.regjeringen.no\/wpuploads01\/sites\/506\/2022\/05\/klimautvalget_pastand_8_u_bakgrunn-c-300x150.png 300w, https:\/\/files.nettsteder.regjeringen.no\/wpuploads01\/sites\/506\/2022\/05\/klimautvalget_pastand_8_u_bakgrunn-c-768x384.png 768w\" sizes=\"auto, (max-width: 900px) 100vw, 900px\" \/><\/figure><div class=\"wp-block-media-text__content\">\n<div class=\"wp-block-image\"><figure class=\"alignleft size-full is-resized\"><img loading=\"lazy\" decoding=\"async\" src=\"https:\/\/files.nettsteder.regjeringen.no\/wpuploads01\/sites\/506\/2022\/05\/8.png\" alt=\"\" class=\"wp-image-570\" width=\"58\" height=\"64\"\/><\/figure><\/div>\n\n\n\n<h3 class=\"has-black-color has-text-color wp-block-heading\">EUROPA<\/h3>\n\n\n\n<div style=\"height:10px\" aria-hidden=\"true\" class=\"wp-block-spacer\"><\/div>\n\n\n\n<h2 class=\"has-black-color has-text-color wp-block-heading\">Norge bidrar best til klimam\u00e5lene gjennom tett og forpliktende samarbeid med EU<\/h2>\n<\/div><\/div>\n\n\n\n<p><strong>I den globale klimainnsatsen er EU den ubestridte lederen. <\/strong>Gjennom EUs gr\u00f8nne giv (\u00abGreen Deal\u00bb) har EU utviklet en klimapolitikk som omfatter tiln\u00e6rmet alle deler av \u00f8konomien, og all politikk skal utformes slik at den tar EU i retning av m\u00e5let om kliman\u00f8ytralitet i 2050.Norge har gode forutsetninger for \u00e5 v\u00e6re i front i innsatsen for et gr\u00f8nnere Europa, men vi har s\u00e5 langt kuttet mindre utslipp nasjonalt enn de fleste andre europeiske land. Vi har n\u00e5dd v\u00e5re klimam\u00e5l, men mye har v\u00e6rt i form av kvotekj\u00f8p. Dersom et norsk lavutslippssamfunn skal v\u00e6re innen rekkevidde, m\u00e5 Norge akselerere innsatsen, ha en tiln\u00e6rming for hele \u00f8konomien som ligner mer p\u00e5 EUs gr\u00f8nne giv og utvikle politikk som utnytter den drahjelpen vi kan f\u00e5 fra EU. Det betyr at Norge m\u00e5 utvikle teknologi i samspill med EU, samarbeide om infrastruktur og energi og g\u00e5 i retning av en langt mer sirkul\u00e6r \u00f8konomi som drar veksler p\u00e5 utviklingen i resten av Europa.<\/p>\n\n\n\n<p><strong>Norges klimaavtale med EU styrker langsiktigheten og troverdigheten i klimapolitikken. <\/strong>Med klimaavtalen med EU er Norge en del av hele EUs klimaregelverk, ikke bare EUs kvotesystem for bedrifter. P\u00e5 tross av at rundt halvparten av norske utslipp er med i EUs kvotesystem, er de fleste norske bedrifter ikke underlagt kvoteplikt. For disse bedriftene er annet regelverk under EUs gr\u00f8nne giv, som taksonomien og EUs strategi for sirkul\u00e6r\u00f8konomi, mer relevant. Klimaavtalen med EU inneb\u00e6rer at vi har et forpliktende m\u00e5l for utslipp og opptak fra skog og annen arealbruk og et forpliktende \u00e5rlig utslippsbudsjett for de ikke-kvotepliktige utslippene. \u00c5rlige utslippstak og forpliktelser til \u00e5 rapportere fremgang bidrar til mer forutsigbarhet og troverdighet i politikken. EU-kommisjonen har foresl\u00e5tt at de ikke-kvotepliktige utslippene utenom jordbruket over tid skal innlemmes i et europeisk kvotemarked, samtidig som jordbruk og skog og annen arealbruk (LULUCF) skal h\u00e5ndteres med et felles regelverk.&nbsp;<\/p>\n\n\n\n<p><strong>Norges deltakelse i EUs kvotesystem for bedrifter m\u00e5 ikke bety at n\u00f8dvendig omstilling utsettes. <\/strong>Norge har siden 2008 v\u00e6rt en integrert del av EUs kvotesystem. EUs kvotesystem gir fleksibilitet p\u00e5 tvers av landegrenser. Mange utslippskutt i norske kvotepliktige bedrifter er relativt dyre og forutsetter at ny teknologi utvikles og tas i bruk. Mange norske bedrifter har ikke gjennomf\u00f8rt slike tiltak i en situasjon hvor kvoteprisene har gjort fornybar energi konkurransedyktig, men ikke v\u00e6rt h\u00f8ye nok til \u00e5 motivere utslippskutt som krever mer teknologiutvikling. Dermed kan investeringer som burde v\u00e6rt foretatt n\u00e5 for \u00e5 kutte utslipp kostnadseffektivt p\u00e5 lengre sikt, ha blitt utsatt. Etter hvert som kvotesystemet strammes inn, m\u00e5 vi forvente mye h\u00f8yere kvotepriser, og pris\u00f8kningen kan komme br\u00e5tt. Hvis vi ikke st\u00f8tter opp under teknologiutvikling og -implementering n\u00e5, risikerer vi at vi ikke klarer omstilling i industrien uten nedleggelser mot 2040 og 2050. Vi m\u00e5 ta hensyn til risikoen for svekket konkurransekraft for norsk industri og at en br\u00e5 omstilling kan gi arbeidsledighet og forskjeller mellom ulike deler av landet som blir vanskelig \u00e5 h\u00e5ndtere fordi vi f\u00e5r h\u00f8ye omstillingskostnader over en kort periode. Vi trenger derfor andre virkemidler i tillegg til EUs kvotesystem for \u00e5 skape et norsk velferdssamfunn med et levedyktig n\u00e6ringsliv uten utslipp av CO<sub>2<\/sub> innen 2050.<\/p>\n\n\n\n<p><strong>St\u00f8tte til industrien b\u00f8r rettes mot teknologiutvikling, ikke for \u00e5 opprettholde dagens situasjon med utslippsintensiv produksjon.<\/strong> B\u00e5de Norge og EU prioriterer \u00e5 opprettholde industriproduksjon, selv om utslippene er store. Det europeiske kvotemarkedet har flere mekanismer som skal forhindre at industrien taper konkurransekraft og produksjonen flyttes til land med mindre streng klimapolitikk. Mange virksomheter f\u00e5r tildelt en stor andel av utslippskvotene gratis, og Norge bruker betydelige midler p\u00e5 \u00e5 kompensere industrien for \u00f8kte kostnader p\u00e5 grunn av kvotesystemet (karbonpriskompensasjon). EU-kommisjonen foresl\u00e5r \u00e5 gradvis fase ut slike ordninger og erstatte dem med en grensejusteringsmekanisme (carbon border adjustment mechanism; CBAM). Form\u00e5let er \u00e5 hindre flytting av industri til land med mindre streng klimapolitikk og legge til rette for utslippsreduksjoner uten nedleggelse av industri. Betydelige midler rettes mot teknologiutvikling i industrien. Blant annet bruker EU store deler av inntektene fra kvotesystemet p\u00e5 \u00e5 st\u00f8tte teknologiutvikling i kvotepliktig sektor. Dette vil gj\u00f8re det enklere \u00e5 f\u00e5 aksept for et stadig strammere kvotesystem. Norge har ogs\u00e5 kompetanse til \u00e5 utvikle teknologi som kan bidra til \u00e5 gj\u00f8re det mer politisk gjennomf\u00f8rbart \u00e5 stramme inn klimapolitikken. St\u00f8tte til industrien i Norge b\u00f8r i st\u00f8rre grad rettes mot teknologiutvikling fremfor kompensasjon. Kompensasjon b\u00f8r brukes der det bidrar til endring, ikke for \u00e5 bevare dagens utslippsintensive produksjon. EU-kommisjonens forslag til regelverk i Fitfor55 legger ogs\u00e5 opp til mange virkemidler som skal st\u00f8tte opp under omstillingen og utslippsreduksjonene innenfor kvotesystemet. Ogs\u00e5 Norge har virkemidler som treffer kvotepliktige utslipp, og fremover er det viktig \u00e5 ha en virkemiddelbruk som st\u00f8tter opp under omstillingen i kvotepliktige virksomheter, og som er tilpasset klimaregelverket i EU.<\/p>\n\n\n\n<p><strong>EUs gr\u00f8nne giv handler ikke bare om \u00e5 kutte utslipp, men \u00e5 redusere avhengigheten av land utenfor unionen for viktige varer. <\/strong>Invasjonen av Ukraina har forsterket EUs motivasjon for en rask og omfattende omstilling av \u00f8konomien. EUs m\u00e5l om selvforsyning inneb\u00e6rer at de selv skal produsere viktige innsatsfaktorer og bygge opp hele verdikjeder som de kan trenge i et lavutslippssamfunn. EU skal ogs\u00e5 bli mer selvforsynt ved \u00e5 satse p\u00e5 en mer sirkul\u00e6r \u00f8konomi, og dermed trenge f\u00e6rre ressurser fra andre land. Den raske og omfattende omstillingen som EU n\u00e5 g\u00e5r gjennom, kan endre Norges rolle som E\u00d8S-land. Blant annet kan et EU som retter blikket innover, bety at Norge m\u00e5 jobbe mer aktivt for \u00e5 v\u00e6re en strategisk partner n\u00e5r Europa g\u00e5r over til \u00e5 selv produsere flere varer i hele verdikjeder som i st\u00f8rre grad er basert p\u00e5 fornybar energi de selv produserer. Samtidig er norsk eksport av energi, s\u00e6rlig gass, n\u00e5 sterkt etterspurt av EU for \u00e5 redusere avhengigheten av Russland, men det er viktig \u00e5 ha i mente at EUs langsiktige m\u00e5l er \u00e5 i st\u00f8rre grad v\u00e6re selvforsynt med utslippsfri og fornybar energi. Ogs\u00e5 EUs arbeid for \u00e5 fremme en mer sirkul\u00e6r \u00f8konomi og mer ressurseffektivitet vil ha stor betydning for Norge og Norges utvikling til lavutslippssamfunnet. &nbsp;Flere kommende regelverksendringer i EU har som hensikt \u00e5 gj\u00f8re b\u00e6rekraftige produkter til den nye normalen og styrke forbrukerens rolle i den gr\u00f8nne omstillingen. <\/p>\n\n\n\n<div class=\"wp-block-group alignfull has-background is-layout-flow wp-block-group-is-layout-flow\" style=\"background-color:#d0e3e8\">\n<div class=\"wp-block-columns alignwide is-layout-flex wp-container-core-columns-is-layout-9d6595d7 wp-block-columns-is-layout-flex\">\n<div class=\"wp-block-column is-layout-flow wp-block-column-is-layout-flow\">\n<div class=\"wp-block-image\"><figure class=\"alignleft size-full\"><img loading=\"lazy\" decoding=\"async\" width=\"48\" height=\"48\" src=\"https:\/\/files.nettsteder.regjeringen.no\/wpuploads01\/sites\/506\/2022\/05\/streamline-icon-question-help-message@48x48.png\" alt=\"\" class=\"wp-image-354\"\/><\/figure><\/div>\n\n\n\n<h3 class=\"wp-block-heading\">Sp\u00f8rsm\u00e5l<\/h3>\n<\/div>\n\n\n\n<div class=\"wp-block-column is-layout-flow wp-block-column-is-layout-flow\"><\/div>\n<\/div>\n\n\n\n<div class=\"wp-block-columns alignwide is-layout-flex wp-container-core-columns-is-layout-9d6595d7 wp-block-columns-is-layout-flex\">\n<div class=\"wp-block-column is-layout-flow wp-block-column-is-layout-flow\">\n<p class=\"has-black-color has-text-color\" style=\"font-style:normal;font-weight:900\">8A)   <strong>Klimapolitikken i EU g\u00e5r i retning av \u00e5 bli stadig mer sektorovergripende. Hvordan kan Norge dra nytte av denne utviklingen p\u00e5 best mulig m\u00e5te?<\/strong><\/p>\n\n\n\n<p style=\"font-style:normal;font-weight:900\">8B)   <strong>B\u00f8r Norge videref\u00f8re felles gjennomf\u00f8ring av klimam\u00e5lene med EU etter 2030?<\/strong><\/p>\n\n\n\n<p style=\"font-style:normal;font-weight:900\">8C)   <strong>Hvilke konsekvenser kan forslagene fra EU i Fitfor55-pakken f\u00e5 for Norge?<\/strong><\/p>\n<\/div>\n\n\n\n<div class=\"wp-block-column is-layout-flow wp-block-column-is-layout-flow\">\n<p style=\"font-style:normal;font-weight:900\">8D)   <strong>Hvordan kan man sikre et godt samspill mellom nasjonale virkemidler og felleseuropeiske virkemidler som legger til rette for en forutsigbar og gradvis omstilling?<\/strong><\/p>\n\n\n\n<p style=\"font-style:normal;font-weight:900\">8E)   <strong>B\u00f8r vi i st\u00f8rre grad legge om virkemiddelbruk overfor industrien fra kompensasjon (gratiskvoter og CO<sub>2<\/sub>-kompensasjon) til st\u00f8tte til teknologiutvikling?<\/strong><\/p>\n\n\n\n<div style=\"height:19px\" aria-hidden=\"true\" class=\"wp-block-spacer\"><\/div>\n\n\n\n<div class=\"wp-block-buttons is-layout-flex wp-block-buttons-is-layout-flex\">\n<div class=\"wp-block-button\"><a class=\"wp-block-button__link has-background\" href=\"https:\/\/nettsteder.regjeringen.no\/klimautvalgets-rapport\/klimautvalget-2050\/klimautvalget-2050-inviterer-til-innspill\/oversikt-sporsmal\/\" style=\"--border-color:#147b33;background-color:#147b33\"><strong>Gi innspill<\/strong><\/a><\/div>\n<\/div>\n<\/div>\n<\/div>\n<\/div>\n\n\n\n<div style=\"height:10px\" aria-hidden=\"true\" class=\"wp-block-spacer\"><\/div>\n\n\n\n<div class=\"wp-block-group alignfull has-background-100-background-color has-background is-layout-flow wp-block-group-is-layout-flow\">\n<div class=\"wp-block-columns alignwide is-layout-flex wp-container-core-columns-is-layout-9d6595d7 wp-block-columns-is-layout-flex\">\n<div class=\"wp-block-column is-layout-flow wp-block-column-is-layout-flow\">\n<div class=\"wp-block-image\"><figure class=\"alignleft size-full\"><img loading=\"lazy\" decoding=\"async\" width=\"48\" height=\"48\" src=\"https:\/\/files.nettsteder.regjeringen.no\/wpuploads01\/sites\/506\/2022\/05\/streamline-icon-search-text@48x48.png\" alt=\"\" class=\"wp-image-356\"\/><\/figure><\/div>\n\n\n\n<h3 class=\"wp-block-heading\">Utdyping av begreper<\/h3>\n<\/div>\n\n\n\n<div class=\"wp-block-column is-layout-flow wp-block-column-is-layout-flow\"><\/div>\n<\/div>\n\n\n\n<div class=\"wp-block-columns alignwide is-layout-flex wp-container-core-columns-is-layout-9d6595d7 wp-block-columns-is-layout-flex\">\n<div class=\"wp-block-column is-layout-flow wp-block-column-is-layout-flow\">\n<p><strong>LULUCF: <\/strong>Skog- og arealbruk. Forkortelsen kommer fra det engelske navnet Land Use, Land Use Change and Forestry (LULUCF)<\/p>\n\n\n\n<p><strong>EUs gr\u00f8nne giv:<\/strong> en gr\u00f8nn vekststrategi som skal bidra til at Europa blir verdens f\u00f8rste kliman\u00f8ytrale kontinent. M\u00e5let er \u00e5 omstille EU til en b\u00e6rekraftig, sirkul\u00e6r og kliman\u00f8ytral \u00f8konomi innen 2050. Klima- og milj\u00f8politikk skal innarbeides i alle politikkomr\u00e5der, og et bredt sett med virkemidler tas i bruk.<\/p>\n\n\n\n<p><strong>EUs taksonomi: <\/strong>et klassifiseringssystem utarbeidet av EU som skal bidra til en felles forst\u00e5else av hvilke investeringer som er b\u00e6rekraftige, gjennom definerte milj\u00f8m\u00e5l. M\u00e5lsettingen er \u00e5 flytte kapital og dreie investeringer til mer b\u00e6rekraftige selskaper og produksjonsformer.<\/p>\n\n\n\n<p><strong>Fit for 55: <\/strong>Det p\u00e5g\u00e5r for tiden forhandlinger om en pakke med forslag til regelverksendringer som EU-kommisjonen har foresl\u00e5tt for \u00e5 gj\u00f8re den gr\u00f8nne given om til konkret politikk. Pakken er kalt \u2018Klar for 55\u2019 (\u2018Fit for 55\u2019) fordi forslagene skal gj\u00f8re EU klar for m\u00e5let om et kutt i klimagasser p\u00e5 netto 55 pst. i forhold til 1990-niv\u00e5 innen 2030. Regelverksendringene bygger videre p\u00e5 EUs klimarammeverk som er delt i tre pilarer: kvotepliktige utslipp, ikke-kvotepliktige utslipp, og utslipp og opptak i sektoren for skog og annen arealbruk. Hver av disse tre pilarene har egne m\u00e5l for reduserte utslipp og egne regler for \u00e5 beregne om man n\u00e5r m\u00e5lene. EU-kommisjonen har foresl\u00e5tt at bygg og transport tas inn i et eget kvotemarked og at utslipp fra jordbruk, skogbruk og annen arealbruk samles i en helhetlig landsektor.<\/p>\n<\/div>\n\n\n\n<div class=\"wp-block-column is-layout-flow wp-block-column-is-layout-flow\">\n<p><strong>Grensetilpasningsmekanisme (CBAM):<\/strong> et foresl\u00e5tt direktiv fra EU som er lagt fram som en del av Fitfor55-pakken. Forslaget g\u00e5r ut p\u00e5 at import\u00f8rer av en rekke industrivarer m\u00e5 betale en CBAM-pris for varer som innf\u00f8res. M\u00e5let er \u00e5 hindre at industriproduksjon overf\u00f8res fra EU til land med lavere klimaambisjoner, eller at EU-produkter erstattes av importerte varer med h\u00f8yere klimagassutslipp.<\/p>\n\n\n\n<p><strong>EUs kvotesystem:<\/strong> EUs system for handel med klimakvoter. I et kvotesystem finnes det et bestemt antall kvoter som kan selges og kj\u00f8pes. En klimakvote er en tillatelse til \u00e5 slippe ut en viss mengde klimagasser. Over tid reduseres antall kvoter, slik at utslippene av klimagasser totalt sett blir mindre.<\/p>\n\n\n\n<p><strong>Ikke-kvotepliktige utslipp:<\/strong> utslipp som ikke er underlagt EUs kvotesystem. Gjelder i hovedsak utslipp fra transport og jordbruk.<\/p>\n\n\n\n<p><strong>Sirkul\u00e6r\u00f8konomi:<\/strong> Verdikjeder der produktene\/materialene p\u00e5 ulike m\u00e5ter brukes lengst mulig og om igjen i et kretsl\u00f8p. I en sirkul\u00e6r \u00f8konomi m\u00e5 produktene vare s\u00e5 lenge som mulig, repareres, oppgraderes og i st\u00f8rre grad brukes om igjen. N\u00e5r produktene ikke kan brukes om igjen, kan avfallet gjenvinnes og brukes som r\u00e5varer i ny produksjon. Slik utnytter vi de samme ressursene flere ganger og minst mulig g\u00e5r tapt.<\/p>\n<\/div>\n<\/div>\n<\/div>\n\n\n\n<h3 class=\"wp-block-heading\">Les mer<\/h3>\n\n\n\n<p><a href=\"https:\/\/www.regjeringen.no\/no\/sub\/eos-notatbasen\/notatene\/2020\/feb\/green-deal\/id2689681\/\">Regjeringen. E\u00d8S-notat om EUs gr\u00f8nne giv. 2020<\/a><\/p>\n\n\n\n<p><a href=\"https:\/\/www.regjeringen.no\/no\/sub\/eos-notatbasen\/notatene\/2021\/aug\/forsterket-kvotesystem-2021-2030\/id2878386\/\">Regjeringen. E\u00d8S-notat om EUs kvotesystem. 2022<\/a><\/p>\n\n\n\n<p><a href=\"https:\/\/cicero.oslo.no\/no\/posts\/eus-green-deal\/ny-rapport-om-eus-klimaregelverk-klar-for-55\">CICERO. EUs nye klimaregelverk og betydningen for Norge. 2021<\/a><\/p>\n\n\n\n<p><a href=\"https:\/\/energiogklima.no\/klimavakten\/utslipp-per-innbygger\/#:~:text=Utslippene%20per%20innbygger%20i%20EU%20%28uten%20Storbritannia%29%20falt,CO%202%20per%20innbygger%20enn%20det%20globale%20gjennomsnittet.\">Norsk klimastiftelse. Klimastatus 2022. 2022<\/a><\/p>\n\n\n\n<p><a href=\"https:\/\/www.eea.europa.eu\/data-and-maps\/data\/data-viewers\/eea-greenhouse-gas-projections-data-viewer\">Det europeiske milj\u00f8byr\u00e5. EEA greenhouse gas projections &#8211; data viewer. 2021<\/a><\/p>\n\n\n\n<p><a href=\"https:\/\/klimastiftelsen.no\/wp-content\/uploads\/2020\/06\/NK_notat_4_2020_EUs-gr%C3%B8nne-giv.pdf\">Norsk klimastiftelse. EUs gr\u00f8nne giv. 2020<\/a><\/p>\n\n\n\n<div class=\"wp-block-cover alignfull is-light\" style=\"min-height:458px;aspect-ratio:unset;\"><span aria-hidden=\"true\" class=\"has-background-dim-0 wp-block-cover__gradient-background has-background-dim\"><\/span><img loading=\"lazy\" decoding=\"async\" width=\"2121\" height=\"1414\" class=\"wp-block-cover__image-background wp-image-1095\" alt=\"\" src=\"https:\/\/files.nettsteder.regjeringen.no\/wpuploads01\/sites\/506\/2022\/06\/iStock-1340881556.jpg\" style=\"object-position:52% 35%\" data-object-fit=\"cover\" data-object-position=\"52% 35%\" srcset=\"https:\/\/files.nettsteder.regjeringen.no\/wpuploads01\/sites\/506\/2022\/06\/iStock-1340881556.jpg 2121w, https:\/\/files.nettsteder.regjeringen.no\/wpuploads01\/sites\/506\/2022\/06\/iStock-1340881556-300x200.jpg 300w, https:\/\/files.nettsteder.regjeringen.no\/wpuploads01\/sites\/506\/2022\/06\/iStock-1340881556-1024x683.jpg 1024w, https:\/\/files.nettsteder.regjeringen.no\/wpuploads01\/sites\/506\/2022\/06\/iStock-1340881556-768x512.jpg 768w, https:\/\/files.nettsteder.regjeringen.no\/wpuploads01\/sites\/506\/2022\/06\/iStock-1340881556-1536x1024.jpg 1536w, https:\/\/files.nettsteder.regjeringen.no\/wpuploads01\/sites\/506\/2022\/06\/iStock-1340881556-2048x1365.jpg 2048w\" sizes=\"auto, (max-width: 2121px) 100vw, 2121px\" \/><div class=\"wp-block-cover__inner-container is-layout-flow wp-block-cover-is-layout-flow\">\n<p class=\"has-text-align-center has-large-font-size\"><\/p>\n<\/div><span class=\"t2-image-credit\">\n\t\t\t\t<button type=\"button\" class=\"t2-image-credit-toggle\" aria-expanded=\"false\" aria-controls=\"image-credit\" aria-label=\"Toggle image credit\"><svg xmlns=\"http:\/\/www.w3.org\/2000\/svg\" viewBox=\"0 0 24 24\" height=\"24\" width=\"24\" class=\"t2-icon t2-icon-info\" aria-hidden=\"true\" focusable=\"false\"><path d=\"M12 17c.3 0 .5-.1.7-.3s.3-.4.3-.7v-4c0-.3-.1-.5-.3-.7-.2-.2-.4-.3-.7-.3s-.5.1-.7.3c-.2.2-.3.4-.3.7v4c0 .3.1.5.3.7s.4.3.7.3zm0-8c.3 0 .5-.1.7-.3.2-.2.3-.4.3-.7 0-.3-.1-.5-.3-.7-.2-.2-.4-.3-.7-.3s-.5.1-.7.3c-.2.2-.3.4-.3.7 0 .3.1.5.3.7.2.2.4.3.7.3zm0 13c-1.4 0-2.7-.3-3.9-.8-1.2-.5-2.3-1.2-3.2-2.1s-1.6-2-2.1-3.2S2 13.4 2 12s.3-2.7.8-3.9S4 5.8 4.9 4.9s2-1.6 3.2-2.1S10.6 2 12 2s2.7.3 3.9.8 2.3 1.2 3.2 2.1 1.6 2 2.1 3.2c.5 1.2.8 2.5.8 3.9s-.3 2.7-.8 3.9c-.5 1.2-1.2 2.3-2.1 3.2s-2 1.6-3.2 2.1c-1.2.5-2.5.8-3.9.8z\" fill=\"currentColor\" \/><\/svg><\/button>\n\t\t\t\t<span class=\"t2-image-credit-text wp-element-caption\" id=\"image-credit\" hidden>Foto: Getty Images\/iStockphoto<\/span>\n\t\t\t<\/span><\/div>\n","protected":false},"excerpt":{"rendered":"<p>I den globale klimainnsatsen er EU den ubestridte lederen. Gjennom EUs gr\u00f8nne giv (\u00abGreen Deal\u00bb) har EU utviklet en klimapolitikk som omfatter tiln\u00e6rmet alle deler av \u00f8konomien, og all politikk skal utformes slik at den tar EU i retning av m\u00e5let om kliman\u00f8ytralitet i 2050.Norge har gode forutsetninger for \u00e5 v\u00e6re i front i innsatsen\u2026<\/p>\n","protected":false},"author":357,"featured_media":0,"parent":371,"menu_order":0,"comment_status":"closed","ping_status":"closed","template":"","meta":{"dss_simple_post_excerpt":"","dss_show_featured_image":true,"dss_show_title":true,"footnotes":""},"class_list":["post-1019","page","type-page","status-publish","hentry"],"language":"nb-NO","_links":{"self":[{"href":"https:\/\/nettsteder.regjeringen.no\/klimautvalgets-rapport\/wp-json\/wp\/v2\/pages\/1019","targetHints":{"allow":["GET"]}}],"collection":[{"href":"https:\/\/nettsteder.regjeringen.no\/klimautvalgets-rapport\/wp-json\/wp\/v2\/pages"}],"about":[{"href":"https:\/\/nettsteder.regjeringen.no\/klimautvalgets-rapport\/wp-json\/wp\/v2\/types\/page"}],"author":[{"embeddable":true,"href":"https:\/\/nettsteder.regjeringen.no\/klimautvalgets-rapport\/wp-json\/wp\/v2\/users\/357"}],"replies":[{"embeddable":true,"href":"https:\/\/nettsteder.regjeringen.no\/klimautvalgets-rapport\/wp-json\/wp\/v2\/comments?post=1019"}],"version-history":[{"count":3,"href":"https:\/\/nettsteder.regjeringen.no\/klimautvalgets-rapport\/wp-json\/wp\/v2\/pages\/1019\/revisions"}],"predecessor-version":[{"id":1262,"href":"https:\/\/nettsteder.regjeringen.no\/klimautvalgets-rapport\/wp-json\/wp\/v2\/pages\/1019\/revisions\/1262"}],"up":[{"embeddable":true,"href":"https:\/\/nettsteder.regjeringen.no\/klimautvalgets-rapport\/wp-json\/wp\/v2\/pages\/371"}],"wp:attachment":[{"href":"https:\/\/nettsteder.regjeringen.no\/klimautvalgets-rapport\/wp-json\/wp\/v2\/media?parent=1019"}],"curies":[{"name":"wp","href":"https:\/\/api.w.org\/{rel}","templated":true}]}}