{"id":7,"date":"2024-10-01T09:32:15","date_gmt":"2024-10-01T07:32:15","guid":{"rendered":"https:\/\/nettsteder.regjeringen.no\/kjernekraftutvalget\/?page_id=7"},"modified":"2026-03-30T12:18:09","modified_gmt":"2026-03-30T10:18:09","slug":"kjernekraftutvalget","status":"publish","type":"page","link":"https:\/\/nettsteder.regjeringen.no\/kjernekraftutvalget\/","title":{"rendered":"Kjernekraftutvalget"},"content":{"rendered":"\n<p><a href=\"https:\/\/www.regjeringen.no\/no\/aktuelt\/oppnemning-av-offentleg-utval-som-skal-utgreie-kjernekraft-som-mogleg-kraftkjelde-i-noreg\/id3046226\/\" data-type=\"link\" data-id=\"https:\/\/www.regjeringen.no\/no\/aktuelt\/oppnemning-av-offentleg-utval-som-skal-utgreie-kjernekraft-som-mogleg-kraftkjelde-i-noreg\/id3046226\/\">Energidepartementet oppnevnte 21. juni 2024 et utvalg<\/a> som skal utrede kjernekraft som en mulig kraftkilde i Norge. M\u00e5let er en bred gjennomgang og vurdering av ulike sider ved en eventuell fremtidig etablering av kjernekraft i Norge. <\/p>\n\n\n\n<p>Utvalget er satt sammen av personer med en bred ekspertise og erfaring fra ulike fagfelt, og ledes av tidligere CICERO-direkt\u00f8r Kristin Halvorsen.<\/p>\n\n\n\n<p>Utvalget har arbeidet bredt, og har i perioden 11. september 2024 til 12. mars 2026 avholdt 22 utvalgsm\u00f8ter. De fleste har v\u00e6rt gjennomf\u00f8rt som fysiske todagersm\u00f8ter. Utvalget har gjennomf\u00f8rt en studietur til Sverige og Finland, og medlemmer av utvalget og sekretariatet var del av en norsk delegasjon p\u00e5 studietur til Canada og USA. Utvalget har lyst ut og mottatt to eksterne rapporter, bestilt underlag fra medlemmer av en egen ressursgruppe og f\u00e5tt innspill fra flere akt\u00f8rer i m\u00f8ter. Utvalget har arrangert et \u00e5pent digitalt innspillsm\u00f8te og mottatt skriftlige innspill til utvalgets epostkasse. Utvalget har ogs\u00e5 innhentet sp\u00f8rsm\u00e5l fra et utvalg skoleklasser.<\/p>\n\n\n\n<p><strong>Onsdag 8. april leverer Kjernekraftutvalget sin rapport til energiminister Terje Aasland. Etter pressekonferansen arrangeres et fagseminar der utvalget g\u00e5r mer detaljert inn i arbeidet de har gjort.<\/strong><\/p>\n\n\n\n<p><strong><u>Pressekonferanse<\/u><\/strong><\/p>\n\n\n\n<p><strong>Tid:<\/strong> Onsdag 8. april 2026 kl. 09.00. Oppm\u00f8te for p\u00e5meldt presse fra kl. 08.30.<\/p>\n\n\n\n<p><strong>Sted:<\/strong> Marmorhallen, Kongens gate 18 i Oslo.<\/p>\n\n\n\n<p><strong>P\u00e5melding:<\/strong> Presse m\u00e5 melde seg p\u00e5 ved \u00e5 sende e-post til <a href=\"mailto:info@ed.dep.no\">info@ed.dep.no<\/a> innen tirsdag 7. april kl. 16.00.<\/p>\n\n\n\n<p>Ta med pressekort og gyldig ID.<\/p>\n\n\n\n<p>Presse som ikke har anledning til \u00e5 v\u00e6re til stede p\u00e5 pressekonferansen, kan sende inn sp\u00f8rsm\u00e5l til info@ed.dep.no med teksten \u00abKjernekraft\u00bb i emnefeltet. Avsenderadressen m\u00e5 v\u00e6re registrert hos et mediehus eller oppgi frilansoppdrag. Vi kan ikke garantere at det blir tid til \u00e5 stille alle sp\u00f8rsm\u00e5lene p\u00e5 pressekonferansen.<\/p>\n\n\n\n<p><strong><u>Fagseminar<\/u><\/strong><\/p>\n\n\n\n<p>Etter pressekonferansen arrangeres et fagseminar der utvalget g\u00e5r mer detaljert inn i arbeidet de har gjort. Programmet for seminaret er tilgjengelig her: <a href=\"https:\/\/www.regjeringen.no\/contentassets\/f41a0875a5da4a64a912ae34650e19a9\/kjernekraftutvalget-program-for-fagseminar-8.-april-2026.pdf\">Lenke til programmet<\/a>.<\/p>\n\n\n\n<p><strong>Tid:<\/strong> Onsdag 8. april 2025 kl. 11.30-13:30. Oppm\u00f8te for p\u00e5meldte deltakere fra kl. 11.00. Det vil bli servert lunsj.<\/p>\n\n\n\n<p><strong>Sted:<\/strong> Marmorhallen, Kongens gate 18 i Oslo.<\/p>\n\n\n\n<p><strong>P\u00e5melding:<\/strong> Personer\/organisasjoner som \u00f8nsker \u00e5 delta p\u00e5 seminaret m\u00e5 melde seg p\u00e5 ved \u00e5 sende epost til <a href=\"mailto:Heidi.Lundberg@ed.dep.no\">Heidi.Lundberg@ed.dep.no<\/a> innen fredag 27. mars kl. 12.00. Vi kan ikke garantere at det er plass til alle, og hver organisasjon kan delta med maksimalt to personer.<\/p>\n\n\n\n<p>B\u00e5de pressekonferansen og seminaret filmes av Digitaliseringsorganisasjonen til departementene (DIO) og kan f\u00f8lges direkte p\u00e5 denne siden. Her kan ogs\u00e5 videofilen lastes ned i etterkant. DIO distribuerer publiseringspunkt til medier som \u00f8nsker \u00e5 sende arrangementet direkte. DIO kan kontaktes p\u00e5 telefon 22 24 88 45 eller e-post <a href=\"mailto:dio-lydogbilde@dio.dep.no\">dio-lydogbilde@dio.dep.no<\/a>.<\/p>\n\n\n\n<p>Presse og andre akt\u00f8rer som \u00f8nsker \u00e5 bygge inn netttvsendingene p\u00e5 sine nettsider, finner embedkode ved \u00e5 trykke p\u00e5 \u00abDel video\u00bb-knappen i videospilleren p\u00e5 siden.<\/p>\n\n\n\n<p><\/p>\n\n\n\n<p><\/p>\n\n\n\n<p><\/p>\n\n\n\n<p><\/p>\n\n\n\n<p><\/p>\n","protected":false},"excerpt":{"rendered":"<p>Energidepartementet oppnevnte 21. juni 2024 et utvalg som skal utrede kjernekraft som en mulig kraftkilde i Norge. M\u00e5let er en bred gjennomgang og vurdering av ulike sider ved en eventuell fremtidig etablering av kjernekraft i Norge. Utvalget er satt sammen av personer med en bred ekspertise og erfaring fra ulike fagfelt, og ledes av tidligere\u2026<\/p>\n","protected":false},"author":181,"featured_media":0,"parent":0,"menu_order":0,"comment_status":"closed","ping_status":"closed","template":"","meta":{"dss_simple_post_excerpt":"","dss_show_featured_image":true,"footnotes":""},"class_list":["post-7","page","type-page","status-publish","hentry"],"language":"nb-NO","_links":{"self":[{"href":"https:\/\/nettsteder.regjeringen.no\/kjernekraftutvalget\/wp-json\/wp\/v2\/pages\/7","targetHints":{"allow":["GET"]}}],"collection":[{"href":"https:\/\/nettsteder.regjeringen.no\/kjernekraftutvalget\/wp-json\/wp\/v2\/pages"}],"about":[{"href":"https:\/\/nettsteder.regjeringen.no\/kjernekraftutvalget\/wp-json\/wp\/v2\/types\/page"}],"author":[{"embeddable":true,"href":"https:\/\/nettsteder.regjeringen.no\/kjernekraftutvalget\/wp-json\/wp\/v2\/users\/181"}],"replies":[{"embeddable":true,"href":"https:\/\/nettsteder.regjeringen.no\/kjernekraftutvalget\/wp-json\/wp\/v2\/comments?post=7"}],"version-history":[{"count":3,"href":"https:\/\/nettsteder.regjeringen.no\/kjernekraftutvalget\/wp-json\/wp\/v2\/pages\/7\/revisions"}],"predecessor-version":[{"id":259,"href":"https:\/\/nettsteder.regjeringen.no\/kjernekraftutvalget\/wp-json\/wp\/v2\/pages\/7\/revisions\/259"}],"wp:attachment":[{"href":"https:\/\/nettsteder.regjeringen.no\/kjernekraftutvalget\/wp-json\/wp\/v2\/media?parent=7"}],"curies":[{"name":"wp","href":"https:\/\/api.w.org\/{rel}","templated":true}]}}