{"id":38,"date":"2024-10-21T13:39:54","date_gmt":"2024-10-21T11:39:54","guid":{"rendered":"https:\/\/nettsteder.regjeringen.no\/kjernekraftutvalget\/?page_id=38"},"modified":"2026-02-04T13:40:40","modified_gmt":"2026-02-04T12:40:40","slug":"hvordan-utvalget-jobber","status":"publish","type":"page","link":"https:\/\/nettsteder.regjeringen.no\/kjernekraftutvalget\/hvordan-utvalget-jobber\/","title":{"rendered":"Hvordan utvalget jobber"},"content":{"rendered":"\n<p>Kjernekraftutvalget har 12 medlemmer, samt et sekretariat som holder i det administrative arbeidet. Utvalget er satt sammen av personer med ekspertise og erfaring fra ulike fagfelt.<\/p>\n\n\n\n<p>Sekretariatslederen er ekstern, ellers best\u00e5r sekretariatet av ansatte fra Energidepartementet, Finansdepartementet, NVE og DSA. Energidepartementet har myndighet til \u00e5 avtale deltakelse i sekretariatet med andre relevante departementer og instanser, samt foreta mindre vesentlige endringer i utvalgets mandat og oppnevne sekretariat<\/p>\n\n\n\n<p>Det er ikke realistisk at utvalget besitter all n\u00f8dvendig kunnskap innenfor de ulike temaene i mandatet. Det er derfor etablert en ressursgruppe best\u00e5ende av relevante fagetater og forskningsorganisasjoner som kan bist\u00e5 og gi innspill til utvalget p\u00e5 viktige fagomr\u00e5der, og sikre involvering av sentrale fagmilj\u00f8er. I tillegg kan utvalget engasjere ekstern ekspertise ved behov. <\/p>\n\n\n\n<p>En del av utvalgets mandatet er \u00e5 innhente kunnskap og erfaringer med kjernekraft internasjonalt. Det har bl.a. skjedd gjennom studieturer til utvalgte land.<\/p>\n","protected":false},"excerpt":{"rendered":"<p>Kjernekraftutvalget har 12 medlemmer, samt et sekretariat som holder i det administrative arbeidet. Utvalget er satt sammen av personer med ekspertise og erfaring fra ulike fagfelt. Sekretariatslederen er ekstern, ellers best\u00e5r sekretariatet av ansatte fra Energidepartementet, Finansdepartementet, NVE og DSA. Energidepartementet har myndighet til \u00e5 avtale deltakelse i sekretariatet med andre relevante departementer og instanser,\u2026<\/p>\n","protected":false},"author":2761,"featured_media":0,"parent":0,"menu_order":0,"comment_status":"closed","ping_status":"closed","template":"","meta":{"dss_simple_post_excerpt":"","dss_show_featured_image":true,"footnotes":""},"class_list":["post-38","page","type-page","status-publish","hentry"],"language":"nb-NO","_links":{"self":[{"href":"https:\/\/nettsteder.regjeringen.no\/kjernekraftutvalget\/wp-json\/wp\/v2\/pages\/38","targetHints":{"allow":["GET"]}}],"collection":[{"href":"https:\/\/nettsteder.regjeringen.no\/kjernekraftutvalget\/wp-json\/wp\/v2\/pages"}],"about":[{"href":"https:\/\/nettsteder.regjeringen.no\/kjernekraftutvalget\/wp-json\/wp\/v2\/types\/page"}],"author":[{"embeddable":true,"href":"https:\/\/nettsteder.regjeringen.no\/kjernekraftutvalget\/wp-json\/wp\/v2\/users\/2761"}],"replies":[{"embeddable":true,"href":"https:\/\/nettsteder.regjeringen.no\/kjernekraftutvalget\/wp-json\/wp\/v2\/comments?post=38"}],"version-history":[{"count":3,"href":"https:\/\/nettsteder.regjeringen.no\/kjernekraftutvalget\/wp-json\/wp\/v2\/pages\/38\/revisions"}],"predecessor-version":[{"id":246,"href":"https:\/\/nettsteder.regjeringen.no\/kjernekraftutvalget\/wp-json\/wp\/v2\/pages\/38\/revisions\/246"}],"wp:attachment":[{"href":"https:\/\/nettsteder.regjeringen.no\/kjernekraftutvalget\/wp-json\/wp\/v2\/media?parent=38"}],"curies":[{"name":"wp","href":"https:\/\/api.w.org\/{rel}","templated":true}]}}