{"id":8,"date":"2024-11-20T09:51:00","date_gmt":"2024-11-20T08:51:00","guid":{"rendered":"https:\/\/nettsteder.regjeringen.no\/isu\/?page_id=8"},"modified":"2025-06-19T09:39:17","modified_gmt":"2025-06-19T07:39:17","slug":"gi-innspill","status":"publish","type":"page","link":"https:\/\/nettsteder.regjeringen.no\/isu\/gi-innspill\/","title":{"rendered":"Gi innspill"},"content":{"rendered":"\n<p>Utvalget har et bredt og omfattende mandat og utvalget \u00f8nsker \u00e5 f\u00e5 belyst de ulike temaene som mandatet reiser. Vi inviterer alle interessenter til \u00e5 komme med skriftlige innspill som interessentene mener er viktige og relevante for utvalgets arbeid. I tillegg er utvalget s\u00e6rlig interessert i \u00e5 f\u00e5 innspill om hva som oppleves som hovedutfordringene for \u00e5 fremme innovasjon og samskaping i utvikling av velferdstjenester? Og videre hvilke tiltak som er relevante\/n\u00f8dvendig for \u00e5 m\u00f8te disse utfordringene?<\/p>\n\n\n\n<p>I tillegg \u00f8nsker vi tips om gode eksempler p\u00e5 vellykkede innovasjons- eller samskapingstiltak som kan tjene som inspirasjon eller modell for andre, gjerne med kilder som dokumenterer effekt. Skriftlige innspill kan sendes inn til <a href=\"mailto:postmottak@hod.dep.no\">postmottak@hod.dep.no<\/a> (og merkes innspill til Innovasjons- og samskapingsutvalget).<\/p>\n","protected":false},"excerpt":{"rendered":"<p>Utvalget har et bredt og omfattende mandat og utvalget \u00f8nsker \u00e5 f\u00e5 belyst de ulike temaene som mandatet reiser. Vi inviterer alle interessenter til \u00e5 komme med skriftlige innspill som interessentene mener er viktige og relevante for utvalgets arbeid. I tillegg er utvalget s\u00e6rlig interessert i \u00e5 f\u00e5 innspill om hva som oppleves som hovedutfordringene\u2026<\/p>\n","protected":false},"author":2877,"featured_media":0,"parent":0,"menu_order":0,"comment_status":"closed","ping_status":"closed","template":"","meta":{"dss_simple_post_excerpt":"","dss_show_featured_image":true,"footnotes":""},"class_list":["post-8","page","type-page","status-publish","hentry"],"language":"nb-NO","_links":{"self":[{"href":"https:\/\/nettsteder.regjeringen.no\/isu\/wp-json\/wp\/v2\/pages\/8","targetHints":{"allow":["GET"]}}],"collection":[{"href":"https:\/\/nettsteder.regjeringen.no\/isu\/wp-json\/wp\/v2\/pages"}],"about":[{"href":"https:\/\/nettsteder.regjeringen.no\/isu\/wp-json\/wp\/v2\/types\/page"}],"author":[{"embeddable":true,"href":"https:\/\/nettsteder.regjeringen.no\/isu\/wp-json\/wp\/v2\/users\/2877"}],"replies":[{"embeddable":true,"href":"https:\/\/nettsteder.regjeringen.no\/isu\/wp-json\/wp\/v2\/comments?post=8"}],"version-history":[{"count":3,"href":"https:\/\/nettsteder.regjeringen.no\/isu\/wp-json\/wp\/v2\/pages\/8\/revisions"}],"predecessor-version":[{"id":279,"href":"https:\/\/nettsteder.regjeringen.no\/isu\/wp-json\/wp\/v2\/pages\/8\/revisions\/279"}],"wp:attachment":[{"href":"https:\/\/nettsteder.regjeringen.no\/isu\/wp-json\/wp\/v2\/media?parent=8"}],"curies":[{"name":"wp","href":"https:\/\/api.w.org\/{rel}","templated":true}]}}