{"id":301,"date":"2025-11-05T14:05:56","date_gmt":"2025-11-05T13:05:56","guid":{"rendered":"https:\/\/nettsteder.regjeringen.no\/isu\/?page_id=301"},"modified":"2026-02-28T11:40:05","modified_gmt":"2026-02-28T10:40:05","slug":"del-forslag-til-losninger","status":"publish","type":"page","link":"https:\/\/nettsteder.regjeringen.no\/isu\/del-forslag-til-losninger\/","title":{"rendered":"Fremtidsverksted"},"content":{"rendered":"\n<h2 class=\"wp-block-heading\">Fremtidsverksted 12. mars<\/h2>\n\n\n\n<p>I tr\u00e5d med v\u00e5r ambisjon om reell samskaping inviterer vi n\u00e5 alle som har bidratt til Innovasjons- og samskapingsutvalgets arbeid til et felles verksted, der vi sammen kan jobbe videre s\u00e6rlig med tiltak dere har spilt inn og dr\u00f8fte mulige retninger for fremtidens politikk for velferdskommunen.<\/p>\n\n\n\n<p>Utvalget \u00f8nsker \u00e5 bygge videre p\u00e5 den samlede erfaringen, kunnskapen og kreativiteten alle bidragsyterne representerer. Vi tror de beste tiltakene utvikles n\u00e5r folk m\u00f8tes, setter seg ned sammen og jobber mot et felles m\u00e5l.<\/p>\n\n\n\n<p>P\u00e5 verkstedet vil utvalget presentere hovedlinjene i sin virkelighetsforst\u00e5else s\u00e5 langt, og mulige retninger for politikkutvikling basert p\u00e5 innspillene dere har gitt og sp\u00f8rsm\u00e5l og dilemmaer som fortsatt krever felles utforskning. Deretter legger vi opp til et arbeidsverksted der <em>alle deltakere inviteres til \u00e5 bidra aktivt med \u00e5 konkretisere forslag til tiltak<\/em>. Vi setter frem bord og stoler \u2013 l\u00f8sningene skaper vi sammen.<\/p>\n\n\n\n<p>M\u00f8tet har begrenset antall plasser og kan bli fulltegnet. Organisasjonene kan i utgangspunktet melde p\u00e5 inntil&nbsp;<strong>to deltakere<\/strong>. Dersom m\u00f8tet blir fulltegnet, forbeholder vi oss retten til \u00e5 gj\u00f8re justeringer (herunder \u00e5 begrense antall deltakere per organisasjon) for \u00e5 sikre en best mulig bredde og representasjon. Vi vil i s\u00e5 fall kontakte ber\u00f8rte organisasjoner s\u00e5 snart som mulig. Ta kontakt med sekretariatet dersom du \u00f8nsker \u00e5 delta, selv om du ikke har gitt innspill tidligere.<\/p>\n\n\n\n<p>Verkstedet streames ikke, det vil kun v\u00e6re mulig \u00e5 delta fysisk. Deltakelse er gratis. Deltakerne m\u00e5 selv dekke reisekostnader og ev. utgifter til overnatting.<\/p>\n\n\n\n<p><strong>Praktisk informasjon og p\u00e5melding<\/strong><\/p>\n\n\n\n<p><strong>Dato:<\/strong> Torsdag 12. mars 2026<br><strong>Sted:<\/strong> Comte Bureau, Pilestredet park 31, 0176 Oslo<br><strong>Tid:<\/strong> klokken 0900-1200<br><strong>P\u00e5meldingsfrist:<\/strong> Fredag 27. februar 2026 (p\u00e5meldingen er lukket. Mulig \u00e5 melde seg til venteliste ved \u00e5 sende henvendelse til smm@hod.dep.no)<\/p>\n\n\n\n<p><\/p>\n\n\n\n<h2 class=\"wp-block-heading\">Fire sentrale hemmere &#8211; kom med dine tiltak<\/h2>\n\n\n\n<p>Innovasjon- og samskapingsutvalget har mottatt en rekke innspill om om hemmere og fremmere for samskaping og innovasjon i velferd, samt om skalering og implementering av nye l\u00f8sninger.<\/p>\n\n\n\n<p>Vi har g\u00e5tt gjennom alle innspillene. Her er det s\u00e6rlig fire sentrale problemstillinger som g\u00e5r igjen, som vi n\u00e5 vil utfordre dere til \u00e5 bidra med \u00e5 foresl\u00e5 gode l\u00f8sninger p\u00e5. De fire problemstillingene er:<\/p>\n\n\n\n<figure class=\"wp-block-image size-large\"><img loading=\"lazy\" decoding=\"async\" width=\"1024\" height=\"576\" src=\"https:\/\/files.nettsteder.regjeringen.no\/wpuploads01\/sites\/585\/2025\/11\/problemstillinger-1024x576.jpg\" alt=\"\" class=\"wp-image-312\" srcset=\"https:\/\/files.nettsteder.regjeringen.no\/wpuploads01\/sites\/585\/2025\/11\/problemstillinger-1024x576.jpg 1024w, https:\/\/files.nettsteder.regjeringen.no\/wpuploads01\/sites\/585\/2025\/11\/problemstillinger-300x169.jpg 300w, https:\/\/files.nettsteder.regjeringen.no\/wpuploads01\/sites\/585\/2025\/11\/problemstillinger-768x432.jpg 768w, https:\/\/files.nettsteder.regjeringen.no\/wpuploads01\/sites\/585\/2025\/11\/problemstillinger-1200x675.jpg 1200w, https:\/\/files.nettsteder.regjeringen.no\/wpuploads01\/sites\/585\/2025\/11\/problemstillinger.jpg 1280w\" sizes=\"auto, (max-width: 1024px) 100vw, 1024px\" \/><\/figure>\n\n\n\n<p>Vi mottar gjerne deres innspill til hvordan vi kan l\u00f8se disse problemstillingene, og under finner dere et forslag til en metode som kan brukes for \u00e5 jobbe sammen om innspill til mulige tiltak. Opplegget tar ca 35-50 minutter.<\/p>\n\n\n\n<p>Resultatet sendes skriftlig til postmottak@hod.dep.no merket innspill til Innovasjons- og samskapingsutvalget innen 17. desember. Det er ogs\u00e5 \u00e5pent for \u00e5 sende ordin\u00e6re skriftlige innspill\/andre tiltak om man \u00f8nsker det.<\/p>\n\n\n\n<p><strong><a href=\"https:\/\/files.nettsteder.regjeringen.no\/wpuploads01\/sites\/585\/2025\/11\/Guide-innspills-workshop.pdf\" data-type=\"URL\">Guide for gjennomf\u00f8ring av innspillsworkshop<\/a><\/strong><\/p>\n\n\n\n<p><\/p>\n","protected":false},"excerpt":{"rendered":"<p>Fremtidsverksted 12. mars I tr\u00e5d med v\u00e5r ambisjon om reell samskaping inviterer vi n\u00e5 alle som har bidratt til Innovasjons- og samskapingsutvalgets arbeid til et felles verksted, der vi sammen kan jobbe videre s\u00e6rlig med tiltak dere har spilt inn og dr\u00f8fte mulige retninger for fremtidens politikk for velferdskommunen. Utvalget \u00f8nsker \u00e5 bygge videre p\u00e5\u2026<\/p>\n","protected":false},"author":3428,"featured_media":0,"parent":0,"menu_order":0,"comment_status":"closed","ping_status":"closed","template":"","meta":{"dss_simple_post_excerpt":"","dss_show_featured_image":true,"footnotes":""},"class_list":["post-301","page","type-page","status-publish","hentry"],"language":"nb-NO","_links":{"self":[{"href":"https:\/\/nettsteder.regjeringen.no\/isu\/wp-json\/wp\/v2\/pages\/301","targetHints":{"allow":["GET"]}}],"collection":[{"href":"https:\/\/nettsteder.regjeringen.no\/isu\/wp-json\/wp\/v2\/pages"}],"about":[{"href":"https:\/\/nettsteder.regjeringen.no\/isu\/wp-json\/wp\/v2\/types\/page"}],"author":[{"embeddable":true,"href":"https:\/\/nettsteder.regjeringen.no\/isu\/wp-json\/wp\/v2\/users\/3428"}],"replies":[{"embeddable":true,"href":"https:\/\/nettsteder.regjeringen.no\/isu\/wp-json\/wp\/v2\/comments?post=301"}],"version-history":[{"count":3,"href":"https:\/\/nettsteder.regjeringen.no\/isu\/wp-json\/wp\/v2\/pages\/301\/revisions"}],"predecessor-version":[{"id":404,"href":"https:\/\/nettsteder.regjeringen.no\/isu\/wp-json\/wp\/v2\/pages\/301\/revisions\/404"}],"wp:attachment":[{"href":"https:\/\/nettsteder.regjeringen.no\/isu\/wp-json\/wp\/v2\/media?parent=301"}],"curies":[{"name":"wp","href":"https:\/\/api.w.org\/{rel}","templated":true}]}}