{"id":695,"date":"2018-01-10T12:51:15","date_gmt":"2018-01-10T11:51:15","guid":{"rendered":"https:\/\/nettsteder.regjeringen.no\/inkludering-barn-unge\/?page_id=695"},"modified":"2018-01-10T12:59:27","modified_gmt":"2018-01-10T11:59:27","slug":"ekspertgruppen-for-barn-og-unge-med-behov-for-saerskilt-tilrettelegging","status":"publish","type":"page","link":"https:\/\/nettsteder.regjeringen.no\/inkludering-barn-unge\/","title":{"rendered":"Ekspertgruppen for barn og unge med behov for s\u00e6rskilt tilrettelegging"},"content":{"rendered":"<div id=\"module-0\" class=\"hogan-module hogan-module-simple_posts hogan-module-0\"><div class=\"hogan-module-inner text-wrap\">\t<ul class=\"list-items card-type-small\">\n\t\t\t\t\t<li class=\"list-item\">\n\t\t\t\t<a href=\"https:\/\/nettsteder.regjeringen.no\/inkludering-barn-unge\/nyheter\/arbeidet-med-ny-st-meld-om-tidlig-innsats-og-inkluderende-fellesskap-kan-folges-her\/\">\n\t\t\t\t\t\t\t\t\t\t<div class=\"column\">\n\t\t\t\t\t\t<h2 class=\"entry-title\">Arbeidet med ny St. meld. om tidlig innsats og inkluderende fellesskap kan f\u00f8lges her<\/h2>\t\t\t\t\t\t<div class=\"entry-summary\"><p>Arbeid med ny St. meld p\u00e5 Regjeringen.no<\/p><\/div>\t\t\t\t\t\t\t\t\t\t\t<\/div>\n\t\t\t\t<\/a>\n\t\t\t<\/li>\n\t\t\t\t\t<li class=\"list-item\">\n\t\t\t\t<a href=\"https:\/\/nettsteder.regjeringen.no\/inkludering-barn-unge\/nyheter\/det-blir-ny-st-meld-i-2019-tidlig-innsats-og-inkluderende-fellesskap\/\">\n\t\t\t\t\t\t\t\t\t\t<div class=\"column\">\n\t\t\t\t\t\t<h2 class=\"entry-title\">Det blir ny St. meld. i 2019 &laquo;Tidlig innsats og inkluderende fellesskap&raquo;<\/h2>\t\t\t\t\t\t<div class=\"entry-summary\"><p>H\u00f8sten 2018 starter arbeidet med ny melding. Les mer om ny St. meld. i lenken nedenfor.<\/p><\/div>\t\t\t\t\t\t\t\t\t\t\t<\/div>\n\t\t\t\t<\/a>\n\t\t\t<\/li>\n\t\t\t\t\t<li class=\"list-item\">\n\t\t\t\t<a href=\"https:\/\/nettsteder.regjeringen.no\/inkludering-barn-unge\/nyheter\/horingskonferansen-i-trondheim-20-juni-blir-streamet-her\/\">\n\t\t\t\t\t\t\t\t\t\t<div class=\"column\">\n\t\t\t\t\t\t<h2 class=\"entry-title\">H\u00f8ringskonferansen i Trondheim 20. juni &#8211; film fra streaming finner du her<\/h2>\t\t\t\t\t\t<div class=\"entry-summary\"><p>Konferansen skal v\u00e6re p\u00e5 Scandic Hotel Hell, kl. 12.00 \u2013 16.00. Konferansen blir streamet. Presentasjoner fra konferansen legges ut p\u00e5 ...<\/p><\/div>\t\t\t\t\t\t\t\t\t\t\t<\/div>\n\t\t\t\t<\/a>\n\t\t\t<\/li>\n\t\t\t\t\t<li class=\"list-item\">\n\t\t\t\t<a href=\"https:\/\/nettsteder.regjeringen.no\/inkludering-barn-unge\/nyheter\/horingskonferansen-i-tromso-19-juni\/\">\n\t\t\t\t\t\t\t\t\t\t<div class=\"column\">\n\t\t\t\t\t\t<h2 class=\"entry-title\">H\u00f8ringskonferansen i Troms\u00f8 19. juni<\/h2>\t\t\t\t\t\t<div class=\"entry-summary\"><p>Konferansen skal v\u00e6re p\u00e5 Clarion Hotel The Edge, kl. 11.00 \u2013 15.00. Presentasjoner fra konferansen legges ut her p\u00e5 nettsiden ...<\/p><\/div>\t\t\t\t\t\t\t\t\t\t\t<\/div>\n\t\t\t\t<\/a>\n\t\t\t<\/li>\n\t\t\t\t\t<li class=\"list-item\">\n\t\t\t\t<a href=\"https:\/\/nettsteder.regjeringen.no\/inkludering-barn-unge\/nyheter\/horingskonferansen-pa-gardermoen-28-mai\/\">\n\t\t\t\t\t\t\t\t\t\t<div class=\"column\">\n\t\t\t\t\t\t<h2 class=\"entry-title\">H\u00f8ringskonferansen p\u00e5 Gardermoen 28. mai<\/h2>\t\t\t\t\t\t<div class=\"entry-summary\"><p>354 deltakere var p\u00e5meldt konferansen. Nedenfor ligger programmet og presentasjonene fra dagen. De skriftelige sp\u00f8rsm\u00e5lene og innspillene vi mottok p\u00e5 ...<\/p><\/div>\t\t\t\t\t\t\t\t\t\t\t<\/div>\n\t\t\t\t<\/a>\n\t\t\t<\/li>\n\t\t\t\t\t<li class=\"list-item\">\n\t\t\t\t<a href=\"https:\/\/nettsteder.regjeringen.no\/inkludering-barn-unge\/nyheter\/datoer-for-horingskonferanser-er-gardermoen-oslo-28-mai-19-juni-i-tromso-og-20-juni-i-trondheim-fra-kl-11-30-16-00\/\">\n\t\t\t\t\t\t\t\t\t\t<div class=\"column\">\n\t\t\t\t\t\t<h2 class=\"entry-title\">Informasjon om h\u00f8ring og h\u00f8ringskonferanser<\/h2>\t\t\t\t\t\t<div class=\"entry-summary\"><p>Lenke til pressemeldingen om h\u00f8ringen p\u00e5 Regjeringen.no Lenke til h\u00f8ringsportalen p\u00e5 Udir.no for \u00e5 uttale deg\/dere Det benyttes digitalt h\u00f8ringssystem ...<\/p><\/div>\t\t\t\t\t\t\t\t\t\t\t<\/div>\n\t\t\t\t<\/a>\n\t\t\t<\/li>\n\t\t\t\t\t<li class=\"list-item\">\n\t\t\t\t<a href=\"https:\/\/nettsteder.regjeringen.no\/inkludering-barn-unge\/nyheter\/film-fra-overleveringen-av-rapporten-til-kunnskapsministeren\/\">\n\t\t\t\t\t\t\t\t\t\t<div class=\"column\">\n\t\t\t\t\t\t<h2 class=\"entry-title\">Film fra overleveringen av rapporten til kunnskapsministeren<\/h2>\t\t\t\t\t\t<div class=\"entry-summary\"><p>Denne filmen blir lagt ut i tekstet versjon i neste uke.<\/p><\/div>\t\t\t\t\t\t\t\t\t\t\t<\/div>\n\t\t\t\t<\/a>\n\t\t\t<\/li>\n\t\t\t\t\t<li class=\"list-item\">\n\t\t\t\t<a href=\"https:\/\/nettsteder.regjeringen.no\/inkludering-barn-unge\/nyheter\/rapport-fra-ekspertutvalget-for-barn-og-unge-med-behov-for-saerskilt-tilrettelegging\/\">\n\t\t\t\t\t\t\t\t\t\t<div class=\"column\">\n\t\t\t\t\t\t<h2 class=\"entry-title\">Rapport fra ekspertutvalget for barn og unge med behov for s\u00e6rskilt tilrettelegging<\/h2>\t\t\t\t\t\t<div class=\"entry-summary\"><p>En trykket utgave av rapporten kan bestilles i bokform av Fagbokforlaget fra den 30.04.18.<\/p><\/div>\t\t\t\t\t\t\t\t\t\t\t<\/div>\n\t\t\t\t<\/a>\n\t\t\t<\/li>\n\t\t\t\t\t<li class=\"list-item\">\n\t\t\t\t<a href=\"https:\/\/nettsteder.regjeringen.no\/inkludering-barn-unge\/nyheter\/overrekkelsen-av-ekspertrapporten-kan-folges-direkte-fra-lenken-nedenfor\/\">\n\t\t\t\t\t\t\t\t\t\t<div class=\"column\">\n\t\t\t\t\t\t<h2 class=\"entry-title\">Overrekkelsen av ekspertrapporten kan f\u00f8lges direkte fra lenken nedenfor<\/h2>\t\t\t\t\t\t<div class=\"entry-summary\"><p>Den 4. april fra kl. 10.00 &#8211; 12.00 vil ekspertgruppen redegj\u00f8re for rapporten og anbefalingene, og overlevere denne til statsr\u00e5den. ...<\/p><\/div>\t\t\t\t\t\t\t\t\t\t\t<\/div>\n\t\t\t\t<\/a>\n\t\t\t<\/li>\n\t\t\t\t\t<li class=\"list-item\">\n\t\t\t\t<a href=\"https:\/\/nettsteder.regjeringen.no\/inkludering-barn-unge\/nyheter\/ekspertrapporten-blir-publisert-5-april-2018\/\">\n\t\t\t\t\t\t\t\t\t\t<div class=\"column\">\n\t\t\t\t\t\t<h2 class=\"entry-title\">Ekspertrapporten blir publisert 4. april 2018<\/h2>\t\t\t\t\t\t<div class=\"entry-summary\"><p>Ekspertgruppen g\u00e5r inn i sin siste fase i arbeidet og rapporten skal etter planen publiseres 4. april. Gruppen har sitt ...<\/p><\/div>\t\t\t\t\t\t\t\t\t\t\t<\/div>\n\t\t\t\t<\/a>\n\t\t\t<\/li>\n\t\t\t<\/ul>\n<\/div><\/div><div id=\"module-1\" class=\"hogan-module hogan-module-text hogan-module-1 text-wrap\"><div class=\"hogan-module-inner clearfix\"><p><a href=\"https:\/\/nettsteder.regjeringen.no\/inkludering-barn-unge\/nyheter\/\">Les flere aktuelt-saker<\/a><\/p><\/div><\/div>","protected":false},"excerpt":{"rendered":"<p>Ekspertgruppen skal skrive en rapport om hvordan det spesialpedagogiske tilbudet kan bli bedre i barnehager og skoler. Ledes av Thomas &#8230;<\/p>\n","protected":false},"author":306,"featured_media":0,"parent":0,"menu_order":0,"comment_status":"closed","ping_status":"closed","template":"","meta":{"_acf_changed":false,"footnotes":""},"class_list":["post-695","page","type-page","status-publish","hentry"],"acf":[],"language":"nb-NO","_links":{"self":[{"href":"https:\/\/nettsteder.regjeringen.no\/inkludering-barn-unge\/wp-json\/wp\/v2\/pages\/695","targetHints":{"allow":["GET"]}}],"collection":[{"href":"https:\/\/nettsteder.regjeringen.no\/inkludering-barn-unge\/wp-json\/wp\/v2\/pages"}],"about":[{"href":"https:\/\/nettsteder.regjeringen.no\/inkludering-barn-unge\/wp-json\/wp\/v2\/types\/page"}],"author":[{"embeddable":true,"href":"https:\/\/nettsteder.regjeringen.no\/inkludering-barn-unge\/wp-json\/wp\/v2\/users\/306"}],"replies":[{"embeddable":true,"href":"https:\/\/nettsteder.regjeringen.no\/inkludering-barn-unge\/wp-json\/wp\/v2\/comments?post=695"}],"version-history":[{"count":6,"href":"https:\/\/nettsteder.regjeringen.no\/inkludering-barn-unge\/wp-json\/wp\/v2\/pages\/695\/revisions"}],"predecessor-version":[{"id":707,"href":"https:\/\/nettsteder.regjeringen.no\/inkludering-barn-unge\/wp-json\/wp\/v2\/pages\/695\/revisions\/707"}],"wp:attachment":[{"href":"https:\/\/nettsteder.regjeringen.no\/inkludering-barn-unge\/wp-json\/wp\/v2\/media?parent=695"}],"curies":[{"name":"wp","href":"https:\/\/api.w.org\/{rel}","templated":true}]}}