{"id":35,"date":"2017-06-08T16:38:11","date_gmt":"2017-06-08T14:38:11","guid":{"rendered":"https:\/\/nettsteder.regjeringen.no\/inkludering-barn-unge\/?page_id=35"},"modified":"2018-03-06T10:34:02","modified_gmt":"2018-03-06T09:34:02","slug":"bakgrunnen-for-arbeidet","status":"publish","type":"page","link":"https:\/\/nettsteder.regjeringen.no\/inkludering-barn-unge\/bakgrunnen-for-arbeidet\/","title":{"rendered":"Ekspertgruppen"},"content":{"rendered":"<div class=\"text-wrap post-content clearfix\"><figure id=\"attachment_883\" style=\"max-width: 670px;\" class=\"wp-caption alignleft size-large\"><img loading=\"lazy\" decoding=\"async\" class=\"wp-image-883 \" src=\"https:\/\/files.nettsteder.regjeringen.no\/wpuploads01\/blogs.dir\/215\/files\/2018\/02\/Ekspertgruppe_s\u00e6rskilte-behov_med_sekret\u00e6riat-1024x768.jpg\" alt=\"Ekspertgruppen og sekretariatet\" width=\"670\" height=\"503\" srcset=\"https:\/\/files.nettsteder.regjeringen.no\/wpuploads01\/blogs.dir\/215\/files\/2018\/02\/Ekspertgruppe_s\u00e6rskilte-behov_med_sekret\u00e6riat.jpg 1024w, https:\/\/files.nettsteder.regjeringen.no\/wpuploads01\/blogs.dir\/215\/files\/2018\/02\/Ekspertgruppe_s\u00e6rskilte-behov_med_sekret\u00e6riat-300x225.jpg 300w, https:\/\/files.nettsteder.regjeringen.no\/wpuploads01\/blogs.dir\/215\/files\/2018\/02\/Ekspertgruppe_s\u00e6rskilte-behov_med_sekret\u00e6riat-768x576.jpg 768w, https:\/\/files.nettsteder.regjeringen.no\/wpuploads01\/blogs.dir\/215\/files\/2018\/02\/Ekspertgruppe_s\u00e6rskilte-behov_med_sekret\u00e6riat-335x251.jpg 335w, https:\/\/files.nettsteder.regjeringen.no\/wpuploads01\/blogs.dir\/215\/files\/2018\/02\/Ekspertgruppe_s\u00e6rskilte-behov_med_sekret\u00e6riat-670x503.jpg 670w\" sizes=\"auto, (max-width: 670px) 100vw, 670px\" \/><figcaption class=\"wp-caption-text\">Ekspertgruppen og sekretariatet<\/figcaption><\/figure>\n<p>Arbeidet ledes av professor Thomas Nordahl fra H\u00f8gskolen i Innlandet.<\/p>\n<p><a href=\"https:\/\/www.regjeringen.no\/no\/dep\/kd\/org\/styrer-rad-og-utvalg\/ekspertgruppe-for-barn-og-unge-med-behov-for-sarskilt-tilrettelegging\/id2543492\/\">Her kan du lese mer om bakgrunnen og mandatet til gruppen.<\/a><\/p>\n<\/div><div id=\"module-0\" class=\"hogan-module hogan-module-people hogan-module-0 text-wrap\"><div class=\"hogan-module-inner image-column-size-30\"><ul>\n\t\t\t<li class=\"columns\">\n\t\t\t<div class=\"column\">\n\t\t\t\t<div class=\"square\">\n\t\t\t\t\t<img loading=\"lazy\" decoding=\"async\" width=\"380\" height=\"380\" src=\"https:\/\/files.nettsteder.regjeringen.no\/wpuploads01\/blogs.dir\/215\/files\/2017\/06\/Thomas_Nordahl-380x380.jpg\" class=\"\" alt=\"Thomas_Nordahl\" srcset=\"https:\/\/files.nettsteder.regjeringen.no\/wpuploads01\/blogs.dir\/215\/files\/2017\/06\/Thomas_Nordahl-380x380.jpg 380w, https:\/\/files.nettsteder.regjeringen.no\/wpuploads01\/blogs.dir\/215\/files\/2017\/06\/Thomas_Nordahl-150x150.jpg 150w, https:\/\/files.nettsteder.regjeringen.no\/wpuploads01\/blogs.dir\/215\/files\/2017\/06\/Thomas_Nordahl-300x300.jpg 300w, https:\/\/files.nettsteder.regjeringen.no\/wpuploads01\/blogs.dir\/215\/files\/2017\/06\/Thomas_Nordahl.jpg 768w, https:\/\/files.nettsteder.regjeringen.no\/wpuploads01\/blogs.dir\/215\/files\/2017\/06\/Thomas_Nordahl-335x335.jpg 335w, https:\/\/files.nettsteder.regjeringen.no\/wpuploads01\/blogs.dir\/215\/files\/2017\/06\/Thomas_Nordahl-670x670.jpg 670w\" sizes=\"auto, (max-width: 380px) 100vw, 380px\" \/>\t\t\t\t<\/div>\n\t\t\t<\/div>\n\t\t\t<div class=\"column\">\n\t\t\t\t<div class=\"name\">Thomas Nordahl<\/div><div class=\"position\">Professor<\/div><a href=\"javascript:\/\/\" class=\"show-hide-link\"\n\t\t\t\t   data-show-text=\"Vis beskrivelse\"\n\t\t\t\t   data-hide-text=\"Skjul beskrivelse\">Vis beskrivelse<\/a>\t\t\t\t<div class=\"description\"\n\t\t\t\t\t aria-expanded=\"false\"><p><span style=\"color: #000000;font-family: Calibri\">Thomas Nordahl er professor i pedagogikk, leder av Senter for praksisrettet utdanningsforskning ved H\u00f8gskolen i Innlandet og professor II ved Handelsh\u00f8yskolen BI. Han har skrevet en rekke b\u00f8ker og artikler tilknyttet ulike pedagogiske og spesialpedagogiske emner. Thomas Nordahl er en ettertraktet og mye brukt foreleser i Skandinavia.<\/span><\/p>\n<p>&nbsp;<\/p>\n<\/div>\n\t\t\t<\/div>\n\t\t<\/li>\n\t\t\t<li class=\"columns\">\n\t\t\t<div class=\"column\">\n\t\t\t\t<div class=\"square\">\n\t\t\t\t\t<img loading=\"lazy\" decoding=\"async\" width=\"380\" height=\"380\" src=\"https:\/\/files.nettsteder.regjeringen.no\/wpuploads01\/blogs.dir\/215\/files\/2017\/06\/Bengt_Person-380x380.jpg\" class=\"\" alt=\"Bengt_Person\" srcset=\"https:\/\/files.nettsteder.regjeringen.no\/wpuploads01\/blogs.dir\/215\/files\/2017\/06\/Bengt_Person-380x380.jpg 380w, https:\/\/files.nettsteder.regjeringen.no\/wpuploads01\/blogs.dir\/215\/files\/2017\/06\/Bengt_Person-150x150.jpg 150w, https:\/\/files.nettsteder.regjeringen.no\/wpuploads01\/blogs.dir\/215\/files\/2017\/06\/Bengt_Person-300x300.jpg 300w, https:\/\/files.nettsteder.regjeringen.no\/wpuploads01\/blogs.dir\/215\/files\/2017\/06\/Bengt_Person.jpg 768w, https:\/\/files.nettsteder.regjeringen.no\/wpuploads01\/blogs.dir\/215\/files\/2017\/06\/Bengt_Person-335x335.jpg 335w, https:\/\/files.nettsteder.regjeringen.no\/wpuploads01\/blogs.dir\/215\/files\/2017\/06\/Bengt_Person-670x670.jpg 670w\" sizes=\"auto, (max-width: 380px) 100vw, 380px\" \/>\t\t\t\t<\/div>\n\t\t\t<\/div>\n\t\t\t<div class=\"column\">\n\t\t\t\t<div class=\"name\">Bengt Person<\/div><div class=\"position\">Seniorprofessor<\/div><a href=\"javascript:\/\/\" class=\"show-hide-link\"\n\t\t\t\t   data-show-text=\"Vis beskrivelse\"\n\t\t\t\t   data-hide-text=\"Skjul beskrivelse\">Vis beskrivelse<\/a>\t\t\t\t<div class=\"description\"\n\t\t\t\t\t aria-expanded=\"false\"><p>Bengt Persson \u00e4r seniorprofessor i specialpedagogik och har doktorsexamen i pedagogik fr\u00e5n G\u00f6teborgs universitet. Han har under l\u00e5ng tid bedrivit forskning inom det specialpedagogiska omr\u00e5det bland annat vid H\u00f6gskolan i Bor\u00e5s och Universitetet i Agder. Under senare \u00e5r har han lett och medverkat i en rad forskningsprojekt d\u00e4r inkluderande l\u00e4randemilj\u00f6er st\u00e5tt i fokus och \u00e4r engagerad som expert och r\u00e5dgivare f\u00f6r ett antal svenska skolmyndigheter.<\/p>\n<\/div>\n\t\t\t<\/div>\n\t\t<\/li>\n\t\t\t<li class=\"columns\">\n\t\t\t<div class=\"column\">\n\t\t\t\t<div class=\"square\">\n\t\t\t\t\t<img loading=\"lazy\" decoding=\"async\" width=\"380\" height=\"380\" src=\"https:\/\/files.nettsteder.regjeringen.no\/wpuploads01\/blogs.dir\/215\/files\/2017\/06\/Bj\u00f8rn__Wessel_Hennestad-380x380.jpg\" class=\"\" alt=\"Bj\u00f8rn__Wessel_Hennestad\" srcset=\"https:\/\/files.nettsteder.regjeringen.no\/wpuploads01\/blogs.dir\/215\/files\/2017\/06\/Bj\u00f8rn__Wessel_Hennestad-380x380.jpg 380w, https:\/\/files.nettsteder.regjeringen.no\/wpuploads01\/blogs.dir\/215\/files\/2017\/06\/Bj\u00f8rn__Wessel_Hennestad-150x150.jpg 150w, https:\/\/files.nettsteder.regjeringen.no\/wpuploads01\/blogs.dir\/215\/files\/2017\/06\/Bj\u00f8rn__Wessel_Hennestad-300x300.jpg 300w, https:\/\/files.nettsteder.regjeringen.no\/wpuploads01\/blogs.dir\/215\/files\/2017\/06\/Bj\u00f8rn__Wessel_Hennestad.jpg 768w, https:\/\/files.nettsteder.regjeringen.no\/wpuploads01\/blogs.dir\/215\/files\/2017\/06\/Bj\u00f8rn__Wessel_Hennestad-335x335.jpg 335w, https:\/\/files.nettsteder.regjeringen.no\/wpuploads01\/blogs.dir\/215\/files\/2017\/06\/Bj\u00f8rn__Wessel_Hennestad-670x670.jpg 670w\" sizes=\"auto, (max-width: 380px) 100vw, 380px\" \/>\t\t\t\t<\/div>\n\t\t\t<\/div>\n\t\t\t<div class=\"column\">\n\t\t\t\t<div class=\"name\">Bj\u00f8rn Wessel Hennestad<\/div><div class=\"position\">Professor<\/div><a href=\"javascript:\/\/\" class=\"show-hide-link\"\n\t\t\t\t   data-show-text=\"Vis beskrivelse\"\n\t\t\t\t   data-hide-text=\"Skjul beskrivelse\">Vis beskrivelse<\/a>\t\t\t\t<div class=\"description\"\n\t\t\t\t\t aria-expanded=\"false\"><p>Bj\u00f8rn W. Hennestad er dr oecon og utdannet Sivil\u00f8konom og Cand Sociol. Hans professorat er knyttet til Institutt for Organisasjon og ledelse ved Handelsh\u00f8yskolen BI hvor han tidligere har hatt flere lederstillinger og ogs\u00e5 et professorat i Endringsledelse. Hans forskingsinteresse og publisering handler om problemstillinger innen endringsledelse, organisasjonsl\u00e6ring og organisasjonskultur.<\/p>\n<\/div>\n\t\t\t<\/div>\n\t\t<\/li>\n\t\t\t<li class=\"columns\">\n\t\t\t<div class=\"column\">\n\t\t\t\t<div class=\"square\">\n\t\t\t\t\t<img loading=\"lazy\" decoding=\"async\" width=\"380\" height=\"380\" src=\"https:\/\/files.nettsteder.regjeringen.no\/wpuploads01\/blogs.dir\/215\/files\/2017\/06\/Camilla_Br\u00f8rup_Dyssegaard-380x380.jpg\" class=\"\" alt=\"Camilla_Br\u00f8rup_Dyssegaard\" srcset=\"https:\/\/files.nettsteder.regjeringen.no\/wpuploads01\/blogs.dir\/215\/files\/2017\/06\/Camilla_Br\u00f8rup_Dyssegaard-380x380.jpg 380w, https:\/\/files.nettsteder.regjeringen.no\/wpuploads01\/blogs.dir\/215\/files\/2017\/06\/Camilla_Br\u00f8rup_Dyssegaard-150x150.jpg 150w, https:\/\/files.nettsteder.regjeringen.no\/wpuploads01\/blogs.dir\/215\/files\/2017\/06\/Camilla_Br\u00f8rup_Dyssegaard-300x300.jpg 300w, https:\/\/files.nettsteder.regjeringen.no\/wpuploads01\/blogs.dir\/215\/files\/2017\/06\/Camilla_Br\u00f8rup_Dyssegaard.jpg 768w, https:\/\/files.nettsteder.regjeringen.no\/wpuploads01\/blogs.dir\/215\/files\/2017\/06\/Camilla_Br\u00f8rup_Dyssegaard-335x335.jpg 335w, https:\/\/files.nettsteder.regjeringen.no\/wpuploads01\/blogs.dir\/215\/files\/2017\/06\/Camilla_Br\u00f8rup_Dyssegaard-670x670.jpg 670w\" sizes=\"auto, (max-width: 380px) 100vw, 380px\" \/>\t\t\t\t<\/div>\n\t\t\t<\/div>\n\t\t\t<div class=\"column\">\n\t\t\t\t<div class=\"name\">Camilla Br\u00f8rup Dyssegaard<\/div><div class=\"position\">F\u00f8rsteamanuensis<\/div><a href=\"javascript:\/\/\" class=\"show-hide-link\"\n\t\t\t\t   data-show-text=\"Vis beskrivelse\"\n\t\t\t\t   data-hide-text=\"Skjul beskrivelse\">Vis beskrivelse<\/a>\t\t\t\t<div class=\"description\"\n\t\t\t\t\t aria-expanded=\"false\"><p>Camilla Br\u00f8rup Dyssegaard er l\u00e6reruddannet fra 1994, Cand.p\u00e6d.psyk. fra 2004, ph.d. fra 2009 og autoriseret psykolog fra 2011. Camilla har v\u00e6ret ansat ved Dansk Clearinghouse for Uddannelsesforskning (DCU) siden 2012 og har siden 2013 v\u00e6ret leder af DCU. Camilla har pr 1. september 2017 valgt at etablere siden egen virksomhed Ren Viden. Camillas prim\u00e6rforskningsomr\u00e5de er specialp\u00e6dagogik og inklusion og hun har deltaget i flere forskningsprojekter med fokus p\u00e5 inklusion. Camilla sidder endvidere i f\u00f8lgegruppen til det danske eftersyn af inklusion.<\/p>\n<\/div>\n\t\t\t<\/div>\n\t\t<\/li>\n\t\t\t<li class=\"columns\">\n\t\t\t<div class=\"column\">\n\t\t\t\t<div class=\"square\">\n\t\t\t\t\t<img loading=\"lazy\" decoding=\"async\" width=\"380\" height=\"380\" src=\"https:\/\/files.nettsteder.regjeringen.no\/wpuploads01\/blogs.dir\/215\/files\/2017\/06\/Elin_Kragseth_Vold-380x380.jpg\" class=\"\" alt=\"Elin_Kragseth_Vold\" srcset=\"https:\/\/files.nettsteder.regjeringen.no\/wpuploads01\/blogs.dir\/215\/files\/2017\/06\/Elin_Kragseth_Vold-380x380.jpg 380w, https:\/\/files.nettsteder.regjeringen.no\/wpuploads01\/blogs.dir\/215\/files\/2017\/06\/Elin_Kragseth_Vold-150x150.jpg 150w, https:\/\/files.nettsteder.regjeringen.no\/wpuploads01\/blogs.dir\/215\/files\/2017\/06\/Elin_Kragseth_Vold-300x300.jpg 300w, https:\/\/files.nettsteder.regjeringen.no\/wpuploads01\/blogs.dir\/215\/files\/2017\/06\/Elin_Kragseth_Vold.jpg 768w, https:\/\/files.nettsteder.regjeringen.no\/wpuploads01\/blogs.dir\/215\/files\/2017\/06\/Elin_Kragseth_Vold-335x335.jpg 335w, https:\/\/files.nettsteder.regjeringen.no\/wpuploads01\/blogs.dir\/215\/files\/2017\/06\/Elin_Kragseth_Vold-670x670.jpg 670w\" sizes=\"auto, (max-width: 380px) 100vw, 380px\" \/>\t\t\t\t<\/div>\n\t\t\t<\/div>\n\t\t\t<div class=\"column\">\n\t\t\t\t<div class=\"name\">Elin Kragseth Vold<\/div><div class=\"position\">Lektor<\/div><a href=\"javascript:\/\/\" class=\"show-hide-link\"\n\t\t\t\t   data-show-text=\"Vis beskrivelse\"\n\t\t\t\t   data-hide-text=\"Skjul beskrivelse\">Vis beskrivelse<\/a>\t\t\t\t<div class=\"description\"\n\t\t\t\t\t aria-expanded=\"false\"><p>Elin Kragset Vold er lektor i norsk, historie, fransk og mediekunnskap ved Thor Heyerdahl videreg\u00e5ende skole i Larvik. Hun har mastergrad i faglitter\u00e6r skriving og har skrevet flere b\u00f8ker. Fra 2005 til 2015 var hun ansatt i Statped og ved Nasjonalt senter for l\u00e6ringsmilj\u00f8 og atferdsforskning, de siste \u00e5rene som redakt\u00f8r for Statpeds magasin: Rom for l\u00e6ring. Vold er opptatt av l\u00e6ring og inkludering i klasserommet og i skolen. Thor Heyerdahl videreg\u00e5ende skole, med 1650 elever, fikk i 2014 Dronning Sonjas skolepris som blir delt ut til skoler som utmerker seg i \u00e5 praktisere likeverd og inkludering.<\/p>\n<p>&nbsp;<\/p>\n<\/div>\n\t\t\t<\/div>\n\t\t<\/li>\n\t\t\t<li class=\"columns\">\n\t\t\t<div class=\"column\">\n\t\t\t\t<div class=\"square\">\n\t\t\t\t\t<img loading=\"lazy\" decoding=\"async\" width=\"380\" height=\"380\" src=\"https:\/\/files.nettsteder.regjeringen.no\/wpuploads01\/blogs.dir\/215\/files\/2017\/06\/Judith_Ellinor_Martinsen_UT-380x380.jpg\" class=\"\" alt=\"Judith_Ellinor_Martinsen\" srcset=\"https:\/\/files.nettsteder.regjeringen.no\/wpuploads01\/blogs.dir\/215\/files\/2017\/06\/Judith_Ellinor_Martinsen_UT-380x380.jpg 380w, https:\/\/files.nettsteder.regjeringen.no\/wpuploads01\/blogs.dir\/215\/files\/2017\/06\/Judith_Ellinor_Martinsen_UT-150x150.jpg 150w, https:\/\/files.nettsteder.regjeringen.no\/wpuploads01\/blogs.dir\/215\/files\/2017\/06\/Judith_Ellinor_Martinsen_UT-300x300.jpg 300w, https:\/\/files.nettsteder.regjeringen.no\/wpuploads01\/blogs.dir\/215\/files\/2017\/06\/Judith_Ellinor_Martinsen_UT.jpg 768w, https:\/\/files.nettsteder.regjeringen.no\/wpuploads01\/blogs.dir\/215\/files\/2017\/06\/Judith_Ellinor_Martinsen_UT-335x335.jpg 335w, https:\/\/files.nettsteder.regjeringen.no\/wpuploads01\/blogs.dir\/215\/files\/2017\/06\/Judith_Ellinor_Martinsen_UT-670x670.jpg 670w\" sizes=\"auto, (max-width: 380px) 100vw, 380px\" \/>\t\t\t\t<\/div>\n\t\t\t<\/div>\n\t\t\t<div class=\"column\">\n\t\t\t\t<div class=\"name\">Judith Ellinor Martinsen<\/div><div class=\"position\">Rektor<\/div><a href=\"javascript:\/\/\" class=\"show-hide-link\"\n\t\t\t\t   data-show-text=\"Vis beskrivelse\"\n\t\t\t\t   data-hide-text=\"Skjul beskrivelse\">Vis beskrivelse<\/a>\t\t\t\t<div class=\"description\"\n\t\t\t\t\t aria-expanded=\"false\"><p>Judit Ellinor Martinsen er rektor ved Prestvannet skole i Troms\u00f8 og har i tillegg ansvar for all samisk og finsk undervisning i Troms\u00f8 kommune. Utdannet allmenl\u00e6rer med videreutdanning i spesialpedagogikk fra Troms\u00f8 l\u00e6rerskole i 1982. Har jobbet som l\u00e6rer i barneskole, ungdomsskole, statlig spesialskole og alternativ ungdomsskole for elever med sosiale og emosjonelle vansker. Jobbet en periode med forebyggende barnevern. Har de siste 20 \u00e5rene jobbet som skoleleder, de siste 17 som rektor.<\/p>\n<\/div>\n\t\t\t<\/div>\n\t\t<\/li>\n\t\t\t<li class=\"columns\">\n\t\t\t<div class=\"column\">\n\t\t\t\t<div class=\"square\">\n\t\t\t\t\t<img loading=\"lazy\" decoding=\"async\" width=\"380\" height=\"380\" src=\"https:\/\/files.nettsteder.regjeringen.no\/wpuploads01\/blogs.dir\/215\/files\/2017\/06\/Mari_Waae_Wang-380x380.jpg\" class=\"\" alt=\"Mari_Waae_Wang\" srcset=\"https:\/\/files.nettsteder.regjeringen.no\/wpuploads01\/blogs.dir\/215\/files\/2017\/06\/Mari_Waae_Wang-380x380.jpg 380w, https:\/\/files.nettsteder.regjeringen.no\/wpuploads01\/blogs.dir\/215\/files\/2017\/06\/Mari_Waae_Wang-150x150.jpg 150w, https:\/\/files.nettsteder.regjeringen.no\/wpuploads01\/blogs.dir\/215\/files\/2017\/06\/Mari_Waae_Wang-300x300.jpg 300w, https:\/\/files.nettsteder.regjeringen.no\/wpuploads01\/blogs.dir\/215\/files\/2017\/06\/Mari_Waae_Wang.jpg 768w, https:\/\/files.nettsteder.regjeringen.no\/wpuploads01\/blogs.dir\/215\/files\/2017\/06\/Mari_Waae_Wang-335x335.jpg 335w, https:\/\/files.nettsteder.regjeringen.no\/wpuploads01\/blogs.dir\/215\/files\/2017\/06\/Mari_Waae_Wang-670x670.jpg 670w\" sizes=\"auto, (max-width: 380px) 100vw, 380px\" \/>\t\t\t\t<\/div>\n\t\t\t<\/div>\n\t\t\t<div class=\"column\">\n\t\t\t\t<div class=\"name\">Mari Vaage Wang<\/div><div class=\"position\">Forsker<\/div><a href=\"javascript:\/\/\" class=\"show-hide-link\"\n\t\t\t\t   data-show-text=\"Vis beskrivelse\"\n\t\t\t\t   data-hide-text=\"Skjul beskrivelse\">Vis beskrivelse<\/a>\t\t\t\t<div class=\"description\"\n\t\t\t\t\t aria-expanded=\"false\"><p><span style=\"font-family: Calibri\">Mari Vaage Wang er ph.d. i psykologi fra Universitet i Oslo. Hennes interessefelt er psykisk helse hos barn og unge, og hun forsker blant annet p\u00e5 hvordan barnehager og skoler er med \u00e5 p\u00e5virker barns utvikling. Hun leder Spr\u00e5k- og l\u00e6ringsstudien (SOL) ved FHI som basert p\u00e5 Den norske mor og barn-unders\u00f8kelsen inkluderer flere prosjekter med tematikk som mobbing, sosio-emosjonelle vansker og spr\u00e5kvansker hos barn i f\u00f8rskole- og skolealder. <\/span><\/p>\n<p>&nbsp;<\/p>\n<\/div>\n\t\t\t<\/div>\n\t\t<\/li>\n\t\t\t<li class=\"columns\">\n\t\t\t<div class=\"column\">\n\t\t\t\t<div class=\"square\">\n\t\t\t\t\t<img loading=\"lazy\" decoding=\"async\" width=\"380\" height=\"380\" src=\"https:\/\/files.nettsteder.regjeringen.no\/wpuploads01\/blogs.dir\/215\/files\/2017\/06\/Pia_Paulsrud-380x380.jpg\" class=\"\" alt=\"Pia_Paulsrud\" srcset=\"https:\/\/files.nettsteder.regjeringen.no\/wpuploads01\/blogs.dir\/215\/files\/2017\/06\/Pia_Paulsrud-380x380.jpg 380w, https:\/\/files.nettsteder.regjeringen.no\/wpuploads01\/blogs.dir\/215\/files\/2017\/06\/Pia_Paulsrud-150x150.jpg 150w, https:\/\/files.nettsteder.regjeringen.no\/wpuploads01\/blogs.dir\/215\/files\/2017\/06\/Pia_Paulsrud-300x300.jpg 300w, https:\/\/files.nettsteder.regjeringen.no\/wpuploads01\/blogs.dir\/215\/files\/2017\/06\/Pia_Paulsrud.jpg 768w, https:\/\/files.nettsteder.regjeringen.no\/wpuploads01\/blogs.dir\/215\/files\/2017\/06\/Pia_Paulsrud-335x335.jpg 335w, https:\/\/files.nettsteder.regjeringen.no\/wpuploads01\/blogs.dir\/215\/files\/2017\/06\/Pia_Paulsrud-670x670.jpg 670w\" sizes=\"auto, (max-width: 380px) 100vw, 380px\" \/>\t\t\t\t<\/div>\n\t\t\t<\/div>\n\t\t\t<div class=\"column\">\n\t\t\t\t<div class=\"name\">Pia Paulsrud<\/div><div class=\"position\">Fag- og kvalitetsdirekt\u00f8r <\/div><a href=\"javascript:\/\/\" class=\"show-hide-link\"\n\t\t\t\t   data-show-text=\"Vis beskrivelse\"\n\t\t\t\t   data-hide-text=\"Skjul beskrivelse\">Vis beskrivelse<\/a>\t\t\t\t<div class=\"description\"\n\t\t\t\t\t aria-expanded=\"false\"><p>Pia Paulsrud er fag- og kvalitetsdirekt\u00f8r i barnehagekjeden Espira som har ca. 100 barnehager i Norge. Pia er utdannet f\u00f8rskolel\u00e6rer fra 1995 og har en mastergrad i spesialpedagogikk fra 2006. Pia har allsidig arbeidserfaring fra barnehage, grunnskole, pedagogisk-psykologisk tjeneste og Utdanningsdirektoratet. Pia var i perioden 2015-2017 nasjonal deltager i det Europeiske prosjektet IECE (Inclusive Early Childhood Education), i regi av European Agency for Special Needs and Inclusive Education.<\/p>\n<\/div>\n\t\t\t<\/div>\n\t\t<\/li>\n\t\t\t<li class=\"columns\">\n\t\t\t<div class=\"column\">\n\t\t\t\t<div class=\"square\">\n\t\t\t\t\t<img loading=\"lazy\" decoding=\"async\" width=\"380\" height=\"380\" src=\"https:\/\/files.nettsteder.regjeringen.no\/wpuploads01\/blogs.dir\/215\/files\/2017\/06\/Trond_Johnsen-380x380.jpg\" class=\"\" alt=\"Trond_Johnsen\" srcset=\"https:\/\/files.nettsteder.regjeringen.no\/wpuploads01\/blogs.dir\/215\/files\/2017\/06\/Trond_Johnsen-380x380.jpg 380w, https:\/\/files.nettsteder.regjeringen.no\/wpuploads01\/blogs.dir\/215\/files\/2017\/06\/Trond_Johnsen-150x150.jpg 150w, https:\/\/files.nettsteder.regjeringen.no\/wpuploads01\/blogs.dir\/215\/files\/2017\/06\/Trond_Johnsen-300x300.jpg 300w, https:\/\/files.nettsteder.regjeringen.no\/wpuploads01\/blogs.dir\/215\/files\/2017\/06\/Trond_Johnsen.jpg 768w, https:\/\/files.nettsteder.regjeringen.no\/wpuploads01\/blogs.dir\/215\/files\/2017\/06\/Trond_Johnsen-335x335.jpg 335w, https:\/\/files.nettsteder.regjeringen.no\/wpuploads01\/blogs.dir\/215\/files\/2017\/06\/Trond_Johnsen-670x670.jpg 670w\" sizes=\"auto, (max-width: 380px) 100vw, 380px\" \/>\t\t\t\t<\/div>\n\t\t\t<\/div>\n\t\t\t<div class=\"column\">\n\t\t\t\t<div class=\"name\">Trond Johnsen<\/div><div class=\"position\">Skolesjef<\/div><a href=\"javascript:\/\/\" class=\"show-hide-link\"\n\t\t\t\t   data-show-text=\"Vis beskrivelse\"\n\t\t\t\t   data-hide-text=\"Skjul beskrivelse\">Vis beskrivelse<\/a>\t\t\t\t<div class=\"description\"\n\t\t\t\t\t aria-expanded=\"false\"><\/div>\n\t\t\t<\/div>\n\t\t<\/li>\n\t<\/ul>\n<\/div><\/div>","protected":false},"excerpt":{"rendered":"<p>Vi er fagpersoner og forskere fra Danmark, Sverige og Norge. Vi skal skrive en rapport om hvordan det spesialpedagogiske tilbudet &#8230;<\/p>\n","protected":false},"author":697,"featured_media":0,"parent":0,"menu_order":0,"comment_status":"closed","ping_status":"closed","template":"","meta":{"_acf_changed":false,"footnotes":""},"class_list":["post-35","page","type-page","status-publish","hentry"],"acf":[],"language":"nb-NO","_links":{"self":[{"href":"https:\/\/nettsteder.regjeringen.no\/inkludering-barn-unge\/wp-json\/wp\/v2\/pages\/35","targetHints":{"allow":["GET"]}}],"collection":[{"href":"https:\/\/nettsteder.regjeringen.no\/inkludering-barn-unge\/wp-json\/wp\/v2\/pages"}],"about":[{"href":"https:\/\/nettsteder.regjeringen.no\/inkludering-barn-unge\/wp-json\/wp\/v2\/types\/page"}],"author":[{"embeddable":true,"href":"https:\/\/nettsteder.regjeringen.no\/inkludering-barn-unge\/wp-json\/wp\/v2\/users\/697"}],"replies":[{"embeddable":true,"href":"https:\/\/nettsteder.regjeringen.no\/inkludering-barn-unge\/wp-json\/wp\/v2\/comments?post=35"}],"version-history":[{"count":25,"href":"https:\/\/nettsteder.regjeringen.no\/inkludering-barn-unge\/wp-json\/wp\/v2\/pages\/35\/revisions"}],"predecessor-version":[{"id":903,"href":"https:\/\/nettsteder.regjeringen.no\/inkludering-barn-unge\/wp-json\/wp\/v2\/pages\/35\/revisions\/903"}],"wp:attachment":[{"href":"https:\/\/nettsteder.regjeringen.no\/inkludering-barn-unge\/wp-json\/wp\/v2\/media?parent=35"}],"curies":[{"name":"wp","href":"https:\/\/api.w.org\/{rel}","templated":true}]}}