{"id":69,"date":"2023-04-25T12:53:11","date_gmt":"2023-04-25T10:53:11","guid":{"rendered":"https:\/\/nettsteder.regjeringen.no\/idskjermingsutvalget\/?page_id=69"},"modified":"2023-04-25T12:58:00","modified_gmt":"2023-04-25T10:58:00","slug":"innsyn","status":"publish","type":"page","link":"https:\/\/nettsteder.regjeringen.no\/idskjermingsutvalget\/innsyn\/","title":{"rendered":"Innsyn"},"content":{"rendered":"\n<p>Utvalget f\u00f8rer l\u00f8pende journal over arkivverdige dokumenter p\u00e5 <a href=\"https:\/\/einnsyn.no\/\" target=\"_blank\" rel=\"noreferrer noopener\">eInnsyn<\/a>. Journalen publiseres ukentlig. Vi setter pris p\u00e5 om man benytter <a href=\"https:\/\/einnsyn.no\/\" target=\"_blank\" rel=\"noreferrer noopener\">einnsyn.no<\/a> til innsynskrav. For \u00e5 finne v\u00e5r postjournal anbefales det at man velger \u00abJustis- og beredskapsdepartementet\u00bb under \u00abFilter\u00bb, \u00abStat\u00bb. S\u00f8ker man da p\u00e5 ID-skjermingsutvalget f\u00e5r man opp v\u00e5re saker.<\/p>\n","protected":false},"excerpt":{"rendered":"<p>Utvalget f\u00f8rer l\u00f8pende journal over arkivverdige dokumenter p\u00e5 eInnsyn. Journalen publiseres ukentlig. Vi setter pris p\u00e5 om man benytter einnsyn.no til innsynskrav. For \u00e5 finne v\u00e5r postjournal anbefales det at man velger \u00abJustis- og beredskapsdepartementet\u00bb under \u00abFilter\u00bb, \u00abStat\u00bb. S\u00f8ker man da p\u00e5 ID-skjermingsutvalget f\u00e5r man opp v\u00e5re saker.<\/p>\n","protected":false},"author":3221,"featured_media":0,"parent":0,"menu_order":0,"comment_status":"closed","ping_status":"closed","template":"","meta":{"dss_simple_post_excerpt":"","dss_show_featured_image":true,"footnotes":""},"class_list":["post-69","page","type-page","status-publish","hentry"],"language":"nb-NO","_links":{"self":[{"href":"https:\/\/nettsteder.regjeringen.no\/idskjermingsutvalget\/wp-json\/wp\/v2\/pages\/69","targetHints":{"allow":["GET"]}}],"collection":[{"href":"https:\/\/nettsteder.regjeringen.no\/idskjermingsutvalget\/wp-json\/wp\/v2\/pages"}],"about":[{"href":"https:\/\/nettsteder.regjeringen.no\/idskjermingsutvalget\/wp-json\/wp\/v2\/types\/page"}],"author":[{"embeddable":true,"href":"https:\/\/nettsteder.regjeringen.no\/idskjermingsutvalget\/wp-json\/wp\/v2\/users\/3221"}],"replies":[{"embeddable":true,"href":"https:\/\/nettsteder.regjeringen.no\/idskjermingsutvalget\/wp-json\/wp\/v2\/comments?post=69"}],"version-history":[{"count":2,"href":"https:\/\/nettsteder.regjeringen.no\/idskjermingsutvalget\/wp-json\/wp\/v2\/pages\/69\/revisions"}],"predecessor-version":[{"id":73,"href":"https:\/\/nettsteder.regjeringen.no\/idskjermingsutvalget\/wp-json\/wp\/v2\/pages\/69\/revisions\/73"}],"wp:attachment":[{"href":"https:\/\/nettsteder.regjeringen.no\/idskjermingsutvalget\/wp-json\/wp\/v2\/media?parent=69"}],"curies":[{"name":"wp","href":"https:\/\/api.w.org\/{rel}","templated":true}]}}