{"id":8,"date":"2025-10-01T14:23:27","date_gmt":"2025-10-01T12:23:27","guid":{"rendered":"https:\/\/nettsteder.regjeringen.no\/helsereformutvalget\/?page_id=8"},"modified":"2025-10-08T15:19:08","modified_gmt":"2025-10-08T13:19:08","slug":"mandat","status":"publish","type":"page","link":"https:\/\/nettsteder.regjeringen.no\/helsereformutvalget\/mandat\/","title":{"rendered":"Mandat"},"content":{"rendered":"\n<h2 class=\"wp-block-heading\">Form\u00e5l<\/h2>\n\n\n\n<p>Utvalget skal utrede og foresl\u00e5 modeller for \u00e5 sikre en sammenhengende og b\u00e6rekraftig helse- og omsorgstjeneste i Norge.<\/p>\n\n\n\n<h2 class=\"wp-block-heading\">Bakgrunn<\/h2>\n\n\n\n<p>Norge skal ha helse- og omsorgstjenester i verdensklasse og v\u00e5r felles helse- og omsorgstjeneste skal v\u00e6re f\u00f8rstevalget for b\u00e5de innbyggere og medarbeidere. For \u00e5 lykkes med denne ambisjonen m\u00e5 vi ta innover oss viktige utviklingstrekk og erkjenne at vi st\u00e5r overfor store omstillingsbehov i \u00e5rene fremover.&nbsp;<\/p>\n\n\n\n<p>Befolkningen blir eldre, forventningene til tjenestene er i endring og vi har ikke ubegrenset tilgang til arbeidskraft. If\u00f8lge Helsepersonellkommisjonen og Perspektivmeldingen vil vi f\u00e5 et stramt arbeidsmarked framover, og flere tiltak vil v\u00e6re n\u00f8dvendig for \u00e5 m\u00f8te disse utfordringene. Pasient- og brukerforl\u00f8pene blir mer kompliserte, og g\u00e5r p\u00e5 tvers av fagomr\u00e5der og forvaltningsniv\u00e5er. Medisinsk og teknologisk utvikling gir nye muligheter. Samtidig kan ny teknologi v\u00e6re kostnadsdrivende. Personell, bygg og utstyr m\u00e5 brukes riktig for \u00e5 bidra til velferdsstatens b\u00e6rekraft, s\u00e6rlig n\u00e5r perspektivmeldingen viser at statens utgifter vil overstige statens inntekter tidlig p\u00e5 2030-tallet. Alt dette peker p\u00e5 behov for \u00e5 fornye, forsterke og forbedre velferdsstaten.<\/p>\n\n\n\n<p>Regjeringen tar derfor initiativ til \u00e5 gjennomf\u00f8re en n\u00f8dvendig reform for \u00e5 skape fremtidens helse- og omsorgstjenester.<\/p>\n\n\n\n<h2 class=\"wp-block-heading\">Om oppdraget<\/h2>\n\n\n\n<p><em>Utvalget skal: <\/em><\/p>\n\n\n\n<ul class=\"wp-block-list is-layout-flow wp-block-list-is-layout-flow\">\n<li>Utrede og foresl\u00e5 ulike modeller for fremtidig organisering, styring og finansiering av en sammenhengende og integrert helse- og omsorgstjeneste i Norge.&nbsp;<\/li>\n\n\n\n<li>Vurdere ansvars- og oppgavefordelingen mellom den kommunale og fylkeskommunale helse- og omsorgstjenesten og spesialisthelsetjenesten.<\/li>\n\n\n\n<li>Vurdere hvordan samarbeid med private akt\u00f8rer kan organiseres p\u00e5 en hensiktsmessig m\u00e5te, for \u00e5 sikre at vi fremdeles skal ha felles og likeverdige skattefinansierte helse- og omsorgstjenester i Norge.<\/li>\n\n\n\n<li>Utarbeide et beslutningsgrunnlag og foresl\u00e5 tiltak som underst\u00f8tter:\n<ul class=\"wp-block-list is-layout-flow wp-block-list-is-layout-flow\">\n<li>h\u00f8y kvalitet i helse- og omsorgstjenestene,<\/li>\n\n\n\n<li>likeverdige tjenester over hele landet,<\/li>\n\n\n\n<li>sammenhengende og helhetlige pasientforl\u00f8p,<\/li>\n\n\n\n<li>effektiv oppgavefordeling og ressursbruk mellom de ulike delene av tjenestene<\/li>\n\n\n\n<li>forsterket innsats for folkehelse og god forebygging,<\/li>\n\n\n\n<li>oppfyllelse av pasient- og brukerrettigheter,<\/li>\n\n\n\n<li>valgmuligheter, blant annet fritt sykehusvalg,<\/li>\n\n\n\n<li>p\u00e5r\u00f8rendes rolle,<\/li>\n\n\n\n<li>m\u00e5let om \u00e5 redusere sosial og geografisk ulikhet,<\/li>\n\n\n\n<li>at den offentlige helse- og omsorgstjenesten skal v\u00e6re fagfolkenes foretrukne arbeidssted,<\/li>\n\n\n\n<li>ny teknologi, KI og digitale l\u00f8sninger, samt sikre riktig bruk av menneskelige og teknologiske ressurser,<\/li>\n\n\n\n<li>demokratisk styring av helse- og omsorgstjenesten,<\/li>\n\n\n\n<li>god totalberedskap i hele landet<\/li>\n<\/ul>\n<\/li>\n\n\n\n<li>Redegj\u00f8re for \u00f8konomiske, juridiske, administrative, personellmessige og samfunnsmessige konsekvenser av de ulike forslagene.<\/li>\n<\/ul>\n\n\n\n<h2 class=\"wp-block-heading\">Gjennomf\u00f8ring og leveranser<\/h2>\n\n\n\n<p><\/p>\n\n\n\n<p>Utvalget skal f\u00f8lge utredningsinstruksen, herunder vurdere hvilke utfordringer sektoren st\u00e5r overfor, ulike mulige tiltak for \u00e5 m\u00f8te disse, og konsekvenser av ulike tiltak. <a><\/a><\/p>\n\n\n\n<p>Det legges til grunn at kommunene skal ha ansvar for omsorgstjenester og at staten skal ha ansvar for sykehus og spesialisthelsetjenester, der egne rettssubjekter innehar s\u00f8rge-for-ansvar, faglig autonomi og selvstendig budsjett- og resultatansvar.<\/p>\n\n\n\n<p>Utvalget b\u00f8r ogs\u00e5 se hen til annet p\u00e5g\u00e5ende utredningsarbeid, samt tilsvarende arbeid og erfaringer fra land det er naturlig \u00e5 sammenligne seg med. Utvalget har anledning til \u00e5 hente inn ny kunnskap om det er behov for det.<\/p>\n\n\n\n<p>Utvalget skal se hen til Kommunekommisjonens arbeid, og henstilles til \u00e5 ha l\u00f8pende kontakt med partene og fagorganisasjonene.<\/p>\n\n\n\n<p>Utvalget skal i sitt arbeid involvere de ansatte i helse- og omsorgstjenestene, pasienter, brukere og p\u00e5r\u00f8rende, kommuner og helseforetak, fageksperter og andre akt\u00f8rer rundt helse- og omsorgstjenestene. Utvalget skal ogs\u00e5 skape arenaer for en bred offentlig debatt.<\/p>\n\n\n\n<p>Utvalget vil f\u00e5 et eget sekretariat, og det etableres en referansegruppe. Utvalget skal levere sin rapport med anbefalinger innen 1. november 2026.&nbsp;Sett inn mandatet her.<\/p>\n","protected":false},"excerpt":{"rendered":"<p>Form\u00e5l Utvalget skal utrede og foresl\u00e5 modeller for \u00e5 sikre en sammenhengende og b\u00e6rekraftig helse- og omsorgstjeneste i Norge. Bakgrunn Norge skal ha helse- og omsorgstjenester i verdensklasse og v\u00e5r felles helse- og omsorgstjeneste skal v\u00e6re f\u00f8rstevalget for b\u00e5de innbyggere og medarbeidere. For \u00e5 lykkes med denne ambisjonen m\u00e5 vi ta innover oss viktige utviklingstrekk\u2026<\/p>\n","protected":false},"author":2877,"featured_media":0,"parent":0,"menu_order":0,"comment_status":"closed","ping_status":"closed","template":"","meta":{"dss_simple_post_excerpt":"","dss_show_featured_image":true,"dss_show_title":false,"footnotes":""},"class_list":["post-8","page","type-page","status-publish","hentry"],"language":"nb-NO","_links":{"self":[{"href":"https:\/\/nettsteder.regjeringen.no\/helsereformutvalget\/wp-json\/wp\/v2\/pages\/8","targetHints":{"allow":["GET"]}}],"collection":[{"href":"https:\/\/nettsteder.regjeringen.no\/helsereformutvalget\/wp-json\/wp\/v2\/pages"}],"about":[{"href":"https:\/\/nettsteder.regjeringen.no\/helsereformutvalget\/wp-json\/wp\/v2\/types\/page"}],"author":[{"embeddable":true,"href":"https:\/\/nettsteder.regjeringen.no\/helsereformutvalget\/wp-json\/wp\/v2\/users\/2877"}],"replies":[{"embeddable":true,"href":"https:\/\/nettsteder.regjeringen.no\/helsereformutvalget\/wp-json\/wp\/v2\/comments?post=8"}],"version-history":[{"count":3,"href":"https:\/\/nettsteder.regjeringen.no\/helsereformutvalget\/wp-json\/wp\/v2\/pages\/8\/revisions"}],"predecessor-version":[{"id":83,"href":"https:\/\/nettsteder.regjeringen.no\/helsereformutvalget\/wp-json\/wp\/v2\/pages\/8\/revisions\/83"}],"wp:attachment":[{"href":"https:\/\/nettsteder.regjeringen.no\/helsereformutvalget\/wp-json\/wp\/v2\/media?parent=8"}],"curies":[{"name":"wp","href":"https:\/\/api.w.org\/{rel}","templated":true}]}}