{"id":10,"date":"2025-10-01T14:23:48","date_gmt":"2025-10-01T12:23:48","guid":{"rendered":"https:\/\/nettsteder.regjeringen.no\/helsereformutvalget\/?page_id=10"},"modified":"2026-03-30T09:38:09","modified_gmt":"2026-03-30T07:38:09","slug":"kontakt","status":"publish","type":"page","link":"https:\/\/nettsteder.regjeringen.no\/helsereformutvalget\/kontakt\/","title":{"rendered":"M\u00f8ter i Helsereformutvalget"},"content":{"rendered":"\n<h2 class=\"wp-block-heading\">F\u00f8rste m\u00f8te 2. september 2025<\/h2>\n\n\n\n<p>Utvalgsleder Gunnar Bovim og utvalgsmedlemmene presenterte seg. M\u00f8tet ble brukt til \u00e5 reflektere over mandatet.<\/p>\n\n\n\n<p><\/p>\n\n\n\n<h2 class=\"wp-block-heading\">Teamsm\u00f8te med helse- og omsorgsminister Vestre <\/h2>\n\n\n\n<p>Helse- og omsorgsminister Jan Christian Vestre m\u00f8tte utvalget og presenterte mandatet og sine forventinger til utvalget. <\/p>\n\n\n\n<h2 class=\"wp-block-heading\">Andre m\u00f8te 29-30 september  2025<\/h2>\n\n\n\n<p>Utvalget brukte m\u00f8tet til \u00e5 f\u00e5 mer kunnskap om kommunenes utfordringsbilde og fikk presentasjoner av Kommunekommisjonens leder Eivind Dale, samt presentasjoner av prosjektene Samhandlingsarena Kongsberg og En vei inn i Vestfold. Sundhetsstrukturkommissonens leder Jesper Fisker presenterte kommisjonens arbeid.<\/p>\n\n\n\n<h2 class=\"wp-block-heading\">Tredje m\u00f8te 15 oktober 2025<\/h2>\n\n\n\n<p>Utvalget brukte m\u00f8tet til \u00e5 f\u00e5 mer kunnskap om utfordringene ved det norske helsesystemet og fikk presentasjon ved Terje P. Hagen (UiO), presentasjoner av prosjektene integrerte helsetjenester i \u00d8stfold og AHUS og kommuner. Utvalget diskuterte akt\u00f8rbildet innen IKT og digitalisering, utviklingstrekk og behov for bestillinger av utredninger. Leder for referansegruppen Lilly Ann Elvestad innledet om plan for arbeidet i referansegruppen.<\/p>\n\n\n\n<h2 class=\"wp-block-heading\">Fjerde m\u00f8te 26. november 2025<\/h2>\n\n\n\n<p>Utvalget brukte m\u00f8tet til \u00e5 f\u00e5 mer kunnskap om utfordringer innen digitalisering og fikk presentasjoner fra Helsedirektoratet og Norsk helsenett. Utvalget fikk presentasjon av prosjektet eldre i Agder. Leder av refereransegruppen Lilly Ann Elvestad la fram utfordringsbildet sett fra referansegruppens st\u00e5sted. <\/p>\n\n\n\n<h2 class=\"wp-block-heading\">Femte m\u00f8te 5-6 januar 2026<\/h2>\n\n\n\n<p>Utvalget brukte m\u00f8tet til \u00e5 f\u00e5 kunnskap om helse- og omsorgstjenestene i Sverige og Finland. Videre brukte utvalget m\u00f8tet til \u00e5 f\u00e5 mer kunnskap om samhandling og helsefellesskapene og fikk presentasjoner fra Ragnhild Helles\u00f8 og fra Helsedirektoratet. Benedicte Thorsen-Dahl fra Sykehuset Innlandet, Elisabeth H\u00f8yland fra Sandnes kommune og Helsedirektoratet ved Jin Marte \u00d8vreeide og Torhild Torjussen Hovdal holdt presentasjoner om psykisk helsevern. Lilly Ann Elvestad la fram referansegruppens tilbakemeldinger om m\u00e5l og hensyn ved vurdering av modeller. Utvalget startet diskusjoner om modeller for organisering av tjenestene.<\/p>\n\n\n\n<h2 class=\"wp-block-heading\">Sjette m\u00f8te 3-4 februar 2026<\/h2>\n\n\n\n<p>Eivind Dale presenterte Kommunekommisjonens f\u00f8rste rapport. Lilly Ann Elvestad la fram referansegruppens tilbakemeldinger om modeller. Utvalget fikk presentasjoner av helsefellesskapet Lofoten, Vester\u00e5len og Salten, helsefellesskapet Helgeland og fra prosjektet LofotENhelsetjeneste. Helse Nord RHF og kommunene i Troms\u00f8, Bod\u00f8, Narvik, Harstad, Alta og Rana presenterte utfordringsbildet og mulige organisatoriske l\u00f8sninger sett fra de st\u00f8rste bykommunene i nord. Utvalget diskuterte modeller for organisering. &nbsp;<\/p>\n\n\n\n<h2 class=\"wp-block-heading\">Sjuende m\u00f8te 24-25 mars 2026<\/h2>\n\n\n\n<p>Utvalget brukte m\u00f8tet til \u00e5 f\u00e5 mer kunnskap om allmennlegetjenester, og fikk presentasjoner fra Tor Iversen, Maren Skaset,  Aleksander Notto Sandnes , Trond Morten Trondsen, Linn Getz, Steinar Hunsk\u00e5r, Johan H\u00e5kon Bj\u00f8rngaard og Jan-Eilert Pedersen. Lilly Ann Elvestad la fra referansegruppens tilbakemeldinger p\u00e5 utvalgte fagomr\u00e5der. Utvalget diskuterte hvordan scenarier kan anvendes p\u00e5 utfordringsbildet og fortsatte diskusjonen om modeller for organisering. <\/p>\n\n\n\n<p><\/p>\n","protected":false},"excerpt":{"rendered":"<p>F\u00f8rste m\u00f8te 2. september 2025 Utvalgsleder Gunnar Bovim og utvalgsmedlemmene presenterte seg. M\u00f8tet ble brukt til \u00e5 reflektere over mandatet. Teamsm\u00f8te med helse- og omsorgsminister Vestre Helse- og omsorgsminister Jan Christian Vestre m\u00f8tte utvalget og presenterte mandatet og sine forventinger til utvalget. Andre m\u00f8te 29-30 september 2025 Utvalget brukte m\u00f8tet til \u00e5 f\u00e5 mer kunnskap\u2026<\/p>\n","protected":false},"author":2877,"featured_media":0,"parent":0,"menu_order":0,"comment_status":"closed","ping_status":"closed","template":"","meta":{"dss_simple_post_excerpt":"","dss_show_featured_image":true,"dss_show_title":false,"footnotes":""},"class_list":["post-10","page","type-page","status-publish","hentry"],"language":"nb-NO","_links":{"self":[{"href":"https:\/\/nettsteder.regjeringen.no\/helsereformutvalget\/wp-json\/wp\/v2\/pages\/10","targetHints":{"allow":["GET"]}}],"collection":[{"href":"https:\/\/nettsteder.regjeringen.no\/helsereformutvalget\/wp-json\/wp\/v2\/pages"}],"about":[{"href":"https:\/\/nettsteder.regjeringen.no\/helsereformutvalget\/wp-json\/wp\/v2\/types\/page"}],"author":[{"embeddable":true,"href":"https:\/\/nettsteder.regjeringen.no\/helsereformutvalget\/wp-json\/wp\/v2\/users\/2877"}],"replies":[{"embeddable":true,"href":"https:\/\/nettsteder.regjeringen.no\/helsereformutvalget\/wp-json\/wp\/v2\/comments?post=10"}],"version-history":[{"count":3,"href":"https:\/\/nettsteder.regjeringen.no\/helsereformutvalget\/wp-json\/wp\/v2\/pages\/10\/revisions"}],"predecessor-version":[{"id":857,"href":"https:\/\/nettsteder.regjeringen.no\/helsereformutvalget\/wp-json\/wp\/v2\/pages\/10\/revisions\/857"}],"wp:attachment":[{"href":"https:\/\/nettsteder.regjeringen.no\/helsereformutvalget\/wp-json\/wp\/v2\/media?parent=10"}],"curies":[{"name":"wp","href":"https:\/\/api.w.org\/{rel}","templated":true}]}}