{"id":21,"date":"2018-01-04T09:27:01","date_gmt":"2018-01-04T08:27:01","guid":{"rendered":"https:\/\/nettsteder.regjeringen.no\/helsenaeringen\/?page_id=21"},"modified":"2019-03-27T13:20:02","modified_gmt":"2019-03-27T12:20:02","slug":"innspillsmoter","status":"publish","type":"page","link":"https:\/\/nettsteder.regjeringen.no\/helsenaeringen\/innspillsmoter\/","title":{"rendered":"Innspillsm\u00f8ter"},"content":{"rendered":"<div id=\"module-0\" class=\"hogan-module hogan-module-text hogan-module-0 text-wrap\"><div class=\"hogan-module-inner clearfix\"><p>Innspillsm\u00f8ter kan b\u00e5de gi nyttige bidrag til arbeidet og brukes til \u00e5 l\u00f8fte viktige temaer i den offentlige debatten. Departementene har arrangert en rekke innspillsm\u00f8ter og studiebes\u00f8k i inn- og utland det siste \u00e5ret, med helse- og omsorgstjenesten, virkemiddelapparat, forskningsmilj\u00f8er og andre. Vi har opplevd dette som sv\u00e6rt positivt og har m\u00f8tt et stort engasjement overalt. Her er et utvalg av m\u00f8tene:<\/p>\n<ul>\n<li>Innspillsm\u00f8te i Oslo\u00a011.\u00a0august 2017. <a href=\"https:\/\/www.regjeringen.no\/no\/aktuelt\/fekk-gode-rad-om-helsenaring\/id2565864\/\">Les mer\u00a0om m\u00f8tet her<\/a>.<\/li>\n<li>Innspillsm\u00f8te i Bergen 29. januar 2018. <a href=\"https:\/\/www.regjeringen.no\/no\/aktuelt\/hoie-til-bergen-for-a-mote-helsenaringa\/id2587902\/\">Les mer\u00a0om m\u00f8tet her<\/a>.<\/li>\n<li>M\u00f8te med akt\u00f8rer fra legemiddelindustrien i NFD 3. mai og i HOD 14. mai 2018.<\/li>\n<li>Ulike arrangementer under Arendalsuka august 2018.<\/li>\n<li>Innspillsm\u00f8te med kapitalakt\u00f8rer i Oslo 10. oktober 2018.<\/li>\n<\/ul><\/div><\/div>","protected":false},"excerpt":{"rendered":"<p>Som en del av arbeidet med stortingsmeldingen har HOD og NFD arrangert en rekke felles innspillsm\u00f8ter.<\/p>\n","protected":false},"author":533,"featured_media":0,"parent":0,"menu_order":0,"comment_status":"closed","ping_status":"closed","template":"","meta":{"_acf_changed":false,"footnotes":""},"class_list":["post-21","page","type-page","status-publish","hentry"],"acf":[],"language":"nb-NO","_links":{"self":[{"href":"https:\/\/nettsteder.regjeringen.no\/helsenaeringen\/wp-json\/wp\/v2\/pages\/21","targetHints":{"allow":["GET"]}}],"collection":[{"href":"https:\/\/nettsteder.regjeringen.no\/helsenaeringen\/wp-json\/wp\/v2\/pages"}],"about":[{"href":"https:\/\/nettsteder.regjeringen.no\/helsenaeringen\/wp-json\/wp\/v2\/types\/page"}],"author":[{"embeddable":true,"href":"https:\/\/nettsteder.regjeringen.no\/helsenaeringen\/wp-json\/wp\/v2\/users\/533"}],"replies":[{"embeddable":true,"href":"https:\/\/nettsteder.regjeringen.no\/helsenaeringen\/wp-json\/wp\/v2\/comments?post=21"}],"version-history":[{"count":21,"href":"https:\/\/nettsteder.regjeringen.no\/helsenaeringen\/wp-json\/wp\/v2\/pages\/21\/revisions"}],"predecessor-version":[{"id":503,"href":"https:\/\/nettsteder.regjeringen.no\/helsenaeringen\/wp-json\/wp\/v2\/pages\/21\/revisions\/503"}],"wp:attachment":[{"href":"https:\/\/nettsteder.regjeringen.no\/helsenaeringen\/wp-json\/wp\/v2\/media?parent=21"}],"curies":[{"name":"wp","href":"https:\/\/api.w.org\/{rel}","templated":true}]}}