{"id":13,"date":"2018-01-04T09:25:16","date_gmt":"2018-01-04T08:25:16","guid":{"rendered":"https:\/\/nettsteder.regjeringen.no\/helsenaeringen\/?page_id=13"},"modified":"2019-04-04T08:51:37","modified_gmt":"2019-04-04T06:51:37","slug":"hjem","status":"publish","type":"page","link":"https:\/\/nettsteder.regjeringen.no\/helsenaeringen\/","title":{"rendered":"Stortingsmelding om helsen\u00e6ringen"},"content":{"rendered":"<div id=\"module-0\" class=\"hogan-module hogan-module-image hogan-module-0 hogan-image-size-large-pull text-wrap\"><div class=\"hogan-module-inner no-image-border\"><figure class=\"wp-caption size-large-pull\"><img loading=\"lazy\" decoding=\"async\" width=\"1130\" height=\"753\" src=\"https:\/\/files.nettsteder.regjeringen.no\/wpuploads01\/blogs.dir\/267\/files\/2018\/01\/1innspillsm\u00f8teaugust2017.jpg\" class=\"\" alt=\"\" srcset=\"https:\/\/files.nettsteder.regjeringen.no\/wpuploads01\/blogs.dir\/267\/files\/2018\/01\/1innspillsm\u00f8teaugust2017.jpg 5184w, https:\/\/files.nettsteder.regjeringen.no\/wpuploads01\/blogs.dir\/267\/files\/2018\/01\/1innspillsm\u00f8teaugust2017-300x200.jpg 300w, https:\/\/files.nettsteder.regjeringen.no\/wpuploads01\/blogs.dir\/267\/files\/2018\/01\/1innspillsm\u00f8teaugust2017-768x512.jpg 768w, https:\/\/files.nettsteder.regjeringen.no\/wpuploads01\/blogs.dir\/267\/files\/2018\/01\/1innspillsm\u00f8teaugust2017-1024x683.jpg 1024w\" sizes=\"auto, (max-width: 1130px) 100vw, 1130px\" \/><\/figure><\/div><\/div><div id=\"module-1\" class=\"hogan-module hogan-module-text hogan-module-1 text-wrap\"><div class=\"hogan-module-inner clearfix\"><p>I \u00e5rene framover er det ventet at utgiftene til helse- og omsorgstjenester vil \u00f8ke. Bakgrunnen knyttes s\u00e6rlig til at befolkningen eldes og at befolkningen trolig vil ettersp\u00f8rre mer av eller h\u00f8yere kvalitet p\u00e5 tjenestene. Disse utviklingstrekkene kan utfordre b\u00e6rekraften i v\u00e5r velferdsmodell, noe som blant annet ble belyst i Perspektivmeldingen 2017. En innovativ og l\u00f8nnsom helsen\u00e6ring kan bidra til at vi n\u00e5r helsepolitiske m\u00e5l p\u00e5 en mer effektiv m\u00e5te, eksempelvis gjennom \u00e5 utnytte mulighetene den teknologiske og medisinske utviklingen gir.<\/p>\n<p>I arbeidet med stortingsmeldingen har vi sett p\u00e5 temaene som n\u00e6ringskomiteen trakk fram, men ogs\u00e5 andre utviklingstrekk har blitt\u00a0belyst.<\/p>\n<p>Stortingsmeldingen skrives i samarbeid mellom N\u00e6rings- og fiskeridepartementet (NFD) og Helse- og omsorgsdepartementet (HOD). Arbeidet med meldingen ledes av NFD.<\/p>\n<p><strong>Helsen\u00e6ringsmeldingen lanseres fredag 5. april p\u00e5 Rikshospitalet i Oslo.<\/strong><br \/>\nArrangementet er \u00e5pen for presse, bransjeakt\u00f8rer og andre interesserte, og streames p\u00e5 regjeringens nettsider.<\/p>\n<p>Mer informasjon finner du her:<br \/>\n<a href=\"https:\/\/www.regjeringen.no\/no\/aktuelt\/presseinvitasjon-lansering-av-regjeringens-helsenaringsmelding\/id2639251\/\">https:\/\/www.regjeringen.no\/no\/aktuelt\/presseinvitasjon-lansering-av-regjeringens-helsenaringsmelding\/id2639251\/<\/a><i><\/i><\/p><\/div><\/div>","protected":false},"excerpt":{"rendered":"<p>Regjeringen legger fredag 5. april frem en stortingsmelding om helsen\u00e6ringen. Meldingen skal beskrive hvordan helsen\u00e6ringen kan bidra til mer effektiv &#8230;<\/p>\n","protected":false},"author":533,"featured_media":0,"parent":0,"menu_order":0,"comment_status":"closed","ping_status":"closed","template":"","meta":{"_acf_changed":false,"footnotes":""},"class_list":["post-13","page","type-page","status-publish","hentry"],"acf":[],"language":"nb-NO","_links":{"self":[{"href":"https:\/\/nettsteder.regjeringen.no\/helsenaeringen\/wp-json\/wp\/v2\/pages\/13","targetHints":{"allow":["GET"]}}],"collection":[{"href":"https:\/\/nettsteder.regjeringen.no\/helsenaeringen\/wp-json\/wp\/v2\/pages"}],"about":[{"href":"https:\/\/nettsteder.regjeringen.no\/helsenaeringen\/wp-json\/wp\/v2\/types\/page"}],"author":[{"embeddable":true,"href":"https:\/\/nettsteder.regjeringen.no\/helsenaeringen\/wp-json\/wp\/v2\/users\/533"}],"replies":[{"embeddable":true,"href":"https:\/\/nettsteder.regjeringen.no\/helsenaeringen\/wp-json\/wp\/v2\/comments?post=13"}],"version-history":[{"count":24,"href":"https:\/\/nettsteder.regjeringen.no\/helsenaeringen\/wp-json\/wp\/v2\/pages\/13\/revisions"}],"predecessor-version":[{"id":513,"href":"https:\/\/nettsteder.regjeringen.no\/helsenaeringen\/wp-json\/wp\/v2\/pages\/13\/revisions\/513"}],"wp:attachment":[{"href":"https:\/\/nettsteder.regjeringen.no\/helsenaeringen\/wp-json\/wp\/v2\/media?parent=13"}],"curies":[{"name":"wp","href":"https:\/\/api.w.org\/{rel}","templated":true}]}}