{"id":201,"date":"2026-01-06T10:00:20","date_gmt":"2026-01-06T09:00:20","guid":{"rendered":"https:\/\/nettsteder.regjeringen.no\/helseiarbeidnav\/?page_id=201"},"modified":"2026-03-13T12:48:22","modified_gmt":"2026-03-13T11:48:22","slug":"innlogging","status":"publish","type":"page","link":"https:\/\/nettsteder.regjeringen.no\/helseiarbeidnav\/","title":{"rendered":"Innlogging"},"content":{"rendered":"\n<div class=\"wp-block-columns alignfull has-background is-layout-flex wp-container-core-columns-is-layout-9d6595d7 wp-block-columns-is-layout-flex\" style=\"background-color:#accac4\">\n<div class=\"wp-block-column is-layout-flow wp-block-column-is-layout-flow\">\n<div class=\"wp-block-group alignwide is-layout-constrained wp-block-group-is-layout-constrained\">\n<div class=\"wp-block-group alignwide has-background has-medium-font-size is-layout-constrained wp-block-group-is-layout-constrained\" style=\"background-color:#accac4\">\n<div class=\"wp-block-group alignwide is-content-justification-left is-layout-constrained wp-container-core-group-is-layout-8c890d92 wp-block-group-is-layout-constrained\">\n<h2 class=\"wp-block-heading alignwide has-text-align-left\" style=\"font-size:clamp(1.301em, 1.301rem + ((1vw - 0.2em) * 1.578), 2.1em);\">Innlogging for IA-r\u00e5dgivere<\/h2>\n\n\n<p class=\"t2-ingress alignwide wp-block-t2-ingress\">Dette er en nettside for IA-r\u00e5dgivere med tilgang til verkt\u00f8y, filmer og metoder for \u00e5 levere <strong>HelseIArbeid med digital kunnskapspakke<\/strong>. <\/p>\n\n\n<p class=\"has-text-align-left\"><\/p>\n<\/div>\n<\/div>\n<\/div>\n<\/div>\n<\/div>\n\n\n\n<div class=\"wp-block-columns alignfull is-layout-flex wp-container-core-columns-is-layout-9d6595d7 wp-block-columns-is-layout-flex\">\n<div class=\"wp-block-column is-layout-flow wp-block-column-is-layout-flow\">\n<div class=\"wp-block-group alignwide is-layout-constrained wp-block-group-is-layout-constrained\">\n<div class=\"wp-block-group alignwide has-white-background-color has-background is-layout-constrained wp-block-group-is-layout-constrained\">\n<div class=\"wp-block-group alignwide is-layout-constrained wp-block-group-is-layout-constrained\">\n<h2 class=\"wp-block-heading alignwide has-text-align-left\" style=\"font-size:clamp(1.146em, 1.146rem + ((1vw - 0.2em) * 1.292), 1.8em);\">Logg inn<\/h2>\n\n\n<p class=\"t2-ingress alignwide wp-block-t2-ingress\">Ta kontakt med HelseIArbeid-koordinator i ditt fylke eller din leder for \u00e5 f\u00e5 passordet.<\/p>\n\n<div class=\"passwp-login\"><form method=\"post\" action=\"https:\/\/nettsteder.regjeringen.no\/helseiarbeidnav\/wp-admin\/admin-post.php\" class=\"loginform\"><input type=\"hidden\" name=\"action\" value=\"passwp_posts_auth\" \/><input type=\"hidden\" name=\"passwp_redirect\" value=\"https:\/\/nettsteder.regjeringen.no\/helseiarbeidnav\/forside\/\" \/><input type=\"hidden\" id=\"passwp_posts_nonce\" name=\"passwp_posts_nonce\" value=\"9637c14425\" \/><input type=\"hidden\" name=\"_wp_http_referer\" value=\"\/helseiarbeidnav\/wp-json\/wp\/v2\/pages\/201\" \/><p class=\"login-password\"><label for=\"passwp_password\">Passord<\/label><input type=\"password\" id=\"passwp_password\" name=\"passwp_password\" class=\"input\" required placeholder=\"Skriv inn passord\" autocomplete=\"current-password\" \/><\/p><p class=\"login-remember\"><label><input type=\"checkbox\" name=\"passwp_remember\" value=\"1\" checked \/> Husk meg<\/label><\/p><p class=\"login-submit\"><button type=\"submit\" class=\"button wp-element-button\">Logg inn<\/button><\/p><\/form><\/div>\n\n\n\n<p><\/p>\n<\/div>\n\n\n\n<p class=\"has-text-align-center has-text-color has-link-color wp-elements-fb3f6d64ff6375a6458ea0f813c8e056\" style=\"color:#687174\"><\/p>\n<\/div>\n\n\n\n<div style=\"height:100px\" aria-hidden=\"true\" class=\"wp-block-spacer\"><\/div>\n<\/div>\n\n\n\n<div class=\"wp-block-group alignwide is-layout-constrained wp-block-group-is-layout-constrained\">\n<div class=\"wp-block-group alignwide is-layout-constrained wp-block-group-is-layout-constrained\">\n<div class=\"wp-block-group alignwide is-layout-constrained wp-block-group-is-layout-constrained\">\n<div class=\"wp-block-group has-white-background-color has-background is-layout-constrained wp-block-group-is-layout-constrained\">\n<h3 class=\"wp-block-heading has-text-align-left\" style=\"font-size:clamp(1.146em, 1.146rem + ((1vw - 0.2em) * 1.292), 1.8em);\">Er dere en bedrift?<\/h3>\n\n\n\n<p style=\"font-size:clamp(0.875em, 0.875rem + ((1vw - 0.2em) * 0.642), 1.2em);\">Vi har laget en egen nettsiden for bedrifter som \u00f8nsker \u00e5 vite mer om HelseIArbeid.<\/p>\n\n\n\n<div class=\"wp-block-buttons is-layout-flex wp-block-buttons-is-layout-flex\">\n<div class=\"wp-block-button\"><a class=\"wp-block-button__link has-text-color has-background has-link-color wp-element-button\" href=\"https:\/\/nettsteder.regjeringen.no\/helseiarbeid\/\" style=\"--border-color:#ed6d6e;color:#f8f5ee;background-color:#ed6d6e\" target=\"_blank\" rel=\"noreferrer noopener\"><strong>G\u00e5 til HelseIArbeid for bedrifter<\/strong><\/a><\/div>\n<\/div>\n\n\n\n<p class=\"has-text-color has-link-color wp-elements-9c31d55fc6419be3a9831370355b7b9d\" style=\"color:#2d5660\"><\/p>\n<\/div>\n\n\n\n<div style=\"height:169px\" aria-hidden=\"true\" class=\"wp-block-spacer\"><\/div>\n<\/div>\n<\/div>\n<\/div>\n<\/div>\n<\/div>\n","protected":false},"excerpt":{"rendered":"<p>Innlogging for IA-r\u00e5dgivere Logg inn Er dere en bedrift? Vi har laget en egen nettsiden for bedrifter som \u00f8nsker \u00e5 vite mer om HelseIArbeid.<\/p>\n","protected":false},"author":357,"featured_media":0,"parent":0,"menu_order":0,"comment_status":"closed","ping_status":"closed","template":"","meta":{"dss_simple_post_excerpt":"","dss_show_featured_image":true,"dss_show_title":true,"footnotes":""},"class_list":["post-201","page","type-page","status-publish","hentry"],"language":"nb-NO","_links":{"self":[{"href":"https:\/\/nettsteder.regjeringen.no\/helseiarbeidnav\/wp-json\/wp\/v2\/pages\/201","targetHints":{"allow":["GET"]}}],"collection":[{"href":"https:\/\/nettsteder.regjeringen.no\/helseiarbeidnav\/wp-json\/wp\/v2\/pages"}],"about":[{"href":"https:\/\/nettsteder.regjeringen.no\/helseiarbeidnav\/wp-json\/wp\/v2\/types\/page"}],"author":[{"embeddable":true,"href":"https:\/\/nettsteder.regjeringen.no\/helseiarbeidnav\/wp-json\/wp\/v2\/users\/357"}],"replies":[{"embeddable":true,"href":"https:\/\/nettsteder.regjeringen.no\/helseiarbeidnav\/wp-json\/wp\/v2\/comments?post=201"}],"version-history":[{"count":2,"href":"https:\/\/nettsteder.regjeringen.no\/helseiarbeidnav\/wp-json\/wp\/v2\/pages\/201\/revisions"}],"predecessor-version":[{"id":1319,"href":"https:\/\/nettsteder.regjeringen.no\/helseiarbeidnav\/wp-json\/wp\/v2\/pages\/201\/revisions\/1319"}],"wp:attachment":[{"href":"https:\/\/nettsteder.regjeringen.no\/helseiarbeidnav\/wp-json\/wp\/v2\/media?parent=201"}],"curies":[{"name":"wp","href":"https:\/\/api.w.org\/{rel}","templated":true}]}}