{"id":1209,"date":"2026-02-12T09:50:45","date_gmt":"2026-02-12T08:50:45","guid":{"rendered":"https:\/\/nettsteder.regjeringen.no\/helseiarbeid\/?page_id=1209"},"modified":"2026-02-23T10:31:00","modified_gmt":"2026-02-23T09:31:00","slug":"filmene-i-helseiarbeid-prosessen","status":"publish","type":"page","link":"https:\/\/nettsteder.regjeringen.no\/helseiarbeid\/filmene-i-helseiarbeid-prosessen\/","title":{"rendered":"Filmene i HelseIArbeid-prosessen"},"content":{"rendered":"\n<div class=\"wp-block-group alignfull is-layout-constrained wp-block-group-is-layout-constrained\">\n<div class=\"wp-block-columns alignfull has-background is-layout-flex wp-container-core-columns-is-layout-9d6595d7 wp-block-columns-is-layout-flex\" style=\"background-color:#accac4\">\n<div class=\"wp-block-column is-layout-flow wp-block-column-is-layout-flow\">\n<div class=\"wp-block-group alignwide is-layout-constrained wp-block-group-is-layout-constrained\">\n<div class=\"wp-block-group alignwide has-background is-layout-constrained wp-block-group-is-layout-constrained\" style=\"background-color:#accac4\">\n<div class=\"wp-block-group alignwide is-layout-constrained wp-block-group-is-layout-constrained\">\n<h1 class=\"wp-block-heading alignwide has-text-align-left\" style=\"font-size:clamp(1.648em, 1.648rem + ((1vw - 0.2em) * 2.276), 2.8em);\">Filmene i HelseIArbeid-prosessen<\/h1>\n\n\n<p class=\"t2-ingress alignwide wp-block-t2-ingress has-medium-font-size\">Her finner du alle filmene som brukes i HelseIArbeid-prosessen, samlet p\u00e5 ett sted.<\/p><\/div>\n<\/div>\n<\/div>\n<\/div>\n<\/div>\n\n\n\n<div class=\"wp-block-media-text alignwide has-media-on-the-right is-stacked-on-mobile\" style=\"grid-template-columns:auto 39%\"><div class=\"wp-block-media-text__content\">\n<h2 class=\"wp-block-heading\" style=\"font-size:clamp(1.25em, 1.25rem + ((1vw - 0.2em) * 1.481), 2em);\">Om filmene<\/h2>\n\n\n\n<p style=\"font-size:clamp(0.875em, 0.875rem + ((1vw - 0.2em) * 0.642), 1.2em);\">Filmene som brukes i HelseIArbeid-prosessen inng\u00e5r normalt i felles samlinger p\u00e5 arbeidsplassen. De kan ogs\u00e5 sees individuelt, for eksempel om du gikk glipp av en samling, eller vil bruke dem som forberedelse eller oppf\u00f8lging.<\/p>\n\n\n\n<p style=\"font-size:clamp(0.875em, 0.875rem + ((1vw - 0.2em) * 0.642), 1.2em);\">Gjennom fem korte filmer p\u00e5 5\u20138 minutter f\u00e5r du innsikt i hvordan arbeid, helse og arbeidsmilj\u00f8 henger sammen. Vi f\u00f8lger historien om Erik gjennom alle filmene, med situasjoner fra arbeidslivet som er ment \u00e5 v\u00e6re gjenkjennbare og relevante for mange.<\/p>\n\n\n\n<p style=\"font-size:clamp(0.875em, 0.875rem + ((1vw - 0.2em) * 0.642), 1.2em);\">Filmene bygger p\u00e5 helsefaglig kunnskap og tar blant annet opp vanlige muskel- og skjelettplager, psykiske plager og hvordan arbeidsmilj\u00f8, samarbeid og arbeidssituasjon kan p\u00e5virke helsa v\u00e5r b\u00e5de positivt og negativt.&nbsp;<\/p>\n\n\n\n<p style=\"font-size:clamp(0.875em, 0.875rem + ((1vw - 0.2em) * 0.642), 1.2em);\">Filmene er laget for \u00e5 skape refleksjon og dialog, ikke for \u00e5 gi fasitsvar. Til hver film finner du derfor refleksjonssp\u00f8rsm\u00e5l som hjelper deg \u00e5 knytte det du ser, til egen arbeidshverdag. Sp\u00f8rsm\u00e5lene kan brukes p\u00e5 egen h\u00e5nd, eller tas med inn i samtaler med kollegaer og leder.<\/p>\n\n\n\n<p style=\"font-size:clamp(0.875em, 0.875rem + ((1vw - 0.2em) * 0.642), 1.2em);\">Filmene er tilgjengelige med norsk og engelsk undertekst.&nbsp;Du kan velge \u00f8nsket spr\u00e5k direkte i avspilleren.<\/p>\n\n\n\n<p style=\"font-size:clamp(0.875em, 0.875rem + ((1vw - 0.2em) * 0.642), 1.2em);\"><strong>Det er ikke tillatt \u00e5 bruke filmene til kommersielle form\u00e5l, og de skal ikke deles i sosiale medier.<\/strong><\/p>\n\n\n<div class=\"t2-accordion wp-block-t2-accordion\" data-allow-multiple=\"1\" role=\"list\">\n<div style=\"background-color:#f8f5ee;\" class=\"t2-accordion-item wp-block-t2-accordion-item has-background\" role=\"listitem\">\n\t\t\t<h2 class=\"t2-accordion-title\">\n\t\t\t\t<button type=\"button\" class=\"t2-accordion-trigger\" id=\"hvem-har-laget-filmene?\" aria-controls=\"accordion-panel\" aria-expanded=\"false\">\n\t\t\t\t\tHvem har laget filmene?\n\t\t\t\t\t<span class=\"t2-accordion-icon is-closed-icon\"><svg xmlns=\"http:\/\/www.w3.org\/2000\/svg\" viewBox=\"0 0 24 24\" height=\"24\" width=\"24\" class=\"t2-icon t2-icon-addcircle\" aria-hidden=\"true\" focusable=\"false\"><path d=\"M16.5 11.2h-3.8V7.5c0-.4-.3-.8-.8-.8s-.8.3-.8.8v3.8H7.5c-.4 0-.8.3-.8.8s.3.8.8.8h3.8v3.8c0 .4.3.8.8.8s.8-.3.8-.8v-3.8h3.8c.4 0 .8-.3.8-.8s-.6-.9-1-.9z\"\/><path d=\"M12 24C5.4 24 0 18.6 0 12S5.4 0 12 0s12 5.4 12 12-5.4 12-12 12zm0-22.5C6.2 1.5 1.5 6.2 1.5 12S6.2 22.5 12 22.5 22.5 17.8 22.5 12 17.8 1.5 12 1.5z\"\/><\/svg><\/span>\n\t\t\t\t\t<span class=\"t2-accordion-icon is-open-icon\"><svg xmlns=\"http:\/\/www.w3.org\/2000\/svg\" viewBox=\"0 0 24 24\" height=\"24\" width=\"24\" class=\"t2-icon t2-icon-removecircle\" aria-hidden=\"true\" focusable=\"false\"><path d=\"M15.7 8.3c-.3-.3-.8-.3-1.1 0L12 10.9 9.4 8.3c-.3-.3-.8-.3-1.1 0s-.3.8 0 1.1l2.6 2.6-2.6 2.6c-.3.3-.3.8 0 1.1.1.1.3.2.5.2s.4-.1.5-.2l2.6-2.6 2.6 2.6c.1.1.3.2.5.2s.4-.1.5-.2c.3-.3.3-.8 0-1.1L13.1 12l2.6-2.6c.3-.3.3-.8 0-1.1z\"\/><path d=\"M20.5 3.5c-4.7-4.7-12.3-4.7-17 0-4.7 4.7-4.7 12.3 0 17C5.9 22.8 8.9 24 12 24c3.1 0 6.1-1.2 8.5-3.5 4.7-4.7 4.7-12.3 0-17zm-1.1 15.9c-4.1 4.1-10.8 4.1-14.8 0C.5 15.3.5 8.6 4.6 4.6c2-2 4.7-3.1 7.4-3.1s5.4 1 7.4 3.1c4.1 4.1 4.1 10.7 0 14.8z\"\/><\/svg><\/span>\n\t\t\t\t<\/button>\n\t\t\t<\/h2>\n\t\t\t<div class=\"t2-accordion-item__inner-container is-layout-flow\" id=\"accordion-panel\" aria-labelledby=\"hvem-har-laget-filmene?\" role=\"region\" hidden>\n\t\t\t\t\n\n<p>Filmene er produsert av Atyp og North Beach Film.<\/p>\n\n\n\n<p><\/p>\n\n\n\n<h3 class=\"wp-block-heading\">I rollene:<\/h3>\n\n\n\n<p><strong>Erik:<\/strong> Knut Steen<\/p>\n\n\n\n<p><strong>Lisa (kona):<\/strong> Ida Marie Bakkerud<\/p>\n\n\n\n<p><strong>Sjefen:<\/strong> Martha Kj\u00f8rven<\/p>\n\n\n\n<p><strong>Ulrik (s\u00f8nnen):<\/strong> Ellef Iversen Berg<\/p>\n\n\n\n<p><strong>Jonas (kompisen): <\/strong>Jawad Aziz<\/p>\n\n\n\n<p><strong>Fagpersonen: <\/strong>Chaima Brutto Gran<\/p>\n\n\n\n<p><strong>Eriks mamma:<\/strong> Marit Andreassen<\/p>\n\n\n\n<h3 class=\"wp-block-heading\">Produksjonsteam:<\/h3>\n\n\n\n<p><strong>Regi:<\/strong> Lars \u00c5ndheim<\/p>\n\n\n\n<p><strong>Produsent: <\/strong>Miriam Eeg<\/p>\n\n\n\n<p><strong>Prosjektleder Atyp:<\/strong> Anja Kristiansen<\/p>\n\n\n\n<p><strong>Ide\/manuskript:<\/strong> Ludvig Nordby Fjellberg og Ulrik Solum Waagsether<\/p>\n\n\n\n<p><strong>Foto: <\/strong>Marius Bruvik<\/p>\n\n\n\n<p><strong>B-foto:<\/strong> Dovydas Miliauskas<\/p>\n\n\n\n<p><strong>Lys: <\/strong>Daniel Atkinson<\/p>\n\n\n\n<p><strong>Lys assistent:<\/strong> Matthey Diamond<\/p>\n\n\n\n<p><strong>Lydsjef: <\/strong>Tina Lund<\/p>\n\n\n\n<p><strong>Rekvisit\u00f8r:<\/strong> Marius Eymundsson<\/p>\n\n\n\n<p><strong>Kostyme innkj\u00f8p:<\/strong> Emina Mahmuljin<\/p>\n\n\n\n<p><strong>Klipp:<\/strong> Erlend Knudsen<\/p>\n\n\n\n<p><strong>Lyddesigner:<\/strong> Viljar Losneg\u00e5rd<\/p>\n\n\n\n<p><strong>Colourist: <\/strong>Marius Bruvik<\/p>\n\n\n\n<p><strong>Online: <\/strong>Henry Cummings<\/p>\n\n\n\n<p>Fagtekstene er skrevet av fagpersoner fra de fire regionale helseforetakene, og tilrettelagt av Marianne Heggenhougen (Sopra Steria\/Eggs).<\/p>\n\n\n\t\t\t<\/div>\n\t\t<\/div>\n<\/div><\/div><figure class=\"wp-block-media-text__media\"><img loading=\"lazy\" decoding=\"async\" width=\"1024\" height=\"542\" src=\"https:\/\/files.nettsteder.regjeringen.no\/wpuploads01\/sites\/609\/2026\/02\/Film-1024x542.png\" alt=\"\" class=\"wp-image-1132 size-full\" srcset=\"https:\/\/files.nettsteder.regjeringen.no\/wpuploads01\/sites\/609\/2026\/02\/Film-1024x542.png 1024w, https:\/\/files.nettsteder.regjeringen.no\/wpuploads01\/sites\/609\/2026\/02\/Film-300x159.png 300w, https:\/\/files.nettsteder.regjeringen.no\/wpuploads01\/sites\/609\/2026\/02\/Film-768x407.png 768w, https:\/\/files.nettsteder.regjeringen.no\/wpuploads01\/sites\/609\/2026\/02\/Film.png 1190w\" sizes=\"auto, (max-width: 1024px) 100vw, 1024px\" \/><\/figure><\/div>\n<\/div>\n\n\n\n<div class=\"wp-block-group alignwide has-background is-content-justification-left is-layout-constrained wp-container-core-group-is-layout-8c890d92 wp-block-group-is-layout-constrained\" style=\"background-color:#accac4\">\n<figure class=\"wp-block-embed alignwide is-type-video is-provider-screen-9 wp-block-embed-screen-9 wp-embed-aspect-16-9 wp-has-aspect-ratio\"><div class=\"wp-block-embed__wrapper\">\n<iframe loading=\"lazy\" title=\"Nav HelseFilm 01\" allow=\"autoplay; fullscreen\" allowfullscreen height=\"281\" referrerpolicy=\"no-referrer-when-downgrade\" src=\"https:\/\/qcnl.tv\/e\/jSLw5ACLQGkMVH77tfipKg?ratio=0.5619999999999999\" style=\"border:0;\" width=\"500\"><\/iframe><script type=\"application\/ld+json\">{\"@context\": \"https:\/\/schema.org\", \"@type\": \"VideoObject\", \"description\": \"Nav HelseFilm 01\", \"name\": \"Nav HelseFilm 01\", \"thumbnailUrl\": [\"https:\/\/tv24.regjeringen.no\/img\/J\/x\/Jx5QBIoyBkr9INDwjFOuZw_fg\/thumb_3.jpg?v=0\", \"https:\/\/tv24.regjeringen.no\/img\/J\/x\/Jx5QBIoyBkr9INDwjFOuZw_fg\/144p_3.jpg?v=0\", \"https:\/\/tv24.regjeringen.no\/img\/J\/x\/Jx5QBIoyBkr9INDwjFOuZw_fg\/240p_3.jpg?v=0\", \"https:\/\/tv24.regjeringen.no\/img\/J\/x\/Jx5QBIoyBkr9INDwjFOuZw_fg\/360p_3.jpg?v=0\", \"https:\/\/tv24.regjeringen.no\/img\/J\/x\/Jx5QBIoyBkr9INDwjFOuZw_fg\/480p_3.jpg?v=0\", \"https:\/\/tv24.regjeringen.no\/img\/J\/x\/Jx5QBIoyBkr9INDwjFOuZw_fg\/720p_3.jpg?v=0\", \"https:\/\/tv24.regjeringen.no\/img\/J\/x\/Jx5QBIoyBkr9INDwjFOuZw_fg\/image_3.jpg?v=0\"], \"uploadDate\": \"2026-01-14T09:07:12Z\", \"duration\": \"PT7M42S\", \"interactionStatistic\": {\"@type\": \"InteractionCounter\", \"interactionType\": \"https:\/\/schema.org\/WatchAction\", \"userInteractionCount\": 72}, \"embedUrl\": \"https:\/\/qcnl.tv\/e\/jSLw5ACLQGkMVH77tfipKg?ratio=0.5619999999999999\"}<\/script>\n<\/div><\/figure>\n\n\n\n<div class=\"wp-block-group is-content-justification-left is-layout-constrained wp-container-core-group-is-layout-8c890d92 wp-block-group-is-layout-constrained\">\n<h2 class=\"wp-block-heading\">Film 1<\/h2>\n\n\n\n<p style=\"font-size:clamp(0.875em, 0.875rem + ((1vw - 0.2em) * 0.642), 1.2em);\"><strong>Refleksjonssp\u00f8rsm\u00e5l<\/strong><\/p>\n\n\n\n<p style=\"font-size:clamp(0.875em, 0.875rem + ((1vw - 0.2em) * 0.642), 1.2em);\">I filmen ser vi Erik har en stressende hverdag, b\u00e5de hjemme og p\u00e5 jobb.&nbsp;&nbsp;<\/p>\n\n\n\n<ul class=\"wp-block-list is-layout-flow wp-block-list-is-layout-flow\">\n<li>Jobben&nbsp;og livet ellers henger tett sammen. Reflekter over hvordan privatlivet kan p\u00e5virke&nbsp;deg&nbsp;p\u00e5 jobb \u2013 og omvendt.&nbsp;&nbsp;<\/li>\n\n\n\n<li>Hvordan er balansen mellom kravene og mulighetene du har til \u00e5 l\u00f8se dine arbeidsoppgaver?<strong>&nbsp;<\/strong>&nbsp;<\/li>\n\n\n\n<li>Hva&nbsp;tenker du&nbsp;kjennetegner et arbeidsmilj\u00f8 hvor det er godt \u00e5 g\u00e5 p\u00e5 jobb n\u00e5r man opplever stress eller belastninger&nbsp;i hverdagen?&nbsp;<\/li>\n<\/ul>\n<\/div>\n<\/div>\n\n\n\n<div class=\"wp-block-group alignwide has-background is-content-justification-left is-layout-constrained wp-container-core-group-is-layout-8c890d92 wp-block-group-is-layout-constrained\" style=\"background-color:#accac4\">\n<figure class=\"wp-block-embed alignwide is-type-video is-provider-screen-9 wp-block-embed-screen-9 wp-embed-aspect-16-9 wp-has-aspect-ratio\"><div class=\"wp-block-embed__wrapper\">\n<iframe loading=\"lazy\" title=\"Nav HelseFilm 02\" allow=\"autoplay; fullscreen\" allowfullscreen height=\"281\" referrerpolicy=\"no-referrer-when-downgrade\" src=\"https:\/\/qcnl.tv\/e\/6xk7ng4_PVrSX3Q81u9MtQ?ratio=0.5619999999999999\" style=\"border:0;\" width=\"500\"><\/iframe><script type=\"application\/ld+json\">{\"@context\": \"https:\/\/schema.org\", \"@type\": \"VideoObject\", \"description\": \"Nav HelseFilm 02\", \"name\": \"Nav HelseFilm 02\", \"thumbnailUrl\": [\"https:\/\/tv24.regjeringen.no\/img\/M\/w\/MwePQg5q1dWVLvUUzwoiQg_fg\/thumb_9.jpg?v=6\", \"https:\/\/tv24.regjeringen.no\/img\/M\/w\/MwePQg5q1dWVLvUUzwoiQg_fg\/144p_9.jpg?v=6\", \"https:\/\/tv24.regjeringen.no\/img\/M\/w\/MwePQg5q1dWVLvUUzwoiQg_fg\/240p_9.jpg?v=6\", \"https:\/\/tv24.regjeringen.no\/img\/M\/w\/MwePQg5q1dWVLvUUzwoiQg_fg\/360p_9.jpg?v=6\", \"https:\/\/tv24.regjeringen.no\/img\/M\/w\/MwePQg5q1dWVLvUUzwoiQg_fg\/480p_9.jpg?v=6\", \"https:\/\/tv24.regjeringen.no\/img\/M\/w\/MwePQg5q1dWVLvUUzwoiQg_fg\/720p_9.jpg?v=6\", \"https:\/\/tv24.regjeringen.no\/img\/M\/w\/MwePQg5q1dWVLvUUzwoiQg_fg\/image_9.jpg?v=6\"], \"uploadDate\": \"2026-01-14T09:07:04Z\", \"duration\": \"PT7M42S\", \"interactionStatistic\": {\"@type\": \"InteractionCounter\", \"interactionType\": \"https:\/\/schema.org\/WatchAction\", \"userInteractionCount\": 40}, \"embedUrl\": \"https:\/\/qcnl.tv\/e\/6xk7ng4_PVrSX3Q81u9MtQ?ratio=0.5619999999999999\"}<\/script>\n<\/div><\/figure>\n\n\n\n<div class=\"wp-block-group is-content-justification-left is-layout-constrained wp-container-core-group-is-layout-8c890d92 wp-block-group-is-layout-constrained\">\n<h2 class=\"wp-block-heading\">Film 2<\/h2>\n\n\n\n<p style=\"font-size:clamp(0.875em, 0.875rem + ((1vw - 0.2em) * 0.642), 1.2em);\"><strong>Refleksjonssp\u00f8rsm\u00e5l<\/strong><\/p>\n\n\n\n<p style=\"font-size:clamp(0.875em, 0.875rem + ((1vw - 0.2em) * 0.642), 1.2em);\">I filmen ser vi at Erik v\u00e5kner med vondt i ryggen og ikke greier \u00e5 g\u00e5 p\u00e5 jobb.<\/p>\n\n\n\n<ul class=\"wp-block-list is-layout-flow wp-block-list-is-layout-flow\">\n<li>Hva kan&nbsp;p\u00e5virke&nbsp;om Erik g\u00e5r tilbake p\u00e5 jobb n\u00e5r de verste ryggsmertene&nbsp;har&nbsp;gitt seg?<\/li>\n\n\n\n<li>Tenk p\u00e5 din arbeidsplass. Hva kan dere gj\u00f8re for at det skal v\u00e6re mulig \u00e5 g\u00e5 p\u00e5 jobb \u2013 helt eller delvis \u2013 med muskel- og skjelettplager?&nbsp;<\/li>\n\n\n\n<li>P\u00e5 hvilken m\u00e5te kan&nbsp;helsekunnskapen&nbsp;om hvordan ting henger sammen,&nbsp;p\u00e5virke m\u00e5ten du h\u00e5ndterer smerte og bekymring?&nbsp;<\/li>\n<\/ul>\n<\/div>\n<\/div>\n\n\n\n<div class=\"wp-block-group alignwide has-background is-content-justification-left is-layout-constrained wp-container-core-group-is-layout-8c890d92 wp-block-group-is-layout-constrained\" style=\"background-color:#accac4\">\n<figure class=\"wp-block-embed alignwide is-type-video is-provider-screen-9 wp-block-embed-screen-9 wp-embed-aspect-16-9 wp-has-aspect-ratio\"><div class=\"wp-block-embed__wrapper\">\n<iframe loading=\"lazy\" title=\"Nav HelseFilm 03\" allow=\"autoplay; fullscreen\" allowfullscreen height=\"281\" referrerpolicy=\"no-referrer-when-downgrade\" src=\"https:\/\/qcnl.tv\/e\/FaLMpmxQ_FsilcCJaf-UlQ?ratio=0.5619999999999999\" style=\"border:0;\" width=\"500\"><\/iframe><script type=\"application\/ld+json\">{\"@context\": \"https:\/\/schema.org\", \"@type\": \"VideoObject\", \"description\": \"Nav HelseFilm 03\", \"name\": \"Nav HelseFilm 03\", \"thumbnailUrl\": [\"https:\/\/tv24.regjeringen.no\/img\/j\/l\/jl7O6YxJZ8Us2M30wIYptw_fg\/thumb_6.jpg?v=0\", \"https:\/\/tv24.regjeringen.no\/img\/j\/l\/jl7O6YxJZ8Us2M30wIYptw_fg\/144p_6.jpg?v=0\", \"https:\/\/tv24.regjeringen.no\/img\/j\/l\/jl7O6YxJZ8Us2M30wIYptw_fg\/240p_6.jpg?v=0\", \"https:\/\/tv24.regjeringen.no\/img\/j\/l\/jl7O6YxJZ8Us2M30wIYptw_fg\/360p_6.jpg?v=0\", \"https:\/\/tv24.regjeringen.no\/img\/j\/l\/jl7O6YxJZ8Us2M30wIYptw_fg\/480p_6.jpg?v=0\", \"https:\/\/tv24.regjeringen.no\/img\/j\/l\/jl7O6YxJZ8Us2M30wIYptw_fg\/720p_6.jpg?v=0\", \"https:\/\/tv24.regjeringen.no\/img\/j\/l\/jl7O6YxJZ8Us2M30wIYptw_fg\/image_6.jpg?v=0\"], \"uploadDate\": \"2026-01-14T09:07:04Z\", \"duration\": \"PT7M50S\", \"interactionStatistic\": {\"@type\": \"InteractionCounter\", \"interactionType\": \"https:\/\/schema.org\/WatchAction\", \"userInteractionCount\": 46}, \"embedUrl\": \"https:\/\/qcnl.tv\/e\/FaLMpmxQ_FsilcCJaf-UlQ?ratio=0.5619999999999999\"}<\/script>\n<\/div><\/figure>\n\n\n\n<div class=\"wp-block-group is-content-justification-left is-layout-constrained wp-container-core-group-is-layout-8c890d92 wp-block-group-is-layout-constrained\">\n<h2 class=\"wp-block-heading\">Film 3<\/h2>\n\n\n\n<p style=\"font-size:clamp(0.875em, 0.875rem + ((1vw - 0.2em) * 0.642), 1.2em);\"><strong>Refleksjonssp\u00f8rsm\u00e5l<\/strong><\/p>\n\n\n\n<p style=\"font-size:clamp(0.875em, 0.875rem + ((1vw - 0.2em) * 0.642), 1.2em);\">I filmen ser vi at Erik gj\u00f8r et fors\u00f8k p\u00e5 \u00e5 komme tilbake i jobb.<\/p>\n\n\n\n<ul class=\"wp-block-list is-layout-flow wp-block-list-is-layout-flow\">\n<li>Hvordan kan vi som kollegaer se at noen sliter?<\/li>\n\n\n\n<li>Hva kan du gj\u00f8re dersom du opplever at en kollega er i en lignende situasjon som Erik?<\/li>\n\n\n\n<li>Hvordan kan&nbsp;<em>vi&nbsp;<\/em>bidra til at det er godt \u00e5 komme tilbake p\u00e5 jobb?<\/li>\n<\/ul>\n<\/div>\n<\/div>\n\n\n\n<div class=\"wp-block-group alignwide has-background is-content-justification-left is-layout-constrained wp-container-core-group-is-layout-8c890d92 wp-block-group-is-layout-constrained\" style=\"background-color:#accac4\">\n<figure class=\"wp-block-embed alignwide is-type-video is-provider-screen-9 wp-block-embed-screen-9 wp-embed-aspect-16-9 wp-has-aspect-ratio\"><div class=\"wp-block-embed__wrapper\">\n<iframe loading=\"lazy\" title=\"Nav HelseFilm 04\" allow=\"autoplay; fullscreen\" allowfullscreen height=\"281\" referrerpolicy=\"no-referrer-when-downgrade\" src=\"https:\/\/qcnl.tv\/e\/kW0l7i8nQ7ou_xuC_KF86w?ratio=0.5619999999999999\" style=\"border:0;\" width=\"500\"><\/iframe><script type=\"application\/ld+json\">{\"@context\": \"https:\/\/schema.org\", \"@type\": \"VideoObject\", \"description\": \"Nav HelseFilm 04\", \"name\": \"Nav HelseFilm 04\", \"thumbnailUrl\": [\"https:\/\/tv24.regjeringen.no\/img\/A\/r\/Ar3o97bhEsoQhCjfm4Ng-w_fg\/thumb_7.jpg?v=0\", \"https:\/\/tv24.regjeringen.no\/img\/A\/r\/Ar3o97bhEsoQhCjfm4Ng-w_fg\/144p_7.jpg?v=0\", \"https:\/\/tv24.regjeringen.no\/img\/A\/r\/Ar3o97bhEsoQhCjfm4Ng-w_fg\/240p_7.jpg?v=0\", \"https:\/\/tv24.regjeringen.no\/img\/A\/r\/Ar3o97bhEsoQhCjfm4Ng-w_fg\/360p_7.jpg?v=0\", \"https:\/\/tv24.regjeringen.no\/img\/A\/r\/Ar3o97bhEsoQhCjfm4Ng-w_fg\/480p_7.jpg?v=0\", \"https:\/\/tv24.regjeringen.no\/img\/A\/r\/Ar3o97bhEsoQhCjfm4Ng-w_fg\/720p_7.jpg?v=0\", \"https:\/\/tv24.regjeringen.no\/img\/A\/r\/Ar3o97bhEsoQhCjfm4Ng-w_fg\/image_7.jpg?v=0\"], \"uploadDate\": \"2026-01-14T09:05:20Z\", \"duration\": \"PT4M52S\", \"interactionStatistic\": {\"@type\": \"InteractionCounter\", \"interactionType\": \"https:\/\/schema.org\/WatchAction\", \"userInteractionCount\": 33}, \"embedUrl\": \"https:\/\/qcnl.tv\/e\/kW0l7i8nQ7ou_xuC_KF86w?ratio=0.5619999999999999\"}<\/script>\n<\/div><\/figure>\n\n\n\n<div class=\"wp-block-group is-content-justification-left is-layout-constrained wp-container-core-group-is-layout-8c890d92 wp-block-group-is-layout-constrained\">\n<h2 class=\"wp-block-heading\">Film 4<\/h2>\n\n\n\n<p style=\"font-size:clamp(0.875em, 0.875rem + ((1vw - 0.2em) * 0.642), 1.2em);\"><strong>Refleksjonssp\u00f8rsm\u00e5l<\/strong><\/p>\n\n\n\n<p style=\"font-size:clamp(0.875em, 0.875rem + ((1vw - 0.2em) * 0.642), 1.2em);\">I filmen ser vi at Erik sliter og at han forst\u00e5r at han kan trenge litt hjelp til \u00e5 komme videre.<\/p>\n\n\n\n<ul class=\"wp-block-list is-layout-flow wp-block-list-is-layout-flow\">\n<li>Hvordan kan leder og kollegaer v\u00e6re st\u00f8ttespillere i denne fasen?<\/li>\n\n\n\n<li>Hvilke rutiner har vi og hvordan f\u00f8lger vi opp n\u00e5r noen har sykefrav\u00e6r?<\/li>\n<\/ul>\n<\/div>\n<\/div>\n\n\n\n<div class=\"wp-block-group alignwide has-background is-content-justification-left is-layout-constrained wp-container-core-group-is-layout-8c890d92 wp-block-group-is-layout-constrained\" style=\"background-color:#accac4\">\n<figure class=\"wp-block-embed alignwide is-type-video is-provider-screen-9 wp-block-embed-screen-9 wp-embed-aspect-16-9 wp-has-aspect-ratio\"><div class=\"wp-block-embed__wrapper\">\n<iframe loading=\"lazy\" title=\"Nav HelseFilm 05\" allow=\"autoplay; fullscreen\" allowfullscreen height=\"281\" referrerpolicy=\"no-referrer-when-downgrade\" src=\"https:\/\/qcnl.tv\/e\/copZE-de5WhDsV5Gbal4Cg?ratio=0.5619999999999999\" style=\"border:0;\" width=\"500\"><\/iframe><script type=\"application\/ld+json\">{\"@context\": \"https:\/\/schema.org\", \"@type\": \"VideoObject\", \"description\": \"Nav HelseFilm 05\", \"name\": \"Nav HelseFilm 05\", \"thumbnailUrl\": [\"https:\/\/tv24.regjeringen.no\/img\/F\/7\/F7tEoST3gTkmyT-1Zmhkvw_fg\/thumb_8.jpg?v=0\", \"https:\/\/tv24.regjeringen.no\/img\/F\/7\/F7tEoST3gTkmyT-1Zmhkvw_fg\/144p_8.jpg?v=0\", \"https:\/\/tv24.regjeringen.no\/img\/F\/7\/F7tEoST3gTkmyT-1Zmhkvw_fg\/240p_8.jpg?v=0\", \"https:\/\/tv24.regjeringen.no\/img\/F\/7\/F7tEoST3gTkmyT-1Zmhkvw_fg\/360p_8.jpg?v=0\", \"https:\/\/tv24.regjeringen.no\/img\/F\/7\/F7tEoST3gTkmyT-1Zmhkvw_fg\/480p_8.jpg?v=0\", \"https:\/\/tv24.regjeringen.no\/img\/F\/7\/F7tEoST3gTkmyT-1Zmhkvw_fg\/720p_8.jpg?v=0\", \"https:\/\/tv24.regjeringen.no\/img\/F\/7\/F7tEoST3gTkmyT-1Zmhkvw_fg\/image_8.jpg?v=0\"], \"uploadDate\": \"2026-01-14T09:06:15Z\", \"duration\": \"PT5M43S\", \"interactionStatistic\": {\"@type\": \"InteractionCounter\", \"interactionType\": \"https:\/\/schema.org\/WatchAction\", \"userInteractionCount\": 34}, \"embedUrl\": \"https:\/\/qcnl.tv\/e\/copZE-de5WhDsV5Gbal4Cg?ratio=0.5619999999999999\"}<\/script>\n<\/div><\/figure>\n\n\n\n<div class=\"wp-block-group is-content-justification-left is-layout-constrained wp-container-core-group-is-layout-8c890d92 wp-block-group-is-layout-constrained\">\n<h2 class=\"wp-block-heading\">Film 5<\/h2>\n\n\n\n<p style=\"font-size:clamp(0.875em, 0.875rem + ((1vw - 0.2em) * 0.642), 1.2em);\"><strong>Refleksjonssp\u00f8rsm\u00e5l<\/strong><\/p>\n\n\n\n<p style=\"font-size:clamp(0.875em, 0.875rem + ((1vw - 0.2em) * 0.642), 1.2em);\">I filmen ser vi blant annet en samtale mellom Erik og lederen for \u00e5 planlegge en gradvis tilbakekomst.<\/p>\n\n\n\n<ul class=\"wp-block-list is-layout-flow wp-block-list-is-layout-flow\">\n<li>Hva tror du ville v\u00e6re viktig for deg i en slik situasjon?<\/li>\n\n\n\n<li>Hva er det viktig \u00e5 snakke om i en slik samtale?<\/li>\n\n\n\n<li>Hva kjennetegner et arbeidsmilj\u00f8 som gj\u00f8r det lett \u00e5 komme tilbake?<\/li>\n<\/ul>\n<\/div>\n<\/div>\n","protected":false},"excerpt":{"rendered":"<p>Filmene i HelseIArbeid-prosessen Om filmene Filmene som brukes i HelseIArbeid-prosessen inng\u00e5r normalt i felles samlinger p\u00e5 arbeidsplassen. De kan ogs\u00e5 sees individuelt, for eksempel om du gikk glipp av en samling, eller vil bruke dem som forberedelse eller oppf\u00f8lging. Gjennom fem korte filmer p\u00e5 5\u20138 minutter f\u00e5r du innsikt i hvordan arbeid, helse og arbeidsmilj\u00f8\u2026<\/p>\n","protected":false},"author":2877,"featured_media":0,"parent":0,"menu_order":0,"comment_status":"closed","ping_status":"closed","template":"","meta":{"dss_simple_post_excerpt":"","dss_show_featured_image":true,"dss_show_title":true,"footnotes":""},"class_list":["post-1209","page","type-page","status-publish","hentry"],"language":"nb-NO","_links":{"self":[{"href":"https:\/\/nettsteder.regjeringen.no\/helseiarbeid\/wp-json\/wp\/v2\/pages\/1209","targetHints":{"allow":["GET"]}}],"collection":[{"href":"https:\/\/nettsteder.regjeringen.no\/helseiarbeid\/wp-json\/wp\/v2\/pages"}],"about":[{"href":"https:\/\/nettsteder.regjeringen.no\/helseiarbeid\/wp-json\/wp\/v2\/types\/page"}],"author":[{"embeddable":true,"href":"https:\/\/nettsteder.regjeringen.no\/helseiarbeid\/wp-json\/wp\/v2\/users\/2877"}],"replies":[{"embeddable":true,"href":"https:\/\/nettsteder.regjeringen.no\/helseiarbeid\/wp-json\/wp\/v2\/comments?post=1209"}],"version-history":[{"count":3,"href":"https:\/\/nettsteder.regjeringen.no\/helseiarbeid\/wp-json\/wp\/v2\/pages\/1209\/revisions"}],"predecessor-version":[{"id":1449,"href":"https:\/\/nettsteder.regjeringen.no\/helseiarbeid\/wp-json\/wp\/v2\/pages\/1209\/revisions\/1449"}],"wp:attachment":[{"href":"https:\/\/nettsteder.regjeringen.no\/helseiarbeid\/wp-json\/wp\/v2\/media?parent=1209"}],"curies":[{"name":"wp","href":"https:\/\/api.w.org\/{rel}","templated":true}]}}