{"id":1208,"date":"2026-02-12T09:52:57","date_gmt":"2026-02-12T08:52:57","guid":{"rendered":"https:\/\/nettsteder.regjeringen.no\/helseiarbeid\/?page_id=1208"},"modified":"2026-04-10T12:19:04","modified_gmt":"2026-04-10T10:19:04","slug":"faglig-fordypning","status":"publish","type":"page","link":"https:\/\/nettsteder.regjeringen.no\/helseiarbeid\/faglig-fordypning\/","title":{"rendered":"Faglig fordypning"},"content":{"rendered":"\n<div class=\"wp-block-group alignfull is-layout-constrained wp-block-group-is-layout-constrained\">\n<div class=\"wp-block-columns alignfull has-background is-layout-flex wp-container-core-columns-is-layout-9d6595d7 wp-block-columns-is-layout-flex\" style=\"background-color:#accac4\">\n<div class=\"wp-block-column is-layout-flow wp-block-column-is-layout-flow\">\n<div class=\"wp-block-group alignwide is-layout-constrained wp-block-group-is-layout-constrained\">\n<div class=\"wp-block-group alignwide has-background is-layout-constrained wp-block-group-is-layout-constrained\" style=\"background-color:#accac4\">\n<div class=\"wp-block-group alignwide is-layout-constrained wp-block-group-is-layout-constrained\">\n<h1 class=\"wp-block-heading alignwide has-text-align-left\" style=\"font-size:clamp(1.648em, 1.648rem + ((1vw - 0.2em) * 2.276), 2.8em);\">Faglig fordypning<\/h1>\n\n\n<p class=\"t2-ingress alignwide wp-block-t2-ingress has-medium-font-size\">Her finner dere filmer som gir faglig st\u00f8tte i arbeidet med steg 2 og 3.<\/p><\/div>\n<\/div>\n<\/div>\n<\/div>\n<\/div>\n\n\n\n<div style=\"height:0px\" aria-hidden=\"true\" class=\"wp-block-spacer\"><\/div>\n\n\n\n<div class=\"wp-block-group alignfull has-background is-layout-constrained wp-block-group-is-layout-constrained\" style=\"background-color:#f8f5ee\">\n<div class=\"wp-block-group alignwide is-content-justification-left is-layout-constrained wp-container-core-group-is-layout-8c890d92 wp-block-group-is-layout-constrained\">\n<h2 class=\"wp-block-heading alignwide has-text-align-left\" style=\"font-size:clamp(1.25em, 1.25rem + ((1vw - 0.2em) * 1.481), 2em);\">Om den faglige fordypningen<\/h2>\n\n\n\n<p style=\"font-size:clamp(0.875em, 0.875rem + ((1vw - 0.2em) * 0.642), 1.2em);\">Vi har samlet et rekke kvalitetssikrede filmer som kan brukes som faglig fordypning i HelseIArbeid-prosessen. Filmene er ment som et supplement til arbeidet i steg 2 og 3, og kan brukes ved behov &#8211; de er ikke en obligatorisk del av prosessen.<\/p>\n\n\n\n<p style=\"font-size:clamp(0.875em, 0.875rem + ((1vw - 0.2em) * 0.642), 1.2em);\">Innholdet i filmene er s\u00e6rlig relevant i virksomheter med h\u00f8yt sykefrav\u00e6r p\u00e5 grunn av muskel-skjelettplager og\/eller psykiske plager. Filmene kan ogs\u00e5 brukes forebyggende for \u00e5 styrke forst\u00e5elsen av sammenhengen mellom arbeid, helse og arbeidsmilj\u00f8.<\/p>\n\n\n\n<p style=\"font-size:clamp(0.875em, 0.875rem + ((1vw - 0.2em) * 0.642), 1.2em);\">Filmene kan vises i plenum, brukes i partsgruppem\u00f8ter eller ses individuelt, alt ettersom hva som passer virksomheten.<\/p>\n\n\n\n<p style=\"font-size:clamp(0.875em, 0.875rem + ((1vw - 0.2em) * 0.642), 1.2em);\"><strong>Filmene skal ikke brukes til kommersielle form\u00e5l<\/strong>. <\/p>\n<\/div>\n<\/div>\n\n\n\n<div class=\"wp-block-group alignfull has-background is-layout-constrained wp-block-group-is-layout-constrained\" style=\"background-color:#accac4\">\n<div class=\"wp-block-group alignwide is-content-justification-left is-layout-constrained wp-container-core-group-is-layout-8c890d92 wp-block-group-is-layout-constrained\">\n<h2 class=\"wp-block-heading alignwide has-text-align-left\" style=\"font-size:clamp(1.25em, 1.25rem + ((1vw - 0.2em) * 1.481), 2em);\">Steg 2: <strong>Kunnskapsheving og utforsking av eget arbeidsmilj\u00f8<\/strong><\/h2>\n\n\n\n<p style=\"font-size:clamp(0.875em, 0.875rem + ((1vw - 0.2em) * 0.642), 1.2em);\">Disse filmene kan brukes som faglig st\u00f8tte i steg 2, for \u00e5 utdype temaene som blir introdusert i HelseIArbeid-prosessen. Det er i hovedsak snakk om mer spesifikk kunnskap om rygg- og skulderplager og smertemestring<\/p>\n\n\n\n<p style=\"font-size:clamp(0.875em, 0.875rem + ((1vw - 0.2em) * 0.642), 1.2em);\">Hver film tar ca. 3 minutter.<\/p>\n\n\n\n<p style=\"font-size:clamp(0.875em, 0.875rem + ((1vw - 0.2em) * 0.642), 1.2em);\">Filmene er utviklet i samarbeid mellom klinikere og forskere i spesialisthelsetjenesten i hele Norge, under ledelse av FoU-enheten for helse og arbeid i Midt-Norge ved St. Olavs Hospital.<\/p>\n\n\n\n<div class=\"wp-block-columns alignwide is-layout-flex wp-container-core-columns-is-layout-9d6595d7 wp-block-columns-is-layout-flex\">\n<div class=\"wp-block-column is-layout-flow wp-block-column-is-layout-flow\">\n<figure class=\"wp-block-embed is-type-video is-provider-vimeo wp-block-embed-vimeo wp-embed-aspect-16-9 wp-has-aspect-ratio\"><div class=\"wp-block-embed__wrapper\">\n<iframe loading=\"lazy\" title=\"Ryggen er sterk\" src=\"https:\/\/player.vimeo.com\/video\/944026268?dnt=1&amp;app_id=122963\" width=\"500\" height=\"281\" frameborder=\"0\" allow=\"autoplay; fullscreen; picture-in-picture; clipboard-write; encrypted-media; web-share\" referrerpolicy=\"strict-origin-when-cross-origin\"><\/iframe>\n<\/div><\/figure>\n\n\n\n<h2 class=\"wp-block-heading\">Ryggen er sterk<\/h2>\n\n\n\n<p style=\"font-size:clamp(0.875em, 0.875rem + ((1vw - 0.2em) * 0.642), 1.2em);\">Animasjonsfilm med trygghetsskapende informasjon om ryggen, og gir konkrete r\u00e5d om aktivitet i hverdagen.<\/p>\n<\/div>\n\n\n\n<div class=\"wp-block-column is-layout-flow wp-block-column-is-layout-flow\">\n<figure class=\"wp-block-embed is-type-video is-provider-vimeo wp-block-embed-vimeo wp-embed-aspect-16-9 wp-has-aspect-ratio\"><div class=\"wp-block-embed__wrapper\">\n<iframe loading=\"lazy\" title=\"MR\" src=\"https:\/\/player.vimeo.com\/video\/886842681?dnt=1&amp;app_id=122963\" width=\"500\" height=\"281\" frameborder=\"0\" allow=\"autoplay; fullscreen; picture-in-picture; clipboard-write; encrypted-media; web-share\" referrerpolicy=\"strict-origin-when-cross-origin\"><\/iframe>\n<\/div><\/figure>\n\n\n\n<h2 class=\"wp-block-heading\">Ryggsmerter og MR<\/h2>\n\n\n\n<p style=\"font-size:clamp(0.875em, 0.875rem + ((1vw - 0.2em) * 0.642), 1.2em);\">Animasjonsfilm som forklarer sammenhengen mellom symptomer og funn p\u00e5 MR.<\/p>\n<\/div>\n<\/div>\n\n\n\n<div class=\"wp-block-columns alignwide is-layout-flex wp-container-core-columns-is-layout-9d6595d7 wp-block-columns-is-layout-flex\">\n<div class=\"wp-block-column is-layout-flow wp-block-column-is-layout-flow\">\n<figure class=\"wp-block-embed is-type-video is-provider-vimeo wp-block-embed-vimeo wp-embed-aspect-16-9 wp-has-aspect-ratio\"><div class=\"wp-block-embed__wrapper\">\n<iframe loading=\"lazy\" title=\"Skiveprolaps\" src=\"https:\/\/player.vimeo.com\/video\/882046989?dnt=1&amp;app_id=122963\" width=\"500\" height=\"281\" frameborder=\"0\" allow=\"autoplay; fullscreen; picture-in-picture; clipboard-write; encrypted-media; web-share\" referrerpolicy=\"strict-origin-when-cross-origin\"><\/iframe>\n<\/div><\/figure>\n\n\n\n<h2 class=\"wp-block-heading\">Skiveprolaps med nerverotaffeksjon<\/h2>\n\n\n\n<p style=\"font-size:clamp(0.875em, 0.875rem + ((1vw - 0.2em) * 0.642), 1.2em);\">Animasjonsfilm med fordypning i temaet skiveprolaps.<\/p>\n<\/div>\n\n\n\n<div class=\"wp-block-column is-layout-flow wp-block-column-is-layout-flow\">\n<figure class=\"wp-block-embed is-type-video is-provider-vimeo wp-block-embed-vimeo wp-embed-aspect-16-9 wp-has-aspect-ratio\"><div class=\"wp-block-embed__wrapper\">\n<iframe loading=\"lazy\" title=\"Skuldersmerter\" src=\"https:\/\/player.vimeo.com\/video\/886843182?dnt=1&amp;app_id=122963\" width=\"500\" height=\"281\" frameborder=\"0\" allow=\"autoplay; fullscreen; picture-in-picture; clipboard-write; encrypted-media; web-share\" referrerpolicy=\"strict-origin-when-cross-origin\"><\/iframe>\n<\/div><\/figure>\n\n\n\n<h2 class=\"wp-block-heading\">Kan jeg jobbe med skuldersmerter?<\/h2>\n\n\n\n<p style=\"font-size:clamp(0.875em, 0.875rem + ((1vw - 0.2em) * 0.642), 1.2em);\">Animasjonsfilm som gir r\u00e5d om aktivitet og tilrettelegging ved skuldersmerter.<\/p>\n<\/div>\n<\/div>\n\n\n\n<div class=\"wp-block-columns alignwide is-layout-flex wp-container-core-columns-is-layout-9d6595d7 wp-block-columns-is-layout-flex\">\n<div class=\"wp-block-column is-layout-flow wp-block-column-is-layout-flow\">\n<figure class=\"wp-block-embed is-type-video is-provider-vimeo wp-block-embed-vimeo wp-embed-aspect-16-9 wp-has-aspect-ratio\"><div class=\"wp-block-embed__wrapper\">\n<iframe loading=\"lazy\" title=\"Tre gode r\u00e5d for smertelindring\" src=\"https:\/\/player.vimeo.com\/video\/957738990?dnt=1&amp;app_id=122963\" width=\"500\" height=\"281\" frameborder=\"0\" allow=\"autoplay; fullscreen; picture-in-picture; clipboard-write; encrypted-media; web-share\" referrerpolicy=\"strict-origin-when-cross-origin\"><\/iframe>\n<\/div><\/figure>\n\n\n\n<h2 class=\"wp-block-heading\">Tre gode r\u00e5d for smertelindring<\/h2>\n\n\n\n<p style=\"font-size:clamp(0.875em, 0.875rem + ((1vw - 0.2em) * 0.642), 1.2em);\">Animasjonsfilm med konkrete r\u00e5d for personer med langvarige smerter.<\/p>\n<\/div>\n\n\n\n<div class=\"wp-block-column is-layout-flow wp-block-column-is-layout-flow\">\n<figure class=\"wp-block-embed is-type-video is-provider-vimeo wp-block-embed-vimeo wp-embed-aspect-16-9 wp-has-aspect-ratio\"><div class=\"wp-block-embed__wrapper\">\n<iframe loading=\"lazy\" title=\"S\u00f8vn og smerte\" src=\"https:\/\/player.vimeo.com\/video\/886842106?dnt=1&amp;app_id=122963\" width=\"500\" height=\"281\" frameborder=\"0\" allow=\"autoplay; fullscreen; picture-in-picture; clipboard-write; encrypted-media; web-share\" referrerpolicy=\"strict-origin-when-cross-origin\"><\/iframe>\n<\/div><\/figure>\n\n\n\n<h2 class=\"wp-block-heading\">S\u00f8vn og smerte<\/h2>\n\n\n\n<p style=\"font-size:clamp(0.875em, 0.875rem + ((1vw - 0.2em) * 0.642), 1.2em);\">Animasjonsfilm som forklarer sammenhengen mellom s\u00f8vn, stress og smerte.<\/p>\n<\/div>\n<\/div>\n<\/div>\n<\/div>\n\n\n\n<div class=\"wp-block-group alignfull has-background is-layout-constrained wp-block-group-is-layout-constrained\" style=\"background-color:#f8f5ee\">\n<div class=\"wp-block-group alignwide is-content-justification-left is-layout-constrained wp-container-core-group-is-layout-8c890d92 wp-block-group-is-layout-constrained\">\n<h2 class=\"wp-block-heading alignwide has-text-align-left\" style=\"font-size:clamp(1.25em, 1.25rem + ((1vw - 0.2em) * 1.481), 2em);\"><strong>Steg 3: Kunnskapsheving og utvikling av tiltaksplan<\/strong><\/h2>\n\n\n\n<p style=\"font-size:clamp(0.875em, 0.875rem + ((1vw - 0.2em) * 0.642), 1.2em);\">I steg 3 kan filmene brukes som faglig st\u00f8tte p\u00e5 tema som psykisk helse, s\u00f8vn og smerteproblematikk. Dette bidrar til \u00e5 videreutvikle helsekompetansen i bedriften.<\/p>\n\n\n\n<p><\/p>\n<\/div>\n<\/div>\n\n\n\n<div class=\"wp-block-group alignfull has-background is-layout-constrained wp-block-group-is-layout-constrained\" style=\"background-color:#f8f5ee\">\n<div class=\"wp-block-group alignwide is-content-justification-left is-layout-constrained wp-container-core-group-is-layout-8c890d92 wp-block-group-is-layout-constrained\">\n<h2 class=\"wp-block-heading\">Et dypdykk i psykisk helse<\/h2>\n\n\n\n<p style=\"font-size:clamp(0.875em, 0.875rem + ((1vw - 0.2em) * 0.642), 1.2em);\">Denne filmsamlingen gir en grundig innf\u00f8ring i psykisk helse i arbeidslivet. Hver film inneholder refleksjonsoppgaver som kan brukes individuelt eller i gruppe.<\/p>\n\n\n\n<p style=\"font-size:clamp(0.875em, 0.875rem + ((1vw - 0.2em) * 0.642), 1.2em);\">Filmene egner seg best til \u00e5 se i sammenheng, og kan for eksempel brukes som en egen personalsamling p\u00e5 1\u20132 timer. De kan ogs\u00e5 brukes enkeltvis, avhengig av behov.<\/p>\n\n\n\n<p style=\"font-size:clamp(0.875em, 0.875rem + ((1vw - 0.2em) * 0.642), 1.2em);\">Filmene er laget av Helse Bergen og Nav Arbeidslivssenter Vestland.<\/p>\n<\/div>\n\n\n\n<div class=\"wp-block-group alignfull has-background is-layout-constrained wp-block-group-is-layout-constrained\" style=\"background-color:#f8f5ee\">\n<div class=\"wp-block-group alignwide is-content-justification-left is-layout-constrained wp-container-core-group-is-layout-8c890d92 wp-block-group-is-layout-constrained\">\n<div class=\"wp-block-columns alignwide is-layout-flex wp-container-core-columns-is-layout-9d6595d7 wp-block-columns-is-layout-flex\">\n<div class=\"wp-block-column is-layout-flow wp-block-column-is-layout-flow\">\n<figure class=\"wp-block-embed is-type-video is-provider-vimeo wp-block-embed-vimeo wp-embed-aspect-16-9 wp-has-aspect-ratio\"><div class=\"wp-block-embed__wrapper\">\n<iframe loading=\"lazy\" title=\"Psykisk helse - del1\" src=\"https:\/\/player.vimeo.com\/video\/1017472243?h=80ec0ca17a&amp;dnt=1&amp;app_id=122963\" width=\"500\" height=\"281\" frameborder=\"0\" allow=\"autoplay; fullscreen; picture-in-picture; clipboard-write; encrypted-media; web-share\" referrerpolicy=\"strict-origin-when-cross-origin\"><\/iframe>\n<\/div><\/figure>\n\n\n\n<h2 class=\"wp-block-heading\">Hva er psykisk helse?<\/h2>\n\n\n\n<p style=\"font-size:clamp(0.875em, 0.875rem + ((1vw - 0.2em) * 0.642), 1.2em);\">Psykolog forklarer hva som p\u00e5virker v\u00e5r psykiske helse, og gir r\u00e5d om hva vi med fordel kan gj\u00f8re mer av.<\/p>\n<\/div>\n\n\n\n<div class=\"wp-block-column is-layout-flow wp-block-column-is-layout-flow\">\n<figure class=\"wp-block-embed is-type-video is-provider-vimeo wp-block-embed-vimeo wp-embed-aspect-16-9 wp-has-aspect-ratio\"><div class=\"wp-block-embed__wrapper\">\n<iframe loading=\"lazy\" title=\"Psykisk helse - del 2\" src=\"https:\/\/player.vimeo.com\/video\/1017472106?h=8fc529a191&amp;dnt=1&amp;app_id=122963\" width=\"500\" height=\"281\" frameborder=\"0\" allow=\"autoplay; fullscreen; picture-in-picture; clipboard-write; encrypted-media; web-share\" referrerpolicy=\"strict-origin-when-cross-origin\"><\/iframe>\n<\/div><\/figure>\n\n\n\n<h2 class=\"wp-block-heading\">Vanlige psykiske helseplager<\/h2>\n\n\n\n<p style=\"font-size:clamp(0.875em, 0.875rem + ((1vw - 0.2em) * 0.642), 1.2em);\">Film om vanlige plager, og hva som kan v\u00e6re lurt \u00e5 gj\u00f8re n\u00e5r man opplever dette.<\/p>\n<\/div>\n<\/div>\n\n\n\n<div class=\"wp-block-columns alignwide is-layout-flex wp-container-core-columns-is-layout-9d6595d7 wp-block-columns-is-layout-flex\">\n<div class=\"wp-block-column is-layout-flow wp-block-column-is-layout-flow\">\n<figure class=\"wp-block-embed is-type-video is-provider-vimeo wp-block-embed-vimeo wp-embed-aspect-16-9 wp-has-aspect-ratio\"><div class=\"wp-block-embed__wrapper\">\n<iframe loading=\"lazy\" title=\"Angst\" src=\"https:\/\/player.vimeo.com\/video\/1017472423?h=e65cb37fd5&amp;dnt=1&amp;app_id=122963\" width=\"500\" height=\"281\" frameborder=\"0\" allow=\"autoplay; fullscreen; picture-in-picture; clipboard-write; encrypted-media; web-share\" referrerpolicy=\"strict-origin-when-cross-origin\"><\/iframe>\n<\/div><\/figure>\n\n\n\n<h2 class=\"wp-block-heading\">Tema angst<\/h2>\n\n\n\n<p style=\"font-size:clamp(0.875em, 0.875rem + ((1vw - 0.2em) * 0.642), 1.2em);\">Film om hva angst er, vanlige kjennetegn og r\u00e5d \u2013 med kobling til arbeidsplass.<\/p>\n<\/div>\n\n\n\n<div class=\"wp-block-column is-layout-flow wp-block-column-is-layout-flow\">\n<figure class=\"wp-block-embed is-type-video is-provider-vimeo wp-block-embed-vimeo wp-embed-aspect-16-9 wp-has-aspect-ratio\"><div class=\"wp-block-embed__wrapper\">\n<iframe loading=\"lazy\" title=\"Depresjon\" src=\"https:\/\/player.vimeo.com\/video\/1017472005?h=a97ab8ada3&amp;dnt=1&amp;app_id=122963\" width=\"500\" height=\"281\" frameborder=\"0\" allow=\"autoplay; fullscreen; picture-in-picture; clipboard-write; encrypted-media; web-share\" referrerpolicy=\"strict-origin-when-cross-origin\"><\/iframe>\n<\/div><\/figure>\n\n\n\n<h2 class=\"wp-block-heading\">Tema depresjon<\/h2>\n\n\n\n<p style=\"font-size:clamp(0.875em, 0.875rem + ((1vw - 0.2em) * 0.642), 1.2em);\">Film om hva som kjennetegner depresjon, og r\u00e5d knyttet til individ og arbeidssituasjon.<\/p>\n<\/div>\n<\/div>\n\n\n\n<div class=\"wp-block-columns alignwide is-layout-flex wp-container-core-columns-is-layout-9d6595d7 wp-block-columns-is-layout-flex\">\n<div class=\"wp-block-column is-layout-flow wp-block-column-is-layout-flow\">\n<figure class=\"wp-block-embed is-type-video is-provider-vimeo wp-block-embed-vimeo wp-embed-aspect-16-9 wp-has-aspect-ratio\"><div class=\"wp-block-embed__wrapper\">\n<iframe loading=\"lazy\" title=\"Stressplager\" src=\"https:\/\/player.vimeo.com\/video\/1017471829?h=3b4e18df6f&amp;dnt=1&amp;app_id=122963\" width=\"500\" height=\"281\" frameborder=\"0\" allow=\"autoplay; fullscreen; picture-in-picture; clipboard-write; encrypted-media; web-share\" referrerpolicy=\"strict-origin-when-cross-origin\"><\/iframe>\n<\/div><\/figure>\n\n\n\n<h2 class=\"wp-block-heading\">Tema stressplager<\/h2>\n\n\n\n<p style=\"font-size:clamp(0.875em, 0.875rem + ((1vw - 0.2em) * 0.642), 1.2em);\">Film om stress og stressplager, med r\u00e5d b\u00e5de til individ og arbeidsplass.<\/p>\n<\/div>\n\n\n\n<div class=\"wp-block-column is-layout-flow wp-block-column-is-layout-flow\">\n<h2 class=\"wp-block-heading\"><\/h2>\n<\/div>\n<\/div>\n<\/div>\n<\/div>\n<\/div>\n\n\n\n<div class=\"wp-block-group alignfull is-layout-constrained wp-block-group-is-layout-constrained\">\n<div class=\"wp-block-group alignwide is-content-justification-left is-layout-constrained wp-container-core-group-is-layout-8c890d92 wp-block-group-is-layout-constrained\">\n<h2 class=\"wp-block-heading alignwide has-text-align-left\" style=\"font-size:clamp(1.25em, 1.25rem + ((1vw - 0.2em) * 1.481), 2em);\">Andre relevante filmer <\/h2>\n\n\n\n<p style=\"font-size:clamp(0.875em, 0.875rem + ((1vw - 0.2em) * 0.642), 1.2em);\">Hver film tar ca. 3 minutter.&nbsp;<\/p>\n\n\n\n<p style=\"font-size:clamp(0.875em, 0.875rem + ((1vw - 0.2em) * 0.642), 1.2em);\">Filmene er utviklet i samarbeid mellom klinikere og forskere i spesialisthelsetjenesten i hele Norge, under ledelse av FoU-enheten for helse og arbeid i Midt-Norge ved St. Olavs Hospital.<\/p>\n<\/div>\n<\/div>\n\n\n\n<div class=\"wp-block-group alignfull has-background is-layout-constrained wp-block-group-is-layout-constrained\" style=\"background-color:#f8f5ee\">\n<div class=\"wp-block-group alignwide is-content-justification-left is-layout-constrained wp-container-core-group-is-layout-8c890d92 wp-block-group-is-layout-constrained\">\n<div class=\"wp-block-columns alignwide is-layout-flex wp-container-core-columns-is-layout-9d6595d7 wp-block-columns-is-layout-flex\">\n<div class=\"wp-block-column is-layout-flow wp-block-column-is-layout-flow\">\n<figure class=\"wp-block-embed is-type-video is-provider-vimeo wp-block-embed-vimeo wp-embed-aspect-16-9 wp-has-aspect-ratio\"><div class=\"wp-block-embed__wrapper\">\n<iframe loading=\"lazy\" title=\"R\u00e5d for bedre s\u00f8vn\" src=\"https:\/\/player.vimeo.com\/video\/886841510?dnt=1&amp;app_id=122963\" width=\"500\" height=\"281\" frameborder=\"0\" allow=\"autoplay; fullscreen; picture-in-picture; clipboard-write; encrypted-media; web-share\" referrerpolicy=\"strict-origin-when-cross-origin\"><\/iframe>\n<\/div><\/figure>\n\n\n\n<h2 class=\"wp-block-heading\">R\u00e5d for bedre s\u00f8vn<\/h2>\n\n\n\n<p style=\"font-size:clamp(0.875em, 0.875rem + ((1vw - 0.2em) * 0.642), 1.2em);\">Animasjonsfilm som gir konkrete r\u00e5d for bedre s\u00f8vn, og sees gjerne etter filmen om s\u00f8vn og smerte.<\/p>\n<\/div>\n\n\n\n<div class=\"wp-block-column is-layout-flow wp-block-column-is-layout-flow\">\n<figure class=\"wp-block-embed is-type-video is-provider-vimeo wp-block-embed-vimeo wp-embed-aspect-16-9 wp-has-aspect-ratio\"><div class=\"wp-block-embed__wrapper\">\n<iframe loading=\"lazy\" title=\"Sykmeldt med psykiske plager\" src=\"https:\/\/player.vimeo.com\/video\/1031895545?dnt=1&amp;app_id=122963\" width=\"500\" height=\"281\" frameborder=\"0\" allow=\"autoplay; fullscreen; picture-in-picture; clipboard-write; encrypted-media; web-share\" referrerpolicy=\"strict-origin-when-cross-origin\"><\/iframe>\n<\/div><\/figure>\n\n\n\n<h2 class=\"wp-block-heading\">Sykmeldt med psykiske plager<\/h2>\n\n\n\n<p style=\"font-size:clamp(0.875em, 0.875rem + ((1vw - 0.2em) * 0.642), 1.2em);\">Animasjonsfilm om hvordan man kan ta opp og snakke om tilrettelegging ved psykiske helseutfordringer. <br><br>Filmen er utviklet i samarbeid mellom klinikere og forskere i spesialisthelsetjenesten i hele Norge, under ledelse av FoU-enheten for helse og arbeid i Midt-Norge ved St. Olavs Hospital.<\/p>\n<\/div>\n<\/div>\n<\/div>\n<\/div>\n<\/div>\n\n\n\n<p><\/p>\n","protected":false},"excerpt":{"rendered":"<p>Faglig fordypning Om den faglige fordypningen Vi har samlet et rekke kvalitetssikrede filmer som kan brukes som faglig fordypning i HelseIArbeid-prosessen. Filmene er ment som et supplement til arbeidet i steg 2 og 3, og kan brukes ved behov &#8211; de er ikke en obligatorisk del av prosessen. Innholdet i filmene er s\u00e6rlig relevant i\u2026<\/p>\n","protected":false},"author":2877,"featured_media":0,"parent":0,"menu_order":0,"comment_status":"closed","ping_status":"closed","template":"","meta":{"dss_simple_post_excerpt":"","dss_show_featured_image":true,"dss_show_title":true,"footnotes":""},"class_list":["post-1208","page","type-page","status-publish","hentry"],"language":"nb-NO","_links":{"self":[{"href":"https:\/\/nettsteder.regjeringen.no\/helseiarbeid\/wp-json\/wp\/v2\/pages\/1208","targetHints":{"allow":["GET"]}}],"collection":[{"href":"https:\/\/nettsteder.regjeringen.no\/helseiarbeid\/wp-json\/wp\/v2\/pages"}],"about":[{"href":"https:\/\/nettsteder.regjeringen.no\/helseiarbeid\/wp-json\/wp\/v2\/types\/page"}],"author":[{"embeddable":true,"href":"https:\/\/nettsteder.regjeringen.no\/helseiarbeid\/wp-json\/wp\/v2\/users\/2877"}],"replies":[{"embeddable":true,"href":"https:\/\/nettsteder.regjeringen.no\/helseiarbeid\/wp-json\/wp\/v2\/comments?post=1208"}],"version-history":[{"count":3,"href":"https:\/\/nettsteder.regjeringen.no\/helseiarbeid\/wp-json\/wp\/v2\/pages\/1208\/revisions"}],"predecessor-version":[{"id":1603,"href":"https:\/\/nettsteder.regjeringen.no\/helseiarbeid\/wp-json\/wp\/v2\/pages\/1208\/revisions\/1603"}],"wp:attachment":[{"href":"https:\/\/nettsteder.regjeringen.no\/helseiarbeid\/wp-json\/wp\/v2\/media?parent=1208"}],"curies":[{"name":"wp","href":"https:\/\/api.w.org\/{rel}","templated":true}]}}