{"id":1184,"date":"2026-02-12T08:34:35","date_gmt":"2026-02-12T07:34:35","guid":{"rendered":"https:\/\/nettsteder.regjeringen.no\/helseiarbeid\/?page_id=1184"},"modified":"2026-03-13T12:02:57","modified_gmt":"2026-03-13T11:02:57","slug":"kontakt","status":"publish","type":"page","link":"https:\/\/nettsteder.regjeringen.no\/helseiarbeid\/kontakt\/","title":{"rendered":"Kontakt"},"content":{"rendered":"\n<div class=\"wp-block-columns alignfull has-background is-layout-flex wp-container-core-columns-is-layout-9d6595d7 wp-block-columns-is-layout-flex\" style=\"background-color:#accac4\">\n<div class=\"wp-block-column is-layout-flow wp-block-column-is-layout-flow\">\n<div class=\"wp-block-group alignwide is-content-justification-center is-layout-constrained wp-block-group-is-layout-constrained\">\n<div class=\"wp-block-group alignwide has-background is-content-justification-left is-layout-constrained wp-container-core-group-is-layout-8c890d92 wp-block-group-is-layout-constrained\" style=\"background-color:#accac4\">\n<div class=\"wp-block-group alignwide is-layout-constrained wp-block-group-is-layout-constrained\">\n<h1 class=\"wp-block-heading alignwide has-text-align-left\" style=\"font-size:clamp(1.648em, 1.648rem + ((1vw - 0.2em) * 2.276), 2.8em);\">Slik kommer dere i kontakt med Nav arbeidslivssenter<\/h1>\n<\/div>\n\n\n\n<p>P\u00e5 Nav sine sider finner dere en oversikt over Nav arbeidslivssenter i Norge.<\/p>\n\n\n\n<p>Ta kontakt med ditt n\u00e6rmeste arbeidslivssenter for \u00e5 h\u00f8re om HelseIArbeid kan v\u00e6re et tilbud for virksomheten din.<\/p>\n\n\n\n<p>Hvis du allerede har en kontaktperson hos Nav arbeidslivssenter, kan du ta kontakt direkte.<\/p>\n\n\n\n<div class=\"wp-block-buttons is-layout-flex wp-block-buttons-is-layout-flex\">\n<div class=\"wp-block-button\"><a class=\"wp-block-button__link has-text-color has-background has-link-color wp-element-button\" href=\"https:\/\/www.nav.no\/arbeidsgiver\/navarbeidslivssenter#hvordan\" style=\"--border-color:#ed6d6e;color:#f8f5ee;background-color:#ed6d6e\"><strong>Finn ditt Nav arbeidslivssenter<\/strong><\/a><\/div>\n<\/div>\n\n\n\n<p><\/p>\n<\/div>\n<\/div>\n<\/div>\n<\/div>\n\n\n\n<p><\/p>\n","protected":false},"excerpt":{"rendered":"<p>Slik kommer dere i kontakt med Nav arbeidslivssenter P\u00e5 Nav sine sider finner dere en oversikt over Nav arbeidslivssenter i Norge. Ta kontakt med ditt n\u00e6rmeste arbeidslivssenter for \u00e5 h\u00f8re om HelseIArbeid kan v\u00e6re et tilbud for virksomheten din. Hvis du allerede har en kontaktperson hos Nav arbeidslivssenter, kan du ta kontakt direkte.<\/p>\n","protected":false},"author":2877,"featured_media":0,"parent":0,"menu_order":0,"comment_status":"closed","ping_status":"closed","template":"","meta":{"dss_simple_post_excerpt":"","dss_show_featured_image":true,"dss_show_title":true,"footnotes":""},"class_list":["post-1184","page","type-page","status-publish","hentry"],"language":"nb-NO","_links":{"self":[{"href":"https:\/\/nettsteder.regjeringen.no\/helseiarbeid\/wp-json\/wp\/v2\/pages\/1184","targetHints":{"allow":["GET"]}}],"collection":[{"href":"https:\/\/nettsteder.regjeringen.no\/helseiarbeid\/wp-json\/wp\/v2\/pages"}],"about":[{"href":"https:\/\/nettsteder.regjeringen.no\/helseiarbeid\/wp-json\/wp\/v2\/types\/page"}],"author":[{"embeddable":true,"href":"https:\/\/nettsteder.regjeringen.no\/helseiarbeid\/wp-json\/wp\/v2\/users\/2877"}],"replies":[{"embeddable":true,"href":"https:\/\/nettsteder.regjeringen.no\/helseiarbeid\/wp-json\/wp\/v2\/comments?post=1184"}],"version-history":[{"count":3,"href":"https:\/\/nettsteder.regjeringen.no\/helseiarbeid\/wp-json\/wp\/v2\/pages\/1184\/revisions"}],"predecessor-version":[{"id":1570,"href":"https:\/\/nettsteder.regjeringen.no\/helseiarbeid\/wp-json\/wp\/v2\/pages\/1184\/revisions\/1570"}],"wp:attachment":[{"href":"https:\/\/nettsteder.regjeringen.no\/helseiarbeid\/wp-json\/wp\/v2\/media?parent=1184"}],"curies":[{"name":"wp","href":"https:\/\/api.w.org\/{rel}","templated":true}]}}