{"id":1180,"date":"2026-02-12T08:33:20","date_gmt":"2026-02-12T07:33:20","guid":{"rendered":"https:\/\/nettsteder.regjeringen.no\/helseiarbeid\/?page_id=1180"},"modified":"2026-03-13T09:29:58","modified_gmt":"2026-03-13T08:29:58","slug":"hvem-kan-fa-tilbudet","status":"publish","type":"page","link":"https:\/\/nettsteder.regjeringen.no\/helseiarbeid\/hvem-kan-fa-tilbudet\/","title":{"rendered":"Hvem kan f\u00e5 tilbudet"},"content":{"rendered":"\n<div class=\"wp-block-columns alignfull has-background is-layout-flex wp-container-core-columns-is-layout-9d6595d7 wp-block-columns-is-layout-flex\" style=\"background-color:#accac4\">\n<div class=\"wp-block-column is-layout-flow wp-block-column-is-layout-flow\">\n<div class=\"wp-block-group alignwide is-layout-constrained wp-block-group-is-layout-constrained\">\n<div class=\"wp-block-group alignwide has-text-color has-background has-link-color wp-elements-f7a7ef6095fb63858b68b77f6ad2eeaf is-layout-constrained wp-block-group-is-layout-constrained\" style=\"color:#2d5660;background-color:#accac4\">\n<div class=\"wp-block-group alignwide is-layout-constrained wp-block-group-is-layout-constrained\">\n<h2 class=\"wp-block-heading alignwide has-text-align-left\" style=\"font-size:clamp(1.648em, 1.648rem + ((1vw - 0.2em) * 2.276), 2.8em);\">Hvem kan f\u00e5 tilbud om HelseIArbeid?<\/h2>\n\n\n<p class=\"t2-ingress alignwide wp-block-t2-ingress has-medium-font-size\">HelseIArbeid passer for bedrifter som sliter med h\u00f8yt sykefrav\u00e6r og som har motivasjon til \u00e5 ta tak og jobbe med eget arbeidsmilj\u00f8.<\/p><\/div>\n<\/div>\n<\/div>\n<\/div>\n<\/div>\n\n\n\n<div style=\"height:0px\" aria-hidden=\"true\" class=\"wp-block-spacer\"><\/div>\n\n\n\n<div class=\"wp-block-columns alignwide is-layout-flex wp-container-core-columns-is-layout-9d6595d7 wp-block-columns-is-layout-flex\">\n<div class=\"wp-block-column is-layout-flow wp-block-column-is-layout-flow\">\n<h2 class=\"wp-block-heading\" style=\"font-size:clamp(1.25em, 1.25rem + ((1vw - 0.2em) * 1.481), 2em);\">Hvem prioriteres av Nav?<\/h2>\n\n\n\n<p style=\"font-size:clamp(0.875em, 0.875rem + ((1vw - 0.2em) * 0.642), 1.2em);\">F\u00f8r dere f\u00e5r tilbud om HelseIArbeid vil en IA-r\u00e5dgiver fra Nav Arbeidslivssenter vurdere hvilke behov dere har. Dette skjer i dialog med partsgruppen, som best\u00e5r av ledelse, verneombud og tillitsvalgte i bedriften.<\/p>\n\n\n\n<p style=\"font-size:clamp(0.875em, 0.875rem + ((1vw - 0.2em) * 0.642), 1.2em);\"><strong>Nav prioriterer s\u00e6rlig virksomheter som:<\/strong><\/p>\n\n\n\n<ul style=\"font-size:clamp(0.875em, 0.875rem + ((1vw - 0.2em) * 0.642), 1.2em);\" class=\"wp-block-list is-layout-flow wp-block-list-is-layout-flow\">\n<li>har hatt h\u00f8yt sykefrav\u00e6r over tid<\/li>\n\n\n\n<li>\u00f8nsker \u00e5 jobbe systematiske med arbeidsmilj\u00f8et.<\/li>\n\n\n\n<li>har en partsgruppe som kan bidra i prosessen<\/li>\n\n\n\n<li>har kapasitet til \u00e5 f\u00f8lge opp arbeidet over tid<\/li>\n<\/ul>\n\n\n\n<p style=\"font-size:clamp(0.875em, 0.875rem + ((1vw - 0.2em) * 0.642), 1.2em);\"><a href=\"https:\/\/www.nav.no\/arbeidsgiver\/navarbeidslivssenter#hvordan\" data-type=\"link\" data-id=\"https:\/\/www.nav.no\/arbeidsgiver\/navarbeidslivssenter#hvordan\" target=\"_blank\" rel=\"noreferrer noopener\">Her kan du lese mer om hvordan Nav gj\u00f8r sine vurderinger.<\/a><\/p>\n\n\n\n<div style=\"height:50px\" aria-hidden=\"true\" class=\"wp-block-spacer\"><\/div>\n\n\n\n<div class=\"wp-block-group alignwide is-layout-constrained wp-block-group-is-layout-constrained\">\n<h2 class=\"wp-block-heading alignwide has-text-align-left\" style=\"font-size:clamp(1.25em, 1.25rem + ((1vw - 0.2em) * 1.481), 2em);\">Et alternativ: HelseIArbeid lynkurs<\/h2>\n<\/div>\n\n\n\n<p style=\"font-size:clamp(0.875em, 0.875rem + ((1vw - 0.2em) * 0.642), 1.2em);\">Dersom dere ikke prioriteres av Nav Arbeidslivssenter, kan HelseIArbeid lynkurs v\u00e6re et godt alternativ.<\/p>\n\n\n\n<p style=\"font-size:clamp(0.875em, 0.875rem + ((1vw - 0.2em) * 0.642), 1.2em);\">Lynkurset tar omtrent \u00e9n time og gir dere en nyttig introduksjon til kunnskapen HelseIArbeid er bygget p\u00e5.<\/p>\n\n\n\n<p style=\"font-size:clamp(0.875em, 0.875rem + ((1vw - 0.2em) * 0.642), 1.2em);\"><strong>Lynkurset passer godt for virksomheter som:<\/strong><\/p>\n\n\n\n<ul style=\"font-size:clamp(0.875em, 0.875rem + ((1vw - 0.2em) * 0.642), 1.2em);\" class=\"wp-block-list is-layout-flow wp-block-list-is-layout-flow\">\n<li>er nysgjerrige p\u00e5 tematikken<\/li>\n\n\n\n<li>\u00f8nsker en introduksjon til helse og arbeid<\/li>\n\n\n\n<li>vil jobbe videre med arbeidsmilj\u00f8 p\u00e5 egen h\u00e5nd<\/li>\n<\/ul>\n\n\n\n<p style=\"font-size:clamp(0.875em, 0.875rem + ((1vw - 0.2em) * 0.642), 1.2em);\"><a href=\"https:\/\/idebanken.no\/forebygge-sykefravaer\/forsta-jobb-og-helse\" data-type=\"link\" data-id=\"https:\/\/idebanken.no\/forebygge-sykefravaer\/forsta-jobb-og-helse\" target=\"_blank\" rel=\"noreferrer noopener\">G\u00e5 til Lynkurset \u2192<\/a><\/p>\n<\/div>\n\n\n\n<div class=\"wp-block-column is-layout-flow wp-block-column-is-layout-flow\">\n<figure class=\"wp-block-image size-full\"><img loading=\"lazy\" decoding=\"async\" width=\"500\" height=\"500\" src=\"https:\/\/files.nettsteder.regjeringen.no\/wpuploads01\/sites\/609\/2026\/01\/ILL_3.png\" alt=\"\" class=\"wp-image-369\" srcset=\"https:\/\/files.nettsteder.regjeringen.no\/wpuploads01\/sites\/609\/2026\/01\/ILL_3.png 500w, https:\/\/files.nettsteder.regjeringen.no\/wpuploads01\/sites\/609\/2026\/01\/ILL_3-300x300.png 300w, https:\/\/files.nettsteder.regjeringen.no\/wpuploads01\/sites\/609\/2026\/01\/ILL_3-150x150.png 150w\" sizes=\"auto, (max-width: 500px) 100vw, 500px\" \/><\/figure>\n<\/div>\n<\/div>\n\n\n\n<div class=\"wp-block-columns alignfull is-layout-flex wp-container-core-columns-is-layout-9d6595d7 wp-block-columns-is-layout-flex\">\n<div class=\"wp-block-column is-layout-flow wp-block-column-is-layout-flow\">\n<div class=\"wp-block-group alignwide has-background is-layout-constrained wp-block-group-is-layout-constrained\" style=\"background-color:#accac4\">\n<div class=\"wp-block-group alignwide has-text-color has-background has-link-color wp-elements-03c5fb4b958b39d6dbfaf8d575ae3f62 is-content-justification-left is-layout-constrained wp-container-core-group-is-layout-8c890d92 wp-block-group-is-layout-constrained\" style=\"color:#2d5660;background-color:#accac4\">\n<div class=\"wp-block-group alignwide is-layout-constrained wp-block-group-is-layout-constrained\">\n<h2 class=\"wp-block-heading alignwide has-text-align-left\" style=\"font-size:clamp(1.25em, 1.25rem + ((1vw - 0.2em) * 1.481), 2em);\">Typiske sp\u00f8rsm\u00e5l om HelseIArbeid<\/h2>\n<\/div>\n\n\n<div class=\"t2-accordion wp-block-t2-accordion\" role=\"list\">\n<div style=\"background-color:#f8f5ee;\" class=\"t2-accordion-item wp-block-t2-accordion-item has-background\" role=\"listitem\">\n\t\t\t<h2 class=\"t2-accordion-title\">\n\t\t\t\t<button type=\"button\" class=\"t2-accordion-trigger\" id=\"m\u00e5-vi-v\u00e6re-et-visst-antall-ansatte-for-\u00e5-delta-i-helseiarbeid?\" aria-controls=\"accordion-panel\" aria-expanded=\"false\">\n\t\t\t\t\tM\u00e5 vi v\u00e6re et visst antall ansatte for \u00e5 delta i HelseIArbeid?\n\t\t\t\t\t<span class=\"t2-accordion-icon is-closed-icon\"><svg xmlns=\"http:\/\/www.w3.org\/2000\/svg\" viewBox=\"0 0 24 24\" height=\"24\" width=\"24\" class=\"t2-icon t2-icon-addcircle\" aria-hidden=\"true\" focusable=\"false\"><path d=\"M16.5 11.2h-3.8V7.5c0-.4-.3-.8-.8-.8s-.8.3-.8.8v3.8H7.5c-.4 0-.8.3-.8.8s.3.8.8.8h3.8v3.8c0 .4.3.8.8.8s.8-.3.8-.8v-3.8h3.8c.4 0 .8-.3.8-.8s-.6-.9-1-.9z\"\/><path d=\"M12 24C5.4 24 0 18.6 0 12S5.4 0 12 0s12 5.4 12 12-5.4 12-12 12zm0-22.5C6.2 1.5 1.5 6.2 1.5 12S6.2 22.5 12 22.5 22.5 17.8 22.5 12 17.8 1.5 12 1.5z\"\/><\/svg><\/span>\n\t\t\t\t\t<span class=\"t2-accordion-icon is-open-icon\"><svg xmlns=\"http:\/\/www.w3.org\/2000\/svg\" viewBox=\"0 0 24 24\" height=\"24\" width=\"24\" class=\"t2-icon t2-icon-removecircle\" aria-hidden=\"true\" focusable=\"false\"><path d=\"M15.7 8.3c-.3-.3-.8-.3-1.1 0L12 10.9 9.4 8.3c-.3-.3-.8-.3-1.1 0s-.3.8 0 1.1l2.6 2.6-2.6 2.6c-.3.3-.3.8 0 1.1.1.1.3.2.5.2s.4-.1.5-.2l2.6-2.6 2.6 2.6c.1.1.3.2.5.2s.4-.1.5-.2c.3-.3.3-.8 0-1.1L13.1 12l2.6-2.6c.3-.3.3-.8 0-1.1z\"\/><path d=\"M20.5 3.5c-4.7-4.7-12.3-4.7-17 0-4.7 4.7-4.7 12.3 0 17C5.9 22.8 8.9 24 12 24c3.1 0 6.1-1.2 8.5-3.5 4.7-4.7 4.7-12.3 0-17zm-1.1 15.9c-4.1 4.1-10.8 4.1-14.8 0C.5 15.3.5 8.6 4.6 4.6c2-2 4.7-3.1 7.4-3.1s5.4 1 7.4 3.1c4.1 4.1 4.1 10.7 0 14.8z\"\/><\/svg><\/span>\n\t\t\t\t<\/button>\n\t\t\t<\/h2>\n\t\t\t<div class=\"t2-accordion-item__inner-container is-layout-flow\" id=\"accordion-panel\" aria-labelledby=\"m\u00e5-vi-v\u00e6re-et-visst-antall-ansatte-for-\u00e5-delta-i-helseiarbeid?\" role=\"region\" hidden>\n\t\t\t\t\n\n<p>Nav Arbeidslivssenter prioriterer som hovedregel \u00e5 gi bistand til st\u00f8rre enheter, men prioriteringen gj\u00f8res ut fra en helhetsvurdering. <a href=\"https:\/\/www.nav.no\/arbeidsgiver\/navarbeidslivssenter#hvordan\" target=\"_blank\" rel=\"noreferrer noopener\">Dette kan du lese mer om her.<\/a> Via samme lenke kan du ta kontakt med Nav Arbeidslivssenter i ditt fylke, som kan gi svar p\u00e5 om bedriften kan f\u00e5 bistand til \u00e5 gjennomf\u00f8re HelseIArbeid.<\/p>\n\n\n\t\t\t<\/div>\n\t\t<\/div>\n\n<div style=\"background-color:#f8f5ee;\" class=\"t2-accordion-item wp-block-t2-accordion-item has-background\" role=\"listitem\">\n\t\t\t<h2 class=\"t2-accordion-title\">\n\t\t\t\t<button type=\"button\" class=\"t2-accordion-trigger\" id=\"koster-det-noe-\u00e5-delta-i-helseiarbeid?\" aria-controls=\"accordion-panel-1\" aria-expanded=\"false\">\n\t\t\t\t\tKoster det noe \u00e5 delta i HelseIArbeid?\n\t\t\t\t\t<span class=\"t2-accordion-icon is-closed-icon\"><svg xmlns=\"http:\/\/www.w3.org\/2000\/svg\" viewBox=\"0 0 24 24\" height=\"24\" width=\"24\" class=\"t2-icon t2-icon-addcircle\" aria-hidden=\"true\" focusable=\"false\"><path d=\"M16.5 11.2h-3.8V7.5c0-.4-.3-.8-.8-.8s-.8.3-.8.8v3.8H7.5c-.4 0-.8.3-.8.8s.3.8.8.8h3.8v3.8c0 .4.3.8.8.8s.8-.3.8-.8v-3.8h3.8c.4 0 .8-.3.8-.8s-.6-.9-1-.9z\"\/><path d=\"M12 24C5.4 24 0 18.6 0 12S5.4 0 12 0s12 5.4 12 12-5.4 12-12 12zm0-22.5C6.2 1.5 1.5 6.2 1.5 12S6.2 22.5 12 22.5 22.5 17.8 22.5 12 17.8 1.5 12 1.5z\"\/><\/svg><\/span>\n\t\t\t\t\t<span class=\"t2-accordion-icon is-open-icon\"><svg xmlns=\"http:\/\/www.w3.org\/2000\/svg\" viewBox=\"0 0 24 24\" height=\"24\" width=\"24\" class=\"t2-icon t2-icon-removecircle\" aria-hidden=\"true\" focusable=\"false\"><path d=\"M15.7 8.3c-.3-.3-.8-.3-1.1 0L12 10.9 9.4 8.3c-.3-.3-.8-.3-1.1 0s-.3.8 0 1.1l2.6 2.6-2.6 2.6c-.3.3-.3.8 0 1.1.1.1.3.2.5.2s.4-.1.5-.2l2.6-2.6 2.6 2.6c.1.1.3.2.5.2s.4-.1.5-.2c.3-.3.3-.8 0-1.1L13.1 12l2.6-2.6c.3-.3.3-.8 0-1.1z\"\/><path d=\"M20.5 3.5c-4.7-4.7-12.3-4.7-17 0-4.7 4.7-4.7 12.3 0 17C5.9 22.8 8.9 24 12 24c3.1 0 6.1-1.2 8.5-3.5 4.7-4.7 4.7-12.3 0-17zm-1.1 15.9c-4.1 4.1-10.8 4.1-14.8 0C.5 15.3.5 8.6 4.6 4.6c2-2 4.7-3.1 7.4-3.1s5.4 1 7.4 3.1c4.1 4.1 4.1 10.7 0 14.8z\"\/><\/svg><\/span>\n\t\t\t\t<\/button>\n\t\t\t<\/h2>\n\t\t\t<div class=\"t2-accordion-item__inner-container is-layout-flow\" id=\"accordion-panel-1\" aria-labelledby=\"koster-det-noe-\u00e5-delta-i-helseiarbeid?\" role=\"region\" hidden>\n\t\t\t\t\n\n<p>Bistand fra Nav Arbeidslivssenter koster ingenting for bedriften.<\/p>\n\n\n\n<p>Bedriften dekker selv eventuelle kostnader ved \u00e5 ta ansatte og partsgruppen ut av produksjon for \u00e5 delta p\u00e5 m\u00f8ter\/samlinger.<\/p>\n\n\n\t\t\t<\/div>\n\t\t<\/div>\n\n<div style=\"background-color:#f8f5ee;\" class=\"t2-accordion-item wp-block-t2-accordion-item has-background\" role=\"listitem\">\n\t\t\t<h2 class=\"t2-accordion-title\">\n\t\t\t\t<button type=\"button\" class=\"t2-accordion-trigger\" id=\"m\u00e5-vi-ha-et-h\u00f8yt-sykefrav\u00e6r-for-\u00e5-delta?\" aria-controls=\"accordion-panel-2\" aria-expanded=\"false\">\n\t\t\t\t\tM\u00e5 vi ha et h\u00f8yt sykefrav\u00e6r for \u00e5 delta?\n\t\t\t\t\t<span class=\"t2-accordion-icon is-closed-icon\"><svg xmlns=\"http:\/\/www.w3.org\/2000\/svg\" viewBox=\"0 0 24 24\" height=\"24\" width=\"24\" class=\"t2-icon t2-icon-addcircle\" aria-hidden=\"true\" focusable=\"false\"><path d=\"M16.5 11.2h-3.8V7.5c0-.4-.3-.8-.8-.8s-.8.3-.8.8v3.8H7.5c-.4 0-.8.3-.8.8s.3.8.8.8h3.8v3.8c0 .4.3.8.8.8s.8-.3.8-.8v-3.8h3.8c.4 0 .8-.3.8-.8s-.6-.9-1-.9z\"\/><path d=\"M12 24C5.4 24 0 18.6 0 12S5.4 0 12 0s12 5.4 12 12-5.4 12-12 12zm0-22.5C6.2 1.5 1.5 6.2 1.5 12S6.2 22.5 12 22.5 22.5 17.8 22.5 12 17.8 1.5 12 1.5z\"\/><\/svg><\/span>\n\t\t\t\t\t<span class=\"t2-accordion-icon is-open-icon\"><svg xmlns=\"http:\/\/www.w3.org\/2000\/svg\" viewBox=\"0 0 24 24\" height=\"24\" width=\"24\" class=\"t2-icon t2-icon-removecircle\" aria-hidden=\"true\" focusable=\"false\"><path d=\"M15.7 8.3c-.3-.3-.8-.3-1.1 0L12 10.9 9.4 8.3c-.3-.3-.8-.3-1.1 0s-.3.8 0 1.1l2.6 2.6-2.6 2.6c-.3.3-.3.8 0 1.1.1.1.3.2.5.2s.4-.1.5-.2l2.6-2.6 2.6 2.6c.1.1.3.2.5.2s.4-.1.5-.2c.3-.3.3-.8 0-1.1L13.1 12l2.6-2.6c.3-.3.3-.8 0-1.1z\"\/><path d=\"M20.5 3.5c-4.7-4.7-12.3-4.7-17 0-4.7 4.7-4.7 12.3 0 17C5.9 22.8 8.9 24 12 24c3.1 0 6.1-1.2 8.5-3.5 4.7-4.7 4.7-12.3 0-17zm-1.1 15.9c-4.1 4.1-10.8 4.1-14.8 0C.5 15.3.5 8.6 4.6 4.6c2-2 4.7-3.1 7.4-3.1s5.4 1 7.4 3.1c4.1 4.1 4.1 10.7 0 14.8z\"\/><\/svg><\/span>\n\t\t\t\t<\/button>\n\t\t\t<\/h2>\n\t\t\t<div class=\"t2-accordion-item__inner-container is-layout-flow\" id=\"accordion-panel-2\" aria-labelledby=\"m\u00e5-vi-ha-et-h\u00f8yt-sykefrav\u00e6r-for-\u00e5-delta?\" role=\"region\" hidden>\n\t\t\t\t\n\n<p>Som hovedregel prioriterer Nav Arbeidslivssenter \u00e5 hjelpe virksomheter med h\u00f8yt sykefrav\u00e6r, men prioriteringen gj\u00f8res ut fra en helhetsvurdering. <a href=\"https:\/\/www.nav.no\/arbeidsgiver\/navarbeidslivssenter\" target=\"_blank\" rel=\"noreferrer noopener\">Dette kan du lese mer om her.<\/a> Via samme lenke kan du ta kontakt med Nav Arbeidslivssenter i ditt fylke, som kan gi svar p\u00e5 om bedriften kan f\u00e5 bistand til \u00e5 gjennomf\u00f8re HelseIArbeid.<\/p>\n\n\n\t\t\t<\/div>\n\t\t<\/div>\n\n<div style=\"background-color:#f8f5ee;\" class=\"t2-accordion-item wp-block-t2-accordion-item has-background\" role=\"listitem\">\n\t\t\t<h2 class=\"t2-accordion-title\">\n\t\t\t\t<button type=\"button\" class=\"t2-accordion-trigger\" id=\"hvor-mye-tid-m\u00e5-vi-sette-av?\" aria-controls=\"accordion-panel-3\" aria-expanded=\"false\">\n\t\t\t\t\tHvor mye tid m\u00e5 vi sette av?\n\t\t\t\t\t<span class=\"t2-accordion-icon is-closed-icon\"><svg xmlns=\"http:\/\/www.w3.org\/2000\/svg\" viewBox=\"0 0 24 24\" height=\"24\" width=\"24\" class=\"t2-icon t2-icon-addcircle\" aria-hidden=\"true\" focusable=\"false\"><path d=\"M16.5 11.2h-3.8V7.5c0-.4-.3-.8-.8-.8s-.8.3-.8.8v3.8H7.5c-.4 0-.8.3-.8.8s.3.8.8.8h3.8v3.8c0 .4.3.8.8.8s.8-.3.8-.8v-3.8h3.8c.4 0 .8-.3.8-.8s-.6-.9-1-.9z\"\/><path d=\"M12 24C5.4 24 0 18.6 0 12S5.4 0 12 0s12 5.4 12 12-5.4 12-12 12zm0-22.5C6.2 1.5 1.5 6.2 1.5 12S6.2 22.5 12 22.5 22.5 17.8 22.5 12 17.8 1.5 12 1.5z\"\/><\/svg><\/span>\n\t\t\t\t\t<span class=\"t2-accordion-icon is-open-icon\"><svg xmlns=\"http:\/\/www.w3.org\/2000\/svg\" viewBox=\"0 0 24 24\" height=\"24\" width=\"24\" class=\"t2-icon t2-icon-removecircle\" aria-hidden=\"true\" focusable=\"false\"><path d=\"M15.7 8.3c-.3-.3-.8-.3-1.1 0L12 10.9 9.4 8.3c-.3-.3-.8-.3-1.1 0s-.3.8 0 1.1l2.6 2.6-2.6 2.6c-.3.3-.3.8 0 1.1.1.1.3.2.5.2s.4-.1.5-.2l2.6-2.6 2.6 2.6c.1.1.3.2.5.2s.4-.1.5-.2c.3-.3.3-.8 0-1.1L13.1 12l2.6-2.6c.3-.3.3-.8 0-1.1z\"\/><path d=\"M20.5 3.5c-4.7-4.7-12.3-4.7-17 0-4.7 4.7-4.7 12.3 0 17C5.9 22.8 8.9 24 12 24c3.1 0 6.1-1.2 8.5-3.5 4.7-4.7 4.7-12.3 0-17zm-1.1 15.9c-4.1 4.1-10.8 4.1-14.8 0C.5 15.3.5 8.6 4.6 4.6c2-2 4.7-3.1 7.4-3.1s5.4 1 7.4 3.1c4.1 4.1 4.1 10.7 0 14.8z\"\/><\/svg><\/span>\n\t\t\t\t<\/button>\n\t\t\t<\/h2>\n\t\t\t<div class=\"t2-accordion-item__inner-container is-layout-flow\" id=\"accordion-panel-3\" aria-labelledby=\"hvor-mye-tid-m\u00e5-vi-sette-av?\" role=\"region\" hidden>\n\t\t\t\t\n\n<p>HelseIArbeid-prosessen har definerte m\u00f8tepunkt som til sammen utgj\u00f8r 4,5 timer for alle ansatte og 6 timer for partsgruppen. Denne tiden er fordelt over en periode p\u00e5 3-6 m\u00e5neder. I tillegg forventes det at bedriften bruker den tiden som er n\u00f8dvendig mellom\/etter m\u00f8tene for \u00e5 gjennomf\u00f8re de aktivitene\/tiltakene de har blitt enige om. &nbsp;<\/p>\n\n\n\n<p>Noen velger \u00e5 utvide prosessen med mer spesifikk faglig fordypning. Dette kan for eksempel v\u00e6re aktuelt hvis dere har h\u00f8yt frav\u00e6r knyttet til spesifikke fysiske eller psykiske helseplager. Hvordan dette organiseres og tilpasses avtales med IA-r\u00e5dgiver.<\/p>\n\n\n\t\t\t<\/div>\n\t\t<\/div>\n\n<div style=\"background-color:#f8f5ee;\" class=\"t2-accordion-item wp-block-t2-accordion-item has-background\" role=\"listitem\">\n\t\t\t<h2 class=\"t2-accordion-title\">\n\t\t\t\t<button type=\"button\" class=\"t2-accordion-trigger\" id=\"kan-vi-delta-hvis-vi-allerede-har-et-hms-plan?\" aria-controls=\"accordion-panel-4\" aria-expanded=\"false\">\n\t\t\t\t\tKan vi delta hvis vi allerede har et HMS-plan?\n\t\t\t\t\t<span class=\"t2-accordion-icon is-closed-icon\"><svg xmlns=\"http:\/\/www.w3.org\/2000\/svg\" viewBox=\"0 0 24 24\" height=\"24\" width=\"24\" class=\"t2-icon t2-icon-addcircle\" aria-hidden=\"true\" focusable=\"false\"><path d=\"M16.5 11.2h-3.8V7.5c0-.4-.3-.8-.8-.8s-.8.3-.8.8v3.8H7.5c-.4 0-.8.3-.8.8s.3.8.8.8h3.8v3.8c0 .4.3.8.8.8s.8-.3.8-.8v-3.8h3.8c.4 0 .8-.3.8-.8s-.6-.9-1-.9z\"\/><path d=\"M12 24C5.4 24 0 18.6 0 12S5.4 0 12 0s12 5.4 12 12-5.4 12-12 12zm0-22.5C6.2 1.5 1.5 6.2 1.5 12S6.2 22.5 12 22.5 22.5 17.8 22.5 12 17.8 1.5 12 1.5z\"\/><\/svg><\/span>\n\t\t\t\t\t<span class=\"t2-accordion-icon is-open-icon\"><svg xmlns=\"http:\/\/www.w3.org\/2000\/svg\" viewBox=\"0 0 24 24\" height=\"24\" width=\"24\" class=\"t2-icon t2-icon-removecircle\" aria-hidden=\"true\" focusable=\"false\"><path d=\"M15.7 8.3c-.3-.3-.8-.3-1.1 0L12 10.9 9.4 8.3c-.3-.3-.8-.3-1.1 0s-.3.8 0 1.1l2.6 2.6-2.6 2.6c-.3.3-.3.8 0 1.1.1.1.3.2.5.2s.4-.1.5-.2l2.6-2.6 2.6 2.6c.1.1.3.2.5.2s.4-.1.5-.2c.3-.3.3-.8 0-1.1L13.1 12l2.6-2.6c.3-.3.3-.8 0-1.1z\"\/><path d=\"M20.5 3.5c-4.7-4.7-12.3-4.7-17 0-4.7 4.7-4.7 12.3 0 17C5.9 22.8 8.9 24 12 24c3.1 0 6.1-1.2 8.5-3.5 4.7-4.7 4.7-12.3 0-17zm-1.1 15.9c-4.1 4.1-10.8 4.1-14.8 0C.5 15.3.5 8.6 4.6 4.6c2-2 4.7-3.1 7.4-3.1s5.4 1 7.4 3.1c4.1 4.1 4.1 10.7 0 14.8z\"\/><\/svg><\/span>\n\t\t\t\t<\/button>\n\t\t\t<\/h2>\n\t\t\t<div class=\"t2-accordion-item__inner-container is-layout-flow\" id=\"accordion-panel-4\" aria-labelledby=\"kan-vi-delta-hvis-vi-allerede-har-et-hms-plan?\" role=\"region\" hidden>\n\t\t\t\t\n\n<p>Ja, s\u00e5 absolutt! HelseIArbeid kan enkelt integreres i HMS-planen dere allerede har, som en del av det systematiske HMS-arbeidet.<\/p>\n\n\n\t\t\t<\/div>\n\t\t<\/div>\n\n<div style=\"background-color:#f8f5ee;\" class=\"t2-accordion-item wp-block-t2-accordion-item has-background\" role=\"listitem\">\n\t\t\t<h2 class=\"t2-accordion-title\">\n\t\t\t\t<button type=\"button\" class=\"t2-accordion-trigger\" id=\"hva-skjer-etter-at-vi-har-fullf\u00f8rt-helseiarbeid-prosessen?\" aria-controls=\"accordion-panel-5\" aria-expanded=\"false\">\n\t\t\t\t\tHva skjer etter at vi har fullf\u00f8rt HelseIArbeid-prosessen?\n\t\t\t\t\t<span class=\"t2-accordion-icon is-closed-icon\"><svg xmlns=\"http:\/\/www.w3.org\/2000\/svg\" viewBox=\"0 0 24 24\" height=\"24\" width=\"24\" class=\"t2-icon t2-icon-addcircle\" aria-hidden=\"true\" focusable=\"false\"><path d=\"M16.5 11.2h-3.8V7.5c0-.4-.3-.8-.8-.8s-.8.3-.8.8v3.8H7.5c-.4 0-.8.3-.8.8s.3.8.8.8h3.8v3.8c0 .4.3.8.8.8s.8-.3.8-.8v-3.8h3.8c.4 0 .8-.3.8-.8s-.6-.9-1-.9z\"\/><path d=\"M12 24C5.4 24 0 18.6 0 12S5.4 0 12 0s12 5.4 12 12-5.4 12-12 12zm0-22.5C6.2 1.5 1.5 6.2 1.5 12S6.2 22.5 12 22.5 22.5 17.8 22.5 12 17.8 1.5 12 1.5z\"\/><\/svg><\/span>\n\t\t\t\t\t<span class=\"t2-accordion-icon is-open-icon\"><svg xmlns=\"http:\/\/www.w3.org\/2000\/svg\" viewBox=\"0 0 24 24\" height=\"24\" width=\"24\" class=\"t2-icon t2-icon-removecircle\" aria-hidden=\"true\" focusable=\"false\"><path d=\"M15.7 8.3c-.3-.3-.8-.3-1.1 0L12 10.9 9.4 8.3c-.3-.3-.8-.3-1.1 0s-.3.8 0 1.1l2.6 2.6-2.6 2.6c-.3.3-.3.8 0 1.1.1.1.3.2.5.2s.4-.1.5-.2l2.6-2.6 2.6 2.6c.1.1.3.2.5.2s.4-.1.5-.2c.3-.3.3-.8 0-1.1L13.1 12l2.6-2.6c.3-.3.3-.8 0-1.1z\"\/><path d=\"M20.5 3.5c-4.7-4.7-12.3-4.7-17 0-4.7 4.7-4.7 12.3 0 17C5.9 22.8 8.9 24 12 24c3.1 0 6.1-1.2 8.5-3.5 4.7-4.7 4.7-12.3 0-17zm-1.1 15.9c-4.1 4.1-10.8 4.1-14.8 0C.5 15.3.5 8.6 4.6 4.6c2-2 4.7-3.1 7.4-3.1s5.4 1 7.4 3.1c4.1 4.1 4.1 10.7 0 14.8z\"\/><\/svg><\/span>\n\t\t\t\t<\/button>\n\t\t\t<\/h2>\n\t\t\t<div class=\"t2-accordion-item__inner-container is-layout-flow\" id=\"accordion-panel-5\" aria-labelledby=\"hva-skjer-etter-at-vi-har-fullf\u00f8rt-helseiarbeid-prosessen?\" role=\"region\" hidden>\n\t\t\t\t\n\n<p>Etter prosessen sitter dere igjen med verkt\u00f8y for \u00e5 kunne jobbe videre med arbeidsmilj\u00f8et p\u00e5 egen h\u00e5nd. I utgangspunktet er bistanden fra Nav Arbeidslivssenter begrenset til gjennomf\u00f8ringen av de fire stegene i prosessen, men ved behov kan dere f\u00e5 videre oppf\u00f8lging. Vi vil ogs\u00e5 anbefale \u00e5 involvere bedriftshelsetjenesten n\u00e5r dere f\u00f8lger opp prosessen, for \u00e5 sikre god sammenheng med det \u00f8vrige HMS-arbeidet dere gj\u00f8r i bedriften. IA-r\u00e5dgiver vil gi dere r\u00e5d og veiledning om dette.<\/p>\n\n\n\t\t\t<\/div>\n\t\t<\/div>\n\n<div style=\"background-color:#f8f5ee;\" class=\"t2-accordion-item wp-block-t2-accordion-item has-background\" role=\"listitem\">\n\t\t\t<h2 class=\"t2-accordion-title\">\n\t\t\t\t<button type=\"button\" class=\"t2-accordion-trigger\" id=\"varierer-tilbudet-mellom-fylkene?\" aria-controls=\"accordion-panel-6\" aria-expanded=\"false\">\n\t\t\t\t\tVarierer tilbudet mellom fylkene?\n\t\t\t\t\t<span class=\"t2-accordion-icon is-closed-icon\"><svg xmlns=\"http:\/\/www.w3.org\/2000\/svg\" viewBox=\"0 0 24 24\" height=\"24\" width=\"24\" class=\"t2-icon t2-icon-addcircle\" aria-hidden=\"true\" focusable=\"false\"><path d=\"M16.5 11.2h-3.8V7.5c0-.4-.3-.8-.8-.8s-.8.3-.8.8v3.8H7.5c-.4 0-.8.3-.8.8s.3.8.8.8h3.8v3.8c0 .4.3.8.8.8s.8-.3.8-.8v-3.8h3.8c.4 0 .8-.3.8-.8s-.6-.9-1-.9z\"\/><path d=\"M12 24C5.4 24 0 18.6 0 12S5.4 0 12 0s12 5.4 12 12-5.4 12-12 12zm0-22.5C6.2 1.5 1.5 6.2 1.5 12S6.2 22.5 12 22.5 22.5 17.8 22.5 12 17.8 1.5 12 1.5z\"\/><\/svg><\/span>\n\t\t\t\t\t<span class=\"t2-accordion-icon is-open-icon\"><svg xmlns=\"http:\/\/www.w3.org\/2000\/svg\" viewBox=\"0 0 24 24\" height=\"24\" width=\"24\" class=\"t2-icon t2-icon-removecircle\" aria-hidden=\"true\" focusable=\"false\"><path d=\"M15.7 8.3c-.3-.3-.8-.3-1.1 0L12 10.9 9.4 8.3c-.3-.3-.8-.3-1.1 0s-.3.8 0 1.1l2.6 2.6-2.6 2.6c-.3.3-.3.8 0 1.1.1.1.3.2.5.2s.4-.1.5-.2l2.6-2.6 2.6 2.6c.1.1.3.2.5.2s.4-.1.5-.2c.3-.3.3-.8 0-1.1L13.1 12l2.6-2.6c.3-.3.3-.8 0-1.1z\"\/><path d=\"M20.5 3.5c-4.7-4.7-12.3-4.7-17 0-4.7 4.7-4.7 12.3 0 17C5.9 22.8 8.9 24 12 24c3.1 0 6.1-1.2 8.5-3.5 4.7-4.7 4.7-12.3 0-17zm-1.1 15.9c-4.1 4.1-10.8 4.1-14.8 0C.5 15.3.5 8.6 4.6 4.6c2-2 4.7-3.1 7.4-3.1s5.4 1 7.4 3.1c4.1 4.1 4.1 10.7 0 14.8z\"\/><\/svg><\/span>\n\t\t\t\t<\/button>\n\t\t\t<\/h2>\n\t\t\t<div class=\"t2-accordion-item__inner-container is-layout-flow\" id=\"accordion-panel-6\" aria-labelledby=\"varierer-tilbudet-mellom-fylkene?\" role=\"region\" hidden>\n\t\t\t\t\n\n<p>Ja. I noen fylker deltar fagpersoner fra spesialisthelsetjenesten sammen med NAV. Da erstattes fagfilmene med foredrag, og prosessen kan avvike noe fra det som beskrives her. Hvilket tilbud bedriften f\u00e5rer avhengig av kapasiteten i deres fylke. IA\u2011r\u00e5dgiver gir n\u00e6rmere informasjon til de bedriftene dette er aktuelt for.<\/p>\n\n\n\n<p><a id=\"_msocom_1\"><\/a><\/p>\n\n\n\t\t\t<\/div>\n\t\t<\/div>\n<\/div>\n\n\n<div style=\"height:26px\" aria-hidden=\"true\" class=\"wp-block-spacer\"><\/div>\n<\/div>\n<\/div>\n<\/div>\n<\/div>\n\n\n\n<div class=\"wp-block-group alignwide has-text-color has-background has-link-color wp-elements-87b04ece06b8ba777770e019ea0c523e is-layout-constrained wp-block-group-is-layout-constrained\" style=\"color:#f8f5ee;background-color:#ed6d6e\">\n<h2 class=\"wp-block-heading alignwide has-text-align-center has-text-color has-link-color wp-elements-33af3c3dfa69cddd075285a7e8585969\" style=\"color:#f8f5ee;font-size:clamp(1.25em, 1.25rem + ((1vw - 0.2em) * 1.481), 2em);\">Nysgjerrig p\u00e5 om dere kan f\u00e5 bistand fra Nav?<\/h2>\n\n\n<p class=\"t2-ingress has-text-align-center alignwide wp-block-t2-ingress\">Ta kontakt med Nav Arbeidslivssenter for en uforpliktende prat om mulighetene for \u00e5 gjennomf\u00f8re helseIArbeid hos dere.<\/p>\n\n\n<div class=\"wp-block-buttons is-content-justification-center is-layout-flex wp-container-core-buttons-is-layout-16018d1d wp-block-buttons-is-layout-flex\">\n<div class=\"wp-block-button\"><a class=\"wp-block-button__link has-text-color has-background has-link-color wp-element-button\" href=\"https:\/\/www.nav.no\/arbeidsgiver\/navarbeidslivssenter#hvordan\" style=\"--border-color:#f8f5ee;color:#2d5660;background-color:#f8f5ee\"><strong>Ta kontakt<\/strong><\/a><\/div>\n<\/div>\n<\/div>\n\n\n\n<p><\/p>\n","protected":false},"excerpt":{"rendered":"<p>Hvem kan f\u00e5 tilbud om HelseIArbeid? Hvem prioriteres av Nav? F\u00f8r dere f\u00e5r tilbud om HelseIArbeid vil en IA-r\u00e5dgiver fra Nav Arbeidslivssenter vurdere hvilke behov dere har. Dette skjer i dialog med partsgruppen, som best\u00e5r av ledelse, verneombud og tillitsvalgte i bedriften. Nav prioriterer s\u00e6rlig virksomheter som: Her kan du lese mer om hvordan Nav\u2026<\/p>\n","protected":false},"author":2877,"featured_media":0,"parent":0,"menu_order":0,"comment_status":"closed","ping_status":"closed","template":"","meta":{"dss_simple_post_excerpt":"","dss_show_featured_image":true,"dss_show_title":true,"footnotes":""},"class_list":["post-1180","page","type-page","status-publish","hentry"],"language":"nb-NO","_links":{"self":[{"href":"https:\/\/nettsteder.regjeringen.no\/helseiarbeid\/wp-json\/wp\/v2\/pages\/1180","targetHints":{"allow":["GET"]}}],"collection":[{"href":"https:\/\/nettsteder.regjeringen.no\/helseiarbeid\/wp-json\/wp\/v2\/pages"}],"about":[{"href":"https:\/\/nettsteder.regjeringen.no\/helseiarbeid\/wp-json\/wp\/v2\/types\/page"}],"author":[{"embeddable":true,"href":"https:\/\/nettsteder.regjeringen.no\/helseiarbeid\/wp-json\/wp\/v2\/users\/2877"}],"replies":[{"embeddable":true,"href":"https:\/\/nettsteder.regjeringen.no\/helseiarbeid\/wp-json\/wp\/v2\/comments?post=1180"}],"version-history":[{"count":3,"href":"https:\/\/nettsteder.regjeringen.no\/helseiarbeid\/wp-json\/wp\/v2\/pages\/1180\/revisions"}],"predecessor-version":[{"id":1540,"href":"https:\/\/nettsteder.regjeringen.no\/helseiarbeid\/wp-json\/wp\/v2\/pages\/1180\/revisions\/1540"}],"wp:attachment":[{"href":"https:\/\/nettsteder.regjeringen.no\/helseiarbeid\/wp-json\/wp\/v2\/media?parent=1180"}],"curies":[{"name":"wp","href":"https:\/\/api.w.org\/{rel}","templated":true}]}}