{"id":1156,"date":"2026-01-05T08:14:15","date_gmt":"2026-01-05T07:14:15","guid":{"rendered":"https:\/\/nettsteder.regjeringen.no\/helseiarbeidnav\/?page_id=26"},"modified":"2026-03-13T12:38:04","modified_gmt":"2026-03-13T11:38:04","slug":"hva-er-hia","status":"publish","type":"page","link":"https:\/\/nettsteder.regjeringen.no\/helseiarbeid\/hva-er-hia\/","title":{"rendered":"Hva er HelseIArbeid?"},"content":{"rendered":"\n<div class=\"wp-block-columns alignfull has-background is-layout-flex wp-container-core-columns-is-layout-9d6595d7 wp-block-columns-is-layout-flex\" style=\"background-color:#accac4\">\n<div class=\"wp-block-column is-layout-flow wp-block-column-is-layout-flow\">\n<div class=\"wp-block-group alignwide is-layout-constrained wp-block-group-is-layout-constrained\">\n<div class=\"wp-block-group alignwide has-text-color has-background has-link-color wp-elements-56e7db7bb174b8879cad6f1893491d43 is-layout-constrained wp-block-group-is-layout-constrained\" style=\"color:#2d5660;background-color:#accac4\">\n<div class=\"wp-block-group alignwide is-layout-constrained wp-block-group-is-layout-constrained\">\n<h2 class=\"wp-block-heading alignwide has-text-align-left\" style=\"font-size:clamp(1.648em, 1.648rem + ((1vw - 0.2em) * 2.276), 2.8em);\">Hva er HelseIArbeid?<\/h2>\n\n\n<p class=\"t2-ingress alignwide wp-block-t2-ingress has-medium-font-size\">HelseIArbeid er et samarbeid mellom Nav og helsetjenesten som hjelper bedrifter \u00e5 forebygge og h\u00e5ndtere vanlige helseplager p\u00e5 arbeidsplassen.<\/p><\/div>\n<\/div>\n<\/div>\n<\/div>\n<\/div>\n\n\n\n<div class=\"wp-block-columns alignwide is-layout-flex wp-container-core-columns-is-layout-9d6595d7 wp-block-columns-is-layout-flex\">\n<div class=\"wp-block-column is-layout-flow wp-block-column-is-layout-flow\">\n<h2 class=\"wp-block-heading\" style=\"font-size:clamp(1.25em, 1.25rem + ((1vw - 0.2em) * 1.481), 2em);\">Arbeid er bra for helsa<\/h2>\n\n\n\n<p style=\"font-size:clamp(0.875em, 0.875rem + ((1vw - 0.2em) * 0.642), 1.2em);\">Muskel- og skjelettplager og psykiske plager st\u00e5r for den st\u00f8rste delen av sykefrav\u00e6ret i Norge. Samtidig viser forskning at arbeid er helsefremmende for de fleste av oss, ogs\u00e5 n\u00e5r man har helseplager \u2013 dersom kunnskap, st\u00f8tte og gode arbeidsmilj\u00f8faktorer er p\u00e5 plass.<\/p>\n\n\n\n<p style=\"font-size:clamp(0.875em, 0.875rem + ((1vw - 0.2em) * 0.642), 1.2em);\">HelseIArbeid gir dere forskningsbasert kunnskap om vanlige helseplager, tilpasset arbeidslivet. Slik blir det enklere \u00e5 snakke om helse og arbeid, og alle ansatte kan bidra i arbeidet med \u00e5 redusere sykefrav\u00e6ret p\u00e5 arbeidsplassen.<\/p>\n\n\n\n<h2 class=\"wp-block-heading\">Kunnskap, samarbeid og tiltak som virker<\/h2>\n\n\n\n<p style=\"font-size:clamp(0.875em, 0.875rem + ((1vw - 0.2em) * 0.642), 1.2em);\">Det helsefaglige innholdet formidles gjennom fem korte og engasjerende filmer med refleksjonssp\u00f8rsm\u00e5l. Filmene er utviklet i samarbeid med Helsedirektoratet og fagpersoner i spesialisthelsetjenesten, og gir et felles kunnskapsgrunnlag for ansatte og ledere.<\/p>\n\n\n\n<p style=\"font-size:clamp(0.875em, 0.875rem + ((1vw - 0.2em) * 0.642), 1.2em);\">Parallelt gjennomf\u00f8rer bedriften en arbeidsmilj\u00f8prosess i samarbeid med en IA-r\u00e5dgiver fra Nav Arbeidslivssenter. Sammen utforsker dere arbeidsmilj\u00f8faktorer og utvikler tiltak som kan bidra til en mer helsefremmende arbeidsplass.<\/p>\n\n\n\n<p style=\"font-size:clamp(0.875em, 0.875rem + ((1vw - 0.2em) * 0.642), 1.2em);\">Prosessen best\u00e5r av fire steg og involverer hele arbeidsplassen.<\/p>\n\n\n\n<p style=\"font-size:clamp(0.875em, 0.875rem + ((1vw - 0.2em) * 0.642), 1.2em);\">HelseIArbeid har eksistert siden 2016, med gode resultater. <a href=\"https:\/\/www.nav.no\/no\/nav-og-samfunn\/kunnskap\/forskningsrapporter-og-evalueringer-finansiert-av-nav\/sykefravaer-og-arbeidsmiljo-rapportarkiv2\/helseiarbeid-et-tiltak-for-okt-mestring-og-arbeidsdeltagelse\" data-type=\"link\" data-id=\"https:\/\/www.nav.no\/no\/nav-og-samfunn\/kunnskap\/forskningsrapporter-og-evalueringer-finansiert-av-nav\/sykefravaer-og-arbeidsmiljo-rapportarkiv2\/helseiarbeid-et-tiltak-for-okt-mestring-og-arbeidsdeltagelse\" target=\"_blank\" rel=\"noreferrer noopener\">Forskning fra UiT og Nav Troms og Finnmark <\/a>viser at tiltaket reduserer b\u00e5de tapte dagsverk og utbetaling av sykepenger. <\/p>\n\n\n\n<p style=\"font-size:clamp(0.875em, 0.875rem + ((1vw - 0.2em) * 0.642), 1.2em);\"><a href=\"https:\/\/nettsteder.regjeringen.no\/helseiarbeid\/prosessen\/\" data-type=\"page\" data-id=\"1157\">Les mer om HelseIArbeid- prosessen \u2192<\/a><\/p>\n\n\n\n<p><\/p>\n<\/div>\n\n\n\n<div class=\"wp-block-column is-layout-flow wp-block-column-is-layout-flow\">\n<figure class=\"wp-block-image size-full\"><img loading=\"lazy\" decoding=\"async\" width=\"500\" height=\"500\" src=\"https:\/\/files.nettsteder.regjeringen.no\/wpuploads01\/sites\/609\/2026\/01\/ILL_3.png\" alt=\"\" class=\"wp-image-369\" srcset=\"https:\/\/files.nettsteder.regjeringen.no\/wpuploads01\/sites\/609\/2026\/01\/ILL_3.png 500w, https:\/\/files.nettsteder.regjeringen.no\/wpuploads01\/sites\/609\/2026\/01\/ILL_3-300x300.png 300w, https:\/\/files.nettsteder.regjeringen.no\/wpuploads01\/sites\/609\/2026\/01\/ILL_3-150x150.png 150w\" sizes=\"auto, (max-width: 500px) 100vw, 500px\" \/><\/figure>\n<\/div>\n<\/div>\n\n\n\n<div class=\"wp-block-columns alignfull has-background is-layout-flex wp-container-core-columns-is-layout-9d6595d7 wp-block-columns-is-layout-flex\" style=\"background-color:#f8f5ee\">\n<div class=\"wp-block-column is-layout-flow wp-block-column-is-layout-flow\">\n<div class=\"wp-block-group alignwide is-layout-constrained wp-block-group-is-layout-constrained\">\n<div class=\"wp-block-group alignfull has-background is-layout-constrained wp-block-group-is-layout-constrained\" style=\"background-color:#f8f5ee\">\n<div class=\"wp-block-group alignfull is-content-justification-left is-layout-constrained wp-container-core-group-is-layout-8c890d92 wp-block-group-is-layout-constrained\">\n<h2 class=\"wp-block-heading alignfull has-text-align-center\" style=\"font-size:clamp(1.25em, 1.25rem + ((1vw - 0.2em) * 1.481), 2em);\">Gevinster ved \u00e5 jobbe med arbeidsmilj\u00f8 og helse<\/h2>\n\n\n\n<div style=\"height:20px\" aria-hidden=\"true\" class=\"wp-block-spacer\"><\/div>\n<\/div>\n\n\n\n<div class=\"wp-block-columns alignwide is-layout-flex wp-container-core-columns-is-layout-9d6595d7 wp-block-columns-is-layout-flex\">\n<div class=\"wp-block-column has-background is-layout-flow wp-block-column-is-layout-flow\" style=\"background-color:#accac4\">\n<h2 class=\"wp-block-heading\">Bedre forst\u00e5else av helseplager<\/h2>\n\n\n\n<p>\u00d8kt kunnskap gj\u00f8r det enklere \u00e5 forst\u00e5, h\u00e5ndtere og tilrettelegge for vanlige helseplager p\u00e5 arbeidsplassen.<\/p>\n<\/div>\n\n\n\n<div class=\"wp-block-column has-background is-layout-flow wp-block-column-is-layout-flow\" style=\"background-color:#accac4\">\n<h2 class=\"wp-block-heading\">Lavere sykefrav\u00e6r<\/h2>\n\n\n\n<p>\u00c5 se arbeidsmilj\u00f8 og de ansattes helse i sammenheng er en suksessfaktor for \u00e5 f\u00e5 ned sykefrav\u00e6ret i bedriften.<\/p>\n<\/div>\n\n\n\n<div class=\"wp-block-column has-background is-layout-flow wp-block-column-is-layout-flow\" style=\"background-color:#accac4\">\n<h2 class=\"wp-block-heading\">En inkluderende arbeidsplass<\/h2>\n\n\n\n<p>Felles kunnskap kan styrke den sosiale st\u00f8tten og gj\u00f8re det lettere \u00e5 g\u00e5 p\u00e5 jobb med helseplager.<\/p>\n<\/div>\n<\/div>\n\n\n\n<div class=\"wp-block-columns alignwide is-layout-flex wp-container-core-columns-is-layout-9d6595d7 wp-block-columns-is-layout-flex\">\n<div class=\"wp-block-column has-background is-layout-flow wp-block-column-is-layout-flow\" style=\"background-color:#accac4\">\n<h2 class=\"wp-block-heading\">Styrket partssamarbeid<\/h2>\n\n\n\n<p>Prosessen gir bedre samarbeid mellom ledelse, tillitsvalgte og vernetjenesten p\u00e5 arbeidsplassen.<\/p>\n<\/div>\n\n\n\n<div class=\"wp-block-column has-background is-layout-flow wp-block-column-is-layout-flow\" style=\"background-color:#accac4\">\n<h2 class=\"wp-block-heading\">Resultater som varer<\/h2>\n\n\n\n<p>En strukturert prosess og god forankring i organisasjonen kan gi varige effekt over tid.<\/p>\n<\/div>\n\n\n\n<div class=\"wp-block-column has-background is-layout-flow wp-block-column-is-layout-flow\" style=\"background-color:#accac4\">\n<h2 class=\"wp-block-heading\">Et bedre psykososialt arbeidsmilj\u00f8<\/h2>\n\n\n\n<p>\u00c5 jobbe systematisk med arbeidsmilj\u00f8et,  bidrar til bedre samarbeid, trivsel og mestring p\u00e5 jobben.<\/p>\n<\/div>\n<\/div>\n<\/div>\n<\/div>\n<\/div>\n<\/div>\n\n\n\n<div class=\"wp-block-group alignwide has-background is-layout-constrained wp-block-group-is-layout-constrained\" style=\"background-color:#ed6d6e\">\n<div class=\"wp-block-group alignwide is-content-justification-center is-layout-constrained wp-block-group-is-layout-constrained\">\n<h2 class=\"wp-block-heading alignwide has-text-align-center has-text-color has-link-color wp-elements-39ab3299e6843d60933440df3d7158ba\" style=\"color:#f8f5ee;font-size:clamp(1.25em, 1.25rem + ((1vw - 0.2em) * 1.481), 2em);\">Vil dere vite mer om HelseIArbeid?<\/h2>\n\n\n\n<p class=\"has-text-align-center has-text-color has-link-color wp-elements-8f6513507a6b463a703ce94ff0d45f11\" style=\"color:#f8f5ee;font-size:clamp(0.875em, 0.875rem + ((1vw - 0.2em) * 0.642), 1.2em);\">Les mer om hvordan prosessen gjennomf\u00f8res eller ta kontakt med Nav Arbeidslivssenter for en uforpliktende prat.<\/p>\n\n\n\n<div class=\"wp-block-columns is-layout-flex wp-container-core-columns-is-layout-9d6595d7 wp-block-columns-is-layout-flex\">\n<div class=\"wp-block-column is-layout-flow wp-block-column-is-layout-flow\">\n<div class=\"wp-block-buttons is-content-justification-right is-layout-flex wp-container-core-buttons-is-layout-765c4724 wp-block-buttons-is-layout-flex\">\n<div class=\"wp-block-button\"><a class=\"wp-block-button__link has-text-color has-background has-link-color wp-element-button\" href=\"https:\/\/nettsteder.regjeringen.no\/helseiarbeid\/prosessen\/\" style=\"--border-color:#f8f5ee;color:#2d5660;background-color:#f8f5ee\">Se prosessen<\/a><\/div>\n<\/div>\n<\/div>\n\n\n\n<div class=\"wp-block-column is-layout-flow wp-block-column-is-layout-flow\">\n<div class=\"wp-block-buttons is-layout-flex wp-block-buttons-is-layout-flex\">\n<div class=\"wp-block-button\"><a class=\"wp-block-button__link has-text-color has-background has-link-color wp-element-button\" href=\"https:\/\/www.nav.no\/arbeidsgiver\/navarbeidslivssenter\" style=\"--border-color:#f8f5ee;color:#2d5660;background-color:#f8f5ee\" target=\"_blank\" rel=\"noreferrer noopener\">Ta kontakt<\/a><\/div>\n<\/div>\n<\/div>\n<\/div>\n<\/div>\n<\/div>\n\n\n\n<p><\/p>\n","protected":false},"excerpt":{"rendered":"<p>Hva er HelseIArbeid? Arbeid er bra for helsa Muskel- og skjelettplager og psykiske plager st\u00e5r for den st\u00f8rste delen av sykefrav\u00e6ret i Norge. Samtidig viser forskning at arbeid er helsefremmende for de fleste av oss, ogs\u00e5 n\u00e5r man har helseplager \u2013 dersom kunnskap, st\u00f8tte og gode arbeidsmilj\u00f8faktorer er p\u00e5 plass. HelseIArbeid gir dere forskningsbasert kunnskap\u2026<\/p>\n","protected":false},"author":3444,"featured_media":0,"parent":0,"menu_order":0,"comment_status":"closed","ping_status":"closed","template":"","meta":{"dss_simple_post_excerpt":"","dss_show_featured_image":true,"dss_show_title":true,"footnotes":""},"class_list":["post-1156","page","type-page","status-publish","hentry"],"language":"nb-NO","_links":{"self":[{"href":"https:\/\/nettsteder.regjeringen.no\/helseiarbeid\/wp-json\/wp\/v2\/pages\/1156","targetHints":{"allow":["GET"]}}],"collection":[{"href":"https:\/\/nettsteder.regjeringen.no\/helseiarbeid\/wp-json\/wp\/v2\/pages"}],"about":[{"href":"https:\/\/nettsteder.regjeringen.no\/helseiarbeid\/wp-json\/wp\/v2\/types\/page"}],"author":[{"embeddable":true,"href":"https:\/\/nettsteder.regjeringen.no\/helseiarbeid\/wp-json\/wp\/v2\/users\/3444"}],"replies":[{"embeddable":true,"href":"https:\/\/nettsteder.regjeringen.no\/helseiarbeid\/wp-json\/wp\/v2\/comments?post=1156"}],"version-history":[{"count":3,"href":"https:\/\/nettsteder.regjeringen.no\/helseiarbeid\/wp-json\/wp\/v2\/pages\/1156\/revisions"}],"predecessor-version":[{"id":1584,"href":"https:\/\/nettsteder.regjeringen.no\/helseiarbeid\/wp-json\/wp\/v2\/pages\/1156\/revisions\/1584"}],"wp:attachment":[{"href":"https:\/\/nettsteder.regjeringen.no\/helseiarbeid\/wp-json\/wp\/v2\/media?parent=1156"}],"curies":[{"name":"wp","href":"https:\/\/api.w.org\/{rel}","templated":true}]}}