{"id":29,"date":"2021-03-24T13:52:28","date_gmt":"2021-03-24T12:52:28","guid":{"rendered":"https:\/\/nettsteder.regjeringen.no\/gjerdrumutvalget\/?page_id=29"},"modified":"2023-06-21T13:42:53","modified_gmt":"2023-06-21T11:42:53","slug":"pressemeldinger","status":"publish","type":"page","link":"https:\/\/nettsteder.regjeringen.no\/gjerdrumutvalget\/forside\/pressemeldinger\/","title":{"rendered":"Lenker"},"content":{"rendered":"<div class=\"text-wrap post-content clearfix\"><p><a href=\"https:\/\/www.nve.no\/om-nve\/spor-nve\/om-kvikkleire\/\">Om kvikkleireskred <\/a>(NVE.no)<\/p>\n<p><a href=\"https:\/\/www.regjeringen.no\/no\/aktuelt\/ekspertutvalget-etter-kvikkleireskredet-i-gjerdrum-er-oppnevnt\/id2831873\/\">Ekspertutvalget etter kvikkleireskredet i Gjerdrum er oppnevnt<\/a> (05.02.21)<\/p>\n<p>&nbsp;<\/p>\n<p><strong>Lenker til delrapport lagt frem 29. september 2021:<\/strong><\/p>\n<p><a href=\"https:\/\/www.regjeringen.no\/no\/dokumenter\/arsakene-til-kvikkleireskredet-i-gjerdrum-2020\/id2872948\/\">\u00c5rsakene til kvikkleireskredet i Gjerdrum 2020<\/a><br \/>\n<em>Rapport fra ekspertutvalget<\/em> <em> levert til olje- og energiministeren 29. september 2021.\u00a0<\/em><\/p>\n<p><a href=\"https:\/\/files.nettsteder.regjeringen.no\/wpuploads01\/sites\/461\/2021\/09\/Pressemelding-fra-Gjerdrumutvaget-29.09.2021.pdf\" rel=\"attachment wp-att-310\">Pressemelding fra Gjerdrumutvaget\u00a0<\/a><br \/>\n<em>Pressemelding fra Gjerdrumutvalget ifm. delrapporten om \u00e5rsakene til Gjerdrum-skredet ble levert til<\/em><em> olje- og energiministeren 29. september 2021.\u00a0<\/em><\/p>\n<p><a href=\"https:\/\/files.nettsteder.regjeringen.no\/wpuploads01\/sites\/461\/2021\/09\/Presentasjon-Gjerdrumutvalget.pdf\">\u00c5rsakene til kvikkleireskredet i Gjerdrum 2020 &#8211; overlevering av rapport fra ekspertutvalg \u00a0<\/a><br \/>\n<em>Power Point-presentasjon (i PDF-fil) fra Gjerdrumutvalget ifm. overlevering av delrapporten.\u00a0<\/em><\/p>\n<p><a href=\"https:\/\/files.nettsteder.regjeringen.no\/wpuploads01\/sites\/461\/2021\/09\/NVE-Rapport-2021-15.pdf\">Bakgrunnsrapport fra NVE: Hydrometeorologiske forhold i forkant av kvikkleireskredet i Gjerdrum<\/a><br \/>\n<em>Rapport laget av NVE for Gjerdrumutvalget <\/em><em>som beskriver de hydrometeorologiske forholdene i forkant av skredhendelsen, og spesielt forhold knyttet til Tistilbekken som ligger i skredomr\u00e5det. Meteorologisk institutt har ogs\u00e5 bidratt med analyser og data til rapporten.<\/em><\/p>\n<p><a href=\"https:\/\/files.nettsteder.regjeringen.no\/wpuploads01\/sites\/461\/2021\/09\/Bakgrunnsrapport-fra-Sweco-Vurdering-av-vannforing-og-erosjonspotensialet-i-Tistilbekken.pdf\" rel=\"attachment wp-att-312\">Bakgrunnsrapport fra Sweco: Vurdering av vannf\u00f8ring og erosjonspotensialet i Tistilbekken<\/a><br \/>\n<em>Ekstern vurdering av vannf\u00f8ringen og erosjonspotensialet i Tistilbekken som g\u00e5r gjennom<\/em><br \/>\n<em>omr\u00e5det, med s\u00e6rlig fokus p\u00e5 tilstanden rundt erosjon og erosjonspotensialet i Tistilbekken. Laget av Sweco Norge AS p\u00e5 oppdrag fra Gjerdrumutvalget.<\/em><\/p>\n<p><a href=\"https:\/\/www.ngu.no\/upload\/Publikasjoner\/Rapporter\/2021\/2021_023.pdf\">Bakgrunnsrapport fra NGU &#8211; Terrengendringer i Gjerdrum<\/a><br \/>\n<em>Rapport fra Norges geologiske unders\u00f8kelse (NGU).<\/em><\/p>\n<p><a href=\"https:\/\/files.nettsteder.regjeringen.no\/wpuploads01\/sites\/461\/2023\/06\/10226192-01-RIG-RAP-001_rev01-Omradestabilitet_inkl-tegninger.pdf\" rel=\"attachment wp-att-371\"> Bakgrunnsrapport fra Multiconsult \u2013 Geoteknisk utredning av stabilitet f\u00f8r skredet <\/a><br \/>\n<em>En omr\u00e5destabilitetsvurdering av ravinesystemet omfattet av skredet for situasjonen f\u00f8r utbyggingen i Nystulia.<\/em><\/p>\n<p><a href=\"https:\/\/files.nettsteder.regjeringen.no\/wpuploads01\/sites\/461\/2022\/01\/10226192-RIG-BER-002_rev00-Teknisk-beregningsrapport-Stabilitetsberegninger-1.pdf\" rel=\"attachment wp-att-356\">Teknisk beregningsrapport fra Multiconsult \u2013 Stabilitetsberegninger<\/a><\/p>\n<p><a href=\"https:\/\/files.nettsteder.regjeringen.no\/wpuploads01\/sites\/461\/2022\/01\/10226192-RIG-BER-001_rev00-Teknisk-beregningsrapport-Parametere-1.pdf\" rel=\"attachment wp-att-359\">Teknisk beregningsrapport fra Multiconsult &#8211; Parametere<\/a><\/p>\n<\/div>","protected":false},"excerpt":{"rendered":"<p>Relevante lenker og rapporter ifm. kvikkleireskredet i Gjerdrum.<\/p>\n","protected":false},"author":2761,"featured_media":0,"parent":9,"menu_order":0,"comment_status":"closed","ping_status":"closed","template":"","meta":{"_acf_changed":false,"footnotes":""},"class_list":["post-29","page","type-page","status-publish","hentry"],"acf":[],"language":"nb-NO","_links":{"self":[{"href":"https:\/\/nettsteder.regjeringen.no\/gjerdrumutvalget\/wp-json\/wp\/v2\/pages\/29","targetHints":{"allow":["GET"]}}],"collection":[{"href":"https:\/\/nettsteder.regjeringen.no\/gjerdrumutvalget\/wp-json\/wp\/v2\/pages"}],"about":[{"href":"https:\/\/nettsteder.regjeringen.no\/gjerdrumutvalget\/wp-json\/wp\/v2\/types\/page"}],"author":[{"embeddable":true,"href":"https:\/\/nettsteder.regjeringen.no\/gjerdrumutvalget\/wp-json\/wp\/v2\/users\/2761"}],"replies":[{"embeddable":true,"href":"https:\/\/nettsteder.regjeringen.no\/gjerdrumutvalget\/wp-json\/wp\/v2\/comments?post=29"}],"version-history":[{"count":3,"href":"https:\/\/nettsteder.regjeringen.no\/gjerdrumutvalget\/wp-json\/wp\/v2\/pages\/29\/revisions"}],"predecessor-version":[{"id":372,"href":"https:\/\/nettsteder.regjeringen.no\/gjerdrumutvalget\/wp-json\/wp\/v2\/pages\/29\/revisions\/372"}],"up":[{"embeddable":true,"href":"https:\/\/nettsteder.regjeringen.no\/gjerdrumutvalget\/wp-json\/wp\/v2\/pages\/9"}],"wp:attachment":[{"href":"https:\/\/nettsteder.regjeringen.no\/gjerdrumutvalget\/wp-json\/wp\/v2\/media?parent=29"}],"curies":[{"name":"wp","href":"https:\/\/api.w.org\/{rel}","templated":true}]}}