{"id":25,"date":"2021-03-24T13:52:15","date_gmt":"2021-03-24T12:52:15","guid":{"rendered":"https:\/\/nettsteder.regjeringen.no\/gjerdrumutvalget\/?page_id=25"},"modified":"2021-09-17T12:32:30","modified_gmt":"2021-09-17T10:32:30","slug":"medlemmer","status":"publish","type":"page","link":"https:\/\/nettsteder.regjeringen.no\/gjerdrumutvalget\/forside\/medlemmer\/","title":{"rendered":"Medlemmer"},"content":{"rendered":"<div id=\"module-0\" class=\"hogan-module hogan-module-people hogan-module-0 text-wrap\"><div class=\"hogan-module-inner image-column-size-50\"><ul>\n\t\t\t<li class=\"columns\">\n\t\t\t<div class=\"column\">\n\t\t\t\t<div class=\"square\">\n\t\t\t\t\t<img loading=\"lazy\" decoding=\"async\" width=\"382\" height=\"400\" src=\"https:\/\/files.nettsteder.regjeringen.no\/wpuploads01\/blogs.dir\/461\/files\/2021\/03\/inge-ryan-Bilde-fra-2018-Fotograf-Robert-Morberg-382x400.jpg\" class=\"\" alt=\"Robert Morberg\" \/>\t\t\t\t<\/div>\n\t\t\t<\/div>\n\t\t\t<div class=\"column\">\n\t\t\t\t<div class=\"name\">Inge Ryan<\/div><div class=\"position\">Leder av Gjerdrumutvalget<\/div><a href=\"javascript:\/\/\" class=\"show-hide-link\"\n\t\t\t\t   data-show-text=\"Vis beskrivelse\"\n\t\t\t\t   data-hide-text=\"Skjul beskrivelse\">Vis beskrivelse<\/a>\t\t\t\t<div class=\"description\"\n\t\t\t\t\t aria-expanded=\"false\"><p>Inge Ryan er leder for Gjerdrumutvalget. Ryan er utdannet l\u00e6rer fra Alta l\u00e6rerh\u00f8gskole og Levanger l\u00e6rerh\u00f8gskole (1977 \u2013 1980).<\/p>\n<p>Ryan har hatt flere stillinger i utdanningssektoren og offentlig sektor i hjemfylket Tr\u00f8ndelag. Ryan har bred politisk bakgrunn fra SV som varaordf\u00f8rer og ordf\u00f8rer i Namsskogan kommune (1992 \u2013 1999), og som stortingsrepresentant for Nord-Tr\u00f8ndelag i to perioder (2001 \u2013 2009) hvor han var parlamentarisk leder i siste periode. Han var fylkesmann i Nord-Tr\u00f8ndelag (2009 \u2013 2017), og var siden prosjektleder\/kommunedirekt\u00f8r for den sammensl\u00e5tte kommunen Namsos (2017 \u2013 2020).<\/p>\n<p>Han har ogs\u00e5 hatt flere statlige verv som medlem og leder for Merkur-programmet i 23 \u00e5r, medlem i styret for Statkraft, m.m.<\/p>\n<\/div>\n\t\t\t<\/div>\n\t\t<\/li>\n\t<\/ul>\n<\/div><\/div><div id=\"module-1\" class=\"hogan-module hogan-module-people hogan-module-1 text-wrap\"><div class=\"hogan-module-inner image-column-size-50\"><ul>\n\t\t\t<li class=\"columns\">\n\t\t\t<div class=\"column\">\n\t\t\t\t<div class=\"square\">\n\t\t\t\t\t<img loading=\"lazy\" decoding=\"async\" width=\"400\" height=\"400\" src=\"https:\/\/files.nettsteder.regjeringen.no\/wpuploads01\/blogs.dir\/461\/files\/2021\/03\/Hanne-Ottesen-400x400.jpg\" class=\"\" alt=\"\" srcset=\"https:\/\/files.nettsteder.regjeringen.no\/wpuploads01\/blogs.dir\/461\/files\/2021\/03\/Hanne-Ottesen-400x400.jpg 400w, https:\/\/files.nettsteder.regjeringen.no\/wpuploads01\/blogs.dir\/461\/files\/2021\/03\/Hanne-Ottesen-150x150.jpg 150w\" sizes=\"auto, (max-width: 400px) 100vw, 400px\" \/>\t\t\t\t<\/div>\n\t\t\t<\/div>\n\t\t\t<div class=\"column\">\n\t\t\t\t<div class=\"name\">Hanne Bratlie Ottesen<\/div><div class=\"position\">Senioringeni\u00f8r<\/div><a href=\"javascript:\/\/\" class=\"show-hide-link\"\n\t\t\t\t   data-show-text=\"Vis beskrivelse\"\n\t\t\t\t   data-hide-text=\"Skjul beskrivelse\">Vis beskrivelse<\/a>\t\t\t\t<div class=\"description\"\n\t\t\t\t\t aria-expanded=\"false\"><p>Hanne Bratlie Ottesen er senioringeni\u00f8r i Vegdirektoratet, Statens vegvesen. Hun er utdannet geotekniker fra Norges teknisk-naturvitenskapelige universitet (NTNU) i 2009. Hun har tidligere jobbet i Statens vegvesen Region s\u00f8r med planlegging, prosjektering og bygging av vei. Siden 2014 har hun jobbet i Vegdirektoratet med utvikling av det geotekniske regelverket for vegbygging.<\/p>\n<p>Bratlie Ottesen var ansvarlig for utviklingen av Statens vegvesens kvikkleirekart og deltok i unders\u00f8kelsen av kvikkeleireskredet p\u00e5 Skjeggestad i 2015. Hun leder samhandlingsnettverket innen geoteknikk mellom fylkeskommunene, Nye Veier og divisjonene i Statens Vegvesen og Vegdirektoratet. Hun er ogs\u00e5 nestleder i Norsk geoteknisk forening.<\/p>\n<\/div>\n\t\t\t<\/div>\n\t\t<\/li>\n\t<\/ul>\n<\/div><\/div><div id=\"module-2\" class=\"hogan-module hogan-module-people hogan-module-2 text-wrap\"><div class=\"hogan-module-inner image-column-size-50\"><ul>\n\t\t\t<li class=\"columns\">\n\t\t\t<div class=\"column\">\n\t\t\t\t<div class=\"square\">\n\t\t\t\t\t<img loading=\"lazy\" decoding=\"async\" width=\"400\" height=\"400\" src=\"https:\/\/files.nettsteder.regjeringen.no\/wpuploads01\/blogs.dir\/461\/files\/2021\/03\/SN_portrait-400x400.jpg\" class=\"\" alt=\"\" srcset=\"https:\/\/files.nettsteder.regjeringen.no\/wpuploads01\/blogs.dir\/461\/files\/2021\/03\/SN_portrait-400x400.jpg 400w, https:\/\/files.nettsteder.regjeringen.no\/wpuploads01\/blogs.dir\/461\/files\/2021\/03\/SN_portrait-150x150.jpg 150w\" sizes=\"auto, (max-width: 400px) 100vw, 400px\" \/>\t\t\t\t<\/div>\n\t\t\t<\/div>\n\t\t\t<div class=\"column\">\n\t\t\t\t<div class=\"name\">Steinar Nordal<\/div><div class=\"position\">Professor<\/div><a href=\"javascript:\/\/\" class=\"show-hide-link\"\n\t\t\t\t   data-show-text=\"Vis beskrivelse\"\n\t\t\t\t   data-hide-text=\"Skjul beskrivelse\">Vis beskrivelse<\/a>\t\t\t\t<div class=\"description\"\n\t\t\t\t\t aria-expanded=\"false\"><p>Steinar Nordal er professor i geoteknikk ved Norges teknisk-naturvitenskapelige universitet (NTNU). Hans spesialfelt er byggkonstruksjoner, matematisk og numerisk modellering av jord som byggemateriale for beregning av setninger og stabilitet av jord, inklusive skred og utglidninger.<\/p>\n<p>Han er utdannet sivilingeni\u00f8r ved dav\u00e6rende NTH (1977) og tok doktorgraden ved samme sted i 1983. Siden den gang har han innehatt ulike forsker- og lederstillinger ved NTH\/NTNU og Sintef, bl.a. som instituttleder og dekanus, samt gjesteopphold ved University of Colorado og University of California San Diego. Nordal har ledet flere offentlige utvalg for evaluering av skred\u00e5rsaker, bl.a. i Kattmarka (2009), S\u00f8rkjosen (2015) og Tosbotn (2016). Han deltok ogs\u00e5 i unders\u00f8kelsen av kvikkeleireskredet i Alta i 2020.<\/p>\n<\/div>\n\t\t\t<\/div>\n\t\t<\/li>\n\t<\/ul>\n<\/div><\/div><div id=\"module-3\" class=\"hogan-module hogan-module-people hogan-module-3 text-wrap\"><div class=\"hogan-module-inner image-column-size-50\"><ul>\n\t\t\t<li class=\"columns\">\n\t\t\t<div class=\"column\">\n\t\t\t\t<div class=\"square\">\n\t\t\t\t\t<img loading=\"lazy\" decoding=\"async\" width=\"400\" height=\"400\" src=\"https:\/\/files.nettsteder.regjeringen.no\/wpuploads01\/blogs.dir\/461\/files\/2021\/04\/Annegrete-Bruvoll-400x400.jpg\" class=\"\" alt=\"\" srcset=\"https:\/\/files.nettsteder.regjeringen.no\/wpuploads01\/blogs.dir\/461\/files\/2021\/04\/Annegrete-Bruvoll-400x400.jpg 400w, https:\/\/files.nettsteder.regjeringen.no\/wpuploads01\/blogs.dir\/461\/files\/2021\/04\/Annegrete-Bruvoll-150x150.jpg 150w\" sizes=\"auto, (max-width: 400px) 100vw, 400px\" \/>\t\t\t\t<\/div>\n\t\t\t<\/div>\n\t\t\t<div class=\"column\">\n\t\t\t\t<div class=\"name\">Annegrete Bruvoll<\/div><div class=\"position\">Forsker og samfunns\u00f8konom<\/div><a href=\"javascript:\/\/\" class=\"show-hide-link\"\n\t\t\t\t   data-show-text=\"Vis beskrivelse\"\n\t\t\t\t   data-hide-text=\"Skjul beskrivelse\">Vis beskrivelse<\/a>\t\t\t\t<div class=\"description\"\n\t\t\t\t\t aria-expanded=\"false\"><p>Annegrete Bruvoll er partner, forsker og samfunns\u00f8konom i Menon Economics. Hennes spesialomr\u00e5de er samfunns\u00f8konomiske utredninger innenfor klima-, milj\u00f8- og transport\u00f8konomi.<\/p>\n<p>Bruvoll har bakgrunn fra Finansdepartementet og som forsker og forskningsleder ved Statistisk Sentralbyr\u00e5. Hun har ledet metodeutviklingsprosjekt om \u00e5 hensynta farer ved ras og skred i samfunns\u00f8konomiske vurderinger av veiinvesteringer og er sentral i ledelsen av et forskningsprosjekt om naturfarer i vegsektoren i samarbeid med Statens vegvesen, NGI, Nye Veier og Vestlandsforsking. Hun har ogs\u00e5 erfaringer fra kostnadsvurderinger av store byggeprosjekt. Bruvoll ledet &laquo;Bompengeutvalget&raquo; i 2020 og sitter i Kommunal- og moderinseringsdepartementets utvalg om generalistkommunen.<\/p>\n<\/div>\n\t\t\t<\/div>\n\t\t<\/li>\n\t<\/ul>\n<\/div><\/div><div id=\"module-4\" class=\"hogan-module hogan-module-people hogan-module-4 text-wrap\"><div class=\"hogan-module-inner image-column-size-50\"><ul>\n\t\t\t<li class=\"columns\">\n\t\t\t<div class=\"column\">\n\t\t\t\t<div class=\"square\">\n\t\t\t\t\t<img loading=\"lazy\" decoding=\"async\" width=\"400\" height=\"400\" src=\"https:\/\/files.nettsteder.regjeringen.no\/wpuploads01\/blogs.dir\/461\/files\/2021\/03\/Gunnar_H\u00e6reid-400x400.jpg\" class=\"\" alt=\"\" srcset=\"https:\/\/files.nettsteder.regjeringen.no\/wpuploads01\/blogs.dir\/461\/files\/2021\/03\/Gunnar_H\u00e6reid-400x400.jpg 400w, https:\/\/files.nettsteder.regjeringen.no\/wpuploads01\/blogs.dir\/461\/files\/2021\/03\/Gunnar_H\u00e6reid-150x150.jpg 150w\" sizes=\"auto, (max-width: 400px) 100vw, 400px\" \/>\t\t\t\t<\/div>\n\t\t\t<\/div>\n\t\t\t<div class=\"column\">\n\t\t\t\t<div class=\"name\">Gunnar O. H\u00e6reid<\/div><div class=\"position\">Assisterende statsforvalter<\/div><a href=\"javascript:\/\/\" class=\"show-hide-link\"\n\t\t\t\t   data-show-text=\"Vis beskrivelse\"\n\t\t\t\t   data-hide-text=\"Skjul beskrivelse\">Vis beskrivelse<\/a>\t\t\t\t<div class=\"description\"\n\t\t\t\t\t aria-expanded=\"false\"><p>Gunnar O. H\u00e6reid er assisterende statsforvalter i Vestland fylke siden 2019. Han er utdannet jurist fra Universitetet i Oslo (1994) og har tidligere jobbet som dommer i Indre Sogn tingrett og i H\u00e5logaland lagmannsrett, som saksbehandler hos Sivilombudsmannen og som advokat hos Regjeringsadvokaten.<\/p>\n<p>Han var tidl. assisterende fylkesmann og fungerende fylkesmann i Sogn og Fjordane f\u00f8r embetet ble sl\u00e5tt sammen med Hordaland til Vestland fylke i 2019. H\u00e6reid var ogs\u00e5 medlem av Forvaltningslovutvalget.<\/p>\n<\/div>\n\t\t\t<\/div>\n\t\t<\/li>\n\t<\/ul>\n<\/div><\/div><div id=\"module-5\" class=\"hogan-module hogan-module-people hogan-module-5 text-wrap\"><div class=\"hogan-module-inner image-column-size-50\"><ul>\n\t\t\t<li class=\"columns\">\n\t\t\t<div class=\"column\">\n\t\t\t\t<div class=\"square\">\n\t\t\t\t\t<img loading=\"lazy\" decoding=\"async\" width=\"400\" height=\"400\" src=\"https:\/\/files.nettsteder.regjeringen.no\/wpuploads01\/blogs.dir\/461\/files\/2021\/03\/NGU_portrett_Solberg-400x400.jpg\" class=\"\" alt=\"\" srcset=\"https:\/\/files.nettsteder.regjeringen.no\/wpuploads01\/blogs.dir\/461\/files\/2021\/03\/NGU_portrett_Solberg-400x400.jpg 400w, https:\/\/files.nettsteder.regjeringen.no\/wpuploads01\/blogs.dir\/461\/files\/2021\/03\/NGU_portrett_Solberg-150x150.jpg 150w\" sizes=\"auto, (max-width: 400px) 100vw, 400px\" \/>\t\t\t\t<\/div>\n\t\t\t<\/div>\n\t\t\t<div class=\"column\">\n\t\t\t\t<div class=\"name\">Inger-Lise Solberg<\/div><div class=\"position\">Forsker<\/div><a href=\"javascript:\/\/\" class=\"show-hide-link\"\n\t\t\t\t   data-show-text=\"Vis beskrivelse\"\n\t\t\t\t   data-hide-text=\"Skjul beskrivelse\">Vis beskrivelse<\/a>\t\t\t\t<div class=\"description\"\n\t\t\t\t\t aria-expanded=\"false\"><p>Inger-Lise Solberg er forsker ved Norges geologiske unders\u00f8kelse (NGU). Hun har en doktorgrad i ingeni\u00f8rgeologi fra Norges teknisk-naturvitenskapelige universitet (NTNU) i 2007 og hennes spesialfelt er kartlegging og forskning knyttet til kvikkleire og skred. Hun jobber i skj\u00e6ringspunktet mellom geologi, geoteknikk og geofysikk for \u00e5 f\u00e5 en god oversikt over grunnforholdene.<\/p>\n<p>Hun er ogs\u00e5 prosjektleder for utviklingen av Nasjonal database for grunnunders\u00f8kelser (NADAG).<\/p>\n<\/div>\n\t\t\t<\/div>\n\t\t<\/li>\n\t<\/ul>\n<\/div><\/div><div id=\"module-6\" class=\"hogan-module hogan-module-people hogan-module-6 text-wrap\"><div class=\"hogan-module-inner image-column-size-50\"><ul>\n\t\t\t<li class=\"columns\">\n\t\t\t<div class=\"column\">\n\t\t\t\t<div class=\"square\">\n\t\t\t\t\t<img loading=\"lazy\" decoding=\"async\" width=\"400\" height=\"400\" src=\"https:\/\/files.nettsteder.regjeringen.no\/wpuploads01\/blogs.dir\/461\/files\/2021\/03\/2021.03.11.-Ketil-Matvik-Foldal-400x400.jpg\" class=\"\" alt=\"\" srcset=\"https:\/\/files.nettsteder.regjeringen.no\/wpuploads01\/blogs.dir\/461\/files\/2021\/03\/2021.03.11.-Ketil-Matvik-Foldal-400x400.jpg 400w, https:\/\/files.nettsteder.regjeringen.no\/wpuploads01\/blogs.dir\/461\/files\/2021\/03\/2021.03.11.-Ketil-Matvik-Foldal-150x150.jpg 150w\" sizes=\"auto, (max-width: 400px) 100vw, 400px\" \/>\t\t\t\t<\/div>\n\t\t\t<\/div>\n\t\t\t<div class=\"column\">\n\t\t\t\t<div class=\"name\">Ketil Matvik Foldal<\/div><div class=\"position\">Fagsjef for beredskap<\/div><a href=\"javascript:\/\/\" class=\"show-hide-link\"\n\t\t\t\t   data-show-text=\"Vis beskrivelse\"\n\t\t\t\t   data-hide-text=\"Skjul beskrivelse\">Vis beskrivelse<\/a>\t\t\t\t<div class=\"description\"\n\t\t\t\t\t aria-expanded=\"false\"><p>Ketil Matvik Foldal er fagsjef for beredskap i Lillestr\u00f8m kommune og jobber til daglig med beredskapsplanlegging, ROS-analyser og sikkerhetshensyn i plan- og utbyggingssaker. Han er utdannet cand.polit. i naturgeografi fra Universitetet i Bergen (2001).<\/p>\n<p>Han har tidligere v\u00e6rt fylkesberedskapssjef i M\u00f8re og Romsdal og ledet planavdelingen i S\u00f8rum kommune da de opplevde et kvikkleireskred i 2016. Han har ogs\u00e5 deltatt i sekretariatet for \u00c5lesund-utvalget.<\/p>\n<p>&nbsp;<\/p>\n<\/div>\n\t\t\t<\/div>\n\t\t<\/li>\n\t<\/ul>\n<\/div><\/div><div id=\"module-7\" class=\"hogan-module hogan-module-people hogan-module-7 text-wrap\"><div class=\"hogan-module-inner image-column-size-50\"><ul>\n\t\t\t<li class=\"columns\">\n\t\t\t<div class=\"column\">\n\t\t\t\t<div class=\"square\">\n\t\t\t\t\t<img loading=\"lazy\" decoding=\"async\" width=\"400\" height=\"400\" src=\"https:\/\/files.nettsteder.regjeringen.no\/wpuploads01\/blogs.dir\/461\/files\/2021\/03\/NTNU_ToneMuthanna_2_FotoAnneLineBakken-400x400.jpg\" class=\"\" alt=\"\" srcset=\"https:\/\/files.nettsteder.regjeringen.no\/wpuploads01\/blogs.dir\/461\/files\/2021\/03\/NTNU_ToneMuthanna_2_FotoAnneLineBakken-400x400.jpg 400w, https:\/\/files.nettsteder.regjeringen.no\/wpuploads01\/blogs.dir\/461\/files\/2021\/03\/NTNU_ToneMuthanna_2_FotoAnneLineBakken-150x150.jpg 150w\" sizes=\"auto, (max-width: 400px) 100vw, 400px\" \/>\t\t\t\t<\/div>\n\t\t\t<\/div>\n\t\t\t<div class=\"column\">\n\t\t\t\t<div class=\"name\">Tone Merete Muthanna<\/div><div class=\"position\">Professor<\/div><a href=\"javascript:\/\/\" class=\"show-hide-link\"\n\t\t\t\t   data-show-text=\"Vis beskrivelse\"\n\t\t\t\t   data-hide-text=\"Skjul beskrivelse\">Vis beskrivelse<\/a>\t\t\t\t<div class=\"description\"\n\t\t\t\t\t aria-expanded=\"false\"><p>Tone Merete Muthanna er professor ved Institutt for bygg- og milj\u00f8teknikk ved Norges teknisk-naturvitenskapelige universitet (NTNU). Hennes spesialfelt er bygg- og milj\u00f8teknikk, hydrologi, hydrualikk, klimaendringer og overvann.<\/p>\n<p>Hun har en bachelor- og mastergrad i Biological Systems Enginering fra Virginia Polytechnic Institute and State University (2001) og doktorgrad i vann og milj\u00f8teknikk med spesialisering innen overvannsh\u00e5ndtering og urbanhydrologi fra NTNU (2007). \u00a0Hun har lang erfaring med feltunders\u00f8kelser og hydrologiske m\u00e5linger i urbaniserendefelt. Forsknings- og undervisningsvirksomheten er hovedsak konsentrert omkring overvannsh\u00e5ndtering, klimarobuste b\u00e6rekraftig infrastruktur og vannkvalitet i urbane vassdrag. Innenfor disse fagomr\u00e5dene veileder hun ogs\u00e5 doktorgrads- og mastergradsstudenter.<\/p>\n<\/div>\n\t\t\t<\/div>\n\t\t<\/li>\n\t<\/ul>\n<\/div><\/div>","protected":false},"excerpt":{"rendered":"<p>P\u00e5 denne siden ser du oversikten over medlemmene i det eksterne Gjerdrumutvalget.<\/p>\n","protected":false},"author":2761,"featured_media":0,"parent":9,"menu_order":0,"comment_status":"closed","ping_status":"closed","template":"","meta":{"_acf_changed":false,"footnotes":""},"class_list":["post-25","page","type-page","status-publish","hentry"],"acf":[],"language":"nb-NO","_links":{"self":[{"href":"https:\/\/nettsteder.regjeringen.no\/gjerdrumutvalget\/wp-json\/wp\/v2\/pages\/25","targetHints":{"allow":["GET"]}}],"collection":[{"href":"https:\/\/nettsteder.regjeringen.no\/gjerdrumutvalget\/wp-json\/wp\/v2\/pages"}],"about":[{"href":"https:\/\/nettsteder.regjeringen.no\/gjerdrumutvalget\/wp-json\/wp\/v2\/types\/page"}],"author":[{"embeddable":true,"href":"https:\/\/nettsteder.regjeringen.no\/gjerdrumutvalget\/wp-json\/wp\/v2\/users\/2761"}],"replies":[{"embeddable":true,"href":"https:\/\/nettsteder.regjeringen.no\/gjerdrumutvalget\/wp-json\/wp\/v2\/comments?post=25"}],"version-history":[{"count":3,"href":"https:\/\/nettsteder.regjeringen.no\/gjerdrumutvalget\/wp-json\/wp\/v2\/pages\/25\/revisions"}],"predecessor-version":[{"id":303,"href":"https:\/\/nettsteder.regjeringen.no\/gjerdrumutvalget\/wp-json\/wp\/v2\/pages\/25\/revisions\/303"}],"up":[{"embeddable":true,"href":"https:\/\/nettsteder.regjeringen.no\/gjerdrumutvalget\/wp-json\/wp\/v2\/pages\/9"}],"wp:attachment":[{"href":"https:\/\/nettsteder.regjeringen.no\/gjerdrumutvalget\/wp-json\/wp\/v2\/media?parent=25"}],"curies":[{"name":"wp","href":"https:\/\/api.w.org\/{rel}","templated":true}]}}