{"id":207,"date":"2021-06-09T12:14:13","date_gmt":"2021-06-09T10:14:13","guid":{"rendered":"https:\/\/nettsteder.regjeringen.no\/gjerdrumutvalget\/?page_id=207"},"modified":"2022-02-18T10:03:21","modified_gmt":"2022-02-18T09:03:21","slug":"innspill","status":"publish","type":"page","link":"https:\/\/nettsteder.regjeringen.no\/gjerdrumutvalget\/innspill\/","title":{"rendered":"Innspill"},"content":{"rendered":"<div class=\"text-wrap post-content clearfix\"><p>Invitasjonen er sendt til en rekke relevante akt\u00f8rer, men ogs\u00e5 andre kan komme med innspill. Dette er i tr\u00e5d med mandatet til Gjerdrumutvalget som sier at utvalget skal legge til rette for innspill fra relevante kompetansemilj\u00f8er og private og offentlige akt\u00f8rer. Vi ber om at innspill sendes innen 10. august 2021.<\/p>\n<p>Denne invitasjonen gjelder ikke innspill for \u00e5 avdekke \u00e5rsaken til kvikkleireskredet i Gjerdrum (delrapport 1), men innspill om forvaltningen og regelverket knyttet til h\u00e5ndteringen av risikoen for kvikkleireskred i Norge generelt.<\/p>\n<p><a href=\"https:\/\/files.nettsteder.regjeringen.no\/wpuploads01\/sites\/461\/2021\/06\/Brev-Invitasjon-til-a-gi-innspill-til-Gjerdrum-utvalget-28.05.2021-1.pdf\" rel=\"attachment wp-att-209\">Innspillsinvitasjonen kan du lese her <\/a>.<\/p>\n<p>&nbsp;<\/p>\n<p><strong>Mottatte innspill:<\/strong><\/p>\n<p><a href=\"https:\/\/files.nettsteder.regjeringen.no\/wpuploads01\/sites\/461\/2021\/08\/Albert-Olnes-AS.pdf\" rel=\"attachment wp-att-291\">Albert \u00d8lnes <\/a><\/p>\n<p><a href=\"https:\/\/files.nettsteder.regjeringen.no\/wpuploads01\/sites\/461\/2021\/08\/Bane-NOR.pdf\" rel=\"attachment wp-att-254\">Bane NOR<\/a><\/p>\n<p><a href=\"https:\/\/files.nettsteder.regjeringen.no\/wpuploads01\/sites\/461\/2021\/08\/Direktoratet-for-byggkvalitet.pdf\" rel=\"attachment wp-att-255\">Direktoratet for byggkvalitet<\/a><\/p>\n<p><a href=\"https:\/\/files.nettsteder.regjeringen.no\/wpuploads01\/sites\/461\/2021\/08\/Direktoratet-for-samfunnssikkerhet-og-beredskap.pdf\" rel=\"attachment wp-att-256\">Direktoratet for samfunnssikkerhet og beredskap<\/a><\/p>\n<p><a href=\"https:\/\/files.nettsteder.regjeringen.no\/wpuploads01\/sites\/461\/2021\/08\/ERA-Geo.pdf\" rel=\"attachment wp-att-225\">ERA Geo<\/a><\/p>\n<p><a href=\"https:\/\/files.nettsteder.regjeringen.no\/wpuploads01\/sites\/461\/2021\/08\/Gran-kommune.pdf\" rel=\"attachment wp-att-258\">Gran kommune<\/a><\/p>\n<p><a href=\"https:\/\/files.nettsteder.regjeringen.no\/wpuploads01\/sites\/461\/2021\/08\/Huseierne.pdf\" rel=\"attachment wp-att-226\">Huseierne<\/a><\/p>\n<p><a href=\"https:\/\/files.nettsteder.regjeringen.no\/wpuploads01\/sites\/461\/2021\/08\/Indre-Ostfold-kommune.pdf\" rel=\"attachment wp-att-260\">Indre \u00d8stfold kommune<\/a><\/p>\n<p><a href=\"https:\/\/files.nettsteder.regjeringen.no\/wpuploads01\/sites\/461\/2021\/08\/Javier-Andre-Yerko-Sandoval-Guzman-Statens-vegvesen.pdf\" rel=\"attachment wp-att-292\">Javier Sandoval Guzm\u00e1n\u00a0<\/a><\/p>\n<p><a href=\"https:\/\/files.nettsteder.regjeringen.no\/wpuploads01\/sites\/461\/2022\/02\/Innspill_NoU_Gjerdrum_endelig.pdf\" rel=\"attachment wp-att-362\">Kartverket<\/a><\/p>\n<p><a href=\"https:\/\/files.nettsteder.regjeringen.no\/wpuploads01\/sites\/461\/2021\/08\/Kvam-Herad.pdf\" rel=\"attachment wp-att-261\">Kvam Herad<\/a><\/p>\n<p><a href=\"https:\/\/files.nettsteder.regjeringen.no\/wpuploads01\/sites\/461\/2021\/08\/Kafjord-kommune.pdf\" rel=\"attachment wp-att-262\">K\u00e5fjord kommune<\/a><\/p>\n<p><a href=\"https:\/\/files.nettsteder.regjeringen.no\/wpuploads01\/sites\/461\/2021\/12\/Innspill-Gjerdrum-utvalget-06des2021-Kjetil-Brattlien.pdf\" rel=\"attachment wp-att-354\">Kjell Brattlien<\/a><\/p>\n<p><a href=\"https:\/\/files.nettsteder.regjeringen.no\/wpuploads01\/sites\/461\/2021\/08\/Lillestrom-kommune.pdf\" rel=\"attachment wp-att-263\">Lillestr\u00f8m kommune<\/a><\/p>\n<p><a href=\"https:\/\/files.nettsteder.regjeringen.no\/wpuploads01\/sites\/461\/2021\/08\/Maskinentreprenorenes-Forbund-MEF.pdf\" rel=\"attachment wp-att-264\">Maskinentrepren\u00f8renes Forbund MEF<\/a><\/p>\n<p><a href=\"https:\/\/files.nettsteder.regjeringen.no\/wpuploads01\/sites\/461\/2021\/08\/Miljodirektoratet.pdf\" rel=\"attachment wp-att-265\">Milj\u00f8direktoratet<\/a><\/p>\n<p><a href=\"https:\/\/files.nettsteder.regjeringen.no\/wpuploads01\/sites\/461\/2021\/08\/Nesodden-kommune.pdf\" rel=\"attachment wp-att-266\">Nesodden kommune<\/a><\/p>\n<p><a href=\"https:\/\/files.nettsteder.regjeringen.no\/wpuploads01\/sites\/461\/2021\/08\/Norconsult.pdf\" rel=\"attachment wp-att-267\">Norconsult, innspill av august 2021<\/a><\/p>\n<p><a href=\"https:\/\/files.nettsteder.regjeringen.no\/wpuploads01\/sites\/461\/2021\/11\/brev_Innspill-til-Gjerdrumutvalget.pdf\" rel=\"attachment wp-att-349\">Norconsult, innspill av november 2021<\/a><\/p>\n<p><a href=\"https:\/\/files.nettsteder.regjeringen.no\/wpuploads01\/sites\/461\/2021\/11\/202106905-3Innspill-til-Gjerdrum-utvalget.pdf\" rel=\"attachment wp-att-345\">Norges vassdrags- og energidirektorat<\/a> (NVE)<\/p>\n<p><a href=\"https:\/\/files.nettsteder.regjeringen.no\/wpuploads01\/sites\/461\/2021\/12\/Notat_NGUs_innspill_Gjerdrumutvalget_2021.pdf\" rel=\"attachment wp-att-353\">Norges geologiske unders\u00f8kelse (NGU)<\/a><\/p>\n<p><a href=\"https:\/\/files.nettsteder.regjeringen.no\/wpuploads01\/sites\/461\/2021\/08\/Norsk-geoteknisk-forening.pdf\" rel=\"attachment wp-att-269\">Norsk geoteknisk forening<\/a><\/p>\n<p><a href=\"https:\/\/files.nettsteder.regjeringen.no\/wpuploads01\/sites\/461\/2021\/08\/Norges-geotekniske-institutt.pdf\" rel=\"attachment wp-att-229\">Norges geotekniske institutt<\/a><\/p>\n<p><a href=\"https:\/\/files.nettsteder.regjeringen.no\/wpuploads01\/sites\/461\/2021\/08\/Norsk-Landbruksradgiving.pdf\" rel=\"attachment wp-att-230\">Norsk Landbruksr\u00e5dgiving<\/a><\/p>\n<p><a href=\"https:\/\/files.nettsteder.regjeringen.no\/wpuploads01\/sites\/461\/2021\/08\/Oslo-kommune.pdf\" rel=\"attachment wp-att-231\">Oslo kommune<\/a><\/p>\n<p><a href=\"https:\/\/files.nettsteder.regjeringen.no\/wpuploads01\/sites\/461\/2021\/08\/Overhalla-kommune.pdf\" rel=\"attachment wp-att-272\">Overhalla kommune<\/a><\/p>\n<p><a href=\"https:\/\/files.nettsteder.regjeringen.no\/wpuploads01\/sites\/461\/2021\/08\/Ringerike-kommune.pdf\" rel=\"attachment wp-att-273\">Ringerike kommune<\/a><\/p>\n<p><a href=\"https:\/\/files.nettsteder.regjeringen.no\/wpuploads01\/sites\/461\/2021\/08\/Romerike-Grunnboring-og-Romerike-Geoteknikk.pdf\" rel=\"attachment wp-att-274\">Romerike Grunnboring og Romerike Geoteknikk<\/a><\/p>\n<p><a href=\"https:\/\/files.nettsteder.regjeringen.no\/wpuploads01\/sites\/461\/2021\/08\/Radgivende-ingeniorers-forening.pdf\" rel=\"attachment wp-att-233\">R\u00e5dgivende ingeni\u00f8rers forening<\/a><\/p>\n<p><a href=\"https:\/\/files.nettsteder.regjeringen.no\/wpuploads01\/sites\/461\/2021\/08\/Sandnes-kommune.pdf\" rel=\"attachment wp-att-288\">Sandnes kommune<\/a><\/p>\n<p><a href=\"https:\/\/files.nettsteder.regjeringen.no\/wpuploads01\/sites\/461\/2021\/08\/Sintef.pdf\" rel=\"attachment wp-att-234\">Sintef<\/a><\/p>\n<p><a href=\"https:\/\/files.nettsteder.regjeringen.no\/wpuploads01\/sites\/461\/2021\/08\/Sivilingenior-Behrens.pdf\" rel=\"attachment wp-att-293\">Sivilingeni\u00f8r Behrens<\/a><\/p>\n<p><a href=\"https:\/\/files.nettsteder.regjeringen.no\/wpuploads01\/sites\/461\/2021\/08\/Skaun-kommune.pdf\" rel=\"attachment wp-att-235\">Skaun kommune<\/a><\/p>\n<p><a href=\"https:\/\/files.nettsteder.regjeringen.no\/wpuploads01\/sites\/461\/2021\/08\/Statens-vegvesen.pdf\" rel=\"attachment wp-att-236\">Statens vegvesen<\/a><\/p>\n<p><a href=\"https:\/\/files.nettsteder.regjeringen.no\/wpuploads01\/sites\/461\/2021\/08\/Statsforvalteren-i-Oslo-og-Viken.pdf\" rel=\"attachment wp-att-237\">Statsforvalteren i Oslo og Viken<\/a><\/p>\n<p><a href=\"https:\/\/files.nettsteder.regjeringen.no\/wpuploads01\/sites\/461\/2021\/08\/Statsforvalteren-i-Rogaland.pdf\" rel=\"attachment wp-att-238\">Statsforvalteren i Rogaland<\/a><\/p>\n<p><a href=\"https:\/\/files.nettsteder.regjeringen.no\/wpuploads01\/sites\/461\/2021\/11\/Innspill-Gjerdrumsutvalget.pdf\" rel=\"attachment wp-att-340\">Statsforvalteren i Tr\u00f8ndelag<\/a><\/p>\n<p><a href=\"https:\/\/files.nettsteder.regjeringen.no\/wpuploads01\/sites\/461\/2021\/08\/Statsforvalteren-i-Vestfold-og-Telemark.pdf\" rel=\"attachment wp-att-281\">Statsforvalteren i Vestfold og Telemark<\/a><\/p>\n<p><a href=\"https:\/\/files.nettsteder.regjeringen.no\/wpuploads01\/sites\/461\/2021\/08\/Steigen-kommune.pdf\" rel=\"attachment wp-att-239\">Steigen kommune<\/a><\/p>\n<p><a href=\"https:\/\/files.nettsteder.regjeringen.no\/wpuploads01\/sites\/461\/2021\/08\/Sondre-land-og-Nordre-land-kommuner.pdf\" rel=\"attachment wp-att-283\">S\u00f8ndre land og Nordre land kommuner<\/a><\/p>\n<p><a href=\"https:\/\/files.nettsteder.regjeringen.no\/wpuploads01\/sites\/461\/2021\/08\/Trondheim-kommune.pdf\" rel=\"attachment wp-att-284\">Trondheim kommune<\/a><\/p>\n<p><a href=\"https:\/\/files.nettsteder.regjeringen.no\/wpuploads01\/sites\/461\/2021\/08\/Universitetet-i-Stavanger.pdf\" rel=\"attachment wp-att-240\">Universitetet i Stavanger<\/a><\/p>\n<p><a href=\"https:\/\/files.nettsteder.regjeringen.no\/wpuploads01\/sites\/461\/2021\/08\/Viken-fylkeskommune.pdf\" rel=\"attachment wp-att-241\">Viken fylkeskommune<\/a><\/p>\n<\/div>","protected":false},"excerpt":{"rendered":"<p>Utvalget er godt i gang med sitt arbeid og innhenter innspill gjennom flere kanaler. En av dem er en invitasjon &#8230;<\/p>\n","protected":false},"author":2761,"featured_media":0,"parent":0,"menu_order":0,"comment_status":"closed","ping_status":"closed","template":"","meta":{"_acf_changed":false,"footnotes":""},"class_list":["post-207","page","type-page","status-publish","hentry"],"acf":[],"language":"nb-NO","_links":{"self":[{"href":"https:\/\/nettsteder.regjeringen.no\/gjerdrumutvalget\/wp-json\/wp\/v2\/pages\/207","targetHints":{"allow":["GET"]}}],"collection":[{"href":"https:\/\/nettsteder.regjeringen.no\/gjerdrumutvalget\/wp-json\/wp\/v2\/pages"}],"about":[{"href":"https:\/\/nettsteder.regjeringen.no\/gjerdrumutvalget\/wp-json\/wp\/v2\/types\/page"}],"author":[{"embeddable":true,"href":"https:\/\/nettsteder.regjeringen.no\/gjerdrumutvalget\/wp-json\/wp\/v2\/users\/2761"}],"replies":[{"embeddable":true,"href":"https:\/\/nettsteder.regjeringen.no\/gjerdrumutvalget\/wp-json\/wp\/v2\/comments?post=207"}],"version-history":[{"count":3,"href":"https:\/\/nettsteder.regjeringen.no\/gjerdrumutvalget\/wp-json\/wp\/v2\/pages\/207\/revisions"}],"predecessor-version":[{"id":363,"href":"https:\/\/nettsteder.regjeringen.no\/gjerdrumutvalget\/wp-json\/wp\/v2\/pages\/207\/revisions\/363"}],"wp:attachment":[{"href":"https:\/\/nettsteder.regjeringen.no\/gjerdrumutvalget\/wp-json\/wp\/v2\/media?parent=207"}],"curies":[{"name":"wp","href":"https:\/\/api.w.org\/{rel}","templated":true}]}}