{"id":61,"date":"2025-02-27T14:23:21","date_gmt":"2025-02-27T13:23:21","guid":{"rendered":"https:\/\/nettsteder.regjeringen.no\/fryu\/?page_id=61"},"modified":"2025-11-12T14:55:43","modified_gmt":"2025-11-12T13:55:43","slug":"faglig-rad-for-teknologi-og-industrifag","status":"publish","type":"page","link":"https:\/\/nettsteder.regjeringen.no\/fryu\/faglig-rad-for-teknologi-og-industrifag\/","title":{"rendered":"Faglig r\u00e5d for teknologi- og industrifag"},"content":{"rendered":"\n<div class=\"wp-block-buttons is-layout-flex wp-block-buttons-is-layout-flex\">\n<div class=\"wp-block-button has-custom-width wp-block-button__width-50 is-style-default\"><a class=\"wp-block-button__link wp-element-button\" href=\"https:\/\/nettsteder.regjeringen.no\/fryu\/faglig-rad-for-teknologi-og-industrifag\/moter-og-referater\/\" style=\"border-radius:100px\" target=\"_blank\" rel=\"noreferrer noopener\">M\u00f8ter og referater<\/a><\/div>\n<\/div>\n\n\n<p><strong>Medlemmer\u00a0<\/strong><\/p>\n<p>Henriette Piene Gr\u00f8nvold, NHO Norsk Industri<br \/>Halvard Moe Krogstad, NHO Norsk Industri<br \/>Jone Klingsheim, Norges Lastebileier-Forbund<br \/>Vidar Strande, NHO Norges Bilbransjeforbund<br \/>Anette Aano, NHO Offshore Norge<br \/>Evelyn Blom-Dahl, NHO Sj\u00f8fart<br \/>Kristian Ilner, LO Fellesforbundet<br \/>Cathrine Ulv\u00f8y, LO Fellesforbundet<br \/>Kurt-Einar Gr\u00f8nlie Olsen, LO Norsk Sj\u00f8mannsforbund<br \/>Kim Tomas Klevengen, LO Styrke<br \/>H\u00e5vard Bovim Galtestad,\u00a0 YS Yrkestrafikkforbundet<br \/>Bendik Flomstad, LO Fagforbundet<br \/>Erik Lysenst\u00f8en, Utdanningsforbundet <br \/>Silje Skibev\u00e5g, Utdanningsforbundet <br \/>Martin H\u00f8y, Skolenes Landsforbund <br \/>Kristina Rabe, KS, skoleeier<br \/>Sissel Bruseg\u00e5rd KS, skoleeier<br \/>Emma Helle Loffeld, Elevorganisasjonen<\/p>\n<p><strong>Varamedlemmer\u00a0<\/strong><\/p>\n<p>Tone Kjersti Belsby, NHO Norsk industri<br \/>Tove Lange, NHO Mat og Drikke<br \/>Leif Aasum, Spekter<br \/>Egil Steinsland, NHO Norges Bilbransjeforbund<br \/>M\u00e5lfrid R\u00f8nnevik, NHO Offshore Norge<br \/>Peter Hansen, LO Fellesforbundet<br \/>Kai Johansen,\u00a0 LO Fellesforbundet<br \/>Gunnar Amland,\u00a0 LO Norsk sj\u00f8mannsforbund<br \/>Barbro Auestad, LO Forbundet Styrke<br \/>Stig Edvardsen,\u00a0 LO Fagforbundet<br \/>Beate Karoline Eidissen, LO Fagforbundet<br \/>Lasse Ellingsen, Utdanningsforbundet <br \/>Johan Edvard Risnes,\u00a0 Utdanningsforbundet <br \/>Sten Oddvar Solhaug, Skolenes Landsforbund<br \/>Jan Erik Rismyhr, KS, skoleeier<br \/>\u00d8ystein Hansen, KS, skoleeier<\/p>\n<p><em>Fagansvarlig i sekretariatet er Carine Gronholz, carine.gronholz@udir.no<\/em><\/p>","protected":false},"excerpt":{"rendered":"<p>Medlemmer\u00a0 Henriette Piene Gr\u00f8nvold, NHO Norsk IndustriHalvard Moe Krogstad, NHO Norsk IndustriJone Klingsheim, Norges Lastebileier-ForbundVidar Strande, NHO Norges BilbransjeforbundAnette Aano, NHO Offshore NorgeEvelyn Blom-Dahl, NHO Sj\u00f8fartKristian Ilner, LO FellesforbundetCathrine Ulv\u00f8y, LO FellesforbundetKurt-Einar Gr\u00f8nlie Olsen, LO Norsk Sj\u00f8mannsforbundKim Tomas Klevengen, LO StyrkeH\u00e5vard Bovim Galtestad,\u00a0 YS YrkestrafikkforbundetBendik Flomstad, LO FagforbundetErik Lysenst\u00f8en, Utdanningsforbundet Silje Skibev\u00e5g, Utdanningsforbundet Martin H\u00f8y,\u2026<\/p>\n","protected":false},"author":2877,"featured_media":0,"parent":0,"menu_order":0,"comment_status":"closed","ping_status":"closed","template":"","meta":{"dss_simple_post_excerpt":"","dss_show_breadcrumbs":false,"dss_show_featured_image":true,"dss_show_title":false,"footnotes":""},"class_list":["post-61","page","type-page","status-publish","hentry"],"language":"nb-NO","_links":{"self":[{"href":"https:\/\/nettsteder.regjeringen.no\/fryu\/wp-json\/wp\/v2\/pages\/61","targetHints":{"allow":["GET"]}}],"collection":[{"href":"https:\/\/nettsteder.regjeringen.no\/fryu\/wp-json\/wp\/v2\/pages"}],"about":[{"href":"https:\/\/nettsteder.regjeringen.no\/fryu\/wp-json\/wp\/v2\/types\/page"}],"author":[{"embeddable":true,"href":"https:\/\/nettsteder.regjeringen.no\/fryu\/wp-json\/wp\/v2\/users\/2877"}],"replies":[{"embeddable":true,"href":"https:\/\/nettsteder.regjeringen.no\/fryu\/wp-json\/wp\/v2\/comments?post=61"}],"version-history":[{"count":3,"href":"https:\/\/nettsteder.regjeringen.no\/fryu\/wp-json\/wp\/v2\/pages\/61\/revisions"}],"predecessor-version":[{"id":438,"href":"https:\/\/nettsteder.regjeringen.no\/fryu\/wp-json\/wp\/v2\/pages\/61\/revisions\/438"}],"wp:attachment":[{"href":"https:\/\/nettsteder.regjeringen.no\/fryu\/wp-json\/wp\/v2\/media?parent=61"}],"curies":[{"name":"wp","href":"https:\/\/api.w.org\/{rel}","templated":true}]}}