{"id":58,"date":"2025-02-27T14:23:10","date_gmt":"2025-02-27T13:23:10","guid":{"rendered":"https:\/\/nettsteder.regjeringen.no\/fryu\/?page_id=58"},"modified":"2025-09-19T11:18:21","modified_gmt":"2025-09-19T09:18:21","slug":"faglig-rad-for-salg-service-og-reiseliv","status":"publish","type":"page","link":"https:\/\/nettsteder.regjeringen.no\/fryu\/faglig-rad-for-salg-service-og-reiseliv\/","title":{"rendered":"Faglig r\u00e5d for salg, service og reiseliv"},"content":{"rendered":"\n<div class=\"wp-block-buttons is-layout-flex wp-block-buttons-is-layout-flex\">\n<div class=\"wp-block-button has-custom-width wp-block-button__width-50 is-style-default\"><a class=\"wp-block-button__link wp-element-button\" href=\"https:\/\/nettsteder.regjeringen.no\/fryu\/faglig-rad-for-salg-service-og-reiseliv\/moter-og-referater\/\" style=\"border-radius:100px\" target=\"_blank\" rel=\"noreferrer noopener\">M\u00f8ter og referater<\/a><\/div>\n<\/div>\n\n\n<p><strong>Medlemmer<\/strong><\/p>\n<p>Linda Vist, NHO Service og Handel<br \/>Monika K\u00e5l\u00e5s, Virke<br \/>Elise \u00c5rbogen, KS<br \/>Henrik Hamborg, NHO Reiseliv<br \/>Britt Austad, LO Fagforbundet<br \/>Silje Kjellesvik Norheim, LO HK i Norge<br \/>Michella Maria Jensen, LO Fellesforbundet<br \/>Terje Mikkelsen, LO Norsk Arbeidsmandsforbund<br \/>Christine Bar, YS Parat<br \/>Trond Vegard S\u00e6le, YS Negotia<br \/>Nils Petter Heggem, Utdanningsforbundet<br \/>Vibeke Moland Robertsen, Utdanningsforbundet<br \/>Aud Westgaard Hultberg, Skolenes Landsforbund<br \/>Thomas Nordli Andersen, KS skoleeier<br \/>Tom Selvik, KS skoleeier<br \/>Benas Grubliauskis, Elevorganisasjonen<br \/><strong><br \/><\/strong><\/p>\n<p><strong>Varamedlemmer\u00a0<\/strong><\/p>\n<p>Eivind Hilling, NHO Service og Handel<br \/>Hans G\u00f8ran Bj\u00f8rk, KS<br \/>Ole Michael Bj\u00f8rndal, NHO Reiseliv<br \/>Espen Strandhus Vaa, LO HK i Norge<br \/>Lars-Vegar Berg Pettersen, LO Fellesforbundet<br \/>Ingrid Tollefsen, LO Norsk Arbeidsmandsforbund<br \/>Daniel B\u00f8hn Rayer, YS Parat<br \/>Britt Hovland Selseng, Utdanningsforbundet<br \/>Stine Isdahl Solberg, Utdanningsforbundet<br \/>Bernt Olav Neskvern, Skolenes Landsforbund<br \/>Jan Fenne Skj\u00f8rvestad, KS, skoleeier<br \/>Rina Therese Svarthoel \u00d8stenby-Thorkildsen, KS, skoleeier<\/p>\n<p><em>Fagansvarlig i sekretariatet er Celine Berglie, celine.berglie@udir.no<\/em><\/p>","protected":false},"excerpt":{"rendered":"<p>Medlemmer Linda Vist, NHO Service og HandelMonika K\u00e5l\u00e5s, VirkeElise \u00c5rbogen, KSHenrik Hamborg, NHO ReiselivBritt Austad, LO FagforbundetSilje Kjellesvik Norheim, LO HK i NorgeMichella Maria Jensen, LO FellesforbundetTerje Mikkelsen, LO Norsk ArbeidsmandsforbundChristine Bar, YS ParatTrond Vegard S\u00e6le, YS NegotiaNils Petter Heggem, UtdanningsforbundetVibeke Moland Robertsen, UtdanningsforbundetAud Westgaard Hultberg, Skolenes LandsforbundThomas Nordli Andersen, KS skoleeierTom Selvik, KS skoleeierBenas\u2026<\/p>\n","protected":false},"author":2877,"featured_media":0,"parent":0,"menu_order":0,"comment_status":"closed","ping_status":"closed","template":"","meta":{"dss_simple_post_excerpt":"","dss_show_breadcrumbs":false,"dss_show_featured_image":true,"dss_show_title":false,"footnotes":""},"class_list":["post-58","page","type-page","status-publish","hentry"],"language":"nb-NO","_links":{"self":[{"href":"https:\/\/nettsteder.regjeringen.no\/fryu\/wp-json\/wp\/v2\/pages\/58","targetHints":{"allow":["GET"]}}],"collection":[{"href":"https:\/\/nettsteder.regjeringen.no\/fryu\/wp-json\/wp\/v2\/pages"}],"about":[{"href":"https:\/\/nettsteder.regjeringen.no\/fryu\/wp-json\/wp\/v2\/types\/page"}],"author":[{"embeddable":true,"href":"https:\/\/nettsteder.regjeringen.no\/fryu\/wp-json\/wp\/v2\/users\/2877"}],"replies":[{"embeddable":true,"href":"https:\/\/nettsteder.regjeringen.no\/fryu\/wp-json\/wp\/v2\/comments?post=58"}],"version-history":[{"count":3,"href":"https:\/\/nettsteder.regjeringen.no\/fryu\/wp-json\/wp\/v2\/pages\/58\/revisions"}],"predecessor-version":[{"id":350,"href":"https:\/\/nettsteder.regjeringen.no\/fryu\/wp-json\/wp\/v2\/pages\/58\/revisions\/350"}],"wp:attachment":[{"href":"https:\/\/nettsteder.regjeringen.no\/fryu\/wp-json\/wp\/v2\/media?parent=58"}],"curies":[{"name":"wp","href":"https:\/\/api.w.org\/{rel}","templated":true}]}}