{"id":55,"date":"2025-02-27T14:22:52","date_gmt":"2025-02-27T13:22:52","guid":{"rendered":"https:\/\/nettsteder.regjeringen.no\/fryu\/?page_id=55"},"modified":"2026-03-12T13:54:36","modified_gmt":"2026-03-12T12:54:36","slug":"faglig-rad-for-restaurant-og-matfag","status":"publish","type":"page","link":"https:\/\/nettsteder.regjeringen.no\/fryu\/faglig-rad-for-restaurant-og-matfag\/","title":{"rendered":"Faglig r\u00e5d for restaurant og matfag"},"content":{"rendered":"\n<div class=\"wp-block-buttons is-layout-flex wp-block-buttons-is-layout-flex\">\n<div class=\"wp-block-button has-custom-width wp-block-button__width-50 is-style-default\"><a class=\"wp-block-button__link wp-element-button\" href=\"https:\/\/nettsteder.regjeringen.no\/fryu\/faglig-rad-for-restaurant-og-matfag\/moter-og-referater-2\/\" style=\"border-radius:100px\" target=\"_blank\" rel=\"noreferrer noopener\">M\u00f8ter og referater<\/a><\/div>\n<\/div>\n\n\n<p><strong>Medlemmer\u00a0<\/strong><\/p>\n<p>Marit Finseth L\u00f8berg, NHO Mat og Drikke<br \/>Gunnar Bakke, NHO Mat og Drikke<br \/>Henrik Hamborg, NHO Reiseliv<br \/>Cathrine Fjeldstad Gujord, KS<br \/>Gard Hofsvang, LO Fellesforbundet<br \/>Merete Helland, LO NNN<br \/>Kenneth Johannessen, YS Delta<br \/>Ronny Aunan, LO NNN<br \/>Merete Aga-Thoresen, Utdanningsforbundet<br \/>Einar Martin Kaalen, Utdanningsforbundet<br \/>Grethe Jusnes, Skolenes Landsforbund<br \/>Stig Kjetil S\u00f8vik, KS skoleeier<br \/>Trine Ludviksen, KS skoleeier<br \/>Hedda B\u00f8rgesen Br\u00e5ten, Elevorganisasjonen<\/p>\n<p><strong>Varamedlemmer\u00a0<\/strong><\/p>\n<p>Anette Alm\u00e5s, NHO Mat og drikke<br \/>Lars Lindland, NHO Sj\u00f8mat Norge<br \/>Jorulf Br\u00f8vig Silde, NHO Service og Handel<br \/>Per Osland, KS<br \/>Anne Marie Andersen, LO, Fellesforbundet<br \/>Ingunn Vambeseth, LO NNN<br \/>Linn-Anett Gresholdt, YS Delta<br \/>Erlend Eliassen, LO Fagforbundet<br \/>Vegar Hansen, Utdanningsforbundet<br \/>Tonje Svendsen, Utdanningsforbundet<br \/>Thorbj\u00f8rn Hops\u00f8, Skolenes Landsforbund<br \/>Roger Andr\u00e9 Fylling, KS, skoleeier<br \/>Hilde S\u00f8vik, KS, skoleeier<\/p>\n<p><em>Fagansvarlig i sekretariatet er Kaja Emilie Walsh, kaja.emilie.walsh@udir.no\u00a0<\/em><\/p>\n\n\n<p><\/p>\n","protected":false},"excerpt":{"rendered":"<p>Medlemmer\u00a0 Marit Finseth L\u00f8berg, NHO Mat og DrikkeGunnar Bakke, NHO Mat og DrikkeHenrik Hamborg, NHO ReiselivCathrine Fjeldstad Gujord, KSGard Hofsvang, LO FellesforbundetMerete Helland, LO NNNKenneth Johannessen, YS DeltaRonny Aunan, LO NNNMerete Aga-Thoresen, UtdanningsforbundetEinar Martin Kaalen, UtdanningsforbundetGrethe Jusnes, Skolenes LandsforbundStig Kjetil S\u00f8vik, KS skoleeierTrine Ludviksen, KS skoleeierHedda B\u00f8rgesen Br\u00e5ten, Elevorganisasjonen Varamedlemmer\u00a0 Anette Alm\u00e5s, NHO Mat og\u2026<\/p>\n","protected":false},"author":2877,"featured_media":0,"parent":0,"menu_order":0,"comment_status":"closed","ping_status":"closed","template":"","meta":{"dss_simple_post_excerpt":"","dss_show_breadcrumbs":false,"dss_show_featured_image":true,"dss_show_title":false,"footnotes":""},"class_list":["post-55","page","type-page","status-publish","hentry"],"language":"nb-NO","_links":{"self":[{"href":"https:\/\/nettsteder.regjeringen.no\/fryu\/wp-json\/wp\/v2\/pages\/55","targetHints":{"allow":["GET"]}}],"collection":[{"href":"https:\/\/nettsteder.regjeringen.no\/fryu\/wp-json\/wp\/v2\/pages"}],"about":[{"href":"https:\/\/nettsteder.regjeringen.no\/fryu\/wp-json\/wp\/v2\/types\/page"}],"author":[{"embeddable":true,"href":"https:\/\/nettsteder.regjeringen.no\/fryu\/wp-json\/wp\/v2\/users\/2877"}],"replies":[{"embeddable":true,"href":"https:\/\/nettsteder.regjeringen.no\/fryu\/wp-json\/wp\/v2\/comments?post=55"}],"version-history":[{"count":3,"href":"https:\/\/nettsteder.regjeringen.no\/fryu\/wp-json\/wp\/v2\/pages\/55\/revisions"}],"predecessor-version":[{"id":536,"href":"https:\/\/nettsteder.regjeringen.no\/fryu\/wp-json\/wp\/v2\/pages\/55\/revisions\/536"}],"wp:attachment":[{"href":"https:\/\/nettsteder.regjeringen.no\/fryu\/wp-json\/wp\/v2\/media?parent=55"}],"curies":[{"name":"wp","href":"https:\/\/api.w.org\/{rel}","templated":true}]}}