{"id":52,"date":"2025-02-27T14:22:37","date_gmt":"2025-02-27T13:22:37","guid":{"rendered":"https:\/\/nettsteder.regjeringen.no\/fryu\/?page_id=52"},"modified":"2025-09-11T13:33:12","modified_gmt":"2025-09-11T11:33:12","slug":"faglig-rad-for-naturbruk","status":"publish","type":"page","link":"https:\/\/nettsteder.regjeringen.no\/fryu\/faglig-rad-for-naturbruk\/","title":{"rendered":"Faglig r\u00e5d for naturbruk"},"content":{"rendered":"\n<div class=\"wp-block-buttons is-layout-flex wp-block-buttons-is-layout-flex\">\n<div class=\"wp-block-button has-custom-width wp-block-button__width-50 is-style-default\"><a class=\"wp-block-button__link wp-element-button\" href=\"https:\/\/nettsteder.regjeringen.no\/fryu\/faglig-rad-for-naturbruk\/moter-og-referater-2\/\" style=\"border-radius:100px\" target=\"_blank\" rel=\"noreferrer noopener\">M\u00f8ter og referater<\/a><\/div>\n<\/div>\n\n\n<p><strong>Medlemmer\u00a0<\/strong><\/p>\n<p>P\u00e5l-Arne Oulie, Spekter, Norges Bondelag<br \/>Bj\u00f8rn Lauritzen, Maskinentrepren\u00f8renes forbund (MEF)<br \/>Espen Lynghaug, NHO Mat og drikke<br \/>Kristin Slyngstad, NHO Skogbrukets landsforening<br \/>Endre Lie, LO Fellesforbundet<br \/>Geir Offerdal, LO Norsk sj\u00f8mannsforbund<br \/>Line Gr\u00e5we, Norges Fiskarlag<br \/>Maria Bj\u00f8rnsen, LO Fellesforbundet<br \/>Frida Irgum, Utdanningsforbundet<br \/>Helge Str\u00e6tkvern, Utdanningsforbundet<br \/>Bj\u00f8rn Jensen, Skolenes landsforbund<br \/>Anne Marie Siri, Norske reindriftsamers landsforbund<br \/>Monica Rustad, KS skoleeier<br \/>Arne Jostein Vestnor, KS, skoleeier<br \/>Oumou Hawa Diallo, Elevorganisasjonen<\/p>\n<p><strong>Observat\u00f8r<\/strong><br \/>Anette Alm\u00e5s, Sj\u00f8matbedriftene<\/p>\n<p><strong>Varamedlemmer\u00a0<\/strong><\/p>\n<p>Eline Stokstad Oserud, Spekter, Norges Bondelag<br \/>Tone C. Gulliksen, Maskinentrepren\u00f8renes forbund (MEF)<br \/>Runar Wold, NHO Mat og drikke<br \/>Nikolai Astrup Westlie, NHO Skogbrukets landsforening<br \/>Claus Jervell, LO Fellesforbundet<br \/>Kim Helge Fj\u00e6reide, LO Norsk sj\u00f8mannsforbund<br \/>Audun Stautland, Norges Fiskarlag<br \/>Morten Bakken, LO Fellesforbundet<br \/>Gro Heie Engelbrecht, Utdanningsforbundet<br \/>Kari-Anita Gram, Utdanningsforbundet<br \/>Bjarte Haugland, Skolenes Landsforbund<br \/>Anita Smuk, Norske reindriftsamers landsforbund<br \/>Eva Britt Birkenes, KS, skoleeier<br \/>Marit Heggeriset, KS, skoleeier<\/p>\n<p><strong>Observat\u00f8r vara<\/strong><br \/>Johann M. Kr\u00fcger, Sj\u00f8matbedriftene<\/p>\n<p><em>Fagansvarlig i sekretariatet er Nina Elisabeth H\u00f8gmo, nina.hogmo@udir.no<\/em><\/p>\n\n\n<p><\/p>\n","protected":false},"excerpt":{"rendered":"<p>Medlemmer\u00a0 P\u00e5l-Arne Oulie, Spekter, Norges BondelagBj\u00f8rn Lauritzen, Maskinentrepren\u00f8renes forbund (MEF)Espen Lynghaug, NHO Mat og drikkeKristin Slyngstad, NHO Skogbrukets landsforeningEndre Lie, LO FellesforbundetGeir Offerdal, LO Norsk sj\u00f8mannsforbundLine Gr\u00e5we, Norges FiskarlagMaria Bj\u00f8rnsen, LO FellesforbundetFrida Irgum, UtdanningsforbundetHelge Str\u00e6tkvern, UtdanningsforbundetBj\u00f8rn Jensen, Skolenes landsforbundAnne Marie Siri, Norske reindriftsamers landsforbundMonica Rustad, KS skoleeierArne Jostein Vestnor, KS, skoleeierOumou Hawa Diallo, Elevorganisasjonen Observat\u00f8rAnette\u2026<\/p>\n","protected":false},"author":2877,"featured_media":0,"parent":0,"menu_order":0,"comment_status":"closed","ping_status":"closed","template":"","meta":{"dss_simple_post_excerpt":"","dss_show_breadcrumbs":false,"dss_show_featured_image":true,"dss_show_title":false,"footnotes":""},"class_list":["post-52","page","type-page","status-publish","hentry"],"language":"nb-NO","_links":{"self":[{"href":"https:\/\/nettsteder.regjeringen.no\/fryu\/wp-json\/wp\/v2\/pages\/52","targetHints":{"allow":["GET"]}}],"collection":[{"href":"https:\/\/nettsteder.regjeringen.no\/fryu\/wp-json\/wp\/v2\/pages"}],"about":[{"href":"https:\/\/nettsteder.regjeringen.no\/fryu\/wp-json\/wp\/v2\/types\/page"}],"author":[{"embeddable":true,"href":"https:\/\/nettsteder.regjeringen.no\/fryu\/wp-json\/wp\/v2\/users\/2877"}],"replies":[{"embeddable":true,"href":"https:\/\/nettsteder.regjeringen.no\/fryu\/wp-json\/wp\/v2\/comments?post=52"}],"version-history":[{"count":3,"href":"https:\/\/nettsteder.regjeringen.no\/fryu\/wp-json\/wp\/v2\/pages\/52\/revisions"}],"predecessor-version":[{"id":328,"href":"https:\/\/nettsteder.regjeringen.no\/fryu\/wp-json\/wp\/v2\/pages\/52\/revisions\/328"}],"wp:attachment":[{"href":"https:\/\/nettsteder.regjeringen.no\/fryu\/wp-json\/wp\/v2\/media?parent=52"}],"curies":[{"name":"wp","href":"https:\/\/api.w.org\/{rel}","templated":true}]}}