{"id":30,"date":"2025-02-27T14:20:29","date_gmt":"2025-02-27T13:20:29","guid":{"rendered":"https:\/\/nettsteder.regjeringen.no\/fryu\/?page_id=30"},"modified":"2025-11-21T17:27:04","modified_gmt":"2025-11-21T16:27:04","slug":"faglig-rad-for-bygg-og-anleggsteknikk","status":"publish","type":"page","link":"https:\/\/nettsteder.regjeringen.no\/fryu\/faglig-rad-for-bygg-og-anleggsteknikk\/","title":{"rendered":"Faglig r\u00e5d for bygg- og anleggsteknikk"},"content":{"rendered":"\n<div class=\"wp-block-buttons is-layout-flex wp-container-core-buttons-is-layout-132b0da8 wp-block-buttons-is-layout-flex\">\n<div class=\"wp-block-button has-custom-width wp-block-button__width-50 is-style-default\"><a class=\"wp-block-button__link wp-element-button\" href=\"https:\/\/nettsteder.regjeringen.no\/fryu\/faglig-rad-for-bygg-og-anleggsteknikk\/moter-og-referater\/\" style=\"border-radius:100px\" target=\"_blank\" rel=\"noreferrer noopener\">M\u00f8ter og referater<\/a><\/div>\n<\/div>\n\n\n<p><strong>Medlemmer<\/strong><br \/>Margrethe Gjessing, NHO Byggn\u00e6ringen<br \/>Thomas Norland, NHO Byggn\u00e6ringen<br \/>Frode Mosenget Andersen, Maskinentrepren\u00f8renes forbund (MEF)<br \/>Ingeborg Malterud, NHO Service og handel<br \/>Harald Braathen, LO Fellesforbundet<br \/>Alexander Hopland W\u00f8ien, LO Fellesforbundet<br \/>Arne Presterud, LO Norsk arbeidsmandsforbund<br \/>Arild Gressetvold, YS\u00a0<br \/>Egil Thorsen, Utdanningsforbundet<br \/>Dag Marius Storsveen, Utdanningsforbundet<br \/>Marit R\u00f8dsj\u00f8, Skolens Landsforbund<br \/>M\u00e5lfrid Nesje, KS (skoleeier)<br \/>Monica Gjendal, KS (skoleeier)<br \/>Tilde Bordi Grannes, EO<\/p>\n<p><strong>Observat\u00f8r<\/strong><br \/>Aase Hogfeldt-Esskevik, Riksantikvaren\u00a0\u00a0<\/p>\n<p><strong>Varamedlemmer<\/strong><br \/>Solveig Horne, NHO Byggn\u00e6ringen<br \/>Berit S\u00f8rset, NHO Norsk industri<br \/>Terje Eikevold, Maskinentrepren\u00f8renes forbund (MEF)<br \/>Petter Lauritsen Rusten, KS<br \/>Nina Pedersen, LO Fellesforbundet<br \/>Joakim Damian Gebhardt,LO Fellesforbundet<br \/>Ingrid Tollefsen LO &#8211; Norsk arbeidsmandsforbund<br \/>Olav Str\u00f8mmen, LO Fagforbundet<br \/>Steffen Salvesen,Utdanningsforbundet<br \/>Lars-Christian Tryger Danielsen, Utdanningsforbundet<br \/>Tommy Gundersen, Skolens Landsforbund<br \/>Runar Danielsen, KS (skoleeier)<br \/>Eva S\u00e6thre, KS (skoleeier)<\/p>\n<p><em>Fagansvarlig i sekretariatet Bente Tronrud: bente.tronrud@udir.no<\/em><\/p>\n\n\n<p><\/p>\n","protected":false},"excerpt":{"rendered":"<p>MedlemmerMargrethe Gjessing, NHO Byggn\u00e6ringenThomas Norland, NHO Byggn\u00e6ringenFrode Mosenget Andersen, Maskinentrepren\u00f8renes forbund (MEF)Ingeborg Malterud, NHO Service og handelHarald Braathen, LO FellesforbundetAlexander Hopland W\u00f8ien, LO FellesforbundetArne Presterud, LO Norsk arbeidsmandsforbundArild Gressetvold, YS\u00a0Egil Thorsen, UtdanningsforbundetDag Marius Storsveen, UtdanningsforbundetMarit R\u00f8dsj\u00f8, Skolens LandsforbundM\u00e5lfrid Nesje, KS (skoleeier)Monica Gjendal, KS (skoleeier)Tilde Bordi Grannes, EO Observat\u00f8rAase Hogfeldt-Esskevik, Riksantikvaren\u00a0\u00a0 VaramedlemmerSolveig Horne, NHO Byggn\u00e6ringenBerit S\u00f8rset,\u2026<\/p>\n","protected":false},"author":2877,"featured_media":0,"parent":0,"menu_order":0,"comment_status":"closed","ping_status":"closed","template":"","meta":{"dss_simple_post_excerpt":"","dss_show_breadcrumbs":false,"dss_show_featured_image":true,"dss_show_title":false,"footnotes":""},"class_list":["post-30","page","type-page","status-publish","hentry"],"language":"nb-NO","_links":{"self":[{"href":"https:\/\/nettsteder.regjeringen.no\/fryu\/wp-json\/wp\/v2\/pages\/30","targetHints":{"allow":["GET"]}}],"collection":[{"href":"https:\/\/nettsteder.regjeringen.no\/fryu\/wp-json\/wp\/v2\/pages"}],"about":[{"href":"https:\/\/nettsteder.regjeringen.no\/fryu\/wp-json\/wp\/v2\/types\/page"}],"author":[{"embeddable":true,"href":"https:\/\/nettsteder.regjeringen.no\/fryu\/wp-json\/wp\/v2\/users\/2877"}],"replies":[{"embeddable":true,"href":"https:\/\/nettsteder.regjeringen.no\/fryu\/wp-json\/wp\/v2\/comments?post=30"}],"version-history":[{"count":3,"href":"https:\/\/nettsteder.regjeringen.no\/fryu\/wp-json\/wp\/v2\/pages\/30\/revisions"}],"predecessor-version":[{"id":444,"href":"https:\/\/nettsteder.regjeringen.no\/fryu\/wp-json\/wp\/v2\/pages\/30\/revisions\/444"}],"wp:attachment":[{"href":"https:\/\/nettsteder.regjeringen.no\/fryu\/wp-json\/wp\/v2\/media?parent=30"}],"curies":[{"name":"wp","href":"https:\/\/api.w.org\/{rel}","templated":true}]}}