{"id":185,"date":"2025-09-08T10:54:15","date_gmt":"2025-09-08T08:54:15","guid":{"rendered":"https:\/\/nettsteder.regjeringen.no\/fryu\/?page_id=185"},"modified":"2026-04-10T11:41:56","modified_gmt":"2026-04-10T09:41:56","slug":"moter-og-referater-4","status":"publish","type":"page","link":"https:\/\/nettsteder.regjeringen.no\/fryu\/faglig-rad-for-informasjonsteknologi-og-medieproduksjon\/moter-og-referater-4\/","title":{"rendered":"M\u00f8ter og referater FRIM"},"content":{"rendered":"\n<figure class=\"wp-block-table\"><table class=\"has-fixed-layout\"><tbody><tr><td><strong>2026<\/strong><\/td><td><\/td><\/tr><tr><td>R\u00e5dsm\u00f8te 6.februar <\/td><td><a href=\"https:\/\/files.nettsteder.regjeringen.no\/wpuploads01\/sites\/582\/2026\/03\/Referat-fra-radsmote-06.02.26-FRIM.pdf\" data-type=\"URL\">Referat<\/a><\/td><\/tr><tr><td>R\u00e5dsm\u00f8te 13.februar<\/td><td><a href=\"https:\/\/files.nettsteder.regjeringen.no\/wpuploads01\/sites\/582\/2026\/04\/Saksliste-til-radsmote-FRIM-13.04-26.docx\" data-type=\"URL\">Saksliste <\/a><br>Referat<\/td><\/tr><tr><td>R\u00e5dsm\u00f8te 9.juni <\/td><td><\/td><\/tr><tr><td><\/td><td><\/td><\/tr><tr><td><\/td><td><\/td><\/tr><tr><td><\/td><td><\/td><\/tr><\/tbody><\/table><\/figure>\n\n\n\n<figure class=\"wp-block-table\"><table class=\"has-fixed-layout\"><tbody><tr><td><strong>2025<\/strong><\/td><td><\/td><\/tr><tr><td>Konstituerende m\u00f8te 24.september<\/td><td><a href=\"https:\/\/files.nettsteder.regjeringen.no\/wpuploads01\/sites\/582\/2025\/10\/Referat-konstituerende-radsmote-FRIM.pdf\" data-type=\"URL\">Referat<\/a><\/td><\/tr><tr><td>R\u00e5dsm\u00f8te 24.oktober <\/td><td><a href=\"https:\/\/files.nettsteder.regjeringen.no\/wpuploads01\/sites\/582\/2025\/11\/Referat-radsmote-nr.-2-FRIM-2025.pdf\" data-type=\"URL\">Referat<\/a><\/td><\/tr><tr><td>R\u00e5dsm\u00f8te 4.desember <\/td><td><a href=\"https:\/\/files.nettsteder.regjeringen.no\/wpuploads01\/sites\/582\/2026\/02\/Referat-fra-radsmote-4.12.25-FRIM.pdf\" data-type=\"URL\">Referat <\/a><\/td><\/tr><\/tbody><\/table><\/figure>\n\n\n\n<p><\/p>\n","protected":false},"excerpt":{"rendered":"<p>2026 R\u00e5dsm\u00f8te 6.februar Referat R\u00e5dsm\u00f8te 13.februar Saksliste Referat R\u00e5dsm\u00f8te 9.juni 2025 Konstituerende m\u00f8te 24.september Referat R\u00e5dsm\u00f8te 24.oktober Referat R\u00e5dsm\u00f8te 4.desember Referat<\/p>\n","protected":false},"author":2877,"featured_media":0,"parent":49,"menu_order":0,"comment_status":"closed","ping_status":"closed","template":"","meta":{"dss_simple_post_excerpt":"","dss_show_breadcrumbs":false,"dss_show_featured_image":true,"dss_show_title":false,"footnotes":""},"class_list":["post-185","page","type-page","status-publish","hentry"],"language":"nb-NO","_links":{"self":[{"href":"https:\/\/nettsteder.regjeringen.no\/fryu\/wp-json\/wp\/v2\/pages\/185","targetHints":{"allow":["GET"]}}],"collection":[{"href":"https:\/\/nettsteder.regjeringen.no\/fryu\/wp-json\/wp\/v2\/pages"}],"about":[{"href":"https:\/\/nettsteder.regjeringen.no\/fryu\/wp-json\/wp\/v2\/types\/page"}],"author":[{"embeddable":true,"href":"https:\/\/nettsteder.regjeringen.no\/fryu\/wp-json\/wp\/v2\/users\/2877"}],"replies":[{"embeddable":true,"href":"https:\/\/nettsteder.regjeringen.no\/fryu\/wp-json\/wp\/v2\/comments?post=185"}],"version-history":[{"count":3,"href":"https:\/\/nettsteder.regjeringen.no\/fryu\/wp-json\/wp\/v2\/pages\/185\/revisions"}],"predecessor-version":[{"id":551,"href":"https:\/\/nettsteder.regjeringen.no\/fryu\/wp-json\/wp\/v2\/pages\/185\/revisions\/551"}],"up":[{"embeddable":true,"href":"https:\/\/nettsteder.regjeringen.no\/fryu\/wp-json\/wp\/v2\/pages\/49"}],"wp:attachment":[{"href":"https:\/\/nettsteder.regjeringen.no\/fryu\/wp-json\/wp\/v2\/media?parent=185"}],"curies":[{"name":"wp","href":"https:\/\/api.w.org\/{rel}","templated":true}]}}