{"id":184,"date":"2025-09-08T10:54:12","date_gmt":"2025-09-08T08:54:12","guid":{"rendered":"https:\/\/nettsteder.regjeringen.no\/fryu\/?page_id=184"},"modified":"2026-02-02T08:05:09","modified_gmt":"2026-02-02T07:05:09","slug":"moter-og-referater-3","status":"publish","type":"page","link":"https:\/\/nettsteder.regjeringen.no\/fryu\/faglig-rad-for-helse-og-oppvekstfag\/moter-og-referater-3\/","title":{"rendered":"M\u00f8ter og referater FRHO"},"content":{"rendered":"\n<figure class=\"wp-block-table\"><table class=\"has-fixed-layout\"><tbody><tr><td><strong>2026<\/strong><\/td><td><\/td><\/tr><tr><td>R\u00e5dsm\u00f8te 11.februar <\/td><td><\/td><\/tr><tr><td>R\u00e5dsm\u00f8te 16.april <\/td><td><\/td><\/tr><tr><td>R\u00e5dsm\u00f8te 11.juni<\/td><td><\/td><\/tr><tr><td><\/td><td><\/td><\/tr><tr><td><\/td><td><\/td><\/tr><tr><td><\/td><td><\/td><\/tr><\/tbody><\/table><\/figure>\n\n\n\n<figure class=\"wp-block-table\"><table class=\"has-fixed-layout\"><tbody><tr><td><strong>2025<\/strong><\/td><td><\/td><\/tr><tr><td>Konstituerende m\u00f8te 24.september<\/td><td><a href=\"https:\/\/files.nettsteder.regjeringen.no\/wpuploads01\/sites\/582\/2025\/11\/Referat-Radsmote-i-faglig-rad-for-helse-og-oppvekstfag.-24.-sep.25.pdf\" data-type=\"URL\">Referat <\/a><\/td><\/tr><tr><td>R\u00e5dsm\u00f8te 11.november <\/td><td><a href=\"https:\/\/files.nettsteder.regjeringen.no\/wpuploads01\/sites\/582\/2026\/02\/Referat.-Mote-i-faglig-rad-for-helse-og-oppvekstfag.-November.pdf\" data-type=\"URL\">Referat <\/a><\/td><\/tr><tr><td>R\u00e5dsm\u00f8te 4.desember <\/td><td><a href=\"https:\/\/files.nettsteder.regjeringen.no\/wpuploads01\/sites\/582\/2026\/02\/Referat.-Radsmote-4.-desember-.pdf\" data-type=\"URL\">Referat <\/a><\/td><\/tr><\/tbody><\/table><\/figure>\n\n\n\n<p><\/p>\n","protected":false},"excerpt":{"rendered":"<p>2026 R\u00e5dsm\u00f8te 11.februar R\u00e5dsm\u00f8te 16.april R\u00e5dsm\u00f8te 11.juni 2025 Konstituerende m\u00f8te 24.september Referat R\u00e5dsm\u00f8te 11.november Referat R\u00e5dsm\u00f8te 4.desember Referat<\/p>\n","protected":false},"author":2877,"featured_media":0,"parent":40,"menu_order":0,"comment_status":"closed","ping_status":"closed","template":"","meta":{"dss_simple_post_excerpt":"","dss_show_breadcrumbs":false,"dss_show_featured_image":true,"dss_show_title":false,"footnotes":""},"class_list":["post-184","page","type-page","status-publish","hentry"],"language":"nb-NO","_links":{"self":[{"href":"https:\/\/nettsteder.regjeringen.no\/fryu\/wp-json\/wp\/v2\/pages\/184","targetHints":{"allow":["GET"]}}],"collection":[{"href":"https:\/\/nettsteder.regjeringen.no\/fryu\/wp-json\/wp\/v2\/pages"}],"about":[{"href":"https:\/\/nettsteder.regjeringen.no\/fryu\/wp-json\/wp\/v2\/types\/page"}],"author":[{"embeddable":true,"href":"https:\/\/nettsteder.regjeringen.no\/fryu\/wp-json\/wp\/v2\/users\/2877"}],"replies":[{"embeddable":true,"href":"https:\/\/nettsteder.regjeringen.no\/fryu\/wp-json\/wp\/v2\/comments?post=184"}],"version-history":[{"count":3,"href":"https:\/\/nettsteder.regjeringen.no\/fryu\/wp-json\/wp\/v2\/pages\/184\/revisions"}],"predecessor-version":[{"id":504,"href":"https:\/\/nettsteder.regjeringen.no\/fryu\/wp-json\/wp\/v2\/pages\/184\/revisions\/504"}],"up":[{"embeddable":true,"href":"https:\/\/nettsteder.regjeringen.no\/fryu\/wp-json\/wp\/v2\/pages\/40"}],"wp:attachment":[{"href":"https:\/\/nettsteder.regjeringen.no\/fryu\/wp-json\/wp\/v2\/media?parent=184"}],"curies":[{"name":"wp","href":"https:\/\/api.w.org\/{rel}","templated":true}]}}