{"id":183,"date":"2025-09-08T10:54:09","date_gmt":"2025-09-08T08:54:09","guid":{"rendered":"https:\/\/nettsteder.regjeringen.no\/fryu\/?page_id=183"},"modified":"2026-01-07T10:08:14","modified_gmt":"2026-01-07T09:08:14","slug":"moter-og-referater-2","status":"publish","type":"page","link":"https:\/\/nettsteder.regjeringen.no\/fryu\/faglig-rad-for-restaurant-og-matfag\/moter-og-referater-2\/","title":{"rendered":"M\u00f8ter og referater FRRM"},"content":{"rendered":"\n<figure class=\"wp-block-table\"><table class=\"has-fixed-layout\"><tbody><tr><td><strong>2026<\/strong><\/td><td><\/td><\/tr><tr><td>R\u00e5dsm\u00f8te 10.februar <\/td><td><\/td><\/tr><tr><td>R\u00e5dsm\u00f8te april <\/td><td><\/td><\/tr><tr><td>R\u00e5dsm\u00f8te juni<\/td><td><\/td><\/tr><tr><td><\/td><td><\/td><\/tr><tr><td><\/td><td><\/td><\/tr><tr><td><\/td><td><\/td><\/tr><\/tbody><\/table><\/figure>\n\n\n\n<figure class=\"wp-block-table\"><table class=\"has-fixed-layout\"><tbody><tr><td><strong>2025<\/strong><\/td><td><\/td><\/tr><tr><td>Konstituerende m\u00f8te 24.september<\/td><td><a href=\"https:\/\/files.nettsteder.regjeringen.no\/wpuploads01\/sites\/582\/2025\/10\/FRRM-Referat-radsmote-24.09.2025.pdf\" data-type=\"URL\">Referat <\/a><\/td><\/tr><tr><td>R\u00e5dsm\u00f8te 14.oktober <\/td><td><a href=\"https:\/\/files.nettsteder.regjeringen.no\/wpuploads01\/sites\/582\/2025\/11\/FRRM-Referat-radsmote-14.10.2025-.pdf\" data-type=\"URL\">Referat<\/a><\/td><\/tr><tr><td>R\u00e5dsm\u00f8te 2.desember <\/td><td><a href=\"https:\/\/files.nettsteder.regjeringen.no\/wpuploads01\/sites\/582\/2026\/01\/FRRM-Referat-radsmote-02.12.2025.pdf\" data-type=\"URL\">Referat<\/a><\/td><\/tr><\/tbody><\/table><\/figure>\n\n\n\n<p><\/p>\n","protected":false},"excerpt":{"rendered":"<p>2026 R\u00e5dsm\u00f8te 10.februar R\u00e5dsm\u00f8te april R\u00e5dsm\u00f8te juni 2025 Konstituerende m\u00f8te 24.september Referat R\u00e5dsm\u00f8te 14.oktober Referat R\u00e5dsm\u00f8te 2.desember Referat<\/p>\n","protected":false},"author":2877,"featured_media":0,"parent":55,"menu_order":0,"comment_status":"closed","ping_status":"closed","template":"","meta":{"dss_simple_post_excerpt":"","dss_show_breadcrumbs":false,"dss_show_featured_image":true,"dss_show_title":false,"footnotes":""},"class_list":["post-183","page","type-page","status-publish","hentry"],"language":"nb-NO","_links":{"self":[{"href":"https:\/\/nettsteder.regjeringen.no\/fryu\/wp-json\/wp\/v2\/pages\/183","targetHints":{"allow":["GET"]}}],"collection":[{"href":"https:\/\/nettsteder.regjeringen.no\/fryu\/wp-json\/wp\/v2\/pages"}],"about":[{"href":"https:\/\/nettsteder.regjeringen.no\/fryu\/wp-json\/wp\/v2\/types\/page"}],"author":[{"embeddable":true,"href":"https:\/\/nettsteder.regjeringen.no\/fryu\/wp-json\/wp\/v2\/users\/2877"}],"replies":[{"embeddable":true,"href":"https:\/\/nettsteder.regjeringen.no\/fryu\/wp-json\/wp\/v2\/comments?post=183"}],"version-history":[{"count":3,"href":"https:\/\/nettsteder.regjeringen.no\/fryu\/wp-json\/wp\/v2\/pages\/183\/revisions"}],"predecessor-version":[{"id":486,"href":"https:\/\/nettsteder.regjeringen.no\/fryu\/wp-json\/wp\/v2\/pages\/183\/revisions\/486"}],"up":[{"embeddable":true,"href":"https:\/\/nettsteder.regjeringen.no\/fryu\/wp-json\/wp\/v2\/pages\/55"}],"wp:attachment":[{"href":"https:\/\/nettsteder.regjeringen.no\/fryu\/wp-json\/wp\/v2\/media?parent=183"}],"curies":[{"name":"wp","href":"https:\/\/api.w.org\/{rel}","templated":true}]}}