{"id":177,"date":"2025-09-08T10:43:58","date_gmt":"2025-09-08T08:43:58","guid":{"rendered":"https:\/\/nettsteder.regjeringen.no\/fryu\/?page_id=177"},"modified":"2026-01-05T14:37:30","modified_gmt":"2026-01-05T13:37:30","slug":"moter-og-referater-2","status":"publish","type":"page","link":"https:\/\/nettsteder.regjeringen.no\/fryu\/faglig-rad-for-naturbruk\/moter-og-referater-2\/","title":{"rendered":"M\u00f8ter og referater FRNA"},"content":{"rendered":"\n<figure class=\"wp-block-table\"><table class=\"has-fixed-layout\"><tbody><tr><td><strong>2026<\/strong><\/td><td><\/td><\/tr><tr><td>R\u00e5dsm\u00f8te 3.februar <\/td><td><\/td><\/tr><tr><td>R\u00e5dsm\u00f8te 16.april <\/td><td><\/td><\/tr><tr><td>R\u00e5dsm\u00f8te 10.juni <\/td><td><\/td><\/tr><tr><td><\/td><td><\/td><\/tr><tr><td><\/td><td><\/td><\/tr><tr><td><\/td><td><\/td><\/tr><\/tbody><\/table><\/figure>\n\n\n\n<figure class=\"wp-block-table\"><table class=\"has-fixed-layout\"><tbody><tr><td><strong>2025<\/strong><\/td><td><\/td><\/tr><tr><td>Konstituerende m\u00f8te 24.september<\/td><td><a href=\"https:\/\/files.nettsteder.regjeringen.no\/wpuploads01\/sites\/582\/2025\/10\/Final_Referat-konstituerende-radsmote-NA.pdf\" data-type=\"URL\">Referat<\/a><\/td><\/tr><tr><td>R\u00e5dsm\u00f8te 21.oktober <\/td><td><a href=\"https:\/\/files.nettsteder.regjeringen.no\/wpuploads01\/sites\/582\/2025\/12\/2025-10_Final_Referat_FRNA_21.10.25.pdf\" data-type=\"URL\">Referat<\/a><\/td><\/tr><tr><td>R\u00e5dsm\u00f8te 3.desember <\/td><td><a href=\"https:\/\/files.nettsteder.regjeringen.no\/wpuploads01\/sites\/582\/2025\/12\/2025-12_FINAL_Referat_FRNA_03.desember_2025.pdf\" data-type=\"URL\">Referat<\/a><\/td><\/tr><\/tbody><\/table><\/figure>\n","protected":false},"excerpt":{"rendered":"<p>2026 R\u00e5dsm\u00f8te 3.februar R\u00e5dsm\u00f8te 16.april R\u00e5dsm\u00f8te 10.juni 2025 Konstituerende m\u00f8te 24.september Referat R\u00e5dsm\u00f8te 21.oktober Referat R\u00e5dsm\u00f8te 3.desember Referat<\/p>\n","protected":false},"author":2877,"featured_media":0,"parent":52,"menu_order":0,"comment_status":"closed","ping_status":"closed","template":"","meta":{"dss_simple_post_excerpt":"","dss_show_breadcrumbs":false,"dss_show_featured_image":true,"dss_show_title":false,"footnotes":""},"class_list":["post-177","page","type-page","status-publish","hentry"],"language":"nb-NO","_links":{"self":[{"href":"https:\/\/nettsteder.regjeringen.no\/fryu\/wp-json\/wp\/v2\/pages\/177","targetHints":{"allow":["GET"]}}],"collection":[{"href":"https:\/\/nettsteder.regjeringen.no\/fryu\/wp-json\/wp\/v2\/pages"}],"about":[{"href":"https:\/\/nettsteder.regjeringen.no\/fryu\/wp-json\/wp\/v2\/types\/page"}],"author":[{"embeddable":true,"href":"https:\/\/nettsteder.regjeringen.no\/fryu\/wp-json\/wp\/v2\/users\/2877"}],"replies":[{"embeddable":true,"href":"https:\/\/nettsteder.regjeringen.no\/fryu\/wp-json\/wp\/v2\/comments?post=177"}],"version-history":[{"count":3,"href":"https:\/\/nettsteder.regjeringen.no\/fryu\/wp-json\/wp\/v2\/pages\/177\/revisions"}],"predecessor-version":[{"id":476,"href":"https:\/\/nettsteder.regjeringen.no\/fryu\/wp-json\/wp\/v2\/pages\/177\/revisions\/476"}],"up":[{"embeddable":true,"href":"https:\/\/nettsteder.regjeringen.no\/fryu\/wp-json\/wp\/v2\/pages\/52"}],"wp:attachment":[{"href":"https:\/\/nettsteder.regjeringen.no\/fryu\/wp-json\/wp\/v2\/media?parent=177"}],"curies":[{"name":"wp","href":"https:\/\/api.w.org\/{rel}","templated":true}]}}