{"id":171,"date":"2025-09-08T10:43:18","date_gmt":"2025-09-08T08:43:18","guid":{"rendered":"https:\/\/nettsteder.regjeringen.no\/fryu\/?page_id=171"},"modified":"2026-03-04T12:03:01","modified_gmt":"2026-03-04T11:03:01","slug":"moter-og-referater","status":"publish","type":"page","link":"https:\/\/nettsteder.regjeringen.no\/fryu\/faglig-rad-for-frisor-blomster-interior-og-eksponeringsdesign\/moter-og-referater\/","title":{"rendered":"M\u00f8ter og referater FRFBIE"},"content":{"rendered":"\n<figure class=\"wp-block-table\"><table class=\"has-fixed-layout\"><tbody><tr><td><strong>2026<\/strong><\/td><td><\/td><\/tr><tr><td>R\u00e5dsm\u00f8te 3.februar <\/td><td><a href=\"https:\/\/files.nettsteder.regjeringen.no\/wpuploads01\/sites\/582\/2026\/03\/Referat-FRFBIE-3-februar-2026-1.pdf\" data-type=\"URL\">Referat<\/a><\/td><\/tr><tr><td>R\u00e5dsm\u00f8te 16.april <\/td><td><\/td><\/tr><tr><td>R\u00e5dsm\u00f8te 2.juni <\/td><td><\/td><\/tr><tr><td><\/td><td><\/td><\/tr><tr><td><\/td><td><\/td><\/tr><tr><td><\/td><td><\/td><\/tr><\/tbody><\/table><\/figure>\n\n\n\n<figure class=\"wp-block-table\"><table class=\"has-fixed-layout\"><tbody><tr><td><strong>2025<\/strong><\/td><td><\/td><\/tr><tr><td>Konstituerende m\u00f8te 24.september<\/td><td><a href=\"https:\/\/files.nettsteder.regjeringen.no\/wpuploads01\/sites\/582\/2025\/10\/referat-FRFBIE-konstituerende-mote-24-09-25-1.pdf\" data-type=\"URL\">Referat<\/a><\/td><\/tr><tr><td>R\u00e5dsm\u00f8te 23.oktober <\/td><td><a href=\"https:\/\/files.nettsteder.regjeringen.no\/wpuploads01\/sites\/582\/2025\/11\/Referat-digitalt-radsmote-FRFBIE-23-oktober-2-1.pdf\" data-type=\"URL\">Referat<\/a><\/td><\/tr><tr><td>R\u00e5dsm\u00f8te 8.desember <\/td><td><a href=\"https:\/\/files.nettsteder.regjeringen.no\/wpuploads01\/sites\/582\/2025\/12\/Referat-FRFBIE-8-desember-25.pdf\" data-type=\"URL\">Referat<\/a><\/td><\/tr><\/tbody><\/table><\/figure>\n\n\n\n<p><\/p>\n","protected":false},"excerpt":{"rendered":"<p>2026 R\u00e5dsm\u00f8te 3.februar Referat R\u00e5dsm\u00f8te 16.april R\u00e5dsm\u00f8te 2.juni 2025 Konstituerende m\u00f8te 24.september Referat R\u00e5dsm\u00f8te 23.oktober Referat R\u00e5dsm\u00f8te 8.desember Referat<\/p>\n","protected":false},"author":2877,"featured_media":0,"parent":37,"menu_order":0,"comment_status":"closed","ping_status":"closed","template":"","meta":{"dss_simple_post_excerpt":"","dss_show_breadcrumbs":false,"dss_show_featured_image":true,"dss_show_title":false,"footnotes":""},"class_list":["post-171","page","type-page","status-publish","hentry"],"language":"nb-NO","_links":{"self":[{"href":"https:\/\/nettsteder.regjeringen.no\/fryu\/wp-json\/wp\/v2\/pages\/171","targetHints":{"allow":["GET"]}}],"collection":[{"href":"https:\/\/nettsteder.regjeringen.no\/fryu\/wp-json\/wp\/v2\/pages"}],"about":[{"href":"https:\/\/nettsteder.regjeringen.no\/fryu\/wp-json\/wp\/v2\/types\/page"}],"author":[{"embeddable":true,"href":"https:\/\/nettsteder.regjeringen.no\/fryu\/wp-json\/wp\/v2\/users\/2877"}],"replies":[{"embeddable":true,"href":"https:\/\/nettsteder.regjeringen.no\/fryu\/wp-json\/wp\/v2\/comments?post=171"}],"version-history":[{"count":3,"href":"https:\/\/nettsteder.regjeringen.no\/fryu\/wp-json\/wp\/v2\/pages\/171\/revisions"}],"predecessor-version":[{"id":532,"href":"https:\/\/nettsteder.regjeringen.no\/fryu\/wp-json\/wp\/v2\/pages\/171\/revisions\/532"}],"up":[{"embeddable":true,"href":"https:\/\/nettsteder.regjeringen.no\/fryu\/wp-json\/wp\/v2\/pages\/37"}],"wp:attachment":[{"href":"https:\/\/nettsteder.regjeringen.no\/fryu\/wp-json\/wp\/v2\/media?parent=171"}],"curies":[{"name":"wp","href":"https:\/\/api.w.org\/{rel}","templated":true}]}}