{"id":168,"date":"2025-09-08T10:32:43","date_gmt":"2025-09-08T08:32:43","guid":{"rendered":"https:\/\/nettsteder.regjeringen.no\/fryu\/?page_id=168"},"modified":"2026-02-23T11:57:41","modified_gmt":"2026-02-23T10:57:41","slug":"moter-og-referater","status":"publish","type":"page","link":"https:\/\/nettsteder.regjeringen.no\/fryu\/faglig-rad-for-elektro-og-datateknologi\/moter-og-referater\/","title":{"rendered":"M\u00f8ter og referater FRED"},"content":{"rendered":"\n<figure class=\"wp-block-table\"><table class=\"has-fixed-layout\"><tbody><tr><td><strong>2026<\/strong><\/td><td><\/td><\/tr><tr><td>R\u00e5dsm\u00f8te 10.februar <\/td><td><a href=\"https:\/\/files.nettsteder.regjeringen.no\/wpuploads01\/sites\/582\/2026\/02\/Referat-radsmote-FRED_februar-2026.pdf\" data-type=\"URL\">Referat<\/a><\/td><\/tr><tr><td>R\u00e5dsm\u00f8te 14.april <\/td><td><\/td><\/tr><tr><td>R\u00e5dsm\u00f8te 9.juni <\/td><td><\/td><\/tr><tr><td><\/td><td><\/td><\/tr><tr><td><\/td><td><\/td><\/tr><tr><td><\/td><td><\/td><\/tr><\/tbody><\/table><\/figure>\n\n\n\n<figure class=\"wp-block-table\"><table class=\"has-fixed-layout\"><tbody><tr><td><strong>2025<\/strong><\/td><td><\/td><\/tr><tr><td>Konstituerende m\u00f8te 24.september<\/td><td><code><a href=\"https:\/\/files.nettsteder.regjeringen.no\/wpuploads01\/sites\/582\/2025\/10\/Referat-fra-konstituerende-radsmote-FRED_24.09.25-1-1.pdf\" data-type=\"URL\">Referat<\/a><\/code><\/td><\/tr><tr><td>R\u00e5dsm\u00f8te 4.november <\/td><td><a href=\"https:\/\/files.nettsteder.regjeringen.no\/wpuploads01\/sites\/582\/2025\/11\/Referat-fra-radsmote-FRED_04.11.25-1.pdf\" data-type=\"URL\">Referat<\/a><\/td><\/tr><tr><td>R\u00e5dsm\u00f8te 10.desember <\/td><td><a href=\"https:\/\/files.nettsteder.regjeringen.no\/wpuploads01\/sites\/582\/2026\/01\/Referat-radsmote-FRED-10.12-25.pdf\" data-type=\"URL\">Referat<\/a><\/td><\/tr><\/tbody><\/table><\/figure>\n\n\n\n<p><\/p>\n","protected":false},"excerpt":{"rendered":"<p>2026 R\u00e5dsm\u00f8te 10.februar Referat R\u00e5dsm\u00f8te 14.april R\u00e5dsm\u00f8te 9.juni 2025 Konstituerende m\u00f8te 24.september Referat R\u00e5dsm\u00f8te 4.november Referat R\u00e5dsm\u00f8te 10.desember Referat<\/p>\n","protected":false},"author":2877,"featured_media":0,"parent":34,"menu_order":0,"comment_status":"closed","ping_status":"closed","template":"","meta":{"dss_simple_post_excerpt":"","dss_show_breadcrumbs":false,"dss_show_featured_image":true,"dss_show_title":false,"footnotes":""},"class_list":["post-168","page","type-page","status-publish","hentry"],"language":"nb-NO","_links":{"self":[{"href":"https:\/\/nettsteder.regjeringen.no\/fryu\/wp-json\/wp\/v2\/pages\/168","targetHints":{"allow":["GET"]}}],"collection":[{"href":"https:\/\/nettsteder.regjeringen.no\/fryu\/wp-json\/wp\/v2\/pages"}],"about":[{"href":"https:\/\/nettsteder.regjeringen.no\/fryu\/wp-json\/wp\/v2\/types\/page"}],"author":[{"embeddable":true,"href":"https:\/\/nettsteder.regjeringen.no\/fryu\/wp-json\/wp\/v2\/users\/2877"}],"replies":[{"embeddable":true,"href":"https:\/\/nettsteder.regjeringen.no\/fryu\/wp-json\/wp\/v2\/comments?post=168"}],"version-history":[{"count":3,"href":"https:\/\/nettsteder.regjeringen.no\/fryu\/wp-json\/wp\/v2\/pages\/168\/revisions"}],"predecessor-version":[{"id":523,"href":"https:\/\/nettsteder.regjeringen.no\/fryu\/wp-json\/wp\/v2\/pages\/168\/revisions\/523"}],"up":[{"embeddable":true,"href":"https:\/\/nettsteder.regjeringen.no\/fryu\/wp-json\/wp\/v2\/pages\/34"}],"wp:attachment":[{"href":"https:\/\/nettsteder.regjeringen.no\/fryu\/wp-json\/wp\/v2\/media?parent=168"}],"curies":[{"name":"wp","href":"https:\/\/api.w.org\/{rel}","templated":true}]}}