{"id":165,"date":"2025-09-08T10:32:06","date_gmt":"2025-09-08T08:32:06","guid":{"rendered":"https:\/\/nettsteder.regjeringen.no\/fryu\/?page_id=165"},"modified":"2026-02-27T08:51:20","modified_gmt":"2026-02-27T07:51:20","slug":"moter-og-referater","status":"publish","type":"page","link":"https:\/\/nettsteder.regjeringen.no\/fryu\/faglig-rad-for-bygg-og-anleggsteknikk\/moter-og-referater\/","title":{"rendered":"M\u00f8ter og referater FRBA"},"content":{"rendered":"\n<figure class=\"wp-block-table\"><table class=\"has-fixed-layout\"><tbody><tr><td><strong>2026<\/strong><\/td><td><\/td><\/tr><tr><td>R\u00e5dsm\u00f8te 24.februar <\/td><td><\/td><\/tr><tr><td>R\u00e5dsm\u00f8te 14.april<\/td><td><\/td><\/tr><tr><td>R\u00e5dsm\u00f8te 10.juni <\/td><td><\/td><\/tr><tr><td><\/td><td><\/td><\/tr><tr><td><\/td><td><\/td><\/tr><tr><td><\/td><td><\/td><\/tr><\/tbody><\/table><\/figure>\n\n\n\n<figure class=\"wp-block-table\"><table class=\"has-fixed-layout\"><tbody><tr><td><strong>2025<\/strong><\/td><td><\/td><\/tr><tr><td>Konstituerende m\u00f8te 24.september<\/td><td><a href=\"https:\/\/files.nettsteder.regjeringen.no\/wpuploads01\/sites\/582\/2025\/11\/Referat-radsmote-24.09.2025_-FRBA.pdf\" data-type=\"URL\">Referat <\/a><\/td><\/tr><tr><td>R\u00e5dsm\u00f8te 22.oktober <\/td><td><a href=\"https:\/\/files.nettsteder.regjeringen.no\/wpuploads01\/sites\/582\/2025\/12\/FRBA-Referat-fra-radsmote-22.10.25.pdf\" data-type=\"URL\">Referat<\/a><\/td><\/tr><tr><td>R\u00e5dsm\u00f8te 16.desember <\/td><td><a href=\"https:\/\/files.nettsteder.regjeringen.no\/wpuploads01\/sites\/582\/2026\/02\/FRBA-Referat-radsmote-16.12.25.pdf\" data-type=\"URL\">Referat<\/a><\/td><\/tr><\/tbody><\/table><\/figure>\n","protected":false},"excerpt":{"rendered":"<p>2026 R\u00e5dsm\u00f8te 24.februar R\u00e5dsm\u00f8te 14.april R\u00e5dsm\u00f8te 10.juni 2025 Konstituerende m\u00f8te 24.september Referat R\u00e5dsm\u00f8te 22.oktober Referat R\u00e5dsm\u00f8te 16.desember Referat<\/p>\n","protected":false},"author":2877,"featured_media":0,"parent":30,"menu_order":0,"comment_status":"closed","ping_status":"closed","template":"","meta":{"dss_simple_post_excerpt":"","dss_show_breadcrumbs":false,"dss_show_featured_image":true,"dss_show_title":false,"footnotes":""},"class_list":["post-165","page","type-page","status-publish","hentry"],"language":"nb-NO","_links":{"self":[{"href":"https:\/\/nettsteder.regjeringen.no\/fryu\/wp-json\/wp\/v2\/pages\/165","targetHints":{"allow":["GET"]}}],"collection":[{"href":"https:\/\/nettsteder.regjeringen.no\/fryu\/wp-json\/wp\/v2\/pages"}],"about":[{"href":"https:\/\/nettsteder.regjeringen.no\/fryu\/wp-json\/wp\/v2\/types\/page"}],"author":[{"embeddable":true,"href":"https:\/\/nettsteder.regjeringen.no\/fryu\/wp-json\/wp\/v2\/users\/2877"}],"replies":[{"embeddable":true,"href":"https:\/\/nettsteder.regjeringen.no\/fryu\/wp-json\/wp\/v2\/comments?post=165"}],"version-history":[{"count":3,"href":"https:\/\/nettsteder.regjeringen.no\/fryu\/wp-json\/wp\/v2\/pages\/165\/revisions"}],"predecessor-version":[{"id":527,"href":"https:\/\/nettsteder.regjeringen.no\/fryu\/wp-json\/wp\/v2\/pages\/165\/revisions\/527"}],"up":[{"embeddable":true,"href":"https:\/\/nettsteder.regjeringen.no\/fryu\/wp-json\/wp\/v2\/pages\/30"}],"wp:attachment":[{"href":"https:\/\/nettsteder.regjeringen.no\/fryu\/wp-json\/wp\/v2\/media?parent=165"}],"curies":[{"name":"wp","href":"https:\/\/api.w.org\/{rel}","templated":true}]}}