{"id":52,"date":"2021-08-30T12:04:11","date_gmt":"2021-08-30T10:04:11","guid":{"rendered":"https:\/\/nettsteder.regjeringen.no\/folkehogskoleutvalget\/?page_id=52"},"modified":"2021-11-24T08:41:10","modified_gmt":"2021-11-24T07:41:10","slug":"se-innspill","status":"publish","type":"page","link":"https:\/\/nettsteder.regjeringen.no\/folkehogskoleutvalget\/se-innspill\/","title":{"rendered":"Se innspill"},"content":{"rendered":"<div class=\"text-wrap post-content clearfix\"><p>Her vises utvalgte innspill.<\/p>\n<\/div><div id=\"module-0\" class=\"hogan-module hogan-module-simple_posts hogan-module-0\"><div class=\"hogan-module-inner text-wrap\">\t<ul class=\"list-items card-type-small\">\n\t\t\t\t\t<li class=\"list-item\">\n\t\t\t\t<a href=\"https:\/\/nettsteder.regjeringen.no\/folkehogskoleutvalget\/2022\/07\/01\/ppufhp-folkehogskolepedagogikk-ved-usn-starter-opp-for-3-aret\/\">\n\t\t\t\t\t\t\t\t\t\t<div class=\"column\">\n\t\t\t\t\t\t<h2 class=\"entry-title\">PPUFHP &#8211; folkeh\u00f8gskolepedagogikk ved USN, starter opp for 3. \u00e5ret.<\/h2>\t\t\t\t\t\t<div class=\"entry-summary\"><p>PPUFHP &#8211; folkeh\u00f8gskolepedagogikk ved USN passerte forrige uke 29 p\u00e5meldte, hvilket gj\u00f8r at vi for tredje \u00e5ret kan starte opp ...<\/p><\/div>\t\t\t\t\t\t\t\t\t\t\t<\/div>\n\t\t\t\t<\/a>\n\t\t\t<\/li>\n\t\t\t\t\t<li class=\"list-item\">\n\t\t\t\t<a href=\"https:\/\/nettsteder.regjeringen.no\/folkehogskoleutvalget\/2022\/04\/07\/folkehogskolens-nytteverdi\/\">\n\t\t\t\t\t\t\t\t\t\t<div class=\"column\">\n\t\t\t\t\t\t<h2 class=\"entry-title\">Folkeh\u00f8gskolens nytteverdi<\/h2>\t\t\t\t\t\t<div class=\"entry-summary\"><p>Hva er folkeh\u00f8gskolens nytte og hva kan folkeh\u00f8gskolen bidra med for samfunnet<\/p><\/div>\t\t\t\t\t\t\t\t\t\t\t<\/div>\n\t\t\t\t<\/a>\n\t\t\t<\/li>\n\t\t\t\t\t<li class=\"list-item\">\n\t\t\t\t<a href=\"https:\/\/nettsteder.regjeringen.no\/folkehogskoleutvalget\/2022\/04\/07\/opplevelsen-av-et-folkehogskolear-2\/\">\n\t\t\t\t\t\t\t\t\t\t<div class=\"column\">\n\t\t\t\t\t\t<h2 class=\"entry-title\">Opplevelsen av et folkeh\u00f8gskole\u00e5r<\/h2>\t\t\t\t\t\t<div class=\"entry-summary\"><p>En elevs opplevelse av et folkeh\u00f8gskole\u00e5r<\/p><\/div>\t\t\t\t\t\t\t\t\t\t\t<\/div>\n\t\t\t\t<\/a>\n\t\t\t<\/li>\n\t\t\t\t\t<li class=\"list-item\">\n\t\t\t\t<a href=\"https:\/\/nettsteder.regjeringen.no\/folkehogskoleutvalget\/2022\/04\/05\/opplevelsen-av-et-folkehogskolear\/\">\n\t\t\t\t\t\t\t\t\t\t<div class=\"column\">\n\t\t\t\t\t\t<h2 class=\"entry-title\">Opplevelsen av et folkeh\u00f8gskole\u00e5r<\/h2>\t\t\t\t\t\t<div class=\"entry-summary\"><p>Hvordan oppleves et folkeh\u00f8gskole\u00e5r<\/p><\/div>\t\t\t\t\t\t\t\t\t\t\t<\/div>\n\t\t\t\t<\/a>\n\t\t\t<\/li>\n\t\t\t\t\t<li class=\"list-item\">\n\t\t\t\t<a href=\"https:\/\/nettsteder.regjeringen.no\/folkehogskoleutvalget\/2022\/04\/05\/mobbing-pa-folkehogskole\/\">\n\t\t\t\t\t\t\t\t\t\t<div class=\"column\">\n\t\t\t\t\t\t<h2 class=\"entry-title\">Mobbing p\u00e5 folkeh\u00f8gskole<\/h2>\t\t\t\t\t\t<div class=\"entry-summary\"><p>Mobbing p\u00e5 folkeh\u00f8gskole<\/p><\/div>\t\t\t\t\t\t\t\t\t\t\t<\/div>\n\t\t\t\t<\/a>\n\t\t\t<\/li>\n\t\t\t<\/ul>\n<\/div><\/div>","protected":false},"excerpt":{"rendered":"<p>Her vises utvalgte innspill.<\/p>\n","protected":false},"author":181,"featured_media":0,"parent":0,"menu_order":0,"comment_status":"closed","ping_status":"closed","template":"","meta":{"_acf_changed":false,"footnotes":""},"class_list":["post-52","page","type-page","status-publish","hentry"],"acf":[],"language":"nb-NO","_links":{"self":[{"href":"https:\/\/nettsteder.regjeringen.no\/folkehogskoleutvalget\/wp-json\/wp\/v2\/pages\/52","targetHints":{"allow":["GET"]}}],"collection":[{"href":"https:\/\/nettsteder.regjeringen.no\/folkehogskoleutvalget\/wp-json\/wp\/v2\/pages"}],"about":[{"href":"https:\/\/nettsteder.regjeringen.no\/folkehogskoleutvalget\/wp-json\/wp\/v2\/types\/page"}],"author":[{"embeddable":true,"href":"https:\/\/nettsteder.regjeringen.no\/folkehogskoleutvalget\/wp-json\/wp\/v2\/users\/181"}],"replies":[{"embeddable":true,"href":"https:\/\/nettsteder.regjeringen.no\/folkehogskoleutvalget\/wp-json\/wp\/v2\/comments?post=52"}],"version-history":[{"count":3,"href":"https:\/\/nettsteder.regjeringen.no\/folkehogskoleutvalget\/wp-json\/wp\/v2\/pages\/52\/revisions"}],"predecessor-version":[{"id":118,"href":"https:\/\/nettsteder.regjeringen.no\/folkehogskoleutvalget\/wp-json\/wp\/v2\/pages\/52\/revisions\/118"}],"wp:attachment":[{"href":"https:\/\/nettsteder.regjeringen.no\/folkehogskoleutvalget\/wp-json\/wp\/v2\/media?parent=52"}],"curies":[{"name":"wp","href":"https:\/\/api.w.org\/{rel}","templated":true}]}}