{"id":49,"date":"2021-08-30T12:01:49","date_gmt":"2021-08-30T10:01:49","guid":{"rendered":"https:\/\/nettsteder.regjeringen.no\/folkehogskoleutvalget\/?page_id=49"},"modified":"2022-07-01T12:57:44","modified_gmt":"2022-07-01T10:57:44","slug":"innspill","status":"publish","type":"page","link":"https:\/\/nettsteder.regjeringen.no\/folkehogskoleutvalget\/innspill\/","title":{"rendered":"Innspill"},"content":{"rendered":"<div class=\"text-wrap post-content clearfix\"><p>PPUFHP &#8211; folkeh\u00f8gskolepedagogikk ved USN passerte forrige uke 29 p\u00e5meldte, hvilket gj\u00f8r at vi for tredje \u00e5ret kan starte opp studiet. Det team som arbeider med PPUFHP har ogs\u00e5 initiert Network for Research on the Nordic folk high schools som utgir forskningsantologien &laquo;The Nordic folk high school teacher&raquo; h\u00f8sten 2022. Et nytt studie ble godkjent forrige uke da vi fikk akkreditering for studiet &laquo;International Further Education in Folk High school Pedagogy&raquo; med planert oppstart november 2022. Denne engelskbaserte videreutdannelse for folkeh\u00f8gskolel\u00e6rere er utarbeidet i samarbeid med Global Network for Folk high school Research ( https:\/\/www.usn.no\/english\/for-partners\/globalnetwork-for-folk-high-school-research\/ ). Dette er noen eksempler p\u00e5 prosjekt som har som m\u00e5l \u00e5 videreutvikle kompetanse innenfor folkeh\u00f8gskolepedagogikk. Ledelsen ved USN gir signaler om at de ser p\u00e5 fagfeltet som et satsningsomr\u00e5de.<\/p>\n<p>Slik vi forst\u00e5r det vil folkeh\u00f8gskoleutvalgets arbeid ha stor p\u00e5virkning p\u00e5 rammene for forskning og kompetanseutvikling innenfor fagfeltet folkeh\u00f8gskolepedagogikk. Det ville derfor v\u00e6re av stor verdi for oss \u00e5 ha en dialog med utvalget p\u00e5 dette tema.<\/p>\n<\/div>","protected":false},"excerpt":{"rendered":"<p>PPUFHP &#8211; folkeh\u00f8gskolepedagogikk ved USN, starter opp for 3. \u00e5ret ved USN<\/p>\n","protected":false},"author":181,"featured_media":0,"parent":0,"menu_order":0,"comment_status":"closed","ping_status":"closed","template":"","meta":{"_acf_changed":false,"footnotes":""},"class_list":["post-49","page","type-page","status-publish","hentry"],"acf":[],"language":"nb-NO","_links":{"self":[{"href":"https:\/\/nettsteder.regjeringen.no\/folkehogskoleutvalget\/wp-json\/wp\/v2\/pages\/49","targetHints":{"allow":["GET"]}}],"collection":[{"href":"https:\/\/nettsteder.regjeringen.no\/folkehogskoleutvalget\/wp-json\/wp\/v2\/pages"}],"about":[{"href":"https:\/\/nettsteder.regjeringen.no\/folkehogskoleutvalget\/wp-json\/wp\/v2\/types\/page"}],"author":[{"embeddable":true,"href":"https:\/\/nettsteder.regjeringen.no\/folkehogskoleutvalget\/wp-json\/wp\/v2\/users\/181"}],"replies":[{"embeddable":true,"href":"https:\/\/nettsteder.regjeringen.no\/folkehogskoleutvalget\/wp-json\/wp\/v2\/comments?post=49"}],"version-history":[{"count":3,"href":"https:\/\/nettsteder.regjeringen.no\/folkehogskoleutvalget\/wp-json\/wp\/v2\/pages\/49\/revisions"}],"predecessor-version":[{"id":210,"href":"https:\/\/nettsteder.regjeringen.no\/folkehogskoleutvalget\/wp-json\/wp\/v2\/pages\/49\/revisions\/210"}],"wp:attachment":[{"href":"https:\/\/nettsteder.regjeringen.no\/folkehogskoleutvalget\/wp-json\/wp\/v2\/media?parent=49"}],"curies":[{"name":"wp","href":"https:\/\/api.w.org\/{rel}","templated":true}]}}