{"id":37,"date":"2021-08-27T09:51:10","date_gmt":"2021-08-27T07:51:10","guid":{"rendered":"https:\/\/nettsteder.regjeringen.no\/folkehogskoleutvalget\/?page_id=37"},"modified":"2021-12-21T14:53:00","modified_gmt":"2021-12-21T13:53:00","slug":"mote-3","status":"publish","type":"page","link":"https:\/\/nettsteder.regjeringen.no\/folkehogskoleutvalget\/moter\/mote-3\/","title":{"rendered":"M\u00f8te 3"},"content":{"rendered":"<div class=\"text-wrap post-content clearfix\"><p>F\u00f8rste m\u00f8tedag ble holdt p\u00e5 Nordhordland folkeh\u00f8gskole hvor vi ogs\u00e5 m\u00f8tte rektor og ansatte for en prat. Andre m\u00f8tedag ble holdt p\u00e5 Fana folkeh\u00f8gskole hvor vi hadde en felles diskusjons-workshop med ansatte og elever. P\u00e5 Fana deltok vi ogs\u00e5 p\u00e5 morgensamling sammen med elevene. Begge bes\u00f8k ga utvalget viktig innsikt i folkeh\u00f8gskolehverdagen og hvilke utfordringer folkeh\u00f8gskolene st\u00e5r i.<\/p>\n<p>Utvalget fikk innledninger fra Guro \u00d8deg\u00e5rd ved OsloMet og Bjarne Kvam ved NTL. Kvam ledet arbeidet forrige gang det ble skrevet en NOU om folkeh\u00f8gskoler i 2001.<\/p>\n<p>Utvalget diskuterte f\u00f8lgende hovedtema:<\/p>\n<ul>\n<li>Folkeh\u00f8gskolenes samfunnsmandat<\/li>\n<li>Folkeh\u00f8gskolesektorens system for godkjenning, tilskudd og tilsyn<\/li>\n<li>Folkeh\u00f8gskolenes arbeid med selvevaluering og statens oppf\u00f8lging av denne<\/li>\n<\/ul>\n<\/div>","protected":false},"excerpt":{"rendered":"<p>Utvalgets tredje m\u00f8te ble gjennomf\u00f8rt i Bergen 1.-2. desember<\/p>\n","protected":false},"author":2877,"featured_media":0,"parent":9,"menu_order":0,"comment_status":"closed","ping_status":"closed","template":"","meta":{"_acf_changed":false,"footnotes":""},"class_list":["post-37","page","type-page","status-publish","hentry"],"acf":[],"language":"nb-NO","_links":{"self":[{"href":"https:\/\/nettsteder.regjeringen.no\/folkehogskoleutvalget\/wp-json\/wp\/v2\/pages\/37","targetHints":{"allow":["GET"]}}],"collection":[{"href":"https:\/\/nettsteder.regjeringen.no\/folkehogskoleutvalget\/wp-json\/wp\/v2\/pages"}],"about":[{"href":"https:\/\/nettsteder.regjeringen.no\/folkehogskoleutvalget\/wp-json\/wp\/v2\/types\/page"}],"author":[{"embeddable":true,"href":"https:\/\/nettsteder.regjeringen.no\/folkehogskoleutvalget\/wp-json\/wp\/v2\/users\/2877"}],"replies":[{"embeddable":true,"href":"https:\/\/nettsteder.regjeringen.no\/folkehogskoleutvalget\/wp-json\/wp\/v2\/comments?post=37"}],"version-history":[{"count":3,"href":"https:\/\/nettsteder.regjeringen.no\/folkehogskoleutvalget\/wp-json\/wp\/v2\/pages\/37\/revisions"}],"predecessor-version":[{"id":135,"href":"https:\/\/nettsteder.regjeringen.no\/folkehogskoleutvalget\/wp-json\/wp\/v2\/pages\/37\/revisions\/135"}],"up":[{"embeddable":true,"href":"https:\/\/nettsteder.regjeringen.no\/folkehogskoleutvalget\/wp-json\/wp\/v2\/pages\/9"}],"wp:attachment":[{"href":"https:\/\/nettsteder.regjeringen.no\/folkehogskoleutvalget\/wp-json\/wp\/v2\/media?parent=37"}],"curies":[{"name":"wp","href":"https:\/\/api.w.org\/{rel}","templated":true}]}}