{"id":35,"date":"2021-08-27T09:50:51","date_gmt":"2021-08-27T07:50:51","guid":{"rendered":"https:\/\/nettsteder.regjeringen.no\/folkehogskoleutvalget\/?page_id=35"},"modified":"2021-11-30T12:40:01","modified_gmt":"2021-11-30T11:40:01","slug":"mote-2","status":"publish","type":"page","link":"https:\/\/nettsteder.regjeringen.no\/folkehogskoleutvalget\/moter\/mote-2\/","title":{"rendered":"M\u00f8te 2"},"content":{"rendered":"<div class=\"text-wrap post-content clearfix\"><p>P\u00e5 dette m\u00f8tet fikk utvalget bes\u00f8k av Folkeh\u00f8gskoler\u00e5det, forsker Simen Markussen fra Frischsenteret, Benedicte Hambro fra Arbeiderbevegelsens folkeh\u00f8gskole og Unge funksjonshemmede.<\/p>\n<p>Utvalget diskuterte blant annet f\u00f8lgende saker:<\/p>\n<ul>\n<li>Faglig frihet og statlig styring<\/li>\n<li>Kvalitetsutvikling i folkeh\u00f8gskoler<\/li>\n<li>Inkludering og tilrettelegging<\/li>\n<li>Utviklingstrekk i samfunnet<\/li>\n<li>Folkeh\u00f8gskolenes samfunnsoppdrag<\/li>\n<\/ul>\n<\/div>","protected":false},"excerpt":{"rendered":"<p>Utvalgets andre m\u00f8te fant sted 19. 20. oktober p\u00e5 R\u00f8nningen folkeh\u00f8gskole i Oslo.<\/p>\n","protected":false},"author":2877,"featured_media":0,"parent":9,"menu_order":0,"comment_status":"closed","ping_status":"closed","template":"","meta":{"_acf_changed":false,"footnotes":""},"class_list":["post-35","page","type-page","status-publish","hentry"],"acf":[],"language":"nb-NO","_links":{"self":[{"href":"https:\/\/nettsteder.regjeringen.no\/folkehogskoleutvalget\/wp-json\/wp\/v2\/pages\/35","targetHints":{"allow":["GET"]}}],"collection":[{"href":"https:\/\/nettsteder.regjeringen.no\/folkehogskoleutvalget\/wp-json\/wp\/v2\/pages"}],"about":[{"href":"https:\/\/nettsteder.regjeringen.no\/folkehogskoleutvalget\/wp-json\/wp\/v2\/types\/page"}],"author":[{"embeddable":true,"href":"https:\/\/nettsteder.regjeringen.no\/folkehogskoleutvalget\/wp-json\/wp\/v2\/users\/2877"}],"replies":[{"embeddable":true,"href":"https:\/\/nettsteder.regjeringen.no\/folkehogskoleutvalget\/wp-json\/wp\/v2\/comments?post=35"}],"version-history":[{"count":3,"href":"https:\/\/nettsteder.regjeringen.no\/folkehogskoleutvalget\/wp-json\/wp\/v2\/pages\/35\/revisions"}],"predecessor-version":[{"id":121,"href":"https:\/\/nettsteder.regjeringen.no\/folkehogskoleutvalget\/wp-json\/wp\/v2\/pages\/35\/revisions\/121"}],"up":[{"embeddable":true,"href":"https:\/\/nettsteder.regjeringen.no\/folkehogskoleutvalget\/wp-json\/wp\/v2\/pages\/9"}],"wp:attachment":[{"href":"https:\/\/nettsteder.regjeringen.no\/folkehogskoleutvalget\/wp-json\/wp\/v2\/media?parent=35"}],"curies":[{"name":"wp","href":"https:\/\/api.w.org\/{rel}","templated":true}]}}