{"id":9,"date":"2025-09-04T09:33:33","date_gmt":"2025-09-04T07:33:33","guid":{"rendered":"https:\/\/nettsteder.regjeringen.no\/ffspm\/?page_id=9"},"modified":"2025-11-28T14:34:47","modified_gmt":"2025-11-28T13:34:47","slug":"program","status":"publish","type":"page","link":"https:\/\/nettsteder.regjeringen.no\/ffspm\/program\/","title":{"rendered":"Program 2025"},"content":{"rendered":"<p class=\"t2-ingress wp-block-t2-ingress\">Oppstart mandag 24. november kl. 10<br>Avslutning tirsdag 25. november kl. 14<\/p>\n\n\n<p><a href=\"https:\/\/files.nettsteder.regjeringen.no\/wpuploads01\/sites\/599\/2025\/11\/Program-Forum-for-statens-prosjektmodell-2025.pdf\">Last ned detaljert program her<\/a>.<\/p>\n\n\n\n<div class=\"wp-block-group is-layout-constrained wp-block-group-is-layout-constrained\">\n<h2 class=\"wp-block-heading\">Plenum mandag 24. november kl. 10<\/h2>\n\n\n\n<ul class=\"wp-block-list is-layout-flow wp-block-list-is-layout-flow\">\n<li><strong><a href=\"https:\/\/files.nettsteder.regjeringen.no\/wpuploads01\/sites\/599\/2025\/11\/2025-0-1-Nytt-fra-FIN-om-SPM.pdf\">Nytt fra Finansdepartementet om statens prosjektmodell<\/a><\/strong>, ved Ingvild Melv\u00e6r Hanssen, Finansdepartementet<\/li>\n\n\n\n<li><strong><a href=\"https:\/\/files.nettsteder.regjeringen.no\/wpuploads01\/sites\/599\/2025\/11\/2025-0-2-Utfordringer-for-norsk-okonomi.pdf\">Utfordringer for norsk \u00f8konomi<\/a><\/strong>, ved Kristine H\u00f8egh-Omdahl, Finansdepartementet<\/li>\n\n\n\n<li><strong><a href=\"https:\/\/files.nettsteder.regjeringen.no\/wpuploads01\/sites\/599\/2025\/11\/2025-0-3-Nytt-fra-Concept.pdf\">Nytt fra Concept-programmet<\/a><\/strong>, ved Gro Holst Volden, Concept NTNU<\/li>\n\n\n\n<li><strong><a href=\"https:\/\/files.nettsteder.regjeringen.no\/wpuploads01\/sites\/599\/2025\/11\/2025-0-4-RiR-Nationell-plan-for-transportinfrastrukturen.pdf\">Nationell plan f\u00f6r transportinfrastrukturen \u2013 lovar mer \u00e4nn den kan h\u00e5lla<\/a>, <\/strong>ved Magnus Landergren, Sveriges Riksrevision<\/li>\n\n\n\n<li><strong><a href=\"https:\/\/files.nettsteder.regjeringen.no\/wpuploads01\/sites\/599\/2025\/11\/2025-0-5-Statslig-it-styring-i-Danmark.pdf\">Statens IT-prosjektmodell og arbeid med store IT-investeringer i Danmark<\/a><\/strong>, ved Lars M. Pedersen fra Danmarks Finansdepartement og Jeppe D. Eriksen fra \u00d8konomistyrelsen<\/li>\n<\/ul>\n<\/div>\n\n\n\n<div class=\"wp-block-group is-layout-constrained wp-block-group-is-layout-constrained\">\n<h2 class=\"wp-block-heading\">Gruppesesjoner mandag 24. kl. 14<\/h2>\n\n\n\n<ul class=\"wp-block-list is-layout-flow wp-block-list-is-layout-flow\">\n<li><strong>Karbonprisbaner<\/strong>\n<ul class=\"wp-block-list is-layout-flow wp-block-list-is-layout-flow\">\n<li><em>Finansdepartementet etablerte i 2021 et system for beregning av karbonprisbaner til bruk i samfunns\u00f8konomiske analyser. Vi presenterer og diskuterer erfaringer, styrker og svakheter med dagens prisbaner i lys av utviklingen i nasjonal og internasjonal klimapolitikk.<\/em>\n<ul class=\"wp-block-list is-layout-flow wp-block-list-is-layout-flow\">\n<li><a href=\"https:\/\/files.nettsteder.regjeringen.no\/wpuploads01\/sites\/599\/2025\/11\/2025-1-1-1-Karbonprisbaner-i-samfunnsokonomiske-analyser-Knut-Einar-Rosendahl.pdf\">Knut Einar Rosendahl<\/a>, NMBU<\/li>\n\n\n\n<li><a href=\"https:\/\/files.nettsteder.regjeringen.no\/wpuploads01\/sites\/599\/2025\/11\/2025-1-1-2-Karbonpriser-i-samfunnsokonomiske-analyser-Hjalmar-Richter-Kolsaker.pdf\">Hjalmar Richter Kolsaker<\/a>, Finansdepartementet<\/li>\n<\/ul>\n<\/li>\n<\/ul>\n<\/li>\n\n\n\n<li><strong>Portef\u00f8ljestyring &#8211; hva kan vi gj\u00f8re for \u00e5 f\u00e5 det til?<\/strong>\n<ul class=\"wp-block-list is-layout-flow wp-block-list-is-layout-flow\">\n<li><em>Portef\u00f8ljestyring er s\u00e6rskilt utfordrende i sektorer med enkeltprosjekter som er sterkt avhengige av hverandre og hvor teknologiutviklingen skjer raskt. Forsvarsstaben presenterer de sentrale utfordringene for portef\u00f8ljestyring i forsvarssektoren, og Jernbanedirektoratet presenterer et nytt styringsrammeverk for tilbudsforbedringer p\u00e5 jernbanen.<\/em>\n<ul class=\"wp-block-list is-layout-flow wp-block-list-is-layout-flow\">\n<li><a href=\"https:\/\/files.nettsteder.regjeringen.no\/wpuploads01\/sites\/599\/2025\/11\/2025-1-2-1-Statensprosjektmodel-forsvaret.pdf\">Rune Nesland-Steinor fra Forsvaret<\/a><\/li>\n\n\n\n<li><a href=\"https:\/\/files.nettsteder.regjeringen.no\/wpuploads01\/sites\/599\/2025\/11\/2025-1-2-2-251124-Styringsrammeverket-Forum-for-Statens-prosjektmodell.pdf\">Jonas S\u00f8renssen fra Jernbanedirektoratet<\/a><\/li>\n<\/ul>\n<\/li>\n<\/ul>\n<\/li>\n\n\n\n<li><strong>Bedre styring i tidligfase? Styringsm\u00e5l og endringslogg<\/strong>\n<ul class=\"wp-block-list is-layout-flow wp-block-list-is-layout-flow\">\n<li><em>Concept-programmet har unders\u00f8kt effekten av krav om styringsm\u00e5l og endringslogg i store statlige investeringer. Resultatene fra forskningen presenteres, og vi f\u00e5r h\u00f8re om konkrete erfaringer med oppf\u00f8lging av prosjekter fra departementsniv\u00e5.<\/em>\n<ul class=\"wp-block-list is-layout-flow wp-block-list-is-layout-flow\">\n<li><a href=\"https:\/\/files.nettsteder.regjeringen.no\/wpuploads01\/sites\/599\/2025\/11\/2025-1-3-1-20251124-Torbjorn-Aas-Kostnadsstyring-i-tidligfase.pdf\">Presentasjon<\/a> av <a href=\"https:\/\/www.ntnu.no\/documents\/1261860271\/1262010703\/Kostnadskontroll+i+prosjekters+tidligfase.pdf\/9b9300da-170a-ddea-5256-fa4303ea598e?t=1750318174424\" data-type=\"link\" data-id=\"https:\/\/www.ntnu.no\/documents\/1261860271\/1262010703\/Kostnadskontroll+i+prosjekters+tidligfase.pdf\/9b9300da-170a-ddea-5256-fa4303ea598e?t=1750318174424\">Concept rapport 79 Kostnadskontroll i  prosjekters tidligfase:  Erfaringer etter innf\u00f8ring av  styringsm\u00e5l og endringslogg<\/a> ved Torbj\u00f8rn Aas, NTNU<\/li>\n\n\n\n<li>Erfaringer med styring og oppf\u00f8lging av digitaliseringsprosjekter i tidligfasen, ved Jan Christian Sandberg, Etatstyringsavdelingen, Finansdepartementet<\/li>\n<\/ul>\n<\/li>\n<\/ul>\n<\/li>\n<\/ul>\n<\/div>\n\n\n\n<h2 class=\"wp-block-heading\">Gruppesesjoner mandag 24. kl. 15.30<\/h2>\n\n\n\n<ul class=\"wp-block-list is-layout-flow wp-block-list-is-layout-flow\">\n<li><strong>Hva er naturen v\u00e5r verdt? Dilemmaer ved verdsetting og erfaringer fra store samferdselsprosjekter. <\/strong>\n<ul class=\"wp-block-list is-layout-flow wp-block-list-is-layout-flow\">\n<li><em>Verdien av natur er en sentral parameter for mange store statlig investeringsprosjekter, men er samtidig sv\u00e6rt krevende \u00e5 tallfeste. I denne sesjonen diskuterer vi avveininger ved verdsetting av natur, arbeidet med det f\u00f8rste nasjonale naturregnskapet for Norge, og erfaringer fra ti utvalgte store samferdselsprosjekter.<\/em>\n<ul class=\"wp-block-list is-layout-flow wp-block-list-is-layout-flow\">\n<li><a href=\"https:\/\/files.nettsteder.regjeringen.no\/wpuploads01\/sites\/599\/2025\/11\/2025-2-1-1-Verdsetting-i-naturregnskapet-Kristine-Grimsrud.pdf\">Kristine Grimsrud, Statistisk sentralbyr\u00e5<\/a><\/li>\n\n\n\n<li><a href=\"https:\/\/files.nettsteder.regjeringen.no\/wpuploads01\/sites\/599\/2025\/11\/2025-2-1-2-Presentasjon-Hjort-Forum-Statens-Prosjektmodell.pdf\">Ingrid Hjort, Handelsh\u00f8yskolen BI<\/a><\/li>\n\n\n\n<li><a href=\"https:\/\/files.nettsteder.regjeringen.no\/wpuploads01\/sites\/599\/2025\/11\/2025-2-1-3-20251124-Concept-naturvirkninger-ffspm.pdf\">Kristoffer Midt\u00f8mme, Menon<\/a><\/li>\n<\/ul>\n<\/li>\n<\/ul>\n<\/li>\n\n\n\n<li><strong>Tenk stort, start sm\u00e5tt \u2013 hvordan dele opp digitaliseringsprosjekter?<\/strong>\n<ul class=\"wp-block-list is-layout-flow wp-block-list-is-layout-flow\">\n<li><em><em><a href=\"https:\/\/files.nettsteder.regjeringen.no\/wpuploads01\/sites\/599\/2025\/11\/2025-2-2-1-Magne-Jorgensen-Forum-SPM-2025-digitalisering-2.0.pdf\">Store IT-prosjekter: Hva er problemet? B\u00f8r de unng\u00e5s? Hvordan? Resultater fra forskningen<\/a>,<\/em><\/em> ved Magne J\u00f8rgensen, professor ved SimulaMet<\/li>\n\n\n\n<li><em><em><a href=\"https:\/\/files.nettsteder.regjeringen.no\/wpuploads01\/sites\/599\/2025\/11\/2025-2-2-2-Lopende-modernisering-til-Forum-for-statens-prosjektmodell-24.11.25-til-publisering.pdf\">L\u00f8pende modernisering: Teknisk modernisering eller funksjonell videreutvikling? Ja takk, begge deler!<\/a><\/em><\/em> Alexander N\u00e6ss, fungerende IT-direkt\u00f8r, L\u00e5nekassen<\/li>\n\n\n\n<li><a href=\"https:\/\/files.nettsteder.regjeringen.no\/wpuploads01\/sites\/599\/2025\/11\/2025-2-2-3-2025-11-24-Forum-for-statens-prosjektmodell-innlegg-fra-Skatteetaten-Fremtidens-Innkreving.pdf\"><em>Erfaringer fra Skatteetaten: Hvordan dele opp digitaliseringsprosjekter<\/em>?<\/a> Bente Leirvik Dahle, programleder for Fremtidens Innkreving i Skatteetaten<\/li>\n<\/ul>\n<\/li>\n\n\n\n<li><strong>Usikkerhetsanalyser og styring av tidsusikkerhet<\/strong>\n<ul class=\"wp-block-list is-layout-flow wp-block-list-is-layout-flow\">\n<li><em>Hvordan kan usikkerhetsanalyser p\u00e5 tid bidra til bedre tidsestimering og styring av fremdrift? Her presenteres forskning og konkrete case p\u00e5 hvordan usikkerhet p\u00e5 tid kan brukes i styring av prosjekter.<\/em>\n<ul class=\"wp-block-list is-layout-flow wp-block-list-is-layout-flow\">\n<li><a href=\"https:\/\/files.nettsteder.regjeringen.no\/wpuploads01\/sites\/599\/2025\/11\/2025-2-3-1-20251124-Marius-Fossen-SVV.pdf\">Ny usikkerhetsanalyse i Effekt \u2013 Monte Carlo simulering<\/a>, ved Marius Fossen, Statens vegvesen<\/li>\n\n\n\n<li><a href=\"https:\/\/files.nettsteder.regjeringen.no\/wpuploads01\/sites\/599\/2025\/11\/2025-2-3-2-20251124-Tidsusikkerhet-Gaute-Kjaerstad.pdf\">Masteroppgaven &laquo;Tid er penger \u2013 tidsusikkerhet i megaprosjekter&raquo; fra NTNU<\/a>, ved Gaute Kj\u00e6rstad, prosjektingeni\u00f8r<\/li>\n\n\n\n<li><a href=\"https:\/\/files.nettsteder.regjeringen.no\/wpuploads01\/sites\/599\/2025\/11\/2025-2-3-3-20251124-Martin-Ohmann-Statsbygg-RKV-tidsusikkerhet.pdf\">Styring av tidsusikkerhet i regjeringskvartalprosjektet<\/a>, ved Martin \u00d8hman, assisterende prosjektdirekt\u00f8r Regjeringskvartalet, Statsbygg<\/li>\n<\/ul>\n<\/li>\n<\/ul>\n<\/li>\n<\/ul>\n\n\n\n<h2 class=\"wp-block-heading\">Gruppesesjoner tirsdag 25. kl. 9<\/h2>\n\n\n\n<ul class=\"wp-block-list is-layout-flow wp-block-list-is-layout-flow\">\n<li><strong>Grenser for verdsetting<\/strong>\n<ul class=\"wp-block-list is-layout-flow wp-block-list-is-layout-flow\">\n<li><em>Nytte- og kostnadsvirkninger skal verdsettes i kroner s\u00e5 langt det er mulig og hensiktsmessig. Gjennom betalingsvillighetsunders\u00f8kelser og valgeksperimenter er slik verdsetting ofte mulig, men er det hensiktsmessig? Med utgangspunkt i foresl\u00e5tte endringer i SVVs H\u00e5ndbok V712 diskuterer vi grensene for hvilke kostnads- og nyttevirkninger som b\u00f8r inng\u00e5 i samfunns\u00f8konomiske analyser.<\/em>\n<ul class=\"wp-block-list is-layout-flow wp-block-list-is-layout-flow\">\n<li><a href=\"https:\/\/files.nettsteder.regjeringen.no\/wpuploads01\/sites\/599\/2025\/11\/2025-3-1-1-Grenser-for-verdsetting-Paal-Brevik-Wangsness.pdf\">Paal Brevik Wangsness<\/a>, T\u00d8I<\/li>\n\n\n\n<li><a href=\"https:\/\/files.nettsteder.regjeringen.no\/wpuploads01\/sites\/599\/2025\/11\/2025-3-1-2-Grenser-for-verdsetting-Vegard-Hole-Hirsch.pdf\">Vegard Hole Hirsch<\/a>, Klima- og milj\u00f8departementet<\/li>\n<\/ul>\n<\/li>\n<\/ul>\n<\/li>\n\n\n\n<li><strong>Erfaringer med prosjekter og portef\u00f8ljer p\u00e5 tvers av forvaltningsniv\u00e5er og virksomheter<\/strong>\n<ul class=\"wp-block-list is-layout-flow wp-block-list-is-layout-flow\">\n<li><em>Mange prosjekter omfatter flere brukere og ulike behov, styringslinjer og finansieringskilder. Vi f\u00e5r et innblikk i hvordan dette l\u00f8ses i ulike sammenhenger. <\/em>\n<ul class=\"wp-block-list is-layout-flow wp-block-list-is-layout-flow\">\n<li><a href=\"https:\/\/files.nettsteder.regjeringen.no\/wpuploads01\/sites\/599\/2025\/11\/2025-3-2-1-20251125-DFO-om-kostnadsdeling-og-finansiering-pa-tvers.pdf\">Om finansiering og kostnadsdeling i tverrg\u00e5ende utviklingsarbeid<\/a> &#8211; Maren Bigset Henriksen og Solveig Krey, Direktoratet for forvaltning og \u00f8konomistyring<\/li>\n\n\n\n<li><a href=\"https:\/\/files.nettsteder.regjeringen.no\/wpuploads01\/sites\/599\/2025\/11\/2025-3-2-2-20251125-Alberte-Ruud-O3-og-byvekst.pdf\">Portef\u00f8ljestyring i Oslopakke 3 og byvekstavtalen<\/a>, ved Alberte Ruud, sekretariatsleder Oslopakke 3 og byvekstsamarbeidet<\/li>\n\n\n\n<li><a href=\"https:\/\/files.nettsteder.regjeringen.no\/wpuploads01\/sites\/599\/2025\/11\/2025-3-2-3-20251125-Presentasjon-KUD-og-KD.pdf\">\u010coarvem\u00e1tta \u2013 DTC p\u00e5 tvers &#8211; felles nybygg for det samiske nasjonalteateret Beaivv\u00e1\u0161 og Samisk videreg\u00e5ende skole og reindriftsskole<\/a>, ved Lina Nordengen Gjestrum, Kultur- og likestillingsdepartementet og Espen Moseng, Kunnskapsdepartementet<\/li>\n<\/ul>\n<\/li>\n<\/ul>\n<\/li>\n\n\n\n<li><strong>Evaluering av prosjekter<\/strong>\n<ul class=\"wp-block-list is-layout-flow wp-block-list-is-layout-flow\">\n<li><em>Her settes s\u00f8kelys p\u00e5 etterevaluering av store prosjekter \u2013 hvorfor det er viktig, hva vi kan l\u00e6re av tidligere prosjekter, og hvordan kan ulike evaluerings\u00admodeller tas i bruk. Det presenteres eksempler fra Concept-programmets evaluerings<ins>\u00ad<\/ins>opplegg innenfor statens prosjektmodell og fra evaluering av byggeprosjekter i helsesektoren, der Sykehusbyggs modell benyttes.<\/em>\n<ul class=\"wp-block-list is-layout-flow wp-block-list-is-layout-flow\">\n<li><a href=\"https:\/\/files.nettsteder.regjeringen.no\/wpuploads01\/sites\/599\/2025\/11\/2025-3-3-1-Peter-Aalen-Evaluering-E16-Valdres.pdf\">Evaluering av E16-utbyggingen gjennom Valdres og \u00abValdresmodellen\u00bb<\/a>, ved Peter Aalen, Menon<\/li>\n\n\n\n<li><a href=\"https:\/\/files.nettsteder.regjeringen.no\/wpuploads01\/sites\/599\/2025\/11\/2025-3-3-2-Engebo-og-Gulichsen_Evaluering-av-artilleriskyts.pdf\">Evaluering av anskaffelsen av artillerisystemet K9 Vidar<\/a>, ved Atle Engeb\u00f8, Concept, og Steinar Gullichsen, Forsvarets forskningsinstitutt<\/li>\n\n\n\n<li><a href=\"https:\/\/files.nettsteder.regjeringen.no\/wpuploads01\/sites\/599\/2025\/11\/2025-3-3-3-Unni-Dahl-Evaluering_Sykehusbygg.pdf\">Sykehusbyggs evalueringsmodell<\/a>, ved Unni Dahl, Sykehusbygg<\/li>\n<\/ul>\n<\/li>\n<\/ul>\n<\/li>\n<\/ul>\n\n\n\n<h2 class=\"wp-block-heading\">Plenum tirsdag 25. november<\/h2>\n\n\n\n<ul class=\"wp-block-list is-layout-flow wp-block-list-is-layout-flow\">\n<li><strong><a href=\"https:\/\/files.nettsteder.regjeringen.no\/wpuploads01\/sites\/599\/2025\/11\/2025-4-1-Konsekvensanalyser-i-SVV-revisjon-av-V712.pdf\">Konsekvensanalyser i SVV, revisjon av H\u00e5ndbok V712<\/a><\/strong>, ved Stein Brembu, Statens vegvesen<\/li>\n\n\n\n<li><strong><a href=\"https:\/\/files.nettsteder.regjeringen.no\/wpuploads01\/sites\/599\/2025\/11\/2025-4-2-Erfaringer-med-totalentrepriser.pdf\">Erfaringer med totalentrepriser<\/a><\/strong>, ved Morten Welde, Concept, NTNU<\/li>\n\n\n\n<li><strong><a href=\"https:\/\/files.nettsteder.regjeringen.no\/wpuploads01\/sites\/599\/2025\/11\/2025-4-3-Totalforsvaret-og-SPM.pdf\">Hvordan milit\u00e6re behov p\u00e5virker planlegging av investeringer i sivil sektor<\/a><\/strong>, ved Stefan Johannessen, avdeling for sikkerhet og sivil-milit\u00e6rt samarbeid, Forsvarsdepartementet<\/li>\n<\/ul>\n","protected":false},"excerpt":{"rendered":"<p>Last ned detaljert program her. Plenum mandag 24. november kl. 10 Gruppesesjoner mandag 24. kl. 14 Gruppesesjoner mandag 24. kl. 15.30 Gruppesesjoner tirsdag 25. kl. 9 Plenum tirsdag 25. november<\/p>\n","protected":false},"author":2877,"featured_media":0,"parent":0,"menu_order":0,"comment_status":"closed","ping_status":"closed","template":"","meta":{"dss_simple_post_excerpt":"","dss_show_featured_image":true,"dss_show_title":false,"footnotes":""},"class_list":["post-9","page","type-page","status-publish","hentry"],"language":"nb-NO","_links":{"self":[{"href":"https:\/\/nettsteder.regjeringen.no\/ffspm\/wp-json\/wp\/v2\/pages\/9","targetHints":{"allow":["GET"]}}],"collection":[{"href":"https:\/\/nettsteder.regjeringen.no\/ffspm\/wp-json\/wp\/v2\/pages"}],"about":[{"href":"https:\/\/nettsteder.regjeringen.no\/ffspm\/wp-json\/wp\/v2\/types\/page"}],"author":[{"embeddable":true,"href":"https:\/\/nettsteder.regjeringen.no\/ffspm\/wp-json\/wp\/v2\/users\/2877"}],"replies":[{"embeddable":true,"href":"https:\/\/nettsteder.regjeringen.no\/ffspm\/wp-json\/wp\/v2\/comments?post=9"}],"version-history":[{"count":3,"href":"https:\/\/nettsteder.regjeringen.no\/ffspm\/wp-json\/wp\/v2\/pages\/9\/revisions"}],"predecessor-version":[{"id":434,"href":"https:\/\/nettsteder.regjeringen.no\/ffspm\/wp-json\/wp\/v2\/pages\/9\/revisions\/434"}],"wp:attachment":[{"href":"https:\/\/nettsteder.regjeringen.no\/ffspm\/wp-json\/wp\/v2\/media?parent=9"}],"curies":[{"name":"wp","href":"https:\/\/api.w.org\/{rel}","templated":true}]}}