{"id":11,"date":"2025-09-04T09:33:53","date_gmt":"2025-09-04T07:33:53","guid":{"rendered":"https:\/\/nettsteder.regjeringen.no\/ffspm\/?page_id=11"},"modified":"2026-03-06T13:19:17","modified_gmt":"2026-03-06T12:19:17","slug":"om-konferansen","status":"publish","type":"page","link":"https:\/\/nettsteder.regjeringen.no\/ffspm\/","title":{"rendered":"Om konferansen"},"content":{"rendered":"\n<div class=\"wp-block-cover alignfull\"><img loading=\"lazy\" decoding=\"async\" width=\"1024\" height=\"256\" class=\"wp-block-cover__image-background wp-image-38 size-large\" alt=\"\" src=\"https:\/\/files.nettsteder.regjeringen.no\/wpuploads01\/sites\/599\/2025\/09\/omslag_2000x500-1024x256.png\" style=\"object-position:65% 27%\" data-object-fit=\"cover\" data-object-position=\"65% 27%\" srcset=\"https:\/\/files.nettsteder.regjeringen.no\/wpuploads01\/sites\/599\/2025\/09\/omslag_2000x500-1024x256.png 1024w, https:\/\/files.nettsteder.regjeringen.no\/wpuploads01\/sites\/599\/2025\/09\/omslag_2000x500-300x75.png 300w, https:\/\/files.nettsteder.regjeringen.no\/wpuploads01\/sites\/599\/2025\/09\/omslag_2000x500-768x192.png 768w, https:\/\/files.nettsteder.regjeringen.no\/wpuploads01\/sites\/599\/2025\/09\/omslag_2000x500-1536x384.png 1536w, https:\/\/files.nettsteder.regjeringen.no\/wpuploads01\/sites\/599\/2025\/09\/omslag_2000x500.png 2000w\" sizes=\"auto, (max-width: 1024px) 100vw, 1024px\" \/><span aria-hidden=\"true\" class=\"wp-block-cover__background has-background-dim\" style=\"background-color:#2f2c65\"><\/span><div class=\"wp-block-cover__inner-container is-layout-constrained wp-block-cover-is-layout-constrained\">\n<p class=\"has-text-align-center has-large-font-size\">Forum for statens prosjektmodell<\/p>\n<\/div><\/div>\n\n\n\n<h2 class=\"wp-block-heading\">Om konferansen<\/h2>\n\n\n\n<p>Finansdepartementet arrangerer annethvert \u00e5r Forum for Statens prosjektmodell, som er en faglig m\u00f8teplass\/konferanse for ansatte i departementene og relevante underliggende virksomheter som jobber med statens prosjektmodell, leverand\u00f8rene p\u00e5 rammeavtalen om ekstern kvalitetssikring og forskningsmilj\u00f8et Concept.<\/p>\n\n\n\n<p>I 2025 ble konferansen avholdt 24.-25. november i n\u00e6rheten av Oslo. Neste forum vil avholdes i 2027. <\/p>\n","protected":false},"excerpt":{"rendered":"<p>Om konferansen Finansdepartementet arrangerer annethvert \u00e5r Forum for Statens prosjektmodell, som er en faglig m\u00f8teplass\/konferanse for ansatte i departementene og relevante underliggende virksomheter som jobber med statens prosjektmodell, leverand\u00f8rene p\u00e5 rammeavtalen om ekstern kvalitetssikring og forskningsmilj\u00f8et Concept. I 2025 ble konferansen avholdt 24.-25. november i n\u00e6rheten av Oslo. Neste forum vil avholdes i 2027.<\/p>\n","protected":false},"author":2877,"featured_media":0,"parent":0,"menu_order":0,"comment_status":"closed","ping_status":"closed","template":"","meta":{"dss_simple_post_excerpt":"","dss_show_featured_image":true,"dss_show_title":true,"footnotes":""},"class_list":["post-11","page","type-page","status-publish","hentry"],"language":"nb-NO","_links":{"self":[{"href":"https:\/\/nettsteder.regjeringen.no\/ffspm\/wp-json\/wp\/v2\/pages\/11","targetHints":{"allow":["GET"]}}],"collection":[{"href":"https:\/\/nettsteder.regjeringen.no\/ffspm\/wp-json\/wp\/v2\/pages"}],"about":[{"href":"https:\/\/nettsteder.regjeringen.no\/ffspm\/wp-json\/wp\/v2\/types\/page"}],"author":[{"embeddable":true,"href":"https:\/\/nettsteder.regjeringen.no\/ffspm\/wp-json\/wp\/v2\/users\/2877"}],"replies":[{"embeddable":true,"href":"https:\/\/nettsteder.regjeringen.no\/ffspm\/wp-json\/wp\/v2\/comments?post=11"}],"version-history":[{"count":4,"href":"https:\/\/nettsteder.regjeringen.no\/ffspm\/wp-json\/wp\/v2\/pages\/11\/revisions"}],"predecessor-version":[{"id":475,"href":"https:\/\/nettsteder.regjeringen.no\/ffspm\/wp-json\/wp\/v2\/pages\/11\/revisions\/475"}],"wp:attachment":[{"href":"https:\/\/nettsteder.regjeringen.no\/ffspm\/wp-json\/wp\/v2\/media?parent=11"}],"curies":[{"name":"wp","href":"https:\/\/api.w.org\/{rel}","templated":true}]}}