{"id":55,"date":"2018-10-09T12:34:14","date_gmt":"2018-10-09T10:34:14","guid":{"rendered":"https:\/\/nettsteder.regjeringen.no\/etikkinformasjonsutvalget\/?page_id=55"},"modified":"2019-11-26T14:14:17","modified_gmt":"2019-11-26T13:14:17","slug":"innspill","status":"publish","type":"page","link":"https:\/\/nettsteder.regjeringen.no\/etikkinformasjonsutvalget\/innspill\/","title":{"rendered":"Innspill"},"content":{"rendered":"<div class=\"text-wrap post-content clearfix\"><p>Vi \u00f8nsker blant annet innspill p\u00e5 f\u00f8lgende sp\u00f8rsm\u00e5l:<\/p>\n<ul>\n<li>Hvilke hensyn\u00a0taler for og mot en\u00a0etikkinformasjonsplikt?<\/li>\n<li>Hva slags informasjon b\u00f8r omfattes av en eventuell etikkinformasjonsplikt, og hvordan b\u00f8r informasjonen gj\u00f8res tilgjengelig?<\/li>\n<li>Hvordan kan man ellers oppn\u00e5 m\u00e5let om \u00e5 forbedre arbeidsvilk\u00e5rene for arbeidere\u00a0i leverand\u00f8rkjeder?<\/li>\n<\/ul>\n<p><a href=\"mailto:etikkinfo@bfd.dep.no\">Send oss gjerne en e-post med dine innspill<\/a>!<\/p>\n<h2>Innsendte innspill<\/h2>\n<ul>\n<li><a href=\"https:\/\/files.nettsteder.regjeringen.no\/wpuploads01\/blogs.dir\/343\/files\/2019\/01\/Innspill-til-etikkinformasjonsutvalget-12122018-003.pdf\">Framtiden i v\u00e5re hender<\/a><\/li>\n<li><a href=\"https:\/\/files.nettsteder.regjeringen.no\/wpuploads01\/blogs.dir\/343\/files\/2019\/01\/Spire.pdf\">Spire<\/a><\/li>\n<li><a href=\"https:\/\/files.nettsteder.regjeringen.no\/wpuploads01\/blogs.dir\/343\/files\/2019\/01\/H\u00f8ringsinnspill-etikkinformasjonsutvalget_Amnesty_jan-2019.pdf\">Amnesty International<\/a><\/li>\n<li><a href=\"https:\/\/files.nettsteder.regjeringen.no\/wpuploads01\/blogs.dir\/343\/files\/2019\/01\/Transparency-International.pdf\">Transparency International<\/a><\/li>\n<li><a href=\"https:\/\/files.nettsteder.regjeringen.no\/wpuploads01\/blogs.dir\/343\/files\/2019\/04\/Fokus-Til-etikkinformasjonsutvalget-februar-19.pdf\">Fokus<\/a><\/li>\n<li><a href=\"https:\/\/files.nettsteder.regjeringen.no\/wpuploads01\/blogs.dir\/343\/files\/2019\/04\/UNICEF.pdf\">UNICEF<\/a><\/li>\n<li><a href=\"https:\/\/nettsteder.regjeringen.no\/etikkinformasjonsutvalget\/innspill\/forbrukerradet\/\">Forbrukerr\u00e5det<\/a><\/li>\n<li><a href=\"https:\/\/nettsteder.regjeringen.no\/etikkinformasjonsutvalget\/innspill\/fairtrade\/\">Fairtrade<\/a><\/li>\n<li><a href=\"https:\/\/nettsteder.regjeringen.no\/etikkinformasjonsutvalget\/innspill\/revisorforeningen\/\">Revisorforeningen<\/a><\/li>\n<li><a href=\"https:\/\/files.nettsteder.regjeringen.no\/wpuploads01\/blogs.dir\/343\/files\/2019\/11\/Suggestions-to-the-Norwegian-Ethics-Information-Committee_HRIC_25022019.pdf\">Human Rights International Corner (HRIC)<\/a><\/li>\n<\/ul>\n<\/div>","protected":false},"excerpt":{"rendered":"<p>Etikkinformasjonsutvalget inviterer til innspill fra ber\u00f8rte interessenter, som n\u00e6ringsliv, n\u00e6rings- og arbeidstakerorganisasjoner, forbrukerorganisasjoner og sivilt samfunn.<\/p>\n","protected":false},"author":533,"featured_media":0,"parent":0,"menu_order":0,"comment_status":"closed","ping_status":"closed","template":"","meta":{"_acf_changed":false,"footnotes":""},"class_list":["post-55","page","type-page","status-publish","hentry"],"acf":[],"language":"nb-NO","_links":{"self":[{"href":"https:\/\/nettsteder.regjeringen.no\/etikkinformasjonsutvalget\/wp-json\/wp\/v2\/pages\/55","targetHints":{"allow":["GET"]}}],"collection":[{"href":"https:\/\/nettsteder.regjeringen.no\/etikkinformasjonsutvalget\/wp-json\/wp\/v2\/pages"}],"about":[{"href":"https:\/\/nettsteder.regjeringen.no\/etikkinformasjonsutvalget\/wp-json\/wp\/v2\/types\/page"}],"author":[{"embeddable":true,"href":"https:\/\/nettsteder.regjeringen.no\/etikkinformasjonsutvalget\/wp-json\/wp\/v2\/users\/533"}],"replies":[{"embeddable":true,"href":"https:\/\/nettsteder.regjeringen.no\/etikkinformasjonsutvalget\/wp-json\/wp\/v2\/comments?post=55"}],"version-history":[{"count":20,"href":"https:\/\/nettsteder.regjeringen.no\/etikkinformasjonsutvalget\/wp-json\/wp\/v2\/pages\/55\/revisions"}],"predecessor-version":[{"id":895,"href":"https:\/\/nettsteder.regjeringen.no\/etikkinformasjonsutvalget\/wp-json\/wp\/v2\/pages\/55\/revisions\/895"}],"wp:attachment":[{"href":"https:\/\/nettsteder.regjeringen.no\/etikkinformasjonsutvalget\/wp-json\/wp\/v2\/media?parent=55"}],"curies":[{"name":"wp","href":"https:\/\/api.w.org\/{rel}","templated":true}]}}