{"id":455,"date":"2019-01-08T14:08:14","date_gmt":"2019-01-08T13:08:14","guid":{"rendered":"https:\/\/nettsteder.regjeringen.no\/etikkinformasjonsutvalget\/?page_id=455"},"modified":"2019-01-09T09:47:49","modified_gmt":"2019-01-09T08:47:49","slug":"bakgrunn","status":"publish","type":"page","link":"https:\/\/nettsteder.regjeringen.no\/etikkinformasjonsutvalget\/bakgrunn\/","title":{"rendered":"Bakgrunn"},"content":{"rendered":"<div class=\"text-wrap post-content clearfix\"><p>Bakgrunnen for oppnevnelsen av Etikkinformasjonsutvalget er to anmodningsvedtak i Stortinget, hvor regjeringen bes utrede en lov om etikkinformasjon.<\/p>\n<p>Se fullstendig informasjon, inkludert representantforslag, innstilling, referat, h\u00f8ring og voteringsoversikt p\u00e5 <a href=\"https:\/\/www.stortinget.no\/no\/Saker-og-publikasjoner\/Saker\/Sak\/?p=64819\">Stortingets saksside.<\/a><\/p>\n<p>Det ble gjennomf\u00f8rt en utredning av det juridiske handlingsrommet for en lov om etikkinformasjon. Utredningen ble gjennomf\u00f8rt av advokatfirmaet Simonsen Vogt Wiig p\u00e5\u00a0oppdrag for Barne- og likestillingsdepartmentet. <a href=\"https:\/\/files.nettsteder.regjeringen.no\/wpuploads01\/blogs.dir\/343\/files\/2019\/01\/2017-07-03-Utredning-juridisk-handlingsrom-for-en-lov-om-etikkinformasjon.pdf\">Les utredningen i sin helhet her<\/a>.<\/p>\n<p>Utvalget var h\u00f8sten 2018 p\u00e5 studiereise til Frankrike og Storbritannia for \u00e5 l\u00e6re mer om den franske aktsomhetsloven (2017) og den britiske loven om moderne slaveri (2015). Se bakgrunnsnotater om disse nedenfor:<\/p>\n<ul>\n<li><a href=\"https:\/\/files.nettsteder.regjeringen.no\/wpuploads01\/blogs.dir\/343\/files\/2019\/01\/Oversiktsnotat-Fransk-aktsomhetslov_PDF.pdf\">Den franske aktsomhetsloven<\/a><\/li>\n<li><a href=\"https:\/\/files.nettsteder.regjeringen.no\/wpuploads01\/blogs.dir\/343\/files\/2019\/01\/Oversiktsnotat-Modern-Slavery-Act_PDF.pdf\">Den britiske loven om moderne slaveri<\/a><\/li>\n<\/ul>\n<p>&nbsp;<\/p>\n<p>&nbsp;<\/p>\n<p>&nbsp;<\/p>\n<\/div>","protected":false},"excerpt":{"rendered":"<p>Bakgrunnen for oppnevnelsen av Etikkinformasjonsutvalget er to anmodningsvedtak i Stortinget, hvor regjeringen bes utrede en lov om etikkinformasjon. Se fullstendig &#8230;<\/p>\n","protected":false},"author":955,"featured_media":0,"parent":0,"menu_order":0,"comment_status":"closed","ping_status":"closed","template":"","meta":{"_acf_changed":false,"footnotes":""},"class_list":["post-455","page","type-page","status-publish","hentry"],"acf":[],"language":"nb-NO","_links":{"self":[{"href":"https:\/\/nettsteder.regjeringen.no\/etikkinformasjonsutvalget\/wp-json\/wp\/v2\/pages\/455","targetHints":{"allow":["GET"]}}],"collection":[{"href":"https:\/\/nettsteder.regjeringen.no\/etikkinformasjonsutvalget\/wp-json\/wp\/v2\/pages"}],"about":[{"href":"https:\/\/nettsteder.regjeringen.no\/etikkinformasjonsutvalget\/wp-json\/wp\/v2\/types\/page"}],"author":[{"embeddable":true,"href":"https:\/\/nettsteder.regjeringen.no\/etikkinformasjonsutvalget\/wp-json\/wp\/v2\/users\/955"}],"replies":[{"embeddable":true,"href":"https:\/\/nettsteder.regjeringen.no\/etikkinformasjonsutvalget\/wp-json\/wp\/v2\/comments?post=455"}],"version-history":[{"count":8,"href":"https:\/\/nettsteder.regjeringen.no\/etikkinformasjonsutvalget\/wp-json\/wp\/v2\/pages\/455\/revisions"}],"predecessor-version":[{"id":593,"href":"https:\/\/nettsteder.regjeringen.no\/etikkinformasjonsutvalget\/wp-json\/wp\/v2\/pages\/455\/revisions\/593"}],"wp:attachment":[{"href":"https:\/\/nettsteder.regjeringen.no\/etikkinformasjonsutvalget\/wp-json\/wp\/v2\/media?parent=455"}],"curies":[{"name":"wp","href":"https:\/\/api.w.org\/{rel}","templated":true}]}}