{"id":43,"date":"2018-10-09T12:30:13","date_gmt":"2018-10-09T10:30:13","guid":{"rendered":"https:\/\/nettsteder.regjeringen.no\/etikkinformasjonsutvalget\/?page_id=43"},"modified":"2019-09-04T10:55:45","modified_gmt":"2019-09-04T08:55:45","slug":"formal","status":"publish","type":"page","link":"https:\/\/nettsteder.regjeringen.no\/etikkinformasjonsutvalget\/formal\/","title":{"rendered":"Form\u00e5l"},"content":{"rendered":"<div class=\"text-wrap post-content clearfix\"><p>I den globale varehandelen blir mange forbruksvarer produsert i land hvor vernet av arbeidstakere er svakere enn i Norge. L\u00f8nn man ikke kan leve av, barnearbeid, og manglende organisasjonsfrihet er blant utfordringene i globale leverand\u00f8rkjeder.<\/p>\n<p>Etikkinformasjonsutvalget ble opprettet 1. juni 2018. Utvalget skal vurdere om det er mulig og hensiktsmessig \u00e5 p\u00e5legge n\u00e6ringsdrivende \u00e5 utgi informasjon til forbrukere og organisasjoner om hvilke produksjonssteder som benyttes i vareproduksjonen og hvordan n\u00e6ringsdrivende arbeider med samfunnsansvar og oppf\u00f8lging av leverand\u00f8rkjeden.\u00a0Utvalget skal ogs\u00e5 vurdere konsekvensene av en eventuell etikkinformasjonsplikt.<\/p>\n<p>Hvis utvalget mener lovregulering er mulig og hensiktsmessig, skal det foresl\u00e5 virkeomr\u00e5de og hvordan informasjonsplikten b\u00f8r h\u00e5ndheves.<\/p>\n<p>Bakgrunnen for oppnevnelsen av Etikkinformasjonsutvalget er to anmodningsvedtak i Stortinget, hvor regjeringen bes utrede en lov om etikkinformasjon.<\/p>\n<p>Utvalget startet sitt arbeid i august 2018, og skal levere sin rapport til Barne- og likestillingsdepartementet senest 1. desember 2019.<\/p>\n<p><a href=\"https:\/\/www.regjeringen.no\/contentassets\/7710ec534bc84a14b78345f4e5b9ab1b\/samordnet-mandat-for-etikkinformasjonsutvalget.pdf\">Utvalgets mandat<\/a><\/p>\n<p><a href=\"https:\/\/www.regjeringen.no\/contentassets\/e8c6c6f6b8d84a2894c3edcfa2976bf0\/justert-mandat---etikkinformasjonsutvalget.pdf\">Endring av mandat &#8211; utforming av konkret lovforslag<\/a><\/p>\n<\/div>","protected":false},"excerpt":{"rendered":"<p>Etikkinformasjonsutvalget skal vurdere om n\u00e6ringsdrivende b\u00f8r p\u00e5legges en informasjonsplikt knyttet til samfunnsansvar og oppf\u00f8lging av leverand\u00f8rkjeder.<\/p>\n","protected":false},"author":533,"featured_media":0,"parent":0,"menu_order":0,"comment_status":"closed","ping_status":"closed","template":"","meta":{"_acf_changed":false,"footnotes":""},"class_list":["post-43","page","type-page","status-publish","hentry"],"acf":[],"language":"nb-NO","_links":{"self":[{"href":"https:\/\/nettsteder.regjeringen.no\/etikkinformasjonsutvalget\/wp-json\/wp\/v2\/pages\/43","targetHints":{"allow":["GET"]}}],"collection":[{"href":"https:\/\/nettsteder.regjeringen.no\/etikkinformasjonsutvalget\/wp-json\/wp\/v2\/pages"}],"about":[{"href":"https:\/\/nettsteder.regjeringen.no\/etikkinformasjonsutvalget\/wp-json\/wp\/v2\/types\/page"}],"author":[{"embeddable":true,"href":"https:\/\/nettsteder.regjeringen.no\/etikkinformasjonsutvalget\/wp-json\/wp\/v2\/users\/533"}],"replies":[{"embeddable":true,"href":"https:\/\/nettsteder.regjeringen.no\/etikkinformasjonsutvalget\/wp-json\/wp\/v2\/comments?post=43"}],"version-history":[{"count":20,"href":"https:\/\/nettsteder.regjeringen.no\/etikkinformasjonsutvalget\/wp-json\/wp\/v2\/pages\/43\/revisions"}],"predecessor-version":[{"id":859,"href":"https:\/\/nettsteder.regjeringen.no\/etikkinformasjonsutvalget\/wp-json\/wp\/v2\/pages\/43\/revisions\/859"}],"wp:attachment":[{"href":"https:\/\/nettsteder.regjeringen.no\/etikkinformasjonsutvalget\/wp-json\/wp\/v2\/media?parent=43"}],"curies":[{"name":"wp","href":"https:\/\/api.w.org\/{rel}","templated":true}]}}